{"id":32116,"date":"2018-01-24T14:41:44","date_gmt":"2018-01-24T14:41:44","guid":{"rendered":"https:\/\/www.urlaubcornwall.de\/blog\/?page_id=32116"},"modified":"2021-09-02T10:20:37","modified_gmt":"2021-09-02T10:20:37","slug":"kleine-cottages-cornwall-mieten","status":"publish","type":"page","link":"https:\/\/www.urlaubcornwall.de\/blog\/kleine-cottages-cornwall-mieten\/","title":{"rendered":"Kleine Cottages in Cornwall mieten"},"content":{"rendered":"<p><img loading=\"lazy\" class=\"aligncenter size-full wp-image-32117\" src=\"https:\/\/www.urlaubcornwall.de\/blog\/wp-content\/uploads\/2018\/01\/kleine-cottage-cornwall-am-meer.jpg\" alt=\"kleine cottage cornwall am meer\" height=\"494\" width=\"747\"\/><\/p>\n<p><strong>Ferienhaus 7.6 kilometern SO von Crantock, Nordk\u00fcste Cornwall.<\/strong><\/p>\n<p>1 Schlafzimmer, hundefreundlich, Schlafplatz f\u00fcr 2 + Kinderbett, An-\/Abreisetag am Freitag, Preis pro Woche \u00a3219 &#8211; \u00a3600<\/p>\n<p>Versteckt im l\u00e4ndlichen Weiler Trevilson, nur ein paar Meilen landeinw\u00e4rts von der atemberaubenden K\u00fcstenlinie von North Cornwall entfernt, ist dieses entz\u00fcckende kleine Cottage ideal f\u00fcr Paare, die sich entspannen, erholen und aufladen m\u00f6chten. Klein, aber perfekt Rosemary Cottage wurde liebevoll renoviert und bietet ein gem\u00fctliches Wohnzimmer mit offenem Schnitt, ein stilvolles Duschbad, ein helles und luftiges Schlafzimmer und eine sonnige Terrasse&#8230;&#8230;&#8230;.<\/p>\n<p style=\"text-align: center;\"><a class=\"tidycta\" href=\"https:\/\/www.urlaubcornwall.de\/ferienhaeuser-fewos\/cornwall-am-meer.html\">Suche Ferienh\u00e4user am Meer<\/a><\/p>\n<p>Um UrlaubCornwall.de einzigartige Kollektion nach Ihrem idealen Ferienhaus zu durchsuchen. <a href=\"https:\/\/www.urlaubcornwall.de\/ferienhaeuser\/cornwall.php\"><span style=\"text-decoration: underline;\">Klicken Sie hier<\/span> &gt;&gt;<\/a><\/p>\n","protected":false},"excerpt":{"rendered":"<p>Ferienhaus 7.6 kilometern SO von Crantock, Nordk\u00fcste Cornwall. 1 Schlafzimmer, hundefreundlich, Schlafplatz f\u00fcr 2 + Kinderbett, An-\/Abreisetag am Freitag, Preis pro Woche \u00a3219 &#8211; \u00a3600 Versteckt im l\u00e4ndlichen Weiler Trevilson, nur ein paar Meilen landeinw\u00e4rts von der atemberaubenden K\u00fcstenlinie von North Cornwall entfernt, ist dieses entz\u00fcckende kleine Cottage ideal f\u00fcr Paare, die sich entspannen, erholen [&hellip;]<\/p>\n","protected":false},"author":1,"featured_media":0,"parent":0,"menu_order":0,"comment_status":"closed","ping_status":"closed","template":"single-four.php","meta":[],"acf":[],"yoast_head":"<!-- This site is optimized with the Yoast SEO plugin v19.4 - https:\/\/yoast.com\/wordpress\/plugins\/seo\/ -->\n<title>Kleine Cottages in Cornwall mieten - Urlaub &amp; Reisen<\/title>\n<meta name=\"robots\" content=\"index, follow, max-snippet:-1, max-image-preview:large, max-video-preview:-1\" \/>\n<link rel=\"canonical\" href=\"https:\/\/www.urlaubcornwall.de\/blog\/kleine-cottages-cornwall-mieten\/\" \/>\n<meta property=\"og:locale\" content=\"en_US\" \/>\n<meta property=\"og:type\" content=\"article\" \/>\n<meta property=\"og:title\" content=\"Kleine Cottages in Cornwall mieten - Urlaub &amp; Reisen\" \/>\n<meta property=\"og:description\" content=\"Ferienhaus 7.6 kilometern SO von Crantock, Nordk\u00fcste Cornwall. 1 Schlafzimmer, hundefreundlich, Schlafplatz f\u00fcr 2 + Kinderbett, An-\/Abreisetag am Freitag, Preis pro Woche \u00a3219 &#8211; \u00a3600 Versteckt im l\u00e4ndlichen Weiler Trevilson, nur ein paar Meilen landeinw\u00e4rts von der atemberaubenden K\u00fcstenlinie von North Cornwall entfernt, ist dieses entz\u00fcckende kleine Cottage ideal f\u00fcr Paare, die sich entspannen, erholen [&hellip;]\" \/>\n<meta property=\"og:url\" content=\"https:\/\/www.urlaubcornwall.de\/blog\/kleine-cottages-cornwall-mieten\/\" \/>\n<meta property=\"og:site_name\" content=\"Urlaub &amp; Reisen\" \/>\n<meta property=\"article:modified_time\" content=\"2021-09-02T10:20:37+00:00\" \/>\n<meta property=\"og:image\" content=\"https:\/\/www.urlaubcornwall.de\/blog\/wp-content\/uploads\/2018\/01\/kleine-cottage-cornwall-am-meer.jpg\" \/>\n<meta name=\"twitter:card\" content=\"summary\" \/>\n<meta name=\"twitter:label1\" content=\"Est. reading time\" \/>\n\t<meta name=\"twitter:data1\" content=\"1 minute\" \/>\n<script type=\"application\/ld+json\" class=\"yoast-schema-graph\">{\"@context\":\"https:\/\/schema.org\",\"@graph\":[{\"@type\":\"WebSite\",\"@id\":\"https:\/\/www.urlaubcornwall.de\/blog\/#website\",\"url\":\"https:\/\/www.urlaubcornwall.de\/blog\/\",\"name\":\"Urlaub &amp; Reisen\",\"description\":\"Urlaub, Reisen, Cornwall und S\u00fcdengland: eine perfekte Kombination\",\"potentialAction\":[{\"@type\":\"SearchAction\",\"target\":{\"@type\":\"EntryPoint\",\"urlTemplate\":\"https:\/\/www.urlaubcornwall.de\/blog\/?s={search_term_string}\"},\"query-input\":\"required name=search_term_string\"}],\"inLanguage\":\"en-US\"},{\"@type\":\"WebPage\",\"@id\":\"https:\/\/www.urlaubcornwall.de\/blog\/kleine-cottages-cornwall-mieten\/\",\"url\":\"https:\/\/www.urlaubcornwall.de\/blog\/kleine-cottages-cornwall-mieten\/\",\"name\":\"Kleine Cottages in Cornwall mieten - Urlaub &amp; Reisen\",\"isPartOf\":{\"@id\":\"https:\/\/www.urlaubcornwall.de\/blog\/#website\"},\"datePublished\":\"2018-01-24T14:41:44+00:00\",\"dateModified\":\"2021-09-02T10:20:37+00:00\",\"breadcrumb\":{\"@id\":\"https:\/\/www.urlaubcornwall.de\/blog\/kleine-cottages-cornwall-mieten\/#breadcrumb\"},\"inLanguage\":\"en-US\",\"potentialAction\":[{\"@type\":\"ReadAction\",\"target\":[\"https:\/\/www.urlaubcornwall.de\/blog\/kleine-cottages-cornwall-mieten\/\"]}]},{\"@type\":\"BreadcrumbList\",\"@id\":\"https:\/\/www.urlaubcornwall.de\/blog\/kleine-cottages-cornwall-mieten\/#breadcrumb\",\"itemListElement\":[{\"@type\":\"ListItem\",\"position\":1,\"name\":\"Home\",\"item\":\"https:\/\/www.urlaubcornwall.de\/blog\/\"},{\"@type\":\"ListItem\",\"position\":2,\"name\":\"Kleine Cottages in Cornwall mieten\"}]}]}<\/script>\n<!-- \/ Yoast SEO plugin. -->","yoast_head_json":{"title":"Kleine Cottages in Cornwall mieten - Urlaub &amp; Reisen","robots":{"index":"index","follow":"follow","max-snippet":"max-snippet:-1","max-image-preview":"max-image-preview:large","max-video-preview":"max-video-preview:-1"},"canonical":"https:\/\/www.urlaubcornwall.de\/blog\/kleine-cottages-cornwall-mieten\/","og_locale":"en_US","og_type":"article","og_title":"Kleine Cottages in Cornwall mieten - Urlaub &amp; Reisen","og_description":"Ferienhaus 7.6 kilometern SO von Crantock, Nordk\u00fcste Cornwall. 1 Schlafzimmer, hundefreundlich, Schlafplatz f\u00fcr 2 + Kinderbett, An-\/Abreisetag am Freitag, Preis pro Woche \u00a3219 &#8211; \u00a3600 Versteckt im l\u00e4ndlichen Weiler Trevilson, nur ein paar Meilen landeinw\u00e4rts von der atemberaubenden K\u00fcstenlinie von North Cornwall entfernt, ist dieses entz\u00fcckende kleine Cottage ideal f\u00fcr Paare, die sich entspannen, erholen [&hellip;]","og_url":"https:\/\/www.urlaubcornwall.de\/blog\/kleine-cottages-cornwall-mieten\/","og_site_name":"Urlaub &amp; Reisen","article_modified_time":"2021-09-02T10:20:37+00:00","og_image":[{"url":"https:\/\/www.urlaubcornwall.de\/blog\/wp-content\/uploads\/2018\/01\/kleine-cottage-cornwall-am-meer.jpg"}],"twitter_card":"summary","twitter_misc":{"Est. reading time":"1 minute"},"schema":{"@context":"https:\/\/schema.org","@graph":[{"@type":"WebSite","@id":"https:\/\/www.urlaubcornwall.de\/blog\/#website","url":"https:\/\/www.urlaubcornwall.de\/blog\/","name":"Urlaub &amp; Reisen","description":"Urlaub, Reisen, Cornwall und S\u00fcdengland: eine perfekte Kombination","potentialAction":[{"@type":"SearchAction","target":{"@type":"EntryPoint","urlTemplate":"https:\/\/www.urlaubcornwall.de\/blog\/?s={search_term_string}"},"query-input":"required name=search_term_string"}],"inLanguage":"en-US"},{"@type":"WebPage","@id":"https:\/\/www.urlaubcornwall.de\/blog\/kleine-cottages-cornwall-mieten\/","url":"https:\/\/www.urlaubcornwall.de\/blog\/kleine-cottages-cornwall-mieten\/","name":"Kleine Cottages in Cornwall mieten - Urlaub &amp; Reisen","isPartOf":{"@id":"https:\/\/www.urlaubcornwall.de\/blog\/#website"},"datePublished":"2018-01-24T14:41:44+00:00","dateModified":"2021-09-02T10:20:37+00:00","breadcrumb":{"@id":"https:\/\/www.urlaubcornwall.de\/blog\/kleine-cottages-cornwall-mieten\/#breadcrumb"},"inLanguage":"en-US","potentialAction":[{"@type":"ReadAction","target":["https:\/\/www.urlaubcornwall.de\/blog\/kleine-cottages-cornwall-mieten\/"]}]},{"@type":"BreadcrumbList","@id":"https:\/\/www.urlaubcornwall.de\/blog\/kleine-cottages-cornwall-mieten\/#breadcrumb","itemListElement":[{"@type":"ListItem","position":1,"name":"Home","item":"https:\/\/www.urlaubcornwall.de\/blog\/"},{"@type":"ListItem","position":2,"name":"Kleine Cottages in Cornwall mieten"}]}]}},"_links":{"self":[{"href":"https:\/\/www.urlaubcornwall.de\/blog\/wp-json\/wp\/v2\/pages\/32116"}],"collection":[{"href":"https:\/\/www.urlaubcornwall.de\/blog\/wp-json\/wp\/v2\/pages"}],"about":[{"href":"https:\/\/www.urlaubcornwall.de\/blog\/wp-json\/wp\/v2\/types\/page"}],"author":[{"embeddable":true,"href":"https:\/\/www.urlaubcornwall.de\/blog\/wp-json\/wp\/v2\/users\/1"}],"replies":[{"embeddable":true,"href":"https:\/\/www.urlaubcornwall.de\/blog\/wp-json\/wp\/v2\/comments?post=32116"}],"version-history":[{"count":2,"href":"https:\/\/www.urlaubcornwall.de\/blog\/wp-json\/wp\/v2\/pages\/32116\/revisions"}],"predecessor-version":[{"id":42457,"href":"https:\/\/www.urlaubcornwall.de\/blog\/wp-json\/wp\/v2\/pages\/32116\/revisions\/42457"}],"wp:attachment":[{"href":"https:\/\/www.urlaubcornwall.de\/blog\/wp-json\/wp\/v2\/media?parent=32116"}],"curies":[{"name":"wp","href":"https:\/\/api.w.org\/{rel}","templated":true}]}}