{"id":32110,"date":"2018-01-24T11:08:25","date_gmt":"2018-01-24T11:08:25","guid":{"rendered":"https:\/\/www.urlaubcornwall.de\/blog\/?page_id=32110"},"modified":"2021-09-02T07:49:35","modified_gmt":"2021-09-02T07:49:35","slug":"cottage-fowey-mit-hund-mieten","status":"publish","type":"page","link":"https:\/\/www.urlaubcornwall.de\/blog\/cottage-fowey-mit-hund-mieten\/","title":{"rendered":"Cottage in Fowey mit Hund mieten"},"content":{"rendered":"<p><img loading=\"lazy\" class=\"aligncenter size-full wp-image-32111\" src=\"https:\/\/www.urlaubcornwall.de\/blog\/wp-content\/uploads\/2018\/01\/cottage-mit-hund-fowey.jpg\" alt=\"cottage mit hund fowey\" height=\"494\" width=\"747\"\/><br \/>\n<strong>Ferienhaus mit Meerblick Fowey, S\u00fcdk\u00fcste Cornwall.<\/strong><\/p>\n<p>3 Schlafzimmer, hundefreundlich, Schlafplatz f\u00fcr 6, An-\/Abreisetag am Samstag, Preis pro Woche \u00a3518 &#8211; \u00a31295<\/p>\n<p>Mit herrlichem Panoramablick \u00fcber die D\u00e4cher von Polruan und das glitzernde Wasser des Flusses Fowey und Fowey selbst auf der anderen Seite der Flussm\u00fcndung bietet dieses h\u00fcbsche viktorianische Cottage am Meer ger\u00e4umige Unterk\u00fcnfte. Vom h\u00fcbschen umz\u00e4unten Garten und Patio sowie aus fast allen R\u00e4umen des Hauses hat man Blick auf die Segelboote und die Passagierf\u00e4hre auf dem Fluss. Die atemberaubende Lage dieses Ferienhauses in einem ruhigen Teil der Stadt mit historischen Wanderwegen bis hin zu den Gesch\u00e4ften und Pubs am Kai gibt Ihnen einen Eindruck von Polruans Geschichte als traditionelles kornisches Fischerdorf. Dies ist ein ausgezeichneter Ausgangspunkt, um Cornwall zu entdecken&#8230;.<\/p>\n<p style=\"text-align: center;\"><a class=\"tidycta\" href=\"https:\/\/www.urlaubcornwall.de\/ferienhaeuser-fewos\/fowey-mit-hund.html\">Ferienh\u00e4user Fowey mit Hund<\/a><\/p>\n","protected":false},"excerpt":{"rendered":"<p>Ferienhaus mit Meerblick Fowey, S\u00fcdk\u00fcste Cornwall. 3 Schlafzimmer, hundefreundlich, Schlafplatz f\u00fcr 6, An-\/Abreisetag am Samstag, Preis pro Woche \u00a3518 &#8211; \u00a31295 Mit herrlichem Panoramablick \u00fcber die D\u00e4cher von Polruan und das glitzernde Wasser des Flusses Fowey und Fowey selbst auf der anderen Seite der Flussm\u00fcndung bietet dieses h\u00fcbsche viktorianische Cottage am Meer ger\u00e4umige Unterk\u00fcnfte. Vom [&hellip;]<\/p>\n","protected":false},"author":1,"featured_media":0,"parent":0,"menu_order":0,"comment_status":"closed","ping_status":"closed","template":"single-four.php","meta":[],"acf":[],"yoast_head":"<!-- This site is optimized with the Yoast SEO plugin v19.4 - https:\/\/yoast.com\/wordpress\/plugins\/seo\/ -->\n<title>Cottage in Fowey mit Hund mieten - Urlaub &amp; Reisen<\/title>\n<meta name=\"robots\" content=\"index, follow, max-snippet:-1, max-image-preview:large, max-video-preview:-1\" \/>\n<link rel=\"canonical\" href=\"https:\/\/www.urlaubcornwall.de\/blog\/cottage-fowey-mit-hund-mieten\/\" \/>\n<meta property=\"og:locale\" content=\"en_US\" \/>\n<meta property=\"og:type\" content=\"article\" \/>\n<meta property=\"og:title\" content=\"Cottage in Fowey mit Hund mieten - Urlaub &amp; Reisen\" \/>\n<meta property=\"og:description\" content=\"Ferienhaus mit Meerblick Fowey, S\u00fcdk\u00fcste Cornwall. 3 Schlafzimmer, hundefreundlich, Schlafplatz f\u00fcr 6, An-\/Abreisetag am Samstag, Preis pro Woche \u00a3518 &#8211; \u00a31295 Mit herrlichem Panoramablick \u00fcber die D\u00e4cher von Polruan und das glitzernde Wasser des Flusses Fowey und Fowey selbst auf der anderen Seite der Flussm\u00fcndung bietet dieses h\u00fcbsche viktorianische Cottage am Meer ger\u00e4umige Unterk\u00fcnfte. Vom [&hellip;]\" \/>\n<meta property=\"og:url\" content=\"https:\/\/www.urlaubcornwall.de\/blog\/cottage-fowey-mit-hund-mieten\/\" \/>\n<meta property=\"og:site_name\" content=\"Urlaub &amp; Reisen\" \/>\n<meta property=\"article:modified_time\" content=\"2021-09-02T07:49:35+00:00\" \/>\n<meta property=\"og:image\" content=\"https:\/\/www.urlaubcornwall.de\/blog\/wp-content\/uploads\/2018\/01\/cottage-mit-hund-fowey.jpg\" \/>\n<meta name=\"twitter:card\" content=\"summary\" \/>\n<meta name=\"twitter:label1\" content=\"Est. reading time\" \/>\n\t<meta name=\"twitter:data1\" content=\"1 minute\" \/>\n<script type=\"application\/ld+json\" class=\"yoast-schema-graph\">{\"@context\":\"https:\/\/schema.org\",\"@graph\":[{\"@type\":\"WebSite\",\"@id\":\"https:\/\/www.urlaubcornwall.de\/blog\/#website\",\"url\":\"https:\/\/www.urlaubcornwall.de\/blog\/\",\"name\":\"Urlaub &amp; Reisen\",\"description\":\"Urlaub, Reisen, Cornwall und S\u00fcdengland: eine perfekte Kombination\",\"potentialAction\":[{\"@type\":\"SearchAction\",\"target\":{\"@type\":\"EntryPoint\",\"urlTemplate\":\"https:\/\/www.urlaubcornwall.de\/blog\/?s={search_term_string}\"},\"query-input\":\"required name=search_term_string\"}],\"inLanguage\":\"en-US\"},{\"@type\":\"WebPage\",\"@id\":\"https:\/\/www.urlaubcornwall.de\/blog\/cottage-fowey-mit-hund-mieten\/\",\"url\":\"https:\/\/www.urlaubcornwall.de\/blog\/cottage-fowey-mit-hund-mieten\/\",\"name\":\"Cottage in Fowey mit Hund mieten - Urlaub &amp; Reisen\",\"isPartOf\":{\"@id\":\"https:\/\/www.urlaubcornwall.de\/blog\/#website\"},\"datePublished\":\"2018-01-24T11:08:25+00:00\",\"dateModified\":\"2021-09-02T07:49:35+00:00\",\"breadcrumb\":{\"@id\":\"https:\/\/www.urlaubcornwall.de\/blog\/cottage-fowey-mit-hund-mieten\/#breadcrumb\"},\"inLanguage\":\"en-US\",\"potentialAction\":[{\"@type\":\"ReadAction\",\"target\":[\"https:\/\/www.urlaubcornwall.de\/blog\/cottage-fowey-mit-hund-mieten\/\"]}]},{\"@type\":\"BreadcrumbList\",\"@id\":\"https:\/\/www.urlaubcornwall.de\/blog\/cottage-fowey-mit-hund-mieten\/#breadcrumb\",\"itemListElement\":[{\"@type\":\"ListItem\",\"position\":1,\"name\":\"Home\",\"item\":\"https:\/\/www.urlaubcornwall.de\/blog\/\"},{\"@type\":\"ListItem\",\"position\":2,\"name\":\"Cottage in Fowey mit Hund mieten\"}]}]}<\/script>\n<!-- \/ Yoast SEO plugin. -->","yoast_head_json":{"title":"Cottage in Fowey mit Hund mieten - Urlaub &amp; Reisen","robots":{"index":"index","follow":"follow","max-snippet":"max-snippet:-1","max-image-preview":"max-image-preview:large","max-video-preview":"max-video-preview:-1"},"canonical":"https:\/\/www.urlaubcornwall.de\/blog\/cottage-fowey-mit-hund-mieten\/","og_locale":"en_US","og_type":"article","og_title":"Cottage in Fowey mit Hund mieten - Urlaub &amp; Reisen","og_description":"Ferienhaus mit Meerblick Fowey, S\u00fcdk\u00fcste Cornwall. 3 Schlafzimmer, hundefreundlich, Schlafplatz f\u00fcr 6, An-\/Abreisetag am Samstag, Preis pro Woche \u00a3518 &#8211; \u00a31295 Mit herrlichem Panoramablick \u00fcber die D\u00e4cher von Polruan und das glitzernde Wasser des Flusses Fowey und Fowey selbst auf der anderen Seite der Flussm\u00fcndung bietet dieses h\u00fcbsche viktorianische Cottage am Meer ger\u00e4umige Unterk\u00fcnfte. Vom [&hellip;]","og_url":"https:\/\/www.urlaubcornwall.de\/blog\/cottage-fowey-mit-hund-mieten\/","og_site_name":"Urlaub &amp; Reisen","article_modified_time":"2021-09-02T07:49:35+00:00","og_image":[{"url":"https:\/\/www.urlaubcornwall.de\/blog\/wp-content\/uploads\/2018\/01\/cottage-mit-hund-fowey.jpg"}],"twitter_card":"summary","twitter_misc":{"Est. reading time":"1 minute"},"schema":{"@context":"https:\/\/schema.org","@graph":[{"@type":"WebSite","@id":"https:\/\/www.urlaubcornwall.de\/blog\/#website","url":"https:\/\/www.urlaubcornwall.de\/blog\/","name":"Urlaub &amp; Reisen","description":"Urlaub, Reisen, Cornwall und S\u00fcdengland: eine perfekte Kombination","potentialAction":[{"@type":"SearchAction","target":{"@type":"EntryPoint","urlTemplate":"https:\/\/www.urlaubcornwall.de\/blog\/?s={search_term_string}"},"query-input":"required name=search_term_string"}],"inLanguage":"en-US"},{"@type":"WebPage","@id":"https:\/\/www.urlaubcornwall.de\/blog\/cottage-fowey-mit-hund-mieten\/","url":"https:\/\/www.urlaubcornwall.de\/blog\/cottage-fowey-mit-hund-mieten\/","name":"Cottage in Fowey mit Hund mieten - Urlaub &amp; Reisen","isPartOf":{"@id":"https:\/\/www.urlaubcornwall.de\/blog\/#website"},"datePublished":"2018-01-24T11:08:25+00:00","dateModified":"2021-09-02T07:49:35+00:00","breadcrumb":{"@id":"https:\/\/www.urlaubcornwall.de\/blog\/cottage-fowey-mit-hund-mieten\/#breadcrumb"},"inLanguage":"en-US","potentialAction":[{"@type":"ReadAction","target":["https:\/\/www.urlaubcornwall.de\/blog\/cottage-fowey-mit-hund-mieten\/"]}]},{"@type":"BreadcrumbList","@id":"https:\/\/www.urlaubcornwall.de\/blog\/cottage-fowey-mit-hund-mieten\/#breadcrumb","itemListElement":[{"@type":"ListItem","position":1,"name":"Home","item":"https:\/\/www.urlaubcornwall.de\/blog\/"},{"@type":"ListItem","position":2,"name":"Cottage in Fowey mit Hund mieten"}]}]}},"_links":{"self":[{"href":"https:\/\/www.urlaubcornwall.de\/blog\/wp-json\/wp\/v2\/pages\/32110"}],"collection":[{"href":"https:\/\/www.urlaubcornwall.de\/blog\/wp-json\/wp\/v2\/pages"}],"about":[{"href":"https:\/\/www.urlaubcornwall.de\/blog\/wp-json\/wp\/v2\/types\/page"}],"author":[{"embeddable":true,"href":"https:\/\/www.urlaubcornwall.de\/blog\/wp-json\/wp\/v2\/users\/1"}],"replies":[{"embeddable":true,"href":"https:\/\/www.urlaubcornwall.de\/blog\/wp-json\/wp\/v2\/comments?post=32110"}],"version-history":[{"count":4,"href":"https:\/\/www.urlaubcornwall.de\/blog\/wp-json\/wp\/v2\/pages\/32110\/revisions"}],"predecessor-version":[{"id":42379,"href":"https:\/\/www.urlaubcornwall.de\/blog\/wp-json\/wp\/v2\/pages\/32110\/revisions\/42379"}],"wp:attachment":[{"href":"https:\/\/www.urlaubcornwall.de\/blog\/wp-json\/wp\/v2\/media?parent=32110"}],"curies":[{"name":"wp","href":"https:\/\/api.w.org\/{rel}","templated":true}]}}