{"id":32101,"date":"2018-01-23T17:10:42","date_gmt":"2018-01-23T17:10:42","guid":{"rendered":"https:\/\/www.urlaubcornwall.de\/blog\/?page_id=32101"},"modified":"2021-09-02T08:53:06","modified_gmt":"2021-09-02T08:53:06","slug":"cottage-lands-end-mit-hund-mieten","status":"publish","type":"page","link":"https:\/\/www.urlaubcornwall.de\/blog\/cottage-lands-end-mit-hund-mieten\/","title":{"rendered":"Ferienhaus Lands End mit Hund mieten"},"content":{"rendered":"<p><img loading=\"lazy\" class=\"aligncenter size-full wp-image-32102\" src=\"https:\/\/www.urlaubcornwall.de\/blog\/wp-content\/uploads\/2018\/01\/lands-end-mit-hund.jpg\" alt=\"cottage lands end mit hund\" width=\"747\" height=\"494\"\/><\/p>\n<p><strong>Ferienhaus mit Meerblick Sennen nahe Lands End, West-Cornwall.<\/strong><\/p>\n<p>2 Schlafzimmer, hundefreundlich, Schlafplatz f\u00fcr 4 + Kinderbett, An-\/Abreisetag am Freitag | Preis pro Woche \u00a3672 &#8211; \u00a31679<\/p>\n<p>Es liegt oberhalb von <a href=\"https:\/\/www.urlaubcornwall.de\/ferienhaeuser-fewos\/sennen.html\">Sennen Cove<\/a> und gilt als das westlichste Reetdachhaus in Gro\u00dfbritannien. Dieses Cottage verf\u00fcgt \u00fcber einen beheizten Au\u00dfenpool (von Anfang Mai bis Ende September). Das Ferienhaus verf\u00fcgt \u00fcber viele originale Elemente wie Abblendlicht und T\u00fcren. Die K\u00fcche \/ Esszimmer verf\u00fcgt \u00fcber Granit-Arbeitsplatten und einen Herd (eine Mikrowelle sind ebenfalls vorhanden) und f\u00fchrt zum Wohnzimmer mit Kamin. Es gibt zwei Schlafzimmer im Erdgeschoss. Der umz\u00e4unte Garten wird von einem Bach durchquert und in einzelne Bereiche aufgeteilt. Von der Dachterrasse genie\u00dfen Sie Liegest\u00fchle und einen weiten Meerblick &#8230;.<\/p>\n<p style=\"text-align: center;\"><a class=\"tidycta\" href=\"ttps:\/\/www.urlaubcornwall.de\/ferienhaeuser-fewos\/lands-end-mit-hund.html\">Ferienh\u00e4user Land&#8217;s End<\/a><\/p>\n<p><strong>Um UrlaubCornwall.de einzigartige Kollektion nach Ihrem idealen Ferienhaus zu durchsuchen.<\/strong> <a href=\"https:\/\/www.urlaubcornwall.de\/ferienhaeuser\/cornwall.php\"><span style=\"text-decoration: underline;\"><strong>Klicken Sie hier<\/strong><\/span><strong> &gt;&gt;<\/strong><\/a><\/p>\n","protected":false},"excerpt":{"rendered":"<p>Ferienhaus mit Meerblick Sennen nahe Lands End, West-Cornwall. 2 Schlafzimmer, hundefreundlich, Schlafplatz f\u00fcr 4 + Kinderbett, An-\/Abreisetag am Freitag | Preis pro Woche \u00a3672 &#8211; \u00a31679 Es liegt oberhalb von Sennen Cove und gilt als das westlichste Reetdachhaus in Gro\u00dfbritannien. Dieses Cottage verf\u00fcgt \u00fcber einen beheizten Au\u00dfenpool (von Anfang Mai bis Ende September). Das Ferienhaus [&hellip;]<\/p>\n","protected":false},"author":1,"featured_media":0,"parent":0,"menu_order":0,"comment_status":"closed","ping_status":"closed","template":"single-four.php","meta":[],"acf":[],"yoast_head":"<!-- This site is optimized with the Yoast SEO plugin v19.4 - https:\/\/yoast.com\/wordpress\/plugins\/seo\/ -->\n<title>Ferienhaus Lands End mit Hund mieten - Urlaub &amp; Reisen<\/title>\n<meta name=\"robots\" content=\"index, follow, max-snippet:-1, max-image-preview:large, max-video-preview:-1\" \/>\n<link rel=\"canonical\" href=\"https:\/\/www.urlaubcornwall.de\/blog\/cottage-lands-end-mit-hund-mieten\/\" \/>\n<meta property=\"og:locale\" content=\"en_US\" \/>\n<meta property=\"og:type\" content=\"article\" \/>\n<meta property=\"og:title\" content=\"Ferienhaus Lands End mit Hund mieten - Urlaub &amp; Reisen\" \/>\n<meta property=\"og:description\" content=\"Ferienhaus mit Meerblick Sennen nahe Lands End, West-Cornwall. 2 Schlafzimmer, hundefreundlich, Schlafplatz f\u00fcr 4 + Kinderbett, An-\/Abreisetag am Freitag | Preis pro Woche \u00a3672 &#8211; \u00a31679 Es liegt oberhalb von Sennen Cove und gilt als das westlichste Reetdachhaus in Gro\u00dfbritannien. Dieses Cottage verf\u00fcgt \u00fcber einen beheizten Au\u00dfenpool (von Anfang Mai bis Ende September). Das Ferienhaus [&hellip;]\" \/>\n<meta property=\"og:url\" content=\"https:\/\/www.urlaubcornwall.de\/blog\/cottage-lands-end-mit-hund-mieten\/\" \/>\n<meta property=\"og:site_name\" content=\"Urlaub &amp; Reisen\" \/>\n<meta property=\"article:modified_time\" content=\"2021-09-02T08:53:06+00:00\" \/>\n<meta property=\"og:image\" content=\"https:\/\/www.urlaubcornwall.de\/blog\/wp-content\/uploads\/2018\/01\/lands-end-mit-hund.jpg\" \/>\n<meta name=\"twitter:card\" content=\"summary\" \/>\n<meta name=\"twitter:label1\" content=\"Est. reading time\" \/>\n\t<meta name=\"twitter:data1\" content=\"1 minute\" \/>\n<script type=\"application\/ld+json\" class=\"yoast-schema-graph\">{\"@context\":\"https:\/\/schema.org\",\"@graph\":[{\"@type\":\"WebSite\",\"@id\":\"https:\/\/www.urlaubcornwall.de\/blog\/#website\",\"url\":\"https:\/\/www.urlaubcornwall.de\/blog\/\",\"name\":\"Urlaub &amp; Reisen\",\"description\":\"Urlaub, Reisen, Cornwall und S\u00fcdengland: eine perfekte Kombination\",\"potentialAction\":[{\"@type\":\"SearchAction\",\"target\":{\"@type\":\"EntryPoint\",\"urlTemplate\":\"https:\/\/www.urlaubcornwall.de\/blog\/?s={search_term_string}\"},\"query-input\":\"required name=search_term_string\"}],\"inLanguage\":\"en-US\"},{\"@type\":\"WebPage\",\"@id\":\"https:\/\/www.urlaubcornwall.de\/blog\/cottage-lands-end-mit-hund-mieten\/\",\"url\":\"https:\/\/www.urlaubcornwall.de\/blog\/cottage-lands-end-mit-hund-mieten\/\",\"name\":\"Ferienhaus Lands End mit Hund mieten - Urlaub &amp; Reisen\",\"isPartOf\":{\"@id\":\"https:\/\/www.urlaubcornwall.de\/blog\/#website\"},\"datePublished\":\"2018-01-23T17:10:42+00:00\",\"dateModified\":\"2021-09-02T08:53:06+00:00\",\"breadcrumb\":{\"@id\":\"https:\/\/www.urlaubcornwall.de\/blog\/cottage-lands-end-mit-hund-mieten\/#breadcrumb\"},\"inLanguage\":\"en-US\",\"potentialAction\":[{\"@type\":\"ReadAction\",\"target\":[\"https:\/\/www.urlaubcornwall.de\/blog\/cottage-lands-end-mit-hund-mieten\/\"]}]},{\"@type\":\"BreadcrumbList\",\"@id\":\"https:\/\/www.urlaubcornwall.de\/blog\/cottage-lands-end-mit-hund-mieten\/#breadcrumb\",\"itemListElement\":[{\"@type\":\"ListItem\",\"position\":1,\"name\":\"Home\",\"item\":\"https:\/\/www.urlaubcornwall.de\/blog\/\"},{\"@type\":\"ListItem\",\"position\":2,\"name\":\"Ferienhaus Lands End mit Hund mieten\"}]}]}<\/script>\n<!-- \/ Yoast SEO plugin. -->","yoast_head_json":{"title":"Ferienhaus Lands End mit Hund mieten - Urlaub &amp; Reisen","robots":{"index":"index","follow":"follow","max-snippet":"max-snippet:-1","max-image-preview":"max-image-preview:large","max-video-preview":"max-video-preview:-1"},"canonical":"https:\/\/www.urlaubcornwall.de\/blog\/cottage-lands-end-mit-hund-mieten\/","og_locale":"en_US","og_type":"article","og_title":"Ferienhaus Lands End mit Hund mieten - Urlaub &amp; Reisen","og_description":"Ferienhaus mit Meerblick Sennen nahe Lands End, West-Cornwall. 2 Schlafzimmer, hundefreundlich, Schlafplatz f\u00fcr 4 + Kinderbett, An-\/Abreisetag am Freitag | Preis pro Woche \u00a3672 &#8211; \u00a31679 Es liegt oberhalb von Sennen Cove und gilt als das westlichste Reetdachhaus in Gro\u00dfbritannien. Dieses Cottage verf\u00fcgt \u00fcber einen beheizten Au\u00dfenpool (von Anfang Mai bis Ende September). Das Ferienhaus [&hellip;]","og_url":"https:\/\/www.urlaubcornwall.de\/blog\/cottage-lands-end-mit-hund-mieten\/","og_site_name":"Urlaub &amp; Reisen","article_modified_time":"2021-09-02T08:53:06+00:00","og_image":[{"url":"https:\/\/www.urlaubcornwall.de\/blog\/wp-content\/uploads\/2018\/01\/lands-end-mit-hund.jpg"}],"twitter_card":"summary","twitter_misc":{"Est. reading time":"1 minute"},"schema":{"@context":"https:\/\/schema.org","@graph":[{"@type":"WebSite","@id":"https:\/\/www.urlaubcornwall.de\/blog\/#website","url":"https:\/\/www.urlaubcornwall.de\/blog\/","name":"Urlaub &amp; Reisen","description":"Urlaub, Reisen, Cornwall und S\u00fcdengland: eine perfekte Kombination","potentialAction":[{"@type":"SearchAction","target":{"@type":"EntryPoint","urlTemplate":"https:\/\/www.urlaubcornwall.de\/blog\/?s={search_term_string}"},"query-input":"required name=search_term_string"}],"inLanguage":"en-US"},{"@type":"WebPage","@id":"https:\/\/www.urlaubcornwall.de\/blog\/cottage-lands-end-mit-hund-mieten\/","url":"https:\/\/www.urlaubcornwall.de\/blog\/cottage-lands-end-mit-hund-mieten\/","name":"Ferienhaus Lands End mit Hund mieten - Urlaub &amp; Reisen","isPartOf":{"@id":"https:\/\/www.urlaubcornwall.de\/blog\/#website"},"datePublished":"2018-01-23T17:10:42+00:00","dateModified":"2021-09-02T08:53:06+00:00","breadcrumb":{"@id":"https:\/\/www.urlaubcornwall.de\/blog\/cottage-lands-end-mit-hund-mieten\/#breadcrumb"},"inLanguage":"en-US","potentialAction":[{"@type":"ReadAction","target":["https:\/\/www.urlaubcornwall.de\/blog\/cottage-lands-end-mit-hund-mieten\/"]}]},{"@type":"BreadcrumbList","@id":"https:\/\/www.urlaubcornwall.de\/blog\/cottage-lands-end-mit-hund-mieten\/#breadcrumb","itemListElement":[{"@type":"ListItem","position":1,"name":"Home","item":"https:\/\/www.urlaubcornwall.de\/blog\/"},{"@type":"ListItem","position":2,"name":"Ferienhaus Lands End mit Hund mieten"}]}]}},"_links":{"self":[{"href":"https:\/\/www.urlaubcornwall.de\/blog\/wp-json\/wp\/v2\/pages\/32101"}],"collection":[{"href":"https:\/\/www.urlaubcornwall.de\/blog\/wp-json\/wp\/v2\/pages"}],"about":[{"href":"https:\/\/www.urlaubcornwall.de\/blog\/wp-json\/wp\/v2\/types\/page"}],"author":[{"embeddable":true,"href":"https:\/\/www.urlaubcornwall.de\/blog\/wp-json\/wp\/v2\/users\/1"}],"replies":[{"embeddable":true,"href":"https:\/\/www.urlaubcornwall.de\/blog\/wp-json\/wp\/v2\/comments?post=32101"}],"version-history":[{"count":4,"href":"https:\/\/www.urlaubcornwall.de\/blog\/wp-json\/wp\/v2\/pages\/32101\/revisions"}],"predecessor-version":[{"id":42399,"href":"https:\/\/www.urlaubcornwall.de\/blog\/wp-json\/wp\/v2\/pages\/32101\/revisions\/42399"}],"wp:attachment":[{"href":"https:\/\/www.urlaubcornwall.de\/blog\/wp-json\/wp\/v2\/media?parent=32101"}],"curies":[{"name":"wp","href":"https:\/\/api.w.org\/{rel}","templated":true}]}}