{"id":32098,"date":"2018-01-23T16:51:08","date_gmt":"2018-01-23T16:51:08","guid":{"rendered":"https:\/\/www.urlaubcornwall.de\/blog\/?page_id=32098"},"modified":"2021-08-31T14:29:25","modified_gmt":"2021-08-31T14:29:25","slug":"cottage-falmouth-mit-hund-mieten","status":"publish","type":"page","link":"https:\/\/www.urlaubcornwall.de\/blog\/cottage-falmouth-mit-hund-mieten\/","title":{"rendered":"Cottage in Falmouth mit Hund mieten"},"content":{"rendered":"<p><img loading=\"lazy\" class=\"aligncenter size-full wp-image-32099\" src=\"https:\/\/www.urlaubcornwall.de\/blog\/wp-content\/uploads\/2018\/01\/cottage-falmouth-mit-hund.jpg\" alt=\"cottage falmouth mit hund\" width=\"747\" height=\"494\"\/><\/p>\n<p><strong>Ferienhaus strandnah Flushing nahe Falmouth, S\u00fcdk\u00fcste Cornwall.<\/strong><\/p>\n<p>3 Schlafzimmer, hundefreundlich, Schlafplatz f\u00fcr 5 + Kinderbett, An-\/Abreisetag am Freitag, Preis pro Woche \u00a3449 &#8211; \u00a31122<\/p>\n<p>Die Trefusis Lodge liegt etwas au\u00dferhalb des malerischen Fischerdorfs Flushing, gegen\u00fcber dem lebhaften Hafen von Falmouth. Dieses reizende, halb freistehende viktorianische Cottage verf\u00fcgt \u00fcber sch\u00f6ne Fenster und ger\u00e4umige Zimmer sowie einen ummauerten Garten im Innenhof mit gesch\u00fctztem Au\u00dfenbereich. Mit zwei beliebten Pubs, einem Caf\u00e9 am Hafen und einer F\u00e4hre, die das Dorf mit Falmouth verbindet, ist dies ein wunderbarer Ort&#8230;<\/p>\n<p style=\"text-align: center;\"><a class=\"tidycta\" href=\"https:\/\/www.urlaubcornwall.de\/ferienhaeuser-fewos\/falmouth.html\"><\/a>Suche Ferienh\u00e4user Falmouth<\/p>\n","protected":false},"excerpt":{"rendered":"<p>Ferienhaus strandnah Flushing nahe Falmouth, S\u00fcdk\u00fcste Cornwall. 3 Schlafzimmer, hundefreundlich, Schlafplatz f\u00fcr 5 + Kinderbett, An-\/Abreisetag am Freitag, Preis pro Woche \u00a3449 &#8211; \u00a31122 Die Trefusis Lodge liegt etwas au\u00dferhalb des malerischen Fischerdorfs Flushing, gegen\u00fcber dem lebhaften Hafen von Falmouth. Dieses reizende, halb freistehende viktorianische Cottage verf\u00fcgt \u00fcber sch\u00f6ne Fenster und ger\u00e4umige Zimmer sowie einen [&hellip;]<\/p>\n","protected":false},"author":1,"featured_media":0,"parent":0,"menu_order":0,"comment_status":"closed","ping_status":"closed","template":"single-four.php","meta":[],"acf":[],"yoast_head":"<!-- This site is optimized with the Yoast SEO plugin v19.4 - https:\/\/yoast.com\/wordpress\/plugins\/seo\/ -->\n<title>Cottage in Falmouth mit Hund mieten - Urlaub &amp; Reisen<\/title>\n<meta name=\"robots\" content=\"index, follow, max-snippet:-1, max-image-preview:large, max-video-preview:-1\" \/>\n<link rel=\"canonical\" href=\"https:\/\/www.urlaubcornwall.de\/blog\/cottage-falmouth-mit-hund-mieten\/\" \/>\n<meta property=\"og:locale\" content=\"en_US\" \/>\n<meta property=\"og:type\" content=\"article\" \/>\n<meta property=\"og:title\" content=\"Cottage in Falmouth mit Hund mieten - Urlaub &amp; Reisen\" \/>\n<meta property=\"og:description\" content=\"Ferienhaus strandnah Flushing nahe Falmouth, S\u00fcdk\u00fcste Cornwall. 3 Schlafzimmer, hundefreundlich, Schlafplatz f\u00fcr 5 + Kinderbett, An-\/Abreisetag am Freitag, Preis pro Woche \u00a3449 &#8211; \u00a31122 Die Trefusis Lodge liegt etwas au\u00dferhalb des malerischen Fischerdorfs Flushing, gegen\u00fcber dem lebhaften Hafen von Falmouth. Dieses reizende, halb freistehende viktorianische Cottage verf\u00fcgt \u00fcber sch\u00f6ne Fenster und ger\u00e4umige Zimmer sowie einen [&hellip;]\" \/>\n<meta property=\"og:url\" content=\"https:\/\/www.urlaubcornwall.de\/blog\/cottage-falmouth-mit-hund-mieten\/\" \/>\n<meta property=\"og:site_name\" content=\"Urlaub &amp; Reisen\" \/>\n<meta property=\"article:modified_time\" content=\"2021-08-31T14:29:25+00:00\" \/>\n<meta property=\"og:image\" content=\"https:\/\/www.urlaubcornwall.de\/blog\/wp-content\/uploads\/2018\/01\/cottage-falmouth-mit-hund.jpg\" \/>\n<meta name=\"twitter:card\" content=\"summary\" \/>\n<script type=\"application\/ld+json\" class=\"yoast-schema-graph\">{\"@context\":\"https:\/\/schema.org\",\"@graph\":[{\"@type\":\"WebSite\",\"@id\":\"https:\/\/www.urlaubcornwall.de\/blog\/#website\",\"url\":\"https:\/\/www.urlaubcornwall.de\/blog\/\",\"name\":\"Urlaub &amp; Reisen\",\"description\":\"Urlaub, Reisen, Cornwall und S\u00fcdengland: eine perfekte Kombination\",\"potentialAction\":[{\"@type\":\"SearchAction\",\"target\":{\"@type\":\"EntryPoint\",\"urlTemplate\":\"https:\/\/www.urlaubcornwall.de\/blog\/?s={search_term_string}\"},\"query-input\":\"required name=search_term_string\"}],\"inLanguage\":\"en-US\"},{\"@type\":\"WebPage\",\"@id\":\"https:\/\/www.urlaubcornwall.de\/blog\/cottage-falmouth-mit-hund-mieten\/\",\"url\":\"https:\/\/www.urlaubcornwall.de\/blog\/cottage-falmouth-mit-hund-mieten\/\",\"name\":\"Cottage in Falmouth mit Hund mieten - Urlaub &amp; Reisen\",\"isPartOf\":{\"@id\":\"https:\/\/www.urlaubcornwall.de\/blog\/#website\"},\"datePublished\":\"2018-01-23T16:51:08+00:00\",\"dateModified\":\"2021-08-31T14:29:25+00:00\",\"breadcrumb\":{\"@id\":\"https:\/\/www.urlaubcornwall.de\/blog\/cottage-falmouth-mit-hund-mieten\/#breadcrumb\"},\"inLanguage\":\"en-US\",\"potentialAction\":[{\"@type\":\"ReadAction\",\"target\":[\"https:\/\/www.urlaubcornwall.de\/blog\/cottage-falmouth-mit-hund-mieten\/\"]}]},{\"@type\":\"BreadcrumbList\",\"@id\":\"https:\/\/www.urlaubcornwall.de\/blog\/cottage-falmouth-mit-hund-mieten\/#breadcrumb\",\"itemListElement\":[{\"@type\":\"ListItem\",\"position\":1,\"name\":\"Home\",\"item\":\"https:\/\/www.urlaubcornwall.de\/blog\/\"},{\"@type\":\"ListItem\",\"position\":2,\"name\":\"Cottage in Falmouth mit Hund mieten\"}]}]}<\/script>\n<!-- \/ Yoast SEO plugin. -->","yoast_head_json":{"title":"Cottage in Falmouth mit Hund mieten - Urlaub &amp; Reisen","robots":{"index":"index","follow":"follow","max-snippet":"max-snippet:-1","max-image-preview":"max-image-preview:large","max-video-preview":"max-video-preview:-1"},"canonical":"https:\/\/www.urlaubcornwall.de\/blog\/cottage-falmouth-mit-hund-mieten\/","og_locale":"en_US","og_type":"article","og_title":"Cottage in Falmouth mit Hund mieten - Urlaub &amp; Reisen","og_description":"Ferienhaus strandnah Flushing nahe Falmouth, S\u00fcdk\u00fcste Cornwall. 3 Schlafzimmer, hundefreundlich, Schlafplatz f\u00fcr 5 + Kinderbett, An-\/Abreisetag am Freitag, Preis pro Woche \u00a3449 &#8211; \u00a31122 Die Trefusis Lodge liegt etwas au\u00dferhalb des malerischen Fischerdorfs Flushing, gegen\u00fcber dem lebhaften Hafen von Falmouth. Dieses reizende, halb freistehende viktorianische Cottage verf\u00fcgt \u00fcber sch\u00f6ne Fenster und ger\u00e4umige Zimmer sowie einen [&hellip;]","og_url":"https:\/\/www.urlaubcornwall.de\/blog\/cottage-falmouth-mit-hund-mieten\/","og_site_name":"Urlaub &amp; Reisen","article_modified_time":"2021-08-31T14:29:25+00:00","og_image":[{"url":"https:\/\/www.urlaubcornwall.de\/blog\/wp-content\/uploads\/2018\/01\/cottage-falmouth-mit-hund.jpg"}],"twitter_card":"summary","schema":{"@context":"https:\/\/schema.org","@graph":[{"@type":"WebSite","@id":"https:\/\/www.urlaubcornwall.de\/blog\/#website","url":"https:\/\/www.urlaubcornwall.de\/blog\/","name":"Urlaub &amp; Reisen","description":"Urlaub, Reisen, Cornwall und S\u00fcdengland: eine perfekte Kombination","potentialAction":[{"@type":"SearchAction","target":{"@type":"EntryPoint","urlTemplate":"https:\/\/www.urlaubcornwall.de\/blog\/?s={search_term_string}"},"query-input":"required name=search_term_string"}],"inLanguage":"en-US"},{"@type":"WebPage","@id":"https:\/\/www.urlaubcornwall.de\/blog\/cottage-falmouth-mit-hund-mieten\/","url":"https:\/\/www.urlaubcornwall.de\/blog\/cottage-falmouth-mit-hund-mieten\/","name":"Cottage in Falmouth mit Hund mieten - Urlaub &amp; Reisen","isPartOf":{"@id":"https:\/\/www.urlaubcornwall.de\/blog\/#website"},"datePublished":"2018-01-23T16:51:08+00:00","dateModified":"2021-08-31T14:29:25+00:00","breadcrumb":{"@id":"https:\/\/www.urlaubcornwall.de\/blog\/cottage-falmouth-mit-hund-mieten\/#breadcrumb"},"inLanguage":"en-US","potentialAction":[{"@type":"ReadAction","target":["https:\/\/www.urlaubcornwall.de\/blog\/cottage-falmouth-mit-hund-mieten\/"]}]},{"@type":"BreadcrumbList","@id":"https:\/\/www.urlaubcornwall.de\/blog\/cottage-falmouth-mit-hund-mieten\/#breadcrumb","itemListElement":[{"@type":"ListItem","position":1,"name":"Home","item":"https:\/\/www.urlaubcornwall.de\/blog\/"},{"@type":"ListItem","position":2,"name":"Cottage in Falmouth mit Hund mieten"}]}]}},"_links":{"self":[{"href":"https:\/\/www.urlaubcornwall.de\/blog\/wp-json\/wp\/v2\/pages\/32098"}],"collection":[{"href":"https:\/\/www.urlaubcornwall.de\/blog\/wp-json\/wp\/v2\/pages"}],"about":[{"href":"https:\/\/www.urlaubcornwall.de\/blog\/wp-json\/wp\/v2\/types\/page"}],"author":[{"embeddable":true,"href":"https:\/\/www.urlaubcornwall.de\/blog\/wp-json\/wp\/v2\/users\/1"}],"replies":[{"embeddable":true,"href":"https:\/\/www.urlaubcornwall.de\/blog\/wp-json\/wp\/v2\/comments?post=32098"}],"version-history":[{"count":5,"href":"https:\/\/www.urlaubcornwall.de\/blog\/wp-json\/wp\/v2\/pages\/32098\/revisions"}],"predecessor-version":[{"id":42355,"href":"https:\/\/www.urlaubcornwall.de\/blog\/wp-json\/wp\/v2\/pages\/32098\/revisions\/42355"}],"wp:attachment":[{"href":"https:\/\/www.urlaubcornwall.de\/blog\/wp-json\/wp\/v2\/media?parent=32098"}],"curies":[{"name":"wp","href":"https:\/\/api.w.org\/{rel}","templated":true}]}}