{"id":32089,"date":"2018-01-23T14:52:06","date_gmt":"2018-01-23T14:52:06","guid":{"rendered":"https:\/\/www.urlaubcornwall.de\/blog\/?page_id=32089"},"modified":"2021-09-02T08:46:24","modified_gmt":"2021-09-02T08:46:24","slug":"cottage-looe-mit-hund-mieten","status":"publish","type":"page","link":"https:\/\/www.urlaubcornwall.de\/blog\/cottage-looe-mit-hund-mieten\/","title":{"rendered":"Cottage in Looe mit Hund mieten"},"content":{"rendered":"<p><img loading=\"lazy\" class=\"aligncenter size-full wp-image-32090\" src=\"https:\/\/www.urlaubcornwall.de\/blog\/wp-content\/uploads\/2018\/01\/cottage-mit-hund-looe.jpg\" alt=\"cottage mit hund looe\" width=\"749\" height=\"494\"\/><br \/>\n<strong><br \/>\nFerienhaus am Meer 5.8 kilometern W von Looe, S\u00fcdk\u00fcste Cornwall.<\/strong><\/p>\n<p>2 Schlafzimmer, hundefreundlich, Schlafplatz f\u00fcr 4 + Kinderbett, An-\/Abreisetag am Samstag | Preis pro Woche \u00a3400 &#8211; \u00a3920<\/p>\n<p>Benson&#8217;s Cottage hat Stufen von der Terrasse in das offene Wohnzimmer, wo freiliegende Steinmauern rustikalen Charme hinzuf\u00fcgen. Sie genie\u00dfen Blick auf den angelegten Garten, ein bequemes Sofa und Sessel in der Sitzecke mit einem Esstisch und St\u00fchlen. Ein Torbogen f\u00fchrt durch die kleine, sonnige K\u00fcche und eine Treppe f\u00fchrt zu den zwei Schlafzimmern und dem Badezimmer&#8230;&#8230;..<\/p>\n<p style=\"text-align: center;\"><a class=\"tidycta\" href=\"https:\/\/www.urlaubcornwall.de\/ferienhaeuser-fewos\/looe-mit-hund.html\">Suche Ferienh\u00e4user Looe<\/a><\/p>\n<p><strong>Um UrlaubCornwall.de einzigartige Kollektion nach Ihrem idealen Ferienhaus zu durchsuchen.<\/strong> <a href=\"https:\/\/www.urlaubcornwall.de\/ferienhaeuser\/cornwall.php\"><span style=\"text-decoration: underline;\"><strong>Klicken Sie hier<\/strong><\/span><strong> &gt;&gt;<\/strong><\/a><\/p>\n","protected":false},"excerpt":{"rendered":"<p>Ferienhaus am Meer 5.8 kilometern W von Looe, S\u00fcdk\u00fcste Cornwall. 2 Schlafzimmer, hundefreundlich, Schlafplatz f\u00fcr 4 + Kinderbett, An-\/Abreisetag am Samstag | Preis pro Woche \u00a3400 &#8211; \u00a3920 Benson&#8217;s Cottage hat Stufen von der Terrasse in das offene Wohnzimmer, wo freiliegende Steinmauern rustikalen Charme hinzuf\u00fcgen. Sie genie\u00dfen Blick auf den angelegten Garten, ein bequemes Sofa [&hellip;]<\/p>\n","protected":false},"author":1,"featured_media":0,"parent":0,"menu_order":0,"comment_status":"closed","ping_status":"closed","template":"single-four.php","meta":[],"acf":[],"yoast_head":"<!-- This site is optimized with the Yoast SEO plugin v19.4 - https:\/\/yoast.com\/wordpress\/plugins\/seo\/ -->\n<title>Cottage in Looe mit Hund mieten - Urlaub &amp; Reisen<\/title>\n<meta name=\"robots\" content=\"index, follow, max-snippet:-1, max-image-preview:large, max-video-preview:-1\" \/>\n<link rel=\"canonical\" href=\"https:\/\/www.urlaubcornwall.de\/blog\/cottage-looe-mit-hund-mieten\/\" \/>\n<meta property=\"og:locale\" content=\"en_US\" \/>\n<meta property=\"og:type\" content=\"article\" \/>\n<meta property=\"og:title\" content=\"Cottage in Looe mit Hund mieten - Urlaub &amp; Reisen\" \/>\n<meta property=\"og:description\" content=\"Ferienhaus am Meer 5.8 kilometern W von Looe, S\u00fcdk\u00fcste Cornwall. 2 Schlafzimmer, hundefreundlich, Schlafplatz f\u00fcr 4 + Kinderbett, An-\/Abreisetag am Samstag | Preis pro Woche \u00a3400 &#8211; \u00a3920 Benson&#8217;s Cottage hat Stufen von der Terrasse in das offene Wohnzimmer, wo freiliegende Steinmauern rustikalen Charme hinzuf\u00fcgen. Sie genie\u00dfen Blick auf den angelegten Garten, ein bequemes Sofa [&hellip;]\" \/>\n<meta property=\"og:url\" content=\"https:\/\/www.urlaubcornwall.de\/blog\/cottage-looe-mit-hund-mieten\/\" \/>\n<meta property=\"og:site_name\" content=\"Urlaub &amp; Reisen\" \/>\n<meta property=\"article:modified_time\" content=\"2021-09-02T08:46:24+00:00\" \/>\n<meta property=\"og:image\" content=\"https:\/\/www.urlaubcornwall.de\/blog\/wp-content\/uploads\/2018\/01\/cottage-mit-hund-looe.jpg\" \/>\n<meta name=\"twitter:card\" content=\"summary\" \/>\n<meta name=\"twitter:label1\" content=\"Est. reading time\" \/>\n\t<meta name=\"twitter:data1\" content=\"1 minute\" \/>\n<script type=\"application\/ld+json\" class=\"yoast-schema-graph\">{\"@context\":\"https:\/\/schema.org\",\"@graph\":[{\"@type\":\"WebSite\",\"@id\":\"https:\/\/www.urlaubcornwall.de\/blog\/#website\",\"url\":\"https:\/\/www.urlaubcornwall.de\/blog\/\",\"name\":\"Urlaub &amp; Reisen\",\"description\":\"Urlaub, Reisen, Cornwall und S\u00fcdengland: eine perfekte Kombination\",\"potentialAction\":[{\"@type\":\"SearchAction\",\"target\":{\"@type\":\"EntryPoint\",\"urlTemplate\":\"https:\/\/www.urlaubcornwall.de\/blog\/?s={search_term_string}\"},\"query-input\":\"required name=search_term_string\"}],\"inLanguage\":\"en-US\"},{\"@type\":\"WebPage\",\"@id\":\"https:\/\/www.urlaubcornwall.de\/blog\/cottage-looe-mit-hund-mieten\/\",\"url\":\"https:\/\/www.urlaubcornwall.de\/blog\/cottage-looe-mit-hund-mieten\/\",\"name\":\"Cottage in Looe mit Hund mieten - Urlaub &amp; Reisen\",\"isPartOf\":{\"@id\":\"https:\/\/www.urlaubcornwall.de\/blog\/#website\"},\"datePublished\":\"2018-01-23T14:52:06+00:00\",\"dateModified\":\"2021-09-02T08:46:24+00:00\",\"breadcrumb\":{\"@id\":\"https:\/\/www.urlaubcornwall.de\/blog\/cottage-looe-mit-hund-mieten\/#breadcrumb\"},\"inLanguage\":\"en-US\",\"potentialAction\":[{\"@type\":\"ReadAction\",\"target\":[\"https:\/\/www.urlaubcornwall.de\/blog\/cottage-looe-mit-hund-mieten\/\"]}]},{\"@type\":\"BreadcrumbList\",\"@id\":\"https:\/\/www.urlaubcornwall.de\/blog\/cottage-looe-mit-hund-mieten\/#breadcrumb\",\"itemListElement\":[{\"@type\":\"ListItem\",\"position\":1,\"name\":\"Home\",\"item\":\"https:\/\/www.urlaubcornwall.de\/blog\/\"},{\"@type\":\"ListItem\",\"position\":2,\"name\":\"Cottage in Looe mit Hund mieten\"}]}]}<\/script>\n<!-- \/ Yoast SEO plugin. -->","yoast_head_json":{"title":"Cottage in Looe mit Hund mieten - Urlaub &amp; Reisen","robots":{"index":"index","follow":"follow","max-snippet":"max-snippet:-1","max-image-preview":"max-image-preview:large","max-video-preview":"max-video-preview:-1"},"canonical":"https:\/\/www.urlaubcornwall.de\/blog\/cottage-looe-mit-hund-mieten\/","og_locale":"en_US","og_type":"article","og_title":"Cottage in Looe mit Hund mieten - Urlaub &amp; Reisen","og_description":"Ferienhaus am Meer 5.8 kilometern W von Looe, S\u00fcdk\u00fcste Cornwall. 2 Schlafzimmer, hundefreundlich, Schlafplatz f\u00fcr 4 + Kinderbett, An-\/Abreisetag am Samstag | Preis pro Woche \u00a3400 &#8211; \u00a3920 Benson&#8217;s Cottage hat Stufen von der Terrasse in das offene Wohnzimmer, wo freiliegende Steinmauern rustikalen Charme hinzuf\u00fcgen. Sie genie\u00dfen Blick auf den angelegten Garten, ein bequemes Sofa [&hellip;]","og_url":"https:\/\/www.urlaubcornwall.de\/blog\/cottage-looe-mit-hund-mieten\/","og_site_name":"Urlaub &amp; Reisen","article_modified_time":"2021-09-02T08:46:24+00:00","og_image":[{"url":"https:\/\/www.urlaubcornwall.de\/blog\/wp-content\/uploads\/2018\/01\/cottage-mit-hund-looe.jpg"}],"twitter_card":"summary","twitter_misc":{"Est. reading time":"1 minute"},"schema":{"@context":"https:\/\/schema.org","@graph":[{"@type":"WebSite","@id":"https:\/\/www.urlaubcornwall.de\/blog\/#website","url":"https:\/\/www.urlaubcornwall.de\/blog\/","name":"Urlaub &amp; Reisen","description":"Urlaub, Reisen, Cornwall und S\u00fcdengland: eine perfekte Kombination","potentialAction":[{"@type":"SearchAction","target":{"@type":"EntryPoint","urlTemplate":"https:\/\/www.urlaubcornwall.de\/blog\/?s={search_term_string}"},"query-input":"required name=search_term_string"}],"inLanguage":"en-US"},{"@type":"WebPage","@id":"https:\/\/www.urlaubcornwall.de\/blog\/cottage-looe-mit-hund-mieten\/","url":"https:\/\/www.urlaubcornwall.de\/blog\/cottage-looe-mit-hund-mieten\/","name":"Cottage in Looe mit Hund mieten - Urlaub &amp; Reisen","isPartOf":{"@id":"https:\/\/www.urlaubcornwall.de\/blog\/#website"},"datePublished":"2018-01-23T14:52:06+00:00","dateModified":"2021-09-02T08:46:24+00:00","breadcrumb":{"@id":"https:\/\/www.urlaubcornwall.de\/blog\/cottage-looe-mit-hund-mieten\/#breadcrumb"},"inLanguage":"en-US","potentialAction":[{"@type":"ReadAction","target":["https:\/\/www.urlaubcornwall.de\/blog\/cottage-looe-mit-hund-mieten\/"]}]},{"@type":"BreadcrumbList","@id":"https:\/\/www.urlaubcornwall.de\/blog\/cottage-looe-mit-hund-mieten\/#breadcrumb","itemListElement":[{"@type":"ListItem","position":1,"name":"Home","item":"https:\/\/www.urlaubcornwall.de\/blog\/"},{"@type":"ListItem","position":2,"name":"Cottage in Looe mit Hund mieten"}]}]}},"_links":{"self":[{"href":"https:\/\/www.urlaubcornwall.de\/blog\/wp-json\/wp\/v2\/pages\/32089"}],"collection":[{"href":"https:\/\/www.urlaubcornwall.de\/blog\/wp-json\/wp\/v2\/pages"}],"about":[{"href":"https:\/\/www.urlaubcornwall.de\/blog\/wp-json\/wp\/v2\/types\/page"}],"author":[{"embeddable":true,"href":"https:\/\/www.urlaubcornwall.de\/blog\/wp-json\/wp\/v2\/users\/1"}],"replies":[{"embeddable":true,"href":"https:\/\/www.urlaubcornwall.de\/blog\/wp-json\/wp\/v2\/comments?post=32089"}],"version-history":[{"count":2,"href":"https:\/\/www.urlaubcornwall.de\/blog\/wp-json\/wp\/v2\/pages\/32089\/revisions"}],"predecessor-version":[{"id":42392,"href":"https:\/\/www.urlaubcornwall.de\/blog\/wp-json\/wp\/v2\/pages\/32089\/revisions\/42392"}],"wp:attachment":[{"href":"https:\/\/www.urlaubcornwall.de\/blog\/wp-json\/wp\/v2\/media?parent=32089"}],"curies":[{"name":"wp","href":"https:\/\/api.w.org\/{rel}","templated":true}]}}