{"id":32083,"date":"2018-01-23T14:30:10","date_gmt":"2018-01-23T14:30:10","guid":{"rendered":"https:\/\/www.urlaubcornwall.de\/blog\/?page_id=32083"},"modified":"2021-09-16T14:15:46","modified_gmt":"2021-09-16T14:15:46","slug":"cottage-brixham-meer-mieten","status":"publish","type":"page","link":"https:\/\/www.urlaubcornwall.de\/blog\/cottage-brixham-meer-mieten\/","title":{"rendered":"Cottage in Brixham am Meer mieten"},"content":{"rendered":"<p><img loading=\"lazy\" class=\"aligncenter size-full wp-image-32084\" src=\"https:\/\/www.urlaubcornwall.de\/blog\/wp-content\/uploads\/2018\/01\/cottage-am-meer-brixham.jpg\" alt=\"cottage am meer brixham\" width=\"746\" height=\"480\" srcset=\"https:\/\/www.urlaubcornwall.de\/blog\/wp-content\/uploads\/2018\/01\/cottage-am-meer-brixham.jpg 744w, https:\/\/www.urlaubcornwall.de\/blog\/wp-content\/uploads\/2018\/01\/cottage-am-meer-brixham-300x194.jpg 300w\" sizes=\"(max-width: 746px) 100vw, 746px\" \/><\/p>\n<p><strong>Ferienhaus in Brixham mit Meerblick, Devon &#8211; 2 Schlafzimmer Schlafgelegenheiten 4 <\/strong><\/p>\n<p>Dieses Cottage genie\u00dft eine beneidenswerte Lage an der Ostseite des Stadtzentrums von Brixham, nur einen kurzen Spaziergang vom Jachthafen der Stadt und den G\u00e4rten von Furzeham Green entfernt. Der K\u00fcstenweg verl\u00e4uft sehr nah an diesem Ferienhaus und erm\u00f6glicht den G\u00e4sten einen einfachen Zugang zu Spazierg\u00e4ngen rund um die Bucht und zu einem der ruhigeren Str\u00e4nde der Stadt Fishcombe Cove. Auf der Westseite der Stadt gibt es mehrere andere Str\u00e4nde, einschlie\u00dflich Shoalstone Beach mit Gezeitenbecken und der abgelegenen St. Mary s Bay. Warum nicht mit ins Wasser steigen und an Bord eines der Ausflugsschiffe steigen oder Angeltouren unternehmen?<\/p>\n<p style=\"text-align: center;\"><a class=\"tidycta\" href=\"https:\/\/www.urlaubcornwall.de\/ferienhaeuser-fewos\/eng\/devon\/brixham-am-meer.html\">Suche Ferienh\u00e4user Brixham<\/a><\/p>\n<p style=\"text-align: center;\">Pers\u00f6nlich inspizierte Ferienh\u00e4user und Ferienwohnungen in Devon f\u00fcr Ihren Urlaub.<\/p>\n<p style=\"text-align: center;\"><a href=\"https:\/\/www.urlaubcornwall.de\/ferienhaeuser-fewos\/eng\/devon\/brixham-am-meer.html\"><strong>Ferienh\u00e4user, Cottages &amp; Ferienwohnungen in Brixham<\/strong><\/a><\/p>\n","protected":false},"excerpt":{"rendered":"<p>Ferienhaus in Brixham mit Meerblick, Devon &#8211; 2 Schlafzimmer Schlafgelegenheiten 4 Dieses Cottage genie\u00dft eine beneidenswerte Lage an der Ostseite des Stadtzentrums von Brixham, nur einen kurzen Spaziergang vom Jachthafen der Stadt und den G\u00e4rten von Furzeham Green entfernt. Der K\u00fcstenweg verl\u00e4uft sehr nah an diesem Ferienhaus und erm\u00f6glicht den G\u00e4sten einen einfachen Zugang zu [&hellip;]<\/p>\n","protected":false},"author":1,"featured_media":0,"parent":0,"menu_order":0,"comment_status":"closed","ping_status":"closed","template":"single-four.php","meta":[],"acf":[],"yoast_head":"<!-- This site is optimized with the Yoast SEO plugin v19.4 - https:\/\/yoast.com\/wordpress\/plugins\/seo\/ -->\n<title>Cottage in Brixham am Meer mieten - Urlaub &amp; Reisen<\/title>\n<meta name=\"robots\" content=\"index, follow, max-snippet:-1, max-image-preview:large, max-video-preview:-1\" \/>\n<link rel=\"canonical\" href=\"https:\/\/www.urlaubcornwall.de\/blog\/cottage-brixham-meer-mieten\/\" \/>\n<meta property=\"og:locale\" content=\"en_US\" \/>\n<meta property=\"og:type\" content=\"article\" \/>\n<meta property=\"og:title\" content=\"Cottage in Brixham am Meer mieten - Urlaub &amp; Reisen\" \/>\n<meta property=\"og:description\" content=\"Ferienhaus in Brixham mit Meerblick, Devon &#8211; 2 Schlafzimmer Schlafgelegenheiten 4 Dieses Cottage genie\u00dft eine beneidenswerte Lage an der Ostseite des Stadtzentrums von Brixham, nur einen kurzen Spaziergang vom Jachthafen der Stadt und den G\u00e4rten von Furzeham Green entfernt. Der K\u00fcstenweg verl\u00e4uft sehr nah an diesem Ferienhaus und erm\u00f6glicht den G\u00e4sten einen einfachen Zugang zu [&hellip;]\" \/>\n<meta property=\"og:url\" content=\"https:\/\/www.urlaubcornwall.de\/blog\/cottage-brixham-meer-mieten\/\" \/>\n<meta property=\"og:site_name\" content=\"Urlaub &amp; Reisen\" \/>\n<meta property=\"article:modified_time\" content=\"2021-09-16T14:15:46+00:00\" \/>\n<meta property=\"og:image\" content=\"https:\/\/www.urlaubcornwall.de\/blog\/wp-content\/uploads\/2018\/01\/cottage-am-meer-brixham.jpg\" \/>\n<meta name=\"twitter:card\" content=\"summary\" \/>\n<meta name=\"twitter:label1\" content=\"Est. reading time\" \/>\n\t<meta name=\"twitter:data1\" content=\"1 minute\" \/>\n<script type=\"application\/ld+json\" class=\"yoast-schema-graph\">{\"@context\":\"https:\/\/schema.org\",\"@graph\":[{\"@type\":\"WebSite\",\"@id\":\"https:\/\/www.urlaubcornwall.de\/blog\/#website\",\"url\":\"https:\/\/www.urlaubcornwall.de\/blog\/\",\"name\":\"Urlaub &amp; Reisen\",\"description\":\"Urlaub, Reisen, Cornwall und S\u00fcdengland: eine perfekte Kombination\",\"potentialAction\":[{\"@type\":\"SearchAction\",\"target\":{\"@type\":\"EntryPoint\",\"urlTemplate\":\"https:\/\/www.urlaubcornwall.de\/blog\/?s={search_term_string}\"},\"query-input\":\"required name=search_term_string\"}],\"inLanguage\":\"en-US\"},{\"@type\":\"WebPage\",\"@id\":\"https:\/\/www.urlaubcornwall.de\/blog\/cottage-brixham-meer-mieten\/\",\"url\":\"https:\/\/www.urlaubcornwall.de\/blog\/cottage-brixham-meer-mieten\/\",\"name\":\"Cottage in Brixham am Meer mieten - Urlaub &amp; Reisen\",\"isPartOf\":{\"@id\":\"https:\/\/www.urlaubcornwall.de\/blog\/#website\"},\"datePublished\":\"2018-01-23T14:30:10+00:00\",\"dateModified\":\"2021-09-16T14:15:46+00:00\",\"breadcrumb\":{\"@id\":\"https:\/\/www.urlaubcornwall.de\/blog\/cottage-brixham-meer-mieten\/#breadcrumb\"},\"inLanguage\":\"en-US\",\"potentialAction\":[{\"@type\":\"ReadAction\",\"target\":[\"https:\/\/www.urlaubcornwall.de\/blog\/cottage-brixham-meer-mieten\/\"]}]},{\"@type\":\"BreadcrumbList\",\"@id\":\"https:\/\/www.urlaubcornwall.de\/blog\/cottage-brixham-meer-mieten\/#breadcrumb\",\"itemListElement\":[{\"@type\":\"ListItem\",\"position\":1,\"name\":\"Home\",\"item\":\"https:\/\/www.urlaubcornwall.de\/blog\/\"},{\"@type\":\"ListItem\",\"position\":2,\"name\":\"Cottage in Brixham am Meer mieten\"}]}]}<\/script>\n<!-- \/ Yoast SEO plugin. -->","yoast_head_json":{"title":"Cottage in Brixham am Meer mieten - Urlaub &amp; Reisen","robots":{"index":"index","follow":"follow","max-snippet":"max-snippet:-1","max-image-preview":"max-image-preview:large","max-video-preview":"max-video-preview:-1"},"canonical":"https:\/\/www.urlaubcornwall.de\/blog\/cottage-brixham-meer-mieten\/","og_locale":"en_US","og_type":"article","og_title":"Cottage in Brixham am Meer mieten - Urlaub &amp; Reisen","og_description":"Ferienhaus in Brixham mit Meerblick, Devon &#8211; 2 Schlafzimmer Schlafgelegenheiten 4 Dieses Cottage genie\u00dft eine beneidenswerte Lage an der Ostseite des Stadtzentrums von Brixham, nur einen kurzen Spaziergang vom Jachthafen der Stadt und den G\u00e4rten von Furzeham Green entfernt. Der K\u00fcstenweg verl\u00e4uft sehr nah an diesem Ferienhaus und erm\u00f6glicht den G\u00e4sten einen einfachen Zugang zu [&hellip;]","og_url":"https:\/\/www.urlaubcornwall.de\/blog\/cottage-brixham-meer-mieten\/","og_site_name":"Urlaub &amp; Reisen","article_modified_time":"2021-09-16T14:15:46+00:00","og_image":[{"url":"https:\/\/www.urlaubcornwall.de\/blog\/wp-content\/uploads\/2018\/01\/cottage-am-meer-brixham.jpg"}],"twitter_card":"summary","twitter_misc":{"Est. reading time":"1 minute"},"schema":{"@context":"https:\/\/schema.org","@graph":[{"@type":"WebSite","@id":"https:\/\/www.urlaubcornwall.de\/blog\/#website","url":"https:\/\/www.urlaubcornwall.de\/blog\/","name":"Urlaub &amp; Reisen","description":"Urlaub, Reisen, Cornwall und S\u00fcdengland: eine perfekte Kombination","potentialAction":[{"@type":"SearchAction","target":{"@type":"EntryPoint","urlTemplate":"https:\/\/www.urlaubcornwall.de\/blog\/?s={search_term_string}"},"query-input":"required name=search_term_string"}],"inLanguage":"en-US"},{"@type":"WebPage","@id":"https:\/\/www.urlaubcornwall.de\/blog\/cottage-brixham-meer-mieten\/","url":"https:\/\/www.urlaubcornwall.de\/blog\/cottage-brixham-meer-mieten\/","name":"Cottage in Brixham am Meer mieten - Urlaub &amp; Reisen","isPartOf":{"@id":"https:\/\/www.urlaubcornwall.de\/blog\/#website"},"datePublished":"2018-01-23T14:30:10+00:00","dateModified":"2021-09-16T14:15:46+00:00","breadcrumb":{"@id":"https:\/\/www.urlaubcornwall.de\/blog\/cottage-brixham-meer-mieten\/#breadcrumb"},"inLanguage":"en-US","potentialAction":[{"@type":"ReadAction","target":["https:\/\/www.urlaubcornwall.de\/blog\/cottage-brixham-meer-mieten\/"]}]},{"@type":"BreadcrumbList","@id":"https:\/\/www.urlaubcornwall.de\/blog\/cottage-brixham-meer-mieten\/#breadcrumb","itemListElement":[{"@type":"ListItem","position":1,"name":"Home","item":"https:\/\/www.urlaubcornwall.de\/blog\/"},{"@type":"ListItem","position":2,"name":"Cottage in Brixham am Meer mieten"}]}]}},"_links":{"self":[{"href":"https:\/\/www.urlaubcornwall.de\/blog\/wp-json\/wp\/v2\/pages\/32083"}],"collection":[{"href":"https:\/\/www.urlaubcornwall.de\/blog\/wp-json\/wp\/v2\/pages"}],"about":[{"href":"https:\/\/www.urlaubcornwall.de\/blog\/wp-json\/wp\/v2\/types\/page"}],"author":[{"embeddable":true,"href":"https:\/\/www.urlaubcornwall.de\/blog\/wp-json\/wp\/v2\/users\/1"}],"replies":[{"embeddable":true,"href":"https:\/\/www.urlaubcornwall.de\/blog\/wp-json\/wp\/v2\/comments?post=32083"}],"version-history":[{"count":5,"href":"https:\/\/www.urlaubcornwall.de\/blog\/wp-json\/wp\/v2\/pages\/32083\/revisions"}],"predecessor-version":[{"id":42792,"href":"https:\/\/www.urlaubcornwall.de\/blog\/wp-json\/wp\/v2\/pages\/32083\/revisions\/42792"}],"wp:attachment":[{"href":"https:\/\/www.urlaubcornwall.de\/blog\/wp-json\/wp\/v2\/media?parent=32083"}],"curies":[{"name":"wp","href":"https:\/\/api.w.org\/{rel}","templated":true}]}}