{"id":32078,"date":"2018-01-23T14:01:49","date_gmt":"2018-01-23T14:01:49","guid":{"rendered":"https:\/\/www.urlaubcornwall.de\/blog\/?page_id=32078"},"modified":"2021-09-16T15:14:19","modified_gmt":"2021-09-16T15:14:19","slug":"cottage-torquay-mit-hund-mieten","status":"publish","type":"page","link":"https:\/\/www.urlaubcornwall.de\/blog\/cottage-torquay-mit-hund-mieten\/","title":{"rendered":"Cottage in Torquay mit Hund mieten"},"content":{"rendered":"<p><img loading=\"lazy\" class=\"aligncenter size-full wp-image-32079\" src=\"https:\/\/www.urlaubcornwall.de\/blog\/wp-content\/uploads\/2018\/01\/cottage-torquay-mit-hund.jpg\" alt=\"cottage torquay mit hund\" width=\"746\" height=\"558\" srcset=\"https:\/\/www.urlaubcornwall.de\/blog\/wp-content\/uploads\/2018\/01\/cottage-torquay-mit-hund.jpg 744w, https:\/\/www.urlaubcornwall.de\/blog\/wp-content\/uploads\/2018\/01\/cottage-torquay-mit-hund-300x225.jpg 300w\" sizes=\"(max-width: 746px) 100vw, 746px\" \/><\/p>\n<p><strong>Ferienhaus in Torquay, Devon &#8211; hundefreundlich, 3 Schlafzimmer, Schlafgelegenheiten 6 <\/strong><\/p>\n<p>Dieses Ferienhaus befindet sich im <a href=\"https:\/\/www.urlaubcornwall.de\/blog\/urlaub-torquay-unterkunft-sehenswuerdigkeiten-und-geschichte\/\">Badeort Torquay<\/a>, der n\u00f6rdlichsten Stadt an der attraktiven Bucht, die die Englische Riviera ausmacht. Torquay bietet eine sch\u00f6ne palmenges\u00e4umte Strandpromenade und schicke Caf\u00e9s, die der Stadt die elegante Atmosph\u00e4re eines mediterranen Resorts verleihen. Eine F\u00e4hre, die quer durch die Bucht f\u00fchrt, f\u00fchrt die Besucher in den Fischerort Brixham, wo Sie frische Meeresfr\u00fcchte in den vielen Restaurants der Stadt genie\u00dfen k\u00f6nnen. Zwischen diesen beiden St\u00e4dten liegt Paignton, ein traditioneller Badeort mit einem Pier-Strand und einem fantastischen Zoo.<\/p>\n<p style=\"text-align: center;\"><a class=\"tidycta\" href=\"https:\/\/www.urlaubcornwall.de\/ferienhaeuser-fewos\/eng\/sued-devon\/torquay-hundefreundlich.html\">Suche Ferienh\u00e4user Torquay<\/a><\/p>\n<p style=\"text-align: center;\">Pers\u00f6nlich inspizierte Ferienh\u00e4user und Ferienwohnungen in Devon f\u00fcr Ihren Urlaub.<\/p>\n<p style=\"text-align: center;\"><a href=\"https:\/\/www.urlaubcornwall.de\/ferienhaeuser-fewos\/eng\/sued-devon\/torquay-hundefreundlich.html\"><strong>Ferienh\u00e4user, Cottages &amp; Ferienwohnungen in Torquay.<\/strong><\/a><\/p>\n","protected":false},"excerpt":{"rendered":"<p>Ferienhaus in Torquay, Devon &#8211; hundefreundlich, 3 Schlafzimmer, Schlafgelegenheiten 6 Dieses Ferienhaus befindet sich im Badeort Torquay, der n\u00f6rdlichsten Stadt an der attraktiven Bucht, die die Englische Riviera ausmacht. Torquay bietet eine sch\u00f6ne palmenges\u00e4umte Strandpromenade und schicke Caf\u00e9s, die der Stadt die elegante Atmosph\u00e4re eines mediterranen Resorts verleihen. Eine F\u00e4hre, die quer durch die Bucht [&hellip;]<\/p>\n","protected":false},"author":1,"featured_media":0,"parent":0,"menu_order":0,"comment_status":"closed","ping_status":"closed","template":"single-four.php","meta":[],"acf":[],"yoast_head":"<!-- This site is optimized with the Yoast SEO plugin v19.4 - https:\/\/yoast.com\/wordpress\/plugins\/seo\/ -->\n<title>Cottage in Torquay mit Hund mieten - Urlaub &amp; Reisen<\/title>\n<meta name=\"robots\" content=\"index, follow, max-snippet:-1, max-image-preview:large, max-video-preview:-1\" \/>\n<link rel=\"canonical\" href=\"https:\/\/www.urlaubcornwall.de\/blog\/cottage-torquay-mit-hund-mieten\/\" \/>\n<meta property=\"og:locale\" content=\"en_US\" \/>\n<meta property=\"og:type\" content=\"article\" \/>\n<meta property=\"og:title\" content=\"Cottage in Torquay mit Hund mieten - Urlaub &amp; Reisen\" \/>\n<meta property=\"og:description\" content=\"Ferienhaus in Torquay, Devon &#8211; hundefreundlich, 3 Schlafzimmer, Schlafgelegenheiten 6 Dieses Ferienhaus befindet sich im Badeort Torquay, der n\u00f6rdlichsten Stadt an der attraktiven Bucht, die die Englische Riviera ausmacht. Torquay bietet eine sch\u00f6ne palmenges\u00e4umte Strandpromenade und schicke Caf\u00e9s, die der Stadt die elegante Atmosph\u00e4re eines mediterranen Resorts verleihen. Eine F\u00e4hre, die quer durch die Bucht [&hellip;]\" \/>\n<meta property=\"og:url\" content=\"https:\/\/www.urlaubcornwall.de\/blog\/cottage-torquay-mit-hund-mieten\/\" \/>\n<meta property=\"og:site_name\" content=\"Urlaub &amp; Reisen\" \/>\n<meta property=\"article:modified_time\" content=\"2021-09-16T15:14:19+00:00\" \/>\n<meta property=\"og:image\" content=\"https:\/\/www.urlaubcornwall.de\/blog\/wp-content\/uploads\/2018\/01\/cottage-torquay-mit-hund.jpg\" \/>\n<meta name=\"twitter:card\" content=\"summary\" \/>\n<meta name=\"twitter:label1\" content=\"Est. reading time\" \/>\n\t<meta name=\"twitter:data1\" content=\"1 minute\" \/>\n<script type=\"application\/ld+json\" class=\"yoast-schema-graph\">{\"@context\":\"https:\/\/schema.org\",\"@graph\":[{\"@type\":\"WebSite\",\"@id\":\"https:\/\/www.urlaubcornwall.de\/blog\/#website\",\"url\":\"https:\/\/www.urlaubcornwall.de\/blog\/\",\"name\":\"Urlaub &amp; Reisen\",\"description\":\"Urlaub, Reisen, Cornwall und S\u00fcdengland: eine perfekte Kombination\",\"potentialAction\":[{\"@type\":\"SearchAction\",\"target\":{\"@type\":\"EntryPoint\",\"urlTemplate\":\"https:\/\/www.urlaubcornwall.de\/blog\/?s={search_term_string}\"},\"query-input\":\"required name=search_term_string\"}],\"inLanguage\":\"en-US\"},{\"@type\":\"WebPage\",\"@id\":\"https:\/\/www.urlaubcornwall.de\/blog\/cottage-torquay-mit-hund-mieten\/\",\"url\":\"https:\/\/www.urlaubcornwall.de\/blog\/cottage-torquay-mit-hund-mieten\/\",\"name\":\"Cottage in Torquay mit Hund mieten - Urlaub &amp; Reisen\",\"isPartOf\":{\"@id\":\"https:\/\/www.urlaubcornwall.de\/blog\/#website\"},\"datePublished\":\"2018-01-23T14:01:49+00:00\",\"dateModified\":\"2021-09-16T15:14:19+00:00\",\"breadcrumb\":{\"@id\":\"https:\/\/www.urlaubcornwall.de\/blog\/cottage-torquay-mit-hund-mieten\/#breadcrumb\"},\"inLanguage\":\"en-US\",\"potentialAction\":[{\"@type\":\"ReadAction\",\"target\":[\"https:\/\/www.urlaubcornwall.de\/blog\/cottage-torquay-mit-hund-mieten\/\"]}]},{\"@type\":\"BreadcrumbList\",\"@id\":\"https:\/\/www.urlaubcornwall.de\/blog\/cottage-torquay-mit-hund-mieten\/#breadcrumb\",\"itemListElement\":[{\"@type\":\"ListItem\",\"position\":1,\"name\":\"Home\",\"item\":\"https:\/\/www.urlaubcornwall.de\/blog\/\"},{\"@type\":\"ListItem\",\"position\":2,\"name\":\"Cottage in Torquay mit Hund mieten\"}]}]}<\/script>\n<!-- \/ Yoast SEO plugin. -->","yoast_head_json":{"title":"Cottage in Torquay mit Hund mieten - Urlaub &amp; Reisen","robots":{"index":"index","follow":"follow","max-snippet":"max-snippet:-1","max-image-preview":"max-image-preview:large","max-video-preview":"max-video-preview:-1"},"canonical":"https:\/\/www.urlaubcornwall.de\/blog\/cottage-torquay-mit-hund-mieten\/","og_locale":"en_US","og_type":"article","og_title":"Cottage in Torquay mit Hund mieten - Urlaub &amp; Reisen","og_description":"Ferienhaus in Torquay, Devon &#8211; hundefreundlich, 3 Schlafzimmer, Schlafgelegenheiten 6 Dieses Ferienhaus befindet sich im Badeort Torquay, der n\u00f6rdlichsten Stadt an der attraktiven Bucht, die die Englische Riviera ausmacht. Torquay bietet eine sch\u00f6ne palmenges\u00e4umte Strandpromenade und schicke Caf\u00e9s, die der Stadt die elegante Atmosph\u00e4re eines mediterranen Resorts verleihen. Eine F\u00e4hre, die quer durch die Bucht [&hellip;]","og_url":"https:\/\/www.urlaubcornwall.de\/blog\/cottage-torquay-mit-hund-mieten\/","og_site_name":"Urlaub &amp; Reisen","article_modified_time":"2021-09-16T15:14:19+00:00","og_image":[{"url":"https:\/\/www.urlaubcornwall.de\/blog\/wp-content\/uploads\/2018\/01\/cottage-torquay-mit-hund.jpg"}],"twitter_card":"summary","twitter_misc":{"Est. reading time":"1 minute"},"schema":{"@context":"https:\/\/schema.org","@graph":[{"@type":"WebSite","@id":"https:\/\/www.urlaubcornwall.de\/blog\/#website","url":"https:\/\/www.urlaubcornwall.de\/blog\/","name":"Urlaub &amp; Reisen","description":"Urlaub, Reisen, Cornwall und S\u00fcdengland: eine perfekte Kombination","potentialAction":[{"@type":"SearchAction","target":{"@type":"EntryPoint","urlTemplate":"https:\/\/www.urlaubcornwall.de\/blog\/?s={search_term_string}"},"query-input":"required name=search_term_string"}],"inLanguage":"en-US"},{"@type":"WebPage","@id":"https:\/\/www.urlaubcornwall.de\/blog\/cottage-torquay-mit-hund-mieten\/","url":"https:\/\/www.urlaubcornwall.de\/blog\/cottage-torquay-mit-hund-mieten\/","name":"Cottage in Torquay mit Hund mieten - Urlaub &amp; Reisen","isPartOf":{"@id":"https:\/\/www.urlaubcornwall.de\/blog\/#website"},"datePublished":"2018-01-23T14:01:49+00:00","dateModified":"2021-09-16T15:14:19+00:00","breadcrumb":{"@id":"https:\/\/www.urlaubcornwall.de\/blog\/cottage-torquay-mit-hund-mieten\/#breadcrumb"},"inLanguage":"en-US","potentialAction":[{"@type":"ReadAction","target":["https:\/\/www.urlaubcornwall.de\/blog\/cottage-torquay-mit-hund-mieten\/"]}]},{"@type":"BreadcrumbList","@id":"https:\/\/www.urlaubcornwall.de\/blog\/cottage-torquay-mit-hund-mieten\/#breadcrumb","itemListElement":[{"@type":"ListItem","position":1,"name":"Home","item":"https:\/\/www.urlaubcornwall.de\/blog\/"},{"@type":"ListItem","position":2,"name":"Cottage in Torquay mit Hund mieten"}]}]}},"_links":{"self":[{"href":"https:\/\/www.urlaubcornwall.de\/blog\/wp-json\/wp\/v2\/pages\/32078"}],"collection":[{"href":"https:\/\/www.urlaubcornwall.de\/blog\/wp-json\/wp\/v2\/pages"}],"about":[{"href":"https:\/\/www.urlaubcornwall.de\/blog\/wp-json\/wp\/v2\/types\/page"}],"author":[{"embeddable":true,"href":"https:\/\/www.urlaubcornwall.de\/blog\/wp-json\/wp\/v2\/users\/1"}],"replies":[{"embeddable":true,"href":"https:\/\/www.urlaubcornwall.de\/blog\/wp-json\/wp\/v2\/comments?post=32078"}],"version-history":[{"count":4,"href":"https:\/\/www.urlaubcornwall.de\/blog\/wp-json\/wp\/v2\/pages\/32078\/revisions"}],"predecessor-version":[{"id":42798,"href":"https:\/\/www.urlaubcornwall.de\/blog\/wp-json\/wp\/v2\/pages\/32078\/revisions\/42798"}],"wp:attachment":[{"href":"https:\/\/www.urlaubcornwall.de\/blog\/wp-json\/wp\/v2\/media?parent=32078"}],"curies":[{"name":"wp","href":"https:\/\/api.w.org\/{rel}","templated":true}]}}