{"id":32075,"date":"2018-01-23T13:51:56","date_gmt":"2018-01-23T13:51:56","guid":{"rendered":"https:\/\/www.urlaubcornwall.de\/blog\/?page_id=32075"},"modified":"2021-09-16T15:12:35","modified_gmt":"2021-09-16T15:12:35","slug":"cottage-torquay-meer-mieten","status":"publish","type":"page","link":"https:\/\/www.urlaubcornwall.de\/blog\/cottage-torquay-meer-mieten\/","title":{"rendered":"Cottage in Torquay am Meer mieten"},"content":{"rendered":"<p><img loading=\"lazy\" class=\"aligncenter size-full wp-image-32076\" src=\"https:\/\/www.urlaubcornwall.de\/blog\/wp-content\/uploads\/2018\/01\/cottage-torquay-am-meer.jpg\" alt=\"cottage torquay am meer\" width=\"744\" height=\"558\" srcset=\"https:\/\/www.urlaubcornwall.de\/blog\/wp-content\/uploads\/2018\/01\/cottage-torquay-am-meer.jpg 744w, https:\/\/www.urlaubcornwall.de\/blog\/wp-content\/uploads\/2018\/01\/cottage-torquay-am-meer-300x225.jpg 300w\" sizes=\"(max-width: 744px) 100vw, 744px\" \/><\/p>\n<p><strong>Ferienhaus in Torquay, Devon -2 Schlafzimmer Schlafgelegenheiten 4 <\/strong><\/p>\n<p>Dieses Cottage befindet sich in der Stadt Torquay an der englischen Riviera, einem schicken Ferienort mit von Palmen ges\u00e4umten Strandg\u00e4rten, Stra\u00dfencaf\u00e9s, einer guten Auswahl an Gesch\u00e4ften und einigen verlockenden Bistros. Nur eine kurze Entfernung von diesem Ferienhaus sind einige der sch\u00f6nsten Str\u00e4nde der Region einschlie\u00dflich Meadfoot Beach und Corbyn Sands, die gerade au\u00dferhalb der Stadt selbst sind. Es gibt viel zu sehen und zu tun in der Umgebung der Stadt zu sehen, einschlie\u00dflich einer Auswahl an Bootsfahrten Paignton Zoo Babbacombe Model Village und Torre Abbey. Dieser entz\u00fcckende Teil der Welt hat wirklich etwas f\u00fcr jeden. Dieses malerische Cottage hat eine sch\u00f6ne authentische Atmosph\u00e4re.<\/p>\n<p style=\"text-align: center;\"><a class=\"tidycta\" href=\"https:\/\/www.urlaubcornwall.de\/ferienhaeuser-fewos\/eng\/sued-devon\/torquay-am-meer.html\">Suche Ferienh\u00e4user Torquay<\/a><\/p>\n<p style=\"text-align: center;\">Pers\u00f6nlich inspizierte Ferienh\u00e4user und Ferienwohnungen in Devon f\u00fcr Ihren Urlaub.<\/p>\n<p style=\"text-align: center;\"><a href=\"https:\/\/www.urlaubcornwall.de\/ferienhaeuser-fewos\/eng\/devon\/torquay-am-meer.html\"><strong>Ferienh\u00e4user, Cottages &amp; Ferienwohnungen in Torquay.<\/strong><\/a><\/p>\n","protected":false},"excerpt":{"rendered":"<p>Ferienhaus in Torquay, Devon -2 Schlafzimmer Schlafgelegenheiten 4 Dieses Cottage befindet sich in der Stadt Torquay an der englischen Riviera, einem schicken Ferienort mit von Palmen ges\u00e4umten Strandg\u00e4rten, Stra\u00dfencaf\u00e9s, einer guten Auswahl an Gesch\u00e4ften und einigen verlockenden Bistros. Nur eine kurze Entfernung von diesem Ferienhaus sind einige der sch\u00f6nsten Str\u00e4nde der Region einschlie\u00dflich Meadfoot Beach [&hellip;]<\/p>\n","protected":false},"author":1,"featured_media":0,"parent":0,"menu_order":0,"comment_status":"closed","ping_status":"closed","template":"single-four.php","meta":[],"acf":[],"yoast_head":"<!-- This site is optimized with the Yoast SEO plugin v19.4 - https:\/\/yoast.com\/wordpress\/plugins\/seo\/ -->\n<title>Cottage in Torquay am Meer mieten - Urlaub &amp; Reisen<\/title>\n<meta name=\"robots\" content=\"index, follow, max-snippet:-1, max-image-preview:large, max-video-preview:-1\" \/>\n<link rel=\"canonical\" href=\"https:\/\/www.urlaubcornwall.de\/blog\/cottage-torquay-meer-mieten\/\" \/>\n<meta property=\"og:locale\" content=\"en_US\" \/>\n<meta property=\"og:type\" content=\"article\" \/>\n<meta property=\"og:title\" content=\"Cottage in Torquay am Meer mieten - Urlaub &amp; Reisen\" \/>\n<meta property=\"og:description\" content=\"Ferienhaus in Torquay, Devon -2 Schlafzimmer Schlafgelegenheiten 4 Dieses Cottage befindet sich in der Stadt Torquay an der englischen Riviera, einem schicken Ferienort mit von Palmen ges\u00e4umten Strandg\u00e4rten, Stra\u00dfencaf\u00e9s, einer guten Auswahl an Gesch\u00e4ften und einigen verlockenden Bistros. Nur eine kurze Entfernung von diesem Ferienhaus sind einige der sch\u00f6nsten Str\u00e4nde der Region einschlie\u00dflich Meadfoot Beach [&hellip;]\" \/>\n<meta property=\"og:url\" content=\"https:\/\/www.urlaubcornwall.de\/blog\/cottage-torquay-meer-mieten\/\" \/>\n<meta property=\"og:site_name\" content=\"Urlaub &amp; Reisen\" \/>\n<meta property=\"article:modified_time\" content=\"2021-09-16T15:12:35+00:00\" \/>\n<meta property=\"og:image\" content=\"https:\/\/www.urlaubcornwall.de\/blog\/wp-content\/uploads\/2018\/01\/cottage-torquay-am-meer.jpg\" \/>\n<meta name=\"twitter:card\" content=\"summary\" \/>\n<meta name=\"twitter:label1\" content=\"Est. reading time\" \/>\n\t<meta name=\"twitter:data1\" content=\"1 minute\" \/>\n<script type=\"application\/ld+json\" class=\"yoast-schema-graph\">{\"@context\":\"https:\/\/schema.org\",\"@graph\":[{\"@type\":\"WebSite\",\"@id\":\"https:\/\/www.urlaubcornwall.de\/blog\/#website\",\"url\":\"https:\/\/www.urlaubcornwall.de\/blog\/\",\"name\":\"Urlaub &amp; Reisen\",\"description\":\"Urlaub, Reisen, Cornwall und S\u00fcdengland: eine perfekte Kombination\",\"potentialAction\":[{\"@type\":\"SearchAction\",\"target\":{\"@type\":\"EntryPoint\",\"urlTemplate\":\"https:\/\/www.urlaubcornwall.de\/blog\/?s={search_term_string}\"},\"query-input\":\"required name=search_term_string\"}],\"inLanguage\":\"en-US\"},{\"@type\":\"WebPage\",\"@id\":\"https:\/\/www.urlaubcornwall.de\/blog\/cottage-torquay-meer-mieten\/\",\"url\":\"https:\/\/www.urlaubcornwall.de\/blog\/cottage-torquay-meer-mieten\/\",\"name\":\"Cottage in Torquay am Meer mieten - Urlaub &amp; Reisen\",\"isPartOf\":{\"@id\":\"https:\/\/www.urlaubcornwall.de\/blog\/#website\"},\"datePublished\":\"2018-01-23T13:51:56+00:00\",\"dateModified\":\"2021-09-16T15:12:35+00:00\",\"breadcrumb\":{\"@id\":\"https:\/\/www.urlaubcornwall.de\/blog\/cottage-torquay-meer-mieten\/#breadcrumb\"},\"inLanguage\":\"en-US\",\"potentialAction\":[{\"@type\":\"ReadAction\",\"target\":[\"https:\/\/www.urlaubcornwall.de\/blog\/cottage-torquay-meer-mieten\/\"]}]},{\"@type\":\"BreadcrumbList\",\"@id\":\"https:\/\/www.urlaubcornwall.de\/blog\/cottage-torquay-meer-mieten\/#breadcrumb\",\"itemListElement\":[{\"@type\":\"ListItem\",\"position\":1,\"name\":\"Home\",\"item\":\"https:\/\/www.urlaubcornwall.de\/blog\/\"},{\"@type\":\"ListItem\",\"position\":2,\"name\":\"Cottage in Torquay am Meer mieten\"}]}]}<\/script>\n<!-- \/ Yoast SEO plugin. -->","yoast_head_json":{"title":"Cottage in Torquay am Meer mieten - Urlaub &amp; Reisen","robots":{"index":"index","follow":"follow","max-snippet":"max-snippet:-1","max-image-preview":"max-image-preview:large","max-video-preview":"max-video-preview:-1"},"canonical":"https:\/\/www.urlaubcornwall.de\/blog\/cottage-torquay-meer-mieten\/","og_locale":"en_US","og_type":"article","og_title":"Cottage in Torquay am Meer mieten - Urlaub &amp; Reisen","og_description":"Ferienhaus in Torquay, Devon -2 Schlafzimmer Schlafgelegenheiten 4 Dieses Cottage befindet sich in der Stadt Torquay an der englischen Riviera, einem schicken Ferienort mit von Palmen ges\u00e4umten Strandg\u00e4rten, Stra\u00dfencaf\u00e9s, einer guten Auswahl an Gesch\u00e4ften und einigen verlockenden Bistros. Nur eine kurze Entfernung von diesem Ferienhaus sind einige der sch\u00f6nsten Str\u00e4nde der Region einschlie\u00dflich Meadfoot Beach [&hellip;]","og_url":"https:\/\/www.urlaubcornwall.de\/blog\/cottage-torquay-meer-mieten\/","og_site_name":"Urlaub &amp; Reisen","article_modified_time":"2021-09-16T15:12:35+00:00","og_image":[{"url":"https:\/\/www.urlaubcornwall.de\/blog\/wp-content\/uploads\/2018\/01\/cottage-torquay-am-meer.jpg"}],"twitter_card":"summary","twitter_misc":{"Est. reading time":"1 minute"},"schema":{"@context":"https:\/\/schema.org","@graph":[{"@type":"WebSite","@id":"https:\/\/www.urlaubcornwall.de\/blog\/#website","url":"https:\/\/www.urlaubcornwall.de\/blog\/","name":"Urlaub &amp; Reisen","description":"Urlaub, Reisen, Cornwall und S\u00fcdengland: eine perfekte Kombination","potentialAction":[{"@type":"SearchAction","target":{"@type":"EntryPoint","urlTemplate":"https:\/\/www.urlaubcornwall.de\/blog\/?s={search_term_string}"},"query-input":"required name=search_term_string"}],"inLanguage":"en-US"},{"@type":"WebPage","@id":"https:\/\/www.urlaubcornwall.de\/blog\/cottage-torquay-meer-mieten\/","url":"https:\/\/www.urlaubcornwall.de\/blog\/cottage-torquay-meer-mieten\/","name":"Cottage in Torquay am Meer mieten - Urlaub &amp; Reisen","isPartOf":{"@id":"https:\/\/www.urlaubcornwall.de\/blog\/#website"},"datePublished":"2018-01-23T13:51:56+00:00","dateModified":"2021-09-16T15:12:35+00:00","breadcrumb":{"@id":"https:\/\/www.urlaubcornwall.de\/blog\/cottage-torquay-meer-mieten\/#breadcrumb"},"inLanguage":"en-US","potentialAction":[{"@type":"ReadAction","target":["https:\/\/www.urlaubcornwall.de\/blog\/cottage-torquay-meer-mieten\/"]}]},{"@type":"BreadcrumbList","@id":"https:\/\/www.urlaubcornwall.de\/blog\/cottage-torquay-meer-mieten\/#breadcrumb","itemListElement":[{"@type":"ListItem","position":1,"name":"Home","item":"https:\/\/www.urlaubcornwall.de\/blog\/"},{"@type":"ListItem","position":2,"name":"Cottage in Torquay am Meer mieten"}]}]}},"_links":{"self":[{"href":"https:\/\/www.urlaubcornwall.de\/blog\/wp-json\/wp\/v2\/pages\/32075"}],"collection":[{"href":"https:\/\/www.urlaubcornwall.de\/blog\/wp-json\/wp\/v2\/pages"}],"about":[{"href":"https:\/\/www.urlaubcornwall.de\/blog\/wp-json\/wp\/v2\/types\/page"}],"author":[{"embeddable":true,"href":"https:\/\/www.urlaubcornwall.de\/blog\/wp-json\/wp\/v2\/users\/1"}],"replies":[{"embeddable":true,"href":"https:\/\/www.urlaubcornwall.de\/blog\/wp-json\/wp\/v2\/comments?post=32075"}],"version-history":[{"count":3,"href":"https:\/\/www.urlaubcornwall.de\/blog\/wp-json\/wp\/v2\/pages\/32075\/revisions"}],"predecessor-version":[{"id":42796,"href":"https:\/\/www.urlaubcornwall.de\/blog\/wp-json\/wp\/v2\/pages\/32075\/revisions\/42796"}],"wp:attachment":[{"href":"https:\/\/www.urlaubcornwall.de\/blog\/wp-json\/wp\/v2\/media?parent=32075"}],"curies":[{"name":"wp","href":"https:\/\/api.w.org\/{rel}","templated":true}]}}