{"id":32063,"date":"2018-01-23T11:58:57","date_gmt":"2018-01-23T11:58:57","guid":{"rendered":"https:\/\/www.urlaubcornwall.de\/blog\/?page_id=32063"},"modified":"2021-09-02T10:32:43","modified_gmt":"2021-09-02T10:32:43","slug":"cottage-lyme-regis-meer-mieten","status":"publish","type":"page","link":"https:\/\/www.urlaubcornwall.de\/blog\/cottage-lyme-regis-meer-mieten\/","title":{"rendered":"Cottage in Lyme Regis am Meer mieten"},"content":{"rendered":"<p><img loading=\"lazy\" class=\"aligncenter size-full wp-image-32066\" src=\"https:\/\/www.urlaubcornwall.de\/blog\/wp-content\/uploads\/2018\/01\/cottage-am-meer-lyme-regis.jpg\" alt=\"cottage am meer lyme regis\" width=\"741\" height=\"494\" srcset=\"https:\/\/www.urlaubcornwall.de\/blog\/wp-content\/uploads\/2018\/01\/cottage-am-meer-lyme-regis.jpg 741w, https:\/\/www.urlaubcornwall.de\/blog\/wp-content\/uploads\/2018\/01\/cottage-am-meer-lyme-regis-300x200.jpg 300w\" sizes=\"(max-width: 741px) 100vw, 741px\" \/><\/p>\n<p><strong>Ferienhaus mit Meerblick Lyme Regis, Dorset.<\/strong><\/p>\n<p>4 Schlafzimmer, hundefreundlich, , Schlafplatz f\u00fcr 8 + Kinderbett,&nbsp; An-\/Abreisetag am Freitag, Preis pro Woche \u00a3850 &#8211; \u00a32330<\/p>\n<p>Entfliehen Sie an die K\u00fcste und dieses sch\u00f6ne Haus, wo Sie den ganzen Tag die Meereslandschaft beobachten k\u00f6nnen. Nur wenige Minuten vom Hafen von Lyme Regis und seinem ber\u00fchmten Cobb entfernt, war dieses viktorianische Cottage urspr\u00fcnglich ein Cottage des K\u00fcstenwache-Offiziers, das \u00fcber dem Hafen thront. Es ist in der Familie der Eigent\u00fcmer seit drei Generationen und hat renoviert, unter Beibehaltung viele originale Merkmale, einschlie\u00dflich Schiefer-B\u00f6den und ein paar St\u00fccke von antiken M\u00f6beln; F\u00fcgen Sie einen Kamin hinzu und Sie haben alles, was Sie f\u00fcr einen perfekten Urlaub brauchen. Das Hotel liegt an der Weltkulturerbe Jurassic Coast und Monmouth Beach nur f\u00fcnf Minuten entfernt&#8230;&#8230;.<\/p>\n<p style=\"text-align: center;\"><a class=\"tidycta\" href=\"https:\/\/www.urlaubcornwall.de\/ferienhaeuser-fewos\/eng\/dorset\/lyme-regis.html\">Suche Ferienh\u00e4user Lyme Regis<\/a><\/p>\n<p>Um UrlaubCornwall.de einzigartige Kollektion nach Ihrem idealen Ferienhaus zu durchsuchen. <a href=\"https:\/\/www.urlaubcornwall.de\/ferienhaeuser\/suedwesten-englands.php\"><span style=\"text-decoration: underline;\">Klicken Sie hier<\/span> &gt;&gt;<\/a><\/p>\n","protected":false},"excerpt":{"rendered":"<p>Ferienhaus mit Meerblick Lyme Regis, Dorset. 4 Schlafzimmer, hundefreundlich, , Schlafplatz f\u00fcr 8 + Kinderbett,&nbsp; An-\/Abreisetag am Freitag, Preis pro Woche \u00a3850 &#8211; \u00a32330 Entfliehen Sie an die K\u00fcste und dieses sch\u00f6ne Haus, wo Sie den ganzen Tag die Meereslandschaft beobachten k\u00f6nnen. Nur wenige Minuten vom Hafen von Lyme Regis und seinem ber\u00fchmten Cobb entfernt, [&hellip;]<\/p>\n","protected":false},"author":1,"featured_media":0,"parent":0,"menu_order":0,"comment_status":"closed","ping_status":"closed","template":"single-four.php","meta":[],"acf":[],"yoast_head":"<!-- This site is optimized with the Yoast SEO plugin v19.4 - https:\/\/yoast.com\/wordpress\/plugins\/seo\/ -->\n<title>Cottage in Lyme Regis am Meer mieten - Urlaub &amp; Reisen<\/title>\n<meta name=\"robots\" content=\"index, follow, max-snippet:-1, max-image-preview:large, max-video-preview:-1\" \/>\n<link rel=\"canonical\" href=\"https:\/\/www.urlaubcornwall.de\/blog\/cottage-lyme-regis-meer-mieten\/\" \/>\n<meta property=\"og:locale\" content=\"en_US\" \/>\n<meta property=\"og:type\" content=\"article\" \/>\n<meta property=\"og:title\" content=\"Cottage in Lyme Regis am Meer mieten - Urlaub &amp; Reisen\" \/>\n<meta property=\"og:description\" content=\"Ferienhaus mit Meerblick Lyme Regis, Dorset. 4 Schlafzimmer, hundefreundlich, , Schlafplatz f\u00fcr 8 + Kinderbett,&nbsp; An-\/Abreisetag am Freitag, Preis pro Woche \u00a3850 &#8211; \u00a32330 Entfliehen Sie an die K\u00fcste und dieses sch\u00f6ne Haus, wo Sie den ganzen Tag die Meereslandschaft beobachten k\u00f6nnen. Nur wenige Minuten vom Hafen von Lyme Regis und seinem ber\u00fchmten Cobb entfernt, [&hellip;]\" \/>\n<meta property=\"og:url\" content=\"https:\/\/www.urlaubcornwall.de\/blog\/cottage-lyme-regis-meer-mieten\/\" \/>\n<meta property=\"og:site_name\" content=\"Urlaub &amp; Reisen\" \/>\n<meta property=\"article:modified_time\" content=\"2021-09-02T10:32:43+00:00\" \/>\n<meta property=\"og:image\" content=\"https:\/\/www.urlaubcornwall.de\/blog\/wp-content\/uploads\/2018\/01\/cottage-am-meer-lyme-regis.jpg\" \/>\n<meta name=\"twitter:card\" content=\"summary\" \/>\n<meta name=\"twitter:label1\" content=\"Est. reading time\" \/>\n\t<meta name=\"twitter:data1\" content=\"1 minute\" \/>\n<script type=\"application\/ld+json\" class=\"yoast-schema-graph\">{\"@context\":\"https:\/\/schema.org\",\"@graph\":[{\"@type\":\"WebSite\",\"@id\":\"https:\/\/www.urlaubcornwall.de\/blog\/#website\",\"url\":\"https:\/\/www.urlaubcornwall.de\/blog\/\",\"name\":\"Urlaub &amp; Reisen\",\"description\":\"Urlaub, Reisen, Cornwall und S\u00fcdengland: eine perfekte Kombination\",\"potentialAction\":[{\"@type\":\"SearchAction\",\"target\":{\"@type\":\"EntryPoint\",\"urlTemplate\":\"https:\/\/www.urlaubcornwall.de\/blog\/?s={search_term_string}\"},\"query-input\":\"required name=search_term_string\"}],\"inLanguage\":\"en-US\"},{\"@type\":\"WebPage\",\"@id\":\"https:\/\/www.urlaubcornwall.de\/blog\/cottage-lyme-regis-meer-mieten\/\",\"url\":\"https:\/\/www.urlaubcornwall.de\/blog\/cottage-lyme-regis-meer-mieten\/\",\"name\":\"Cottage in Lyme Regis am Meer mieten - Urlaub &amp; Reisen\",\"isPartOf\":{\"@id\":\"https:\/\/www.urlaubcornwall.de\/blog\/#website\"},\"datePublished\":\"2018-01-23T11:58:57+00:00\",\"dateModified\":\"2021-09-02T10:32:43+00:00\",\"breadcrumb\":{\"@id\":\"https:\/\/www.urlaubcornwall.de\/blog\/cottage-lyme-regis-meer-mieten\/#breadcrumb\"},\"inLanguage\":\"en-US\",\"potentialAction\":[{\"@type\":\"ReadAction\",\"target\":[\"https:\/\/www.urlaubcornwall.de\/blog\/cottage-lyme-regis-meer-mieten\/\"]}]},{\"@type\":\"BreadcrumbList\",\"@id\":\"https:\/\/www.urlaubcornwall.de\/blog\/cottage-lyme-regis-meer-mieten\/#breadcrumb\",\"itemListElement\":[{\"@type\":\"ListItem\",\"position\":1,\"name\":\"Home\",\"item\":\"https:\/\/www.urlaubcornwall.de\/blog\/\"},{\"@type\":\"ListItem\",\"position\":2,\"name\":\"Cottage in Lyme Regis am Meer mieten\"}]}]}<\/script>\n<!-- \/ Yoast SEO plugin. -->","yoast_head_json":{"title":"Cottage in Lyme Regis am Meer mieten - Urlaub &amp; Reisen","robots":{"index":"index","follow":"follow","max-snippet":"max-snippet:-1","max-image-preview":"max-image-preview:large","max-video-preview":"max-video-preview:-1"},"canonical":"https:\/\/www.urlaubcornwall.de\/blog\/cottage-lyme-regis-meer-mieten\/","og_locale":"en_US","og_type":"article","og_title":"Cottage in Lyme Regis am Meer mieten - Urlaub &amp; Reisen","og_description":"Ferienhaus mit Meerblick Lyme Regis, Dorset. 4 Schlafzimmer, hundefreundlich, , Schlafplatz f\u00fcr 8 + Kinderbett,&nbsp; An-\/Abreisetag am Freitag, Preis pro Woche \u00a3850 &#8211; \u00a32330 Entfliehen Sie an die K\u00fcste und dieses sch\u00f6ne Haus, wo Sie den ganzen Tag die Meereslandschaft beobachten k\u00f6nnen. Nur wenige Minuten vom Hafen von Lyme Regis und seinem ber\u00fchmten Cobb entfernt, [&hellip;]","og_url":"https:\/\/www.urlaubcornwall.de\/blog\/cottage-lyme-regis-meer-mieten\/","og_site_name":"Urlaub &amp; Reisen","article_modified_time":"2021-09-02T10:32:43+00:00","og_image":[{"url":"https:\/\/www.urlaubcornwall.de\/blog\/wp-content\/uploads\/2018\/01\/cottage-am-meer-lyme-regis.jpg"}],"twitter_card":"summary","twitter_misc":{"Est. reading time":"1 minute"},"schema":{"@context":"https:\/\/schema.org","@graph":[{"@type":"WebSite","@id":"https:\/\/www.urlaubcornwall.de\/blog\/#website","url":"https:\/\/www.urlaubcornwall.de\/blog\/","name":"Urlaub &amp; Reisen","description":"Urlaub, Reisen, Cornwall und S\u00fcdengland: eine perfekte Kombination","potentialAction":[{"@type":"SearchAction","target":{"@type":"EntryPoint","urlTemplate":"https:\/\/www.urlaubcornwall.de\/blog\/?s={search_term_string}"},"query-input":"required name=search_term_string"}],"inLanguage":"en-US"},{"@type":"WebPage","@id":"https:\/\/www.urlaubcornwall.de\/blog\/cottage-lyme-regis-meer-mieten\/","url":"https:\/\/www.urlaubcornwall.de\/blog\/cottage-lyme-regis-meer-mieten\/","name":"Cottage in Lyme Regis am Meer mieten - Urlaub &amp; Reisen","isPartOf":{"@id":"https:\/\/www.urlaubcornwall.de\/blog\/#website"},"datePublished":"2018-01-23T11:58:57+00:00","dateModified":"2021-09-02T10:32:43+00:00","breadcrumb":{"@id":"https:\/\/www.urlaubcornwall.de\/blog\/cottage-lyme-regis-meer-mieten\/#breadcrumb"},"inLanguage":"en-US","potentialAction":[{"@type":"ReadAction","target":["https:\/\/www.urlaubcornwall.de\/blog\/cottage-lyme-regis-meer-mieten\/"]}]},{"@type":"BreadcrumbList","@id":"https:\/\/www.urlaubcornwall.de\/blog\/cottage-lyme-regis-meer-mieten\/#breadcrumb","itemListElement":[{"@type":"ListItem","position":1,"name":"Home","item":"https:\/\/www.urlaubcornwall.de\/blog\/"},{"@type":"ListItem","position":2,"name":"Cottage in Lyme Regis am Meer mieten"}]}]}},"_links":{"self":[{"href":"https:\/\/www.urlaubcornwall.de\/blog\/wp-json\/wp\/v2\/pages\/32063"}],"collection":[{"href":"https:\/\/www.urlaubcornwall.de\/blog\/wp-json\/wp\/v2\/pages"}],"about":[{"href":"https:\/\/www.urlaubcornwall.de\/blog\/wp-json\/wp\/v2\/types\/page"}],"author":[{"embeddable":true,"href":"https:\/\/www.urlaubcornwall.de\/blog\/wp-json\/wp\/v2\/users\/1"}],"replies":[{"embeddable":true,"href":"https:\/\/www.urlaubcornwall.de\/blog\/wp-json\/wp\/v2\/comments?post=32063"}],"version-history":[{"count":6,"href":"https:\/\/www.urlaubcornwall.de\/blog\/wp-json\/wp\/v2\/pages\/32063\/revisions"}],"predecessor-version":[{"id":42464,"href":"https:\/\/www.urlaubcornwall.de\/blog\/wp-json\/wp\/v2\/pages\/32063\/revisions\/42464"}],"wp:attachment":[{"href":"https:\/\/www.urlaubcornwall.de\/blog\/wp-json\/wp\/v2\/media?parent=32063"}],"curies":[{"name":"wp","href":"https:\/\/api.w.org\/{rel}","templated":true}]}}