{"id":32056,"date":"2018-01-22T16:45:51","date_gmt":"2018-01-22T16:45:51","guid":{"rendered":"https:\/\/www.urlaubcornwall.de\/blog\/?page_id=32056"},"modified":"2021-09-17T08:11:46","modified_gmt":"2021-09-17T08:11:46","slug":"cottage-eastbourne-meer-mieten","status":"publish","type":"page","link":"https:\/\/www.urlaubcornwall.de\/blog\/cottage-eastbourne-meer-mieten\/","title":{"rendered":"Cottage in Eastbourne am Meer mieten"},"content":{"rendered":"<p><img loading=\"lazy\" class=\"aligncenter size-full wp-image-32057\" src=\"https:\/\/www.urlaubcornwall.de\/blog\/wp-content\/uploads\/2018\/01\/cottage-am-meer-eastbourne.jpg\" alt=\"cottage am meer eastbourne\" width=\"749\" height=\"487\"\/><\/p>\n<p><strong>Ferienhaus in Eastbourne mit 2 Schlafzimmern, Schlafgelegenheiten 4<\/strong><\/p>\n<p>Dieses Cottage liegt etwas n\u00f6rdlich des Stadtzentrums von Eastbourne in der historischen Altstadt mit vielen traditionellen Pubs und unabh\u00e4ngigen Gesch\u00e4ften. Das Stadtzentrum, das einen Kilometer vom Ferienhaus entfernt liegt, bietet eine gr\u00f6\u00dfere Auswahl an Gesch\u00e4ften sowie eine Reihe von Attraktionen, darunter das interessante Life Boat Museum, den Musikpavillon der Stadt mit vielen Konzerten und den neu restaurierten viktorianischen Pier mit Teestube, Fisch und Chip-Restaurant und ein Nachtclub. Die Umgebung bietet einige der kultigsten Landschaften des Landes in S\u00fcdengland einschlie\u00dflich der atemberaubenden Aussicht auf Beachy Head&#8230;&#8230;.<\/p>\n<p style=\"text-align: center;\"><a class=\"tidycta\" href=\"https:\/\/www.urlaubcornwall.de\/ferienhaeuser-fewos\/eng\/sussex\/eastbourne.html\">Suche Ferienh\u00e4user Eastbourne<\/a><\/p>\n<p style=\"text-align: center;\">Pers\u00f6nlich inspizierte Ferienh\u00e4user und Ferienwohnungen in Sussex f\u00fcr Ihren Urlaub.<\/p>\n<p style=\"text-align: center;\"><a href=\"https:\/\/www.urlaubcornwall.de\/ferienhaeuser-fewos\/eng\/sussex\/sussex.html\"><strong>Ferienh\u00e4user, Cottages &amp; Ferienwohnungen in Eastbourne und East Sussex. <\/strong><\/a><\/p>\n","protected":false},"excerpt":{"rendered":"<p>Ferienhaus in Eastbourne mit 2 Schlafzimmern, Schlafgelegenheiten 4 Dieses Cottage liegt etwas n\u00f6rdlich des Stadtzentrums von Eastbourne in der historischen Altstadt mit vielen traditionellen Pubs und unabh\u00e4ngigen Gesch\u00e4ften. Das Stadtzentrum, das einen Kilometer vom Ferienhaus entfernt liegt, bietet eine gr\u00f6\u00dfere Auswahl an Gesch\u00e4ften sowie eine Reihe von Attraktionen, darunter das interessante Life Boat Museum, den [&hellip;]<\/p>\n","protected":false},"author":1,"featured_media":0,"parent":0,"menu_order":0,"comment_status":"closed","ping_status":"closed","template":"single-four.php","meta":[],"acf":[],"yoast_head":"<!-- This site is optimized with the Yoast SEO plugin v19.4 - https:\/\/yoast.com\/wordpress\/plugins\/seo\/ -->\n<title>Cottage in Eastbourne am Meer mieten - Urlaub &amp; Reisen<\/title>\n<meta name=\"description\" content=\"Dieses Cottage liegt etwas n\u00f6rdlich des Stadtzentrums von Eastbourne in der historischen Altstadt mit vielen traditionellen Pubs und unabh\u00e4ngigen Gesch\u00e4ften. Das Stadtzentrum, das einen Kilometer vom Ferienhaus entfernt liegt, bietet eine gr\u00f6\u00dfere Auswahl an Gesch\u00e4ften sowie eine Reihe von Attraktionen, darunter das interessante Life Boat Museum\" \/>\n<meta name=\"robots\" content=\"index, follow, max-snippet:-1, max-image-preview:large, max-video-preview:-1\" \/>\n<link rel=\"canonical\" href=\"https:\/\/www.urlaubcornwall.de\/blog\/cottage-eastbourne-meer-mieten\/\" \/>\n<meta property=\"og:locale\" content=\"en_US\" \/>\n<meta property=\"og:type\" content=\"article\" \/>\n<meta property=\"og:title\" content=\"Cottage in Eastbourne am Meer mieten - Urlaub &amp; Reisen\" \/>\n<meta property=\"og:description\" content=\"Dieses Cottage liegt etwas n\u00f6rdlich des Stadtzentrums von Eastbourne in der historischen Altstadt mit vielen traditionellen Pubs und unabh\u00e4ngigen Gesch\u00e4ften. Das Stadtzentrum, das einen Kilometer vom Ferienhaus entfernt liegt, bietet eine gr\u00f6\u00dfere Auswahl an Gesch\u00e4ften sowie eine Reihe von Attraktionen, darunter das interessante Life Boat Museum\" \/>\n<meta property=\"og:url\" content=\"https:\/\/www.urlaubcornwall.de\/blog\/cottage-eastbourne-meer-mieten\/\" \/>\n<meta property=\"og:site_name\" content=\"Urlaub &amp; Reisen\" \/>\n<meta property=\"article:modified_time\" content=\"2021-09-17T08:11:46+00:00\" \/>\n<meta property=\"og:image\" content=\"https:\/\/www.urlaubcornwall.de\/blog\/wp-content\/uploads\/2018\/01\/cottage-am-meer-eastbourne.jpg\" \/>\n<meta name=\"twitter:card\" content=\"summary\" \/>\n<meta name=\"twitter:label1\" content=\"Est. reading time\" \/>\n\t<meta name=\"twitter:data1\" content=\"1 minute\" \/>\n<script type=\"application\/ld+json\" class=\"yoast-schema-graph\">{\"@context\":\"https:\/\/schema.org\",\"@graph\":[{\"@type\":\"WebSite\",\"@id\":\"https:\/\/www.urlaubcornwall.de\/blog\/#website\",\"url\":\"https:\/\/www.urlaubcornwall.de\/blog\/\",\"name\":\"Urlaub &amp; Reisen\",\"description\":\"Urlaub, Reisen, Cornwall und S\u00fcdengland: eine perfekte Kombination\",\"potentialAction\":[{\"@type\":\"SearchAction\",\"target\":{\"@type\":\"EntryPoint\",\"urlTemplate\":\"https:\/\/www.urlaubcornwall.de\/blog\/?s={search_term_string}\"},\"query-input\":\"required name=search_term_string\"}],\"inLanguage\":\"en-US\"},{\"@type\":\"WebPage\",\"@id\":\"https:\/\/www.urlaubcornwall.de\/blog\/cottage-eastbourne-meer-mieten\/\",\"url\":\"https:\/\/www.urlaubcornwall.de\/blog\/cottage-eastbourne-meer-mieten\/\",\"name\":\"Cottage in Eastbourne am Meer mieten - Urlaub &amp; Reisen\",\"isPartOf\":{\"@id\":\"https:\/\/www.urlaubcornwall.de\/blog\/#website\"},\"datePublished\":\"2018-01-22T16:45:51+00:00\",\"dateModified\":\"2021-09-17T08:11:46+00:00\",\"description\":\"Dieses Cottage liegt etwas n\u00f6rdlich des Stadtzentrums von Eastbourne in der historischen Altstadt mit vielen traditionellen Pubs und unabh\u00e4ngigen Gesch\u00e4ften. Das Stadtzentrum, das einen Kilometer vom Ferienhaus entfernt liegt, bietet eine gr\u00f6\u00dfere Auswahl an Gesch\u00e4ften sowie eine Reihe von Attraktionen, darunter das interessante Life Boat Museum\",\"breadcrumb\":{\"@id\":\"https:\/\/www.urlaubcornwall.de\/blog\/cottage-eastbourne-meer-mieten\/#breadcrumb\"},\"inLanguage\":\"en-US\",\"potentialAction\":[{\"@type\":\"ReadAction\",\"target\":[\"https:\/\/www.urlaubcornwall.de\/blog\/cottage-eastbourne-meer-mieten\/\"]}]},{\"@type\":\"BreadcrumbList\",\"@id\":\"https:\/\/www.urlaubcornwall.de\/blog\/cottage-eastbourne-meer-mieten\/#breadcrumb\",\"itemListElement\":[{\"@type\":\"ListItem\",\"position\":1,\"name\":\"Home\",\"item\":\"https:\/\/www.urlaubcornwall.de\/blog\/\"},{\"@type\":\"ListItem\",\"position\":2,\"name\":\"Cottage in Eastbourne am Meer mieten\"}]}]}<\/script>\n<!-- \/ Yoast SEO plugin. -->","yoast_head_json":{"title":"Cottage in Eastbourne am Meer mieten - Urlaub &amp; Reisen","description":"Dieses Cottage liegt etwas n\u00f6rdlich des Stadtzentrums von Eastbourne in der historischen Altstadt mit vielen traditionellen Pubs und unabh\u00e4ngigen Gesch\u00e4ften. Das Stadtzentrum, das einen Kilometer vom Ferienhaus entfernt liegt, bietet eine gr\u00f6\u00dfere Auswahl an Gesch\u00e4ften sowie eine Reihe von Attraktionen, darunter das interessante Life Boat Museum","robots":{"index":"index","follow":"follow","max-snippet":"max-snippet:-1","max-image-preview":"max-image-preview:large","max-video-preview":"max-video-preview:-1"},"canonical":"https:\/\/www.urlaubcornwall.de\/blog\/cottage-eastbourne-meer-mieten\/","og_locale":"en_US","og_type":"article","og_title":"Cottage in Eastbourne am Meer mieten - Urlaub &amp; Reisen","og_description":"Dieses Cottage liegt etwas n\u00f6rdlich des Stadtzentrums von Eastbourne in der historischen Altstadt mit vielen traditionellen Pubs und unabh\u00e4ngigen Gesch\u00e4ften. Das Stadtzentrum, das einen Kilometer vom Ferienhaus entfernt liegt, bietet eine gr\u00f6\u00dfere Auswahl an Gesch\u00e4ften sowie eine Reihe von Attraktionen, darunter das interessante Life Boat Museum","og_url":"https:\/\/www.urlaubcornwall.de\/blog\/cottage-eastbourne-meer-mieten\/","og_site_name":"Urlaub &amp; Reisen","article_modified_time":"2021-09-17T08:11:46+00:00","og_image":[{"url":"https:\/\/www.urlaubcornwall.de\/blog\/wp-content\/uploads\/2018\/01\/cottage-am-meer-eastbourne.jpg"}],"twitter_card":"summary","twitter_misc":{"Est. reading time":"1 minute"},"schema":{"@context":"https:\/\/schema.org","@graph":[{"@type":"WebSite","@id":"https:\/\/www.urlaubcornwall.de\/blog\/#website","url":"https:\/\/www.urlaubcornwall.de\/blog\/","name":"Urlaub &amp; Reisen","description":"Urlaub, Reisen, Cornwall und S\u00fcdengland: eine perfekte Kombination","potentialAction":[{"@type":"SearchAction","target":{"@type":"EntryPoint","urlTemplate":"https:\/\/www.urlaubcornwall.de\/blog\/?s={search_term_string}"},"query-input":"required name=search_term_string"}],"inLanguage":"en-US"},{"@type":"WebPage","@id":"https:\/\/www.urlaubcornwall.de\/blog\/cottage-eastbourne-meer-mieten\/","url":"https:\/\/www.urlaubcornwall.de\/blog\/cottage-eastbourne-meer-mieten\/","name":"Cottage in Eastbourne am Meer mieten - Urlaub &amp; Reisen","isPartOf":{"@id":"https:\/\/www.urlaubcornwall.de\/blog\/#website"},"datePublished":"2018-01-22T16:45:51+00:00","dateModified":"2021-09-17T08:11:46+00:00","description":"Dieses Cottage liegt etwas n\u00f6rdlich des Stadtzentrums von Eastbourne in der historischen Altstadt mit vielen traditionellen Pubs und unabh\u00e4ngigen Gesch\u00e4ften. Das Stadtzentrum, das einen Kilometer vom Ferienhaus entfernt liegt, bietet eine gr\u00f6\u00dfere Auswahl an Gesch\u00e4ften sowie eine Reihe von Attraktionen, darunter das interessante Life Boat Museum","breadcrumb":{"@id":"https:\/\/www.urlaubcornwall.de\/blog\/cottage-eastbourne-meer-mieten\/#breadcrumb"},"inLanguage":"en-US","potentialAction":[{"@type":"ReadAction","target":["https:\/\/www.urlaubcornwall.de\/blog\/cottage-eastbourne-meer-mieten\/"]}]},{"@type":"BreadcrumbList","@id":"https:\/\/www.urlaubcornwall.de\/blog\/cottage-eastbourne-meer-mieten\/#breadcrumb","itemListElement":[{"@type":"ListItem","position":1,"name":"Home","item":"https:\/\/www.urlaubcornwall.de\/blog\/"},{"@type":"ListItem","position":2,"name":"Cottage in Eastbourne am Meer mieten"}]}]}},"_links":{"self":[{"href":"https:\/\/www.urlaubcornwall.de\/blog\/wp-json\/wp\/v2\/pages\/32056"}],"collection":[{"href":"https:\/\/www.urlaubcornwall.de\/blog\/wp-json\/wp\/v2\/pages"}],"about":[{"href":"https:\/\/www.urlaubcornwall.de\/blog\/wp-json\/wp\/v2\/types\/page"}],"author":[{"embeddable":true,"href":"https:\/\/www.urlaubcornwall.de\/blog\/wp-json\/wp\/v2\/users\/1"}],"replies":[{"embeddable":true,"href":"https:\/\/www.urlaubcornwall.de\/blog\/wp-json\/wp\/v2\/comments?post=32056"}],"version-history":[{"count":6,"href":"https:\/\/www.urlaubcornwall.de\/blog\/wp-json\/wp\/v2\/pages\/32056\/revisions"}],"predecessor-version":[{"id":42805,"href":"https:\/\/www.urlaubcornwall.de\/blog\/wp-json\/wp\/v2\/pages\/32056\/revisions\/42805"}],"wp:attachment":[{"href":"https:\/\/www.urlaubcornwall.de\/blog\/wp-json\/wp\/v2\/media?parent=32056"}],"curies":[{"name":"wp","href":"https:\/\/api.w.org\/{rel}","templated":true}]}}