{"id":32053,"date":"2018-01-22T16:35:56","date_gmt":"2018-01-22T16:35:56","guid":{"rendered":"https:\/\/www.urlaubcornwall.de\/blog\/?page_id=32053"},"modified":"2024-04-03T08:11:57","modified_gmt":"2024-04-03T08:11:57","slug":"cottage-hastings-meer-mieten","status":"publish","type":"page","link":"https:\/\/www.urlaubcornwall.de\/blog\/cottage-hastings-meer-mieten\/","title":{"rendered":"Cottage in Hastings am Meer mieten"},"content":{"rendered":"<p><img loading=\"lazy\" class=\"aligncenter size-full wp-image-48054\" src=\"https:\/\/www.urlaubcornwall.de\/blog\/wp-content\/uploads\/2024\/03\/hastings.jpg\" alt=\"hastings\" width=\"750\" height=\"500\" srcset=\"https:\/\/www.urlaubcornwall.de\/blog\/wp-content\/uploads\/2024\/03\/hastings.jpg 750w, https:\/\/www.urlaubcornwall.de\/blog\/wp-content\/uploads\/2024\/03\/hastings-300x200.jpg 300w\" sizes=\"(max-width: 750px) 100vw, 750px\" \/><\/p>\n<p><strong>Ferienhaus in Hastings mit 1 Schlafzimmern, Schlafgelegenheiten 2<\/strong><\/p>\n<p>Dieses stilvolle Cottage befindet sich in der N\u00e4he des Hastings Country Parks und nur wenige Gehminuten von der Altstadt von Hastings mit ihren Gesch\u00e4ften, Caf\u00e9s und Restaurants entfernt. Genie\u00dfen Sie die Beobachtung der lokalen Fischereiflotte mit dem Fang des Tages oder eine Fahrt mit der East Hill Standseilbahn, einer der steilsten in England. Die lokalen Schmugglerh\u00f6hlen bieten einen Einblick zur\u00fcck in die Zeit, als der Schmuggel ein gro\u00dfes Gesch\u00e4ft war, oder genie\u00dfen Sie einen Spaziergang entlang der restaurierten Hastings Pier. Etwas weiter entfernt liegt die h\u00fcbsche mittelalterliche Stadt Rye mit ihren gepflasterten Stra\u00dfen und h\u00fcbschen Teestuben oder eine Reise nach Battle Abbey.<\/p>\n<p style=\"text-align: center;\"><a class=\"tidycta\" href=\"https:\/\/www.urlaubcornwall.de\/ferienhaeuser-fewos\/eng\/sussex\/hastings-am-meer.html\">Suche Ferienh\u00e4user Hastings<\/a><\/p>\n<p style=\"text-align: center;\">Pers\u00f6nlich inspizierte Ferienh\u00e4user und Ferienwohnungen in Sussex f\u00fcr Ihren Urlaub.<\/p>\n<p style=\"text-align: center;\"><a href=\"https:\/\/www.urlaubcornwall.de\/ferienhaeuser-fewos\/eng\/sussex\/hastings-am-meer.html\"><strong>Ferienh\u00e4user, Cottages &amp; Ferienwohnungen in Hastings. <\/strong><\/a><\/p>\n","protected":false},"excerpt":{"rendered":"<p>Ferienhaus in Hastings mit 1 Schlafzimmern, Schlafgelegenheiten 2 Dieses stilvolle Cottage befindet sich in der N\u00e4he des Hastings Country Parks und nur wenige Gehminuten von der Altstadt von Hastings mit ihren Gesch\u00e4ften, Caf\u00e9s und Restaurants entfernt. Genie\u00dfen Sie die Beobachtung der lokalen Fischereiflotte mit dem Fang des Tages oder eine Fahrt mit der East Hill [&hellip;]<\/p>\n","protected":false},"author":1,"featured_media":0,"parent":0,"menu_order":0,"comment_status":"closed","ping_status":"closed","template":"single-four.php","meta":[],"acf":[],"yoast_head":"<!-- This site is optimized with the Yoast SEO plugin v19.4 - https:\/\/yoast.com\/wordpress\/plugins\/seo\/ -->\n<title>Cottage in Hastings am Meer mieten - Urlaub &amp; Reisen<\/title>\n<meta name=\"robots\" content=\"index, follow, max-snippet:-1, max-image-preview:large, max-video-preview:-1\" \/>\n<link rel=\"canonical\" href=\"https:\/\/www.urlaubcornwall.de\/blog\/cottage-hastings-meer-mieten\/\" \/>\n<meta property=\"og:locale\" content=\"en_US\" \/>\n<meta property=\"og:type\" content=\"article\" \/>\n<meta property=\"og:title\" content=\"Cottage in Hastings am Meer mieten - Urlaub &amp; Reisen\" \/>\n<meta property=\"og:description\" content=\"Ferienhaus in Hastings mit 1 Schlafzimmern, Schlafgelegenheiten 2 Dieses stilvolle Cottage befindet sich in der N\u00e4he des Hastings Country Parks und nur wenige Gehminuten von der Altstadt von Hastings mit ihren Gesch\u00e4ften, Caf\u00e9s und Restaurants entfernt. Genie\u00dfen Sie die Beobachtung der lokalen Fischereiflotte mit dem Fang des Tages oder eine Fahrt mit der East Hill [&hellip;]\" \/>\n<meta property=\"og:url\" content=\"https:\/\/www.urlaubcornwall.de\/blog\/cottage-hastings-meer-mieten\/\" \/>\n<meta property=\"og:site_name\" content=\"Urlaub &amp; Reisen\" \/>\n<meta property=\"article:modified_time\" content=\"2024-04-03T08:11:57+00:00\" \/>\n<meta property=\"og:image\" content=\"https:\/\/www.urlaubcornwall.de\/blog\/wp-content\/uploads\/2024\/03\/hastings.jpg\" \/>\n<meta name=\"twitter:card\" content=\"summary\" \/>\n<meta name=\"twitter:label1\" content=\"Est. reading time\" \/>\n\t<meta name=\"twitter:data1\" content=\"1 minute\" \/>\n<script type=\"application\/ld+json\" class=\"yoast-schema-graph\">{\"@context\":\"https:\/\/schema.org\",\"@graph\":[{\"@type\":\"WebSite\",\"@id\":\"https:\/\/www.urlaubcornwall.de\/blog\/#website\",\"url\":\"https:\/\/www.urlaubcornwall.de\/blog\/\",\"name\":\"Urlaub &amp; Reisen\",\"description\":\"Urlaub, Reisen, Cornwall und S\u00fcdengland: eine perfekte Kombination\",\"potentialAction\":[{\"@type\":\"SearchAction\",\"target\":{\"@type\":\"EntryPoint\",\"urlTemplate\":\"https:\/\/www.urlaubcornwall.de\/blog\/?s={search_term_string}\"},\"query-input\":\"required name=search_term_string\"}],\"inLanguage\":\"en-US\"},{\"@type\":\"WebPage\",\"@id\":\"https:\/\/www.urlaubcornwall.de\/blog\/cottage-hastings-meer-mieten\/\",\"url\":\"https:\/\/www.urlaubcornwall.de\/blog\/cottage-hastings-meer-mieten\/\",\"name\":\"Cottage in Hastings am Meer mieten - Urlaub &amp; Reisen\",\"isPartOf\":{\"@id\":\"https:\/\/www.urlaubcornwall.de\/blog\/#website\"},\"datePublished\":\"2018-01-22T16:35:56+00:00\",\"dateModified\":\"2024-04-03T08:11:57+00:00\",\"breadcrumb\":{\"@id\":\"https:\/\/www.urlaubcornwall.de\/blog\/cottage-hastings-meer-mieten\/#breadcrumb\"},\"inLanguage\":\"en-US\",\"potentialAction\":[{\"@type\":\"ReadAction\",\"target\":[\"https:\/\/www.urlaubcornwall.de\/blog\/cottage-hastings-meer-mieten\/\"]}]},{\"@type\":\"BreadcrumbList\",\"@id\":\"https:\/\/www.urlaubcornwall.de\/blog\/cottage-hastings-meer-mieten\/#breadcrumb\",\"itemListElement\":[{\"@type\":\"ListItem\",\"position\":1,\"name\":\"Home\",\"item\":\"https:\/\/www.urlaubcornwall.de\/blog\/\"},{\"@type\":\"ListItem\",\"position\":2,\"name\":\"Cottage in Hastings am Meer mieten\"}]}]}<\/script>\n<!-- \/ Yoast SEO plugin. -->","yoast_head_json":{"title":"Cottage in Hastings am Meer mieten - Urlaub &amp; Reisen","robots":{"index":"index","follow":"follow","max-snippet":"max-snippet:-1","max-image-preview":"max-image-preview:large","max-video-preview":"max-video-preview:-1"},"canonical":"https:\/\/www.urlaubcornwall.de\/blog\/cottage-hastings-meer-mieten\/","og_locale":"en_US","og_type":"article","og_title":"Cottage in Hastings am Meer mieten - Urlaub &amp; Reisen","og_description":"Ferienhaus in Hastings mit 1 Schlafzimmern, Schlafgelegenheiten 2 Dieses stilvolle Cottage befindet sich in der N\u00e4he des Hastings Country Parks und nur wenige Gehminuten von der Altstadt von Hastings mit ihren Gesch\u00e4ften, Caf\u00e9s und Restaurants entfernt. Genie\u00dfen Sie die Beobachtung der lokalen Fischereiflotte mit dem Fang des Tages oder eine Fahrt mit der East Hill [&hellip;]","og_url":"https:\/\/www.urlaubcornwall.de\/blog\/cottage-hastings-meer-mieten\/","og_site_name":"Urlaub &amp; Reisen","article_modified_time":"2024-04-03T08:11:57+00:00","og_image":[{"url":"https:\/\/www.urlaubcornwall.de\/blog\/wp-content\/uploads\/2024\/03\/hastings.jpg"}],"twitter_card":"summary","twitter_misc":{"Est. reading time":"1 minute"},"schema":{"@context":"https:\/\/schema.org","@graph":[{"@type":"WebSite","@id":"https:\/\/www.urlaubcornwall.de\/blog\/#website","url":"https:\/\/www.urlaubcornwall.de\/blog\/","name":"Urlaub &amp; Reisen","description":"Urlaub, Reisen, Cornwall und S\u00fcdengland: eine perfekte Kombination","potentialAction":[{"@type":"SearchAction","target":{"@type":"EntryPoint","urlTemplate":"https:\/\/www.urlaubcornwall.de\/blog\/?s={search_term_string}"},"query-input":"required name=search_term_string"}],"inLanguage":"en-US"},{"@type":"WebPage","@id":"https:\/\/www.urlaubcornwall.de\/blog\/cottage-hastings-meer-mieten\/","url":"https:\/\/www.urlaubcornwall.de\/blog\/cottage-hastings-meer-mieten\/","name":"Cottage in Hastings am Meer mieten - Urlaub &amp; Reisen","isPartOf":{"@id":"https:\/\/www.urlaubcornwall.de\/blog\/#website"},"datePublished":"2018-01-22T16:35:56+00:00","dateModified":"2024-04-03T08:11:57+00:00","breadcrumb":{"@id":"https:\/\/www.urlaubcornwall.de\/blog\/cottage-hastings-meer-mieten\/#breadcrumb"},"inLanguage":"en-US","potentialAction":[{"@type":"ReadAction","target":["https:\/\/www.urlaubcornwall.de\/blog\/cottage-hastings-meer-mieten\/"]}]},{"@type":"BreadcrumbList","@id":"https:\/\/www.urlaubcornwall.de\/blog\/cottage-hastings-meer-mieten\/#breadcrumb","itemListElement":[{"@type":"ListItem","position":1,"name":"Home","item":"https:\/\/www.urlaubcornwall.de\/blog\/"},{"@type":"ListItem","position":2,"name":"Cottage in Hastings am Meer mieten"}]}]}},"_links":{"self":[{"href":"https:\/\/www.urlaubcornwall.de\/blog\/wp-json\/wp\/v2\/pages\/32053"}],"collection":[{"href":"https:\/\/www.urlaubcornwall.de\/blog\/wp-json\/wp\/v2\/pages"}],"about":[{"href":"https:\/\/www.urlaubcornwall.de\/blog\/wp-json\/wp\/v2\/types\/page"}],"author":[{"embeddable":true,"href":"https:\/\/www.urlaubcornwall.de\/blog\/wp-json\/wp\/v2\/users\/1"}],"replies":[{"embeddable":true,"href":"https:\/\/www.urlaubcornwall.de\/blog\/wp-json\/wp\/v2\/comments?post=32053"}],"version-history":[{"count":5,"href":"https:\/\/www.urlaubcornwall.de\/blog\/wp-json\/wp\/v2\/pages\/32053\/revisions"}],"predecessor-version":[{"id":48654,"href":"https:\/\/www.urlaubcornwall.de\/blog\/wp-json\/wp\/v2\/pages\/32053\/revisions\/48654"}],"wp:attachment":[{"href":"https:\/\/www.urlaubcornwall.de\/blog\/wp-json\/wp\/v2\/media?parent=32053"}],"curies":[{"name":"wp","href":"https:\/\/api.w.org\/{rel}","templated":true}]}}