{"id":32050,"date":"2018-01-22T16:24:11","date_gmt":"2018-01-22T16:24:11","guid":{"rendered":"https:\/\/www.urlaubcornwall.de\/blog\/?page_id=32050"},"modified":"2021-09-17T08:20:16","modified_gmt":"2021-09-17T08:20:16","slug":"cottage-rye-meer-mieten-urlaub-sussex","status":"publish","type":"page","link":"https:\/\/www.urlaubcornwall.de\/blog\/cottage-rye-meer-mieten-urlaub-sussex\/","title":{"rendered":"Cottage in Rye am Meer mieten &#8211; Urlaub in Sussex"},"content":{"rendered":"<p><img loading=\"lazy\" class=\"aligncenter size-full wp-image-32051\" src=\"https:\/\/www.urlaubcornwall.de\/blog\/wp-content\/uploads\/2018\/01\/cottage-am-meer-rye.jpg\" alt=\"cottage am meer rye\" width=\"749\" height=\"455\"\/><\/p>\n<p><strong>Ferienhaus in Rye mit 2 Schlafzimmern, Schlafgelegenheiten 4<\/strong><\/p>\n<p>Das Salts ist ein attraktives, stilvolles, hundefreundliches Cottage f\u00fcr vier Personen, das perfekt ist, um alles zu erkunden, was Sussex zu bieten hat. Sie betreten das Cottage in einem kleinen Flur mit einer Treppe, die zu den Schlafzimmern f\u00fchrt, und einer weiteren T\u00fcr, die zum offenen Wohnbereich f\u00fchrt. Es gibt eine voll ausgestattete K\u00fcche an der Vorderseite des Hauses mit allem, was Sie w\u00e4hrend Ihres Urlaubs ben\u00f6tigen k\u00f6nnten&#8230;..<\/p>\n<p style=\"text-align: center;\"><a class=\"tidycta\" href=\"https:\/\/www.urlaubcornwall.de\/ferienhaeuser-fewos\/eng\/sussex\/rye.html\">Suche Ferienh\u00e4user Rye <\/a><\/p>\n<p style=\"text-align: center;\">Pers\u00f6nlich inspizierte Ferienh\u00e4user und Ferienwohnungen in Sussex f\u00fcr Ihren Urlaub.<\/p>\n<p style=\"text-align: center;\"><a href=\"https:\/\/www.urlaubcornwall.de\/ferienhaeuser-fewos\/eng\/sussex\/sussex.html\"><strong>Ferienh\u00e4user, Cottages &amp; Ferienwohnungen in Rye und East Sussex. <\/strong><\/a><\/p>\n","protected":false},"excerpt":{"rendered":"<p>Ferienhaus in Rye mit 2 Schlafzimmern, Schlafgelegenheiten 4 Das Salts ist ein attraktives, stilvolles, hundefreundliches Cottage f\u00fcr vier Personen, das perfekt ist, um alles zu erkunden, was Sussex zu bieten hat. Sie betreten das Cottage in einem kleinen Flur mit einer Treppe, die zu den Schlafzimmern f\u00fchrt, und einer weiteren T\u00fcr, die zum offenen Wohnbereich [&hellip;]<\/p>\n","protected":false},"author":1,"featured_media":0,"parent":0,"menu_order":0,"comment_status":"closed","ping_status":"closed","template":"single-four.php","meta":[],"acf":[],"yoast_head":"<!-- This site is optimized with the Yoast SEO plugin v19.4 - https:\/\/yoast.com\/wordpress\/plugins\/seo\/ -->\n<title>Cottage in Rye am Meer mieten - Urlaub in Sussex - Urlaub &amp; Reisen<\/title>\n<meta name=\"description\" content=\"Das Salts ist ein attraktives, stilvolles, hundefreundliches Cottage f\u00fcr vier Personen, das perfekt ist, um alles zu erkunden, was Sussex zu bieten hat. Sie betreten das Cottage in einem kleinen Flur mit einer Treppe, die zu den Schlafzimmern f\u00fchrt, und einer weiteren T\u00fcr, die zum offenen Wohnbereich f\u00fchrt.\" \/>\n<meta name=\"robots\" content=\"index, follow, max-snippet:-1, max-image-preview:large, max-video-preview:-1\" \/>\n<link rel=\"canonical\" href=\"https:\/\/www.urlaubcornwall.de\/blog\/cottage-rye-meer-mieten-urlaub-sussex\/\" \/>\n<meta property=\"og:locale\" content=\"en_US\" \/>\n<meta property=\"og:type\" content=\"article\" \/>\n<meta property=\"og:title\" content=\"Cottage in Rye am Meer mieten - Urlaub in Sussex - Urlaub &amp; Reisen\" \/>\n<meta property=\"og:description\" content=\"Das Salts ist ein attraktives, stilvolles, hundefreundliches Cottage f\u00fcr vier Personen, das perfekt ist, um alles zu erkunden, was Sussex zu bieten hat. Sie betreten das Cottage in einem kleinen Flur mit einer Treppe, die zu den Schlafzimmern f\u00fchrt, und einer weiteren T\u00fcr, die zum offenen Wohnbereich f\u00fchrt.\" \/>\n<meta property=\"og:url\" content=\"https:\/\/www.urlaubcornwall.de\/blog\/cottage-rye-meer-mieten-urlaub-sussex\/\" \/>\n<meta property=\"og:site_name\" content=\"Urlaub &amp; Reisen\" \/>\n<meta property=\"article:modified_time\" content=\"2021-09-17T08:20:16+00:00\" \/>\n<meta property=\"og:image\" content=\"https:\/\/www.urlaubcornwall.de\/blog\/wp-content\/uploads\/2018\/01\/cottage-am-meer-rye.jpg\" \/>\n<meta name=\"twitter:card\" content=\"summary\" \/>\n<meta name=\"twitter:label1\" content=\"Est. reading time\" \/>\n\t<meta name=\"twitter:data1\" content=\"1 minute\" \/>\n<script type=\"application\/ld+json\" class=\"yoast-schema-graph\">{\"@context\":\"https:\/\/schema.org\",\"@graph\":[{\"@type\":\"WebSite\",\"@id\":\"https:\/\/www.urlaubcornwall.de\/blog\/#website\",\"url\":\"https:\/\/www.urlaubcornwall.de\/blog\/\",\"name\":\"Urlaub &amp; Reisen\",\"description\":\"Urlaub, Reisen, Cornwall und S\u00fcdengland: eine perfekte Kombination\",\"potentialAction\":[{\"@type\":\"SearchAction\",\"target\":{\"@type\":\"EntryPoint\",\"urlTemplate\":\"https:\/\/www.urlaubcornwall.de\/blog\/?s={search_term_string}\"},\"query-input\":\"required name=search_term_string\"}],\"inLanguage\":\"en-US\"},{\"@type\":\"WebPage\",\"@id\":\"https:\/\/www.urlaubcornwall.de\/blog\/cottage-rye-meer-mieten-urlaub-sussex\/\",\"url\":\"https:\/\/www.urlaubcornwall.de\/blog\/cottage-rye-meer-mieten-urlaub-sussex\/\",\"name\":\"Cottage in Rye am Meer mieten - Urlaub in Sussex - Urlaub &amp; Reisen\",\"isPartOf\":{\"@id\":\"https:\/\/www.urlaubcornwall.de\/blog\/#website\"},\"datePublished\":\"2018-01-22T16:24:11+00:00\",\"dateModified\":\"2021-09-17T08:20:16+00:00\",\"description\":\"Das Salts ist ein attraktives, stilvolles, hundefreundliches Cottage f\u00fcr vier Personen, das perfekt ist, um alles zu erkunden, was Sussex zu bieten hat. Sie betreten das Cottage in einem kleinen Flur mit einer Treppe, die zu den Schlafzimmern f\u00fchrt, und einer weiteren T\u00fcr, die zum offenen Wohnbereich f\u00fchrt.\",\"breadcrumb\":{\"@id\":\"https:\/\/www.urlaubcornwall.de\/blog\/cottage-rye-meer-mieten-urlaub-sussex\/#breadcrumb\"},\"inLanguage\":\"en-US\",\"potentialAction\":[{\"@type\":\"ReadAction\",\"target\":[\"https:\/\/www.urlaubcornwall.de\/blog\/cottage-rye-meer-mieten-urlaub-sussex\/\"]}]},{\"@type\":\"BreadcrumbList\",\"@id\":\"https:\/\/www.urlaubcornwall.de\/blog\/cottage-rye-meer-mieten-urlaub-sussex\/#breadcrumb\",\"itemListElement\":[{\"@type\":\"ListItem\",\"position\":1,\"name\":\"Home\",\"item\":\"https:\/\/www.urlaubcornwall.de\/blog\/\"},{\"@type\":\"ListItem\",\"position\":2,\"name\":\"Cottage in Rye am Meer mieten &#8211; Urlaub in Sussex\"}]}]}<\/script>\n<!-- \/ Yoast SEO plugin. -->","yoast_head_json":{"title":"Cottage in Rye am Meer mieten - Urlaub in Sussex - Urlaub &amp; Reisen","description":"Das Salts ist ein attraktives, stilvolles, hundefreundliches Cottage f\u00fcr vier Personen, das perfekt ist, um alles zu erkunden, was Sussex zu bieten hat. Sie betreten das Cottage in einem kleinen Flur mit einer Treppe, die zu den Schlafzimmern f\u00fchrt, und einer weiteren T\u00fcr, die zum offenen Wohnbereich f\u00fchrt.","robots":{"index":"index","follow":"follow","max-snippet":"max-snippet:-1","max-image-preview":"max-image-preview:large","max-video-preview":"max-video-preview:-1"},"canonical":"https:\/\/www.urlaubcornwall.de\/blog\/cottage-rye-meer-mieten-urlaub-sussex\/","og_locale":"en_US","og_type":"article","og_title":"Cottage in Rye am Meer mieten - Urlaub in Sussex - Urlaub &amp; Reisen","og_description":"Das Salts ist ein attraktives, stilvolles, hundefreundliches Cottage f\u00fcr vier Personen, das perfekt ist, um alles zu erkunden, was Sussex zu bieten hat. Sie betreten das Cottage in einem kleinen Flur mit einer Treppe, die zu den Schlafzimmern f\u00fchrt, und einer weiteren T\u00fcr, die zum offenen Wohnbereich f\u00fchrt.","og_url":"https:\/\/www.urlaubcornwall.de\/blog\/cottage-rye-meer-mieten-urlaub-sussex\/","og_site_name":"Urlaub &amp; Reisen","article_modified_time":"2021-09-17T08:20:16+00:00","og_image":[{"url":"https:\/\/www.urlaubcornwall.de\/blog\/wp-content\/uploads\/2018\/01\/cottage-am-meer-rye.jpg"}],"twitter_card":"summary","twitter_misc":{"Est. reading time":"1 minute"},"schema":{"@context":"https:\/\/schema.org","@graph":[{"@type":"WebSite","@id":"https:\/\/www.urlaubcornwall.de\/blog\/#website","url":"https:\/\/www.urlaubcornwall.de\/blog\/","name":"Urlaub &amp; Reisen","description":"Urlaub, Reisen, Cornwall und S\u00fcdengland: eine perfekte Kombination","potentialAction":[{"@type":"SearchAction","target":{"@type":"EntryPoint","urlTemplate":"https:\/\/www.urlaubcornwall.de\/blog\/?s={search_term_string}"},"query-input":"required name=search_term_string"}],"inLanguage":"en-US"},{"@type":"WebPage","@id":"https:\/\/www.urlaubcornwall.de\/blog\/cottage-rye-meer-mieten-urlaub-sussex\/","url":"https:\/\/www.urlaubcornwall.de\/blog\/cottage-rye-meer-mieten-urlaub-sussex\/","name":"Cottage in Rye am Meer mieten - Urlaub in Sussex - Urlaub &amp; Reisen","isPartOf":{"@id":"https:\/\/www.urlaubcornwall.de\/blog\/#website"},"datePublished":"2018-01-22T16:24:11+00:00","dateModified":"2021-09-17T08:20:16+00:00","description":"Das Salts ist ein attraktives, stilvolles, hundefreundliches Cottage f\u00fcr vier Personen, das perfekt ist, um alles zu erkunden, was Sussex zu bieten hat. Sie betreten das Cottage in einem kleinen Flur mit einer Treppe, die zu den Schlafzimmern f\u00fchrt, und einer weiteren T\u00fcr, die zum offenen Wohnbereich f\u00fchrt.","breadcrumb":{"@id":"https:\/\/www.urlaubcornwall.de\/blog\/cottage-rye-meer-mieten-urlaub-sussex\/#breadcrumb"},"inLanguage":"en-US","potentialAction":[{"@type":"ReadAction","target":["https:\/\/www.urlaubcornwall.de\/blog\/cottage-rye-meer-mieten-urlaub-sussex\/"]}]},{"@type":"BreadcrumbList","@id":"https:\/\/www.urlaubcornwall.de\/blog\/cottage-rye-meer-mieten-urlaub-sussex\/#breadcrumb","itemListElement":[{"@type":"ListItem","position":1,"name":"Home","item":"https:\/\/www.urlaubcornwall.de\/blog\/"},{"@type":"ListItem","position":2,"name":"Cottage in Rye am Meer mieten &#8211; Urlaub in Sussex"}]}]}},"_links":{"self":[{"href":"https:\/\/www.urlaubcornwall.de\/blog\/wp-json\/wp\/v2\/pages\/32050"}],"collection":[{"href":"https:\/\/www.urlaubcornwall.de\/blog\/wp-json\/wp\/v2\/pages"}],"about":[{"href":"https:\/\/www.urlaubcornwall.de\/blog\/wp-json\/wp\/v2\/types\/page"}],"author":[{"embeddable":true,"href":"https:\/\/www.urlaubcornwall.de\/blog\/wp-json\/wp\/v2\/users\/1"}],"replies":[{"embeddable":true,"href":"https:\/\/www.urlaubcornwall.de\/blog\/wp-json\/wp\/v2\/comments?post=32050"}],"version-history":[{"count":4,"href":"https:\/\/www.urlaubcornwall.de\/blog\/wp-json\/wp\/v2\/pages\/32050\/revisions"}],"predecessor-version":[{"id":42811,"href":"https:\/\/www.urlaubcornwall.de\/blog\/wp-json\/wp\/v2\/pages\/32050\/revisions\/42811"}],"wp:attachment":[{"href":"https:\/\/www.urlaubcornwall.de\/blog\/wp-json\/wp\/v2\/media?parent=32050"}],"curies":[{"name":"wp","href":"https:\/\/api.w.org\/{rel}","templated":true}]}}