{"id":32046,"date":"2018-01-22T16:00:23","date_gmt":"2018-01-22T16:00:23","guid":{"rendered":"https:\/\/www.urlaubcornwall.de\/blog\/?page_id=32046"},"modified":"2021-09-02T08:45:18","modified_gmt":"2021-09-02T08:45:18","slug":"cottage-looe-meer-mieten-nr-3789","status":"publish","type":"page","link":"https:\/\/www.urlaubcornwall.de\/blog\/cottage-looe-meer-mieten-nr-3789\/","title":{"rendered":"Cottage in Looe am Meer mieten &#8211; Nr 3789"},"content":{"rendered":"<p><img loading=\"lazy\" class=\"aligncenter size-full wp-image-32048\" src=\"https:\/\/www.urlaubcornwall.de\/blog\/wp-content\/uploads\/2018\/01\/cottage-am-meer-looe.jpg\" alt=\"cottage am meer looe\" width=\"749\" height=\"422\"\/><\/p>\n<p><strong>Ferienhaus mit Meerblick 4.5 kilometern W von Looe, S\u00fcdk\u00fcste Cornwall.<\/strong><\/p>\n<p>1 Schlafzimmer, hundefreundlich, Schlafplatz f\u00fcr 2, An-\/Abreisetag am Samstag | Preis pro Woche \u00a3382 &#8211; \u00a3771<\/p>\n<p>Was f\u00fcr ein sch\u00f6ner Ort, um sich zu entspannen und diese atemberaubende Aussicht zu genie\u00dfen, ist dieses Cottage, das direkt \u00fcber dem Sandstrand liegt und \u00fcber die Bucht blickt. Dieses entz\u00fcckende freistehende Ferienhaus hat eine umgekehrte Unterkunft, um das Beste aus der herrlichen Aussicht auf die K\u00fcste und die Landschaft zu machen, mit dem offenen Wohnzimmer im Obergeschoss. Die T\u00fcren \u00f6ffnen sich zu einem gro\u00dfen, breiten Balkon, auf dem Sie in Ruhe sitzen k\u00f6nnen, wenn die Sonne am Ende des Tages untergeht und der Himmel gold und rot \u00fcber dem Wasser der Bucht erstrahlt&#8230;&#8230;..<\/p>\n<p style=\"text-align: center;\"><a class=\"tidycta\" href=\"https:\/\/www.urlaubcornwall.de\/ferienhaeuser-fewos\/looe.html\">Suche Ferienh\u00e4user Looe<\/a><\/p>\n<p><strong>Um UrlaubCornwall.de einzigartige Kollektion nach Ihrem idealen Ferienhaus zu durchsuchen.<\/strong> <a href=\"https:\/\/www.urlaubcornwall.de\/ferienhaeuser\/cornwall.php\"><span style=\"text-decoration: underline;\"><strong>Klicken Sie hier<\/strong><\/span><strong> &gt;&gt;<\/strong><\/a><\/p>\n","protected":false},"excerpt":{"rendered":"<p>Ferienhaus mit Meerblick 4.5 kilometern W von Looe, S\u00fcdk\u00fcste Cornwall. 1 Schlafzimmer, hundefreundlich, Schlafplatz f\u00fcr 2, An-\/Abreisetag am Samstag | Preis pro Woche \u00a3382 &#8211; \u00a3771 Was f\u00fcr ein sch\u00f6ner Ort, um sich zu entspannen und diese atemberaubende Aussicht zu genie\u00dfen, ist dieses Cottage, das direkt \u00fcber dem Sandstrand liegt und \u00fcber die Bucht blickt. [&hellip;]<\/p>\n","protected":false},"author":1,"featured_media":0,"parent":0,"menu_order":0,"comment_status":"closed","ping_status":"closed","template":"single-four.php","meta":[],"acf":[],"yoast_head":"<!-- This site is optimized with the Yoast SEO plugin v19.4 - https:\/\/yoast.com\/wordpress\/plugins\/seo\/ -->\n<title>Cottage in Looe am Meer mieten - Nr 3789 - Urlaub &amp; Reisen<\/title>\n<meta name=\"robots\" content=\"index, follow, max-snippet:-1, max-image-preview:large, max-video-preview:-1\" \/>\n<link rel=\"canonical\" href=\"https:\/\/www.urlaubcornwall.de\/blog\/cottage-looe-meer-mieten-nr-3789\/\" \/>\n<meta property=\"og:locale\" content=\"en_US\" \/>\n<meta property=\"og:type\" content=\"article\" \/>\n<meta property=\"og:title\" content=\"Cottage in Looe am Meer mieten - Nr 3789 - Urlaub &amp; Reisen\" \/>\n<meta property=\"og:description\" content=\"Ferienhaus mit Meerblick 4.5 kilometern W von Looe, S\u00fcdk\u00fcste Cornwall. 1 Schlafzimmer, hundefreundlich, Schlafplatz f\u00fcr 2, An-\/Abreisetag am Samstag | Preis pro Woche \u00a3382 &#8211; \u00a3771 Was f\u00fcr ein sch\u00f6ner Ort, um sich zu entspannen und diese atemberaubende Aussicht zu genie\u00dfen, ist dieses Cottage, das direkt \u00fcber dem Sandstrand liegt und \u00fcber die Bucht blickt. [&hellip;]\" \/>\n<meta property=\"og:url\" content=\"https:\/\/www.urlaubcornwall.de\/blog\/cottage-looe-meer-mieten-nr-3789\/\" \/>\n<meta property=\"og:site_name\" content=\"Urlaub &amp; Reisen\" \/>\n<meta property=\"article:modified_time\" content=\"2021-09-02T08:45:18+00:00\" \/>\n<meta property=\"og:image\" content=\"https:\/\/www.urlaubcornwall.de\/blog\/wp-content\/uploads\/2018\/01\/cottage-am-meer-looe.jpg\" \/>\n<meta name=\"twitter:card\" content=\"summary\" \/>\n<meta name=\"twitter:label1\" content=\"Est. reading time\" \/>\n\t<meta name=\"twitter:data1\" content=\"1 minute\" \/>\n<script type=\"application\/ld+json\" class=\"yoast-schema-graph\">{\"@context\":\"https:\/\/schema.org\",\"@graph\":[{\"@type\":\"WebSite\",\"@id\":\"https:\/\/www.urlaubcornwall.de\/blog\/#website\",\"url\":\"https:\/\/www.urlaubcornwall.de\/blog\/\",\"name\":\"Urlaub &amp; Reisen\",\"description\":\"Urlaub, Reisen, Cornwall und S\u00fcdengland: eine perfekte Kombination\",\"potentialAction\":[{\"@type\":\"SearchAction\",\"target\":{\"@type\":\"EntryPoint\",\"urlTemplate\":\"https:\/\/www.urlaubcornwall.de\/blog\/?s={search_term_string}\"},\"query-input\":\"required name=search_term_string\"}],\"inLanguage\":\"en-US\"},{\"@type\":\"WebPage\",\"@id\":\"https:\/\/www.urlaubcornwall.de\/blog\/cottage-looe-meer-mieten-nr-3789\/\",\"url\":\"https:\/\/www.urlaubcornwall.de\/blog\/cottage-looe-meer-mieten-nr-3789\/\",\"name\":\"Cottage in Looe am Meer mieten - Nr 3789 - Urlaub &amp; Reisen\",\"isPartOf\":{\"@id\":\"https:\/\/www.urlaubcornwall.de\/blog\/#website\"},\"datePublished\":\"2018-01-22T16:00:23+00:00\",\"dateModified\":\"2021-09-02T08:45:18+00:00\",\"breadcrumb\":{\"@id\":\"https:\/\/www.urlaubcornwall.de\/blog\/cottage-looe-meer-mieten-nr-3789\/#breadcrumb\"},\"inLanguage\":\"en-US\",\"potentialAction\":[{\"@type\":\"ReadAction\",\"target\":[\"https:\/\/www.urlaubcornwall.de\/blog\/cottage-looe-meer-mieten-nr-3789\/\"]}]},{\"@type\":\"BreadcrumbList\",\"@id\":\"https:\/\/www.urlaubcornwall.de\/blog\/cottage-looe-meer-mieten-nr-3789\/#breadcrumb\",\"itemListElement\":[{\"@type\":\"ListItem\",\"position\":1,\"name\":\"Home\",\"item\":\"https:\/\/www.urlaubcornwall.de\/blog\/\"},{\"@type\":\"ListItem\",\"position\":2,\"name\":\"Cottage in Looe am Meer mieten &#8211; Nr 3789\"}]}]}<\/script>\n<!-- \/ Yoast SEO plugin. -->","yoast_head_json":{"title":"Cottage in Looe am Meer mieten - Nr 3789 - Urlaub &amp; Reisen","robots":{"index":"index","follow":"follow","max-snippet":"max-snippet:-1","max-image-preview":"max-image-preview:large","max-video-preview":"max-video-preview:-1"},"canonical":"https:\/\/www.urlaubcornwall.de\/blog\/cottage-looe-meer-mieten-nr-3789\/","og_locale":"en_US","og_type":"article","og_title":"Cottage in Looe am Meer mieten - Nr 3789 - Urlaub &amp; Reisen","og_description":"Ferienhaus mit Meerblick 4.5 kilometern W von Looe, S\u00fcdk\u00fcste Cornwall. 1 Schlafzimmer, hundefreundlich, Schlafplatz f\u00fcr 2, An-\/Abreisetag am Samstag | Preis pro Woche \u00a3382 &#8211; \u00a3771 Was f\u00fcr ein sch\u00f6ner Ort, um sich zu entspannen und diese atemberaubende Aussicht zu genie\u00dfen, ist dieses Cottage, das direkt \u00fcber dem Sandstrand liegt und \u00fcber die Bucht blickt. [&hellip;]","og_url":"https:\/\/www.urlaubcornwall.de\/blog\/cottage-looe-meer-mieten-nr-3789\/","og_site_name":"Urlaub &amp; Reisen","article_modified_time":"2021-09-02T08:45:18+00:00","og_image":[{"url":"https:\/\/www.urlaubcornwall.de\/blog\/wp-content\/uploads\/2018\/01\/cottage-am-meer-looe.jpg"}],"twitter_card":"summary","twitter_misc":{"Est. reading time":"1 minute"},"schema":{"@context":"https:\/\/schema.org","@graph":[{"@type":"WebSite","@id":"https:\/\/www.urlaubcornwall.de\/blog\/#website","url":"https:\/\/www.urlaubcornwall.de\/blog\/","name":"Urlaub &amp; Reisen","description":"Urlaub, Reisen, Cornwall und S\u00fcdengland: eine perfekte Kombination","potentialAction":[{"@type":"SearchAction","target":{"@type":"EntryPoint","urlTemplate":"https:\/\/www.urlaubcornwall.de\/blog\/?s={search_term_string}"},"query-input":"required name=search_term_string"}],"inLanguage":"en-US"},{"@type":"WebPage","@id":"https:\/\/www.urlaubcornwall.de\/blog\/cottage-looe-meer-mieten-nr-3789\/","url":"https:\/\/www.urlaubcornwall.de\/blog\/cottage-looe-meer-mieten-nr-3789\/","name":"Cottage in Looe am Meer mieten - Nr 3789 - Urlaub &amp; Reisen","isPartOf":{"@id":"https:\/\/www.urlaubcornwall.de\/blog\/#website"},"datePublished":"2018-01-22T16:00:23+00:00","dateModified":"2021-09-02T08:45:18+00:00","breadcrumb":{"@id":"https:\/\/www.urlaubcornwall.de\/blog\/cottage-looe-meer-mieten-nr-3789\/#breadcrumb"},"inLanguage":"en-US","potentialAction":[{"@type":"ReadAction","target":["https:\/\/www.urlaubcornwall.de\/blog\/cottage-looe-meer-mieten-nr-3789\/"]}]},{"@type":"BreadcrumbList","@id":"https:\/\/www.urlaubcornwall.de\/blog\/cottage-looe-meer-mieten-nr-3789\/#breadcrumb","itemListElement":[{"@type":"ListItem","position":1,"name":"Home","item":"https:\/\/www.urlaubcornwall.de\/blog\/"},{"@type":"ListItem","position":2,"name":"Cottage in Looe am Meer mieten &#8211; Nr 3789"}]}]}},"_links":{"self":[{"href":"https:\/\/www.urlaubcornwall.de\/blog\/wp-json\/wp\/v2\/pages\/32046"}],"collection":[{"href":"https:\/\/www.urlaubcornwall.de\/blog\/wp-json\/wp\/v2\/pages"}],"about":[{"href":"https:\/\/www.urlaubcornwall.de\/blog\/wp-json\/wp\/v2\/types\/page"}],"author":[{"embeddable":true,"href":"https:\/\/www.urlaubcornwall.de\/blog\/wp-json\/wp\/v2\/users\/1"}],"replies":[{"embeddable":true,"href":"https:\/\/www.urlaubcornwall.de\/blog\/wp-json\/wp\/v2\/comments?post=32046"}],"version-history":[{"count":3,"href":"https:\/\/www.urlaubcornwall.de\/blog\/wp-json\/wp\/v2\/pages\/32046\/revisions"}],"predecessor-version":[{"id":42391,"href":"https:\/\/www.urlaubcornwall.de\/blog\/wp-json\/wp\/v2\/pages\/32046\/revisions\/42391"}],"wp:attachment":[{"href":"https:\/\/www.urlaubcornwall.de\/blog\/wp-json\/wp\/v2\/media?parent=32046"}],"curies":[{"name":"wp","href":"https:\/\/api.w.org\/{rel}","templated":true}]}}