{"id":32042,"date":"2018-01-22T15:51:39","date_gmt":"2018-01-22T15:51:39","guid":{"rendered":"https:\/\/www.urlaubcornwall.de\/blog\/?page_id=32042"},"modified":"2021-07-12T08:33:38","modified_gmt":"2021-07-12T08:33:38","slug":"cottage-fowey-meer-mieten-nr-2966","status":"publish","type":"page","link":"https:\/\/www.urlaubcornwall.de\/blog\/cottage-fowey-meer-mieten-nr-2966\/","title":{"rendered":"Cottage in Fowey am Meer mieten &#8211; Nr 2966"},"content":{"rendered":"<p><img loading=\"lazy\" class=\"aligncenter size-full wp-image-32044\" src=\"https:\/\/www.urlaubcornwall.de\/blog\/wp-content\/uploads\/2018\/01\/cottage-am-meer-fowey.jpg\" alt=\"cottage am meer fowey\" width=\"746\" height=\"494\"\/><\/p>\n<p><strong>Ferienhaus strandnah Fowey, S\u00fcdk\u00fcste Cornwall.<\/strong><\/p>\n<p>2 Schlafzimmer, leider keine Haustiere erlaubt, Schlafplatz f\u00fcr 5 + Kinderbett, An-\/Abreisetag am Samstag<\/p>\n<p>Preis pro Woche \u00a3358 &#8211; \u00a31120<\/p>\n<p>Dieses wundersch\u00f6ne historische viktorianische Cottage ist ein absolutes Vergn\u00fcgen. renoviert, um die modernen Notwendigkeiten der Zentralheizung, neue Dusche und eine moderne K\u00fcche zu bieten. Es ist sehr einladend, wundersch\u00f6n eingerichtet und liegt nur wenige Meter vom Stadtzentrum von Fowey entfernt. Die Gesch\u00e4fte, Restaurants, Kunstgalerien und Sehensw\u00fcrdigkeiten am Hafen dieser alten Fischerstadt sind nur eine Minute zu Fu\u00df entfernt. Viele Fischrestaurants befinden sich in der N\u00e4he. Sandstr\u00e4nde, <a href=\"https:\/\/www.urlaubcornwall.de\/wanderurlaub\/cornwall.php\">K\u00fcstenwanderwege<\/a> und geheime Buchten&#8230;&#8230;&#8230;<\/p>\n<p style=\"text-align: center;\"><a class=\"tidycta\" href=\"https:\/\/www.urlaubcornwall.de\/ferienhaeuser-fewos\/fowey-am-meer.html\">Ferienh\u00e4user in Fowey<\/a><\/p>\n","protected":false},"excerpt":{"rendered":"<p>Ferienhaus strandnah Fowey, S\u00fcdk\u00fcste Cornwall. 2 Schlafzimmer, leider keine Haustiere erlaubt, Schlafplatz f\u00fcr 5 + Kinderbett, An-\/Abreisetag am Samstag Preis pro Woche \u00a3358 &#8211; \u00a31120 Dieses wundersch\u00f6ne historische viktorianische Cottage ist ein absolutes Vergn\u00fcgen. renoviert, um die modernen Notwendigkeiten der Zentralheizung, neue Dusche und eine moderne K\u00fcche zu bieten. Es ist sehr einladend, wundersch\u00f6n eingerichtet [&hellip;]<\/p>\n","protected":false},"author":1,"featured_media":0,"parent":0,"menu_order":0,"comment_status":"closed","ping_status":"closed","template":"single-four.php","meta":[],"acf":[],"yoast_head":"<!-- This site is optimized with the Yoast SEO plugin v19.4 - https:\/\/yoast.com\/wordpress\/plugins\/seo\/ -->\n<title>Cottage in Fowey am Meer mieten - Nr 2966 - Urlaub &amp; Reisen<\/title>\n<meta name=\"robots\" content=\"index, follow, max-snippet:-1, max-image-preview:large, max-video-preview:-1\" \/>\n<link rel=\"canonical\" href=\"https:\/\/www.urlaubcornwall.de\/blog\/cottage-fowey-meer-mieten-nr-2966\/\" \/>\n<meta property=\"og:locale\" content=\"en_US\" \/>\n<meta property=\"og:type\" content=\"article\" \/>\n<meta property=\"og:title\" content=\"Cottage in Fowey am Meer mieten - Nr 2966 - Urlaub &amp; Reisen\" \/>\n<meta property=\"og:description\" content=\"Ferienhaus strandnah Fowey, S\u00fcdk\u00fcste Cornwall. 2 Schlafzimmer, leider keine Haustiere erlaubt, Schlafplatz f\u00fcr 5 + Kinderbett, An-\/Abreisetag am Samstag Preis pro Woche \u00a3358 &#8211; \u00a31120 Dieses wundersch\u00f6ne historische viktorianische Cottage ist ein absolutes Vergn\u00fcgen. renoviert, um die modernen Notwendigkeiten der Zentralheizung, neue Dusche und eine moderne K\u00fcche zu bieten. Es ist sehr einladend, wundersch\u00f6n eingerichtet [&hellip;]\" \/>\n<meta property=\"og:url\" content=\"https:\/\/www.urlaubcornwall.de\/blog\/cottage-fowey-meer-mieten-nr-2966\/\" \/>\n<meta property=\"og:site_name\" content=\"Urlaub &amp; Reisen\" \/>\n<meta property=\"article:modified_time\" content=\"2021-07-12T08:33:38+00:00\" \/>\n<meta property=\"og:image\" content=\"https:\/\/www.urlaubcornwall.de\/blog\/wp-content\/uploads\/2018\/01\/cottage-am-meer-fowey.jpg\" \/>\n<meta name=\"twitter:card\" content=\"summary\" \/>\n<meta name=\"twitter:label1\" content=\"Est. reading time\" \/>\n\t<meta name=\"twitter:data1\" content=\"1 minute\" \/>\n<script type=\"application\/ld+json\" class=\"yoast-schema-graph\">{\"@context\":\"https:\/\/schema.org\",\"@graph\":[{\"@type\":\"WebSite\",\"@id\":\"https:\/\/www.urlaubcornwall.de\/blog\/#website\",\"url\":\"https:\/\/www.urlaubcornwall.de\/blog\/\",\"name\":\"Urlaub &amp; Reisen\",\"description\":\"Urlaub, Reisen, Cornwall und S\u00fcdengland: eine perfekte Kombination\",\"potentialAction\":[{\"@type\":\"SearchAction\",\"target\":{\"@type\":\"EntryPoint\",\"urlTemplate\":\"https:\/\/www.urlaubcornwall.de\/blog\/?s={search_term_string}\"},\"query-input\":\"required name=search_term_string\"}],\"inLanguage\":\"en-US\"},{\"@type\":\"WebPage\",\"@id\":\"https:\/\/www.urlaubcornwall.de\/blog\/cottage-fowey-meer-mieten-nr-2966\/\",\"url\":\"https:\/\/www.urlaubcornwall.de\/blog\/cottage-fowey-meer-mieten-nr-2966\/\",\"name\":\"Cottage in Fowey am Meer mieten - Nr 2966 - Urlaub &amp; Reisen\",\"isPartOf\":{\"@id\":\"https:\/\/www.urlaubcornwall.de\/blog\/#website\"},\"datePublished\":\"2018-01-22T15:51:39+00:00\",\"dateModified\":\"2021-07-12T08:33:38+00:00\",\"breadcrumb\":{\"@id\":\"https:\/\/www.urlaubcornwall.de\/blog\/cottage-fowey-meer-mieten-nr-2966\/#breadcrumb\"},\"inLanguage\":\"en-US\",\"potentialAction\":[{\"@type\":\"ReadAction\",\"target\":[\"https:\/\/www.urlaubcornwall.de\/blog\/cottage-fowey-meer-mieten-nr-2966\/\"]}]},{\"@type\":\"BreadcrumbList\",\"@id\":\"https:\/\/www.urlaubcornwall.de\/blog\/cottage-fowey-meer-mieten-nr-2966\/#breadcrumb\",\"itemListElement\":[{\"@type\":\"ListItem\",\"position\":1,\"name\":\"Home\",\"item\":\"https:\/\/www.urlaubcornwall.de\/blog\/\"},{\"@type\":\"ListItem\",\"position\":2,\"name\":\"Cottage in Fowey am Meer mieten &#8211; Nr 2966\"}]}]}<\/script>\n<!-- \/ Yoast SEO plugin. -->","yoast_head_json":{"title":"Cottage in Fowey am Meer mieten - Nr 2966 - Urlaub &amp; Reisen","robots":{"index":"index","follow":"follow","max-snippet":"max-snippet:-1","max-image-preview":"max-image-preview:large","max-video-preview":"max-video-preview:-1"},"canonical":"https:\/\/www.urlaubcornwall.de\/blog\/cottage-fowey-meer-mieten-nr-2966\/","og_locale":"en_US","og_type":"article","og_title":"Cottage in Fowey am Meer mieten - Nr 2966 - Urlaub &amp; Reisen","og_description":"Ferienhaus strandnah Fowey, S\u00fcdk\u00fcste Cornwall. 2 Schlafzimmer, leider keine Haustiere erlaubt, Schlafplatz f\u00fcr 5 + Kinderbett, An-\/Abreisetag am Samstag Preis pro Woche \u00a3358 &#8211; \u00a31120 Dieses wundersch\u00f6ne historische viktorianische Cottage ist ein absolutes Vergn\u00fcgen. renoviert, um die modernen Notwendigkeiten der Zentralheizung, neue Dusche und eine moderne K\u00fcche zu bieten. Es ist sehr einladend, wundersch\u00f6n eingerichtet [&hellip;]","og_url":"https:\/\/www.urlaubcornwall.de\/blog\/cottage-fowey-meer-mieten-nr-2966\/","og_site_name":"Urlaub &amp; Reisen","article_modified_time":"2021-07-12T08:33:38+00:00","og_image":[{"url":"https:\/\/www.urlaubcornwall.de\/blog\/wp-content\/uploads\/2018\/01\/cottage-am-meer-fowey.jpg"}],"twitter_card":"summary","twitter_misc":{"Est. reading time":"1 minute"},"schema":{"@context":"https:\/\/schema.org","@graph":[{"@type":"WebSite","@id":"https:\/\/www.urlaubcornwall.de\/blog\/#website","url":"https:\/\/www.urlaubcornwall.de\/blog\/","name":"Urlaub &amp; Reisen","description":"Urlaub, Reisen, Cornwall und S\u00fcdengland: eine perfekte Kombination","potentialAction":[{"@type":"SearchAction","target":{"@type":"EntryPoint","urlTemplate":"https:\/\/www.urlaubcornwall.de\/blog\/?s={search_term_string}"},"query-input":"required name=search_term_string"}],"inLanguage":"en-US"},{"@type":"WebPage","@id":"https:\/\/www.urlaubcornwall.de\/blog\/cottage-fowey-meer-mieten-nr-2966\/","url":"https:\/\/www.urlaubcornwall.de\/blog\/cottage-fowey-meer-mieten-nr-2966\/","name":"Cottage in Fowey am Meer mieten - Nr 2966 - Urlaub &amp; Reisen","isPartOf":{"@id":"https:\/\/www.urlaubcornwall.de\/blog\/#website"},"datePublished":"2018-01-22T15:51:39+00:00","dateModified":"2021-07-12T08:33:38+00:00","breadcrumb":{"@id":"https:\/\/www.urlaubcornwall.de\/blog\/cottage-fowey-meer-mieten-nr-2966\/#breadcrumb"},"inLanguage":"en-US","potentialAction":[{"@type":"ReadAction","target":["https:\/\/www.urlaubcornwall.de\/blog\/cottage-fowey-meer-mieten-nr-2966\/"]}]},{"@type":"BreadcrumbList","@id":"https:\/\/www.urlaubcornwall.de\/blog\/cottage-fowey-meer-mieten-nr-2966\/#breadcrumb","itemListElement":[{"@type":"ListItem","position":1,"name":"Home","item":"https:\/\/www.urlaubcornwall.de\/blog\/"},{"@type":"ListItem","position":2,"name":"Cottage in Fowey am Meer mieten &#8211; Nr 2966"}]}]}},"_links":{"self":[{"href":"https:\/\/www.urlaubcornwall.de\/blog\/wp-json\/wp\/v2\/pages\/32042"}],"collection":[{"href":"https:\/\/www.urlaubcornwall.de\/blog\/wp-json\/wp\/v2\/pages"}],"about":[{"href":"https:\/\/www.urlaubcornwall.de\/blog\/wp-json\/wp\/v2\/types\/page"}],"author":[{"embeddable":true,"href":"https:\/\/www.urlaubcornwall.de\/blog\/wp-json\/wp\/v2\/users\/1"}],"replies":[{"embeddable":true,"href":"https:\/\/www.urlaubcornwall.de\/blog\/wp-json\/wp\/v2\/comments?post=32042"}],"version-history":[{"count":4,"href":"https:\/\/www.urlaubcornwall.de\/blog\/wp-json\/wp\/v2\/pages\/32042\/revisions"}],"predecessor-version":[{"id":41808,"href":"https:\/\/www.urlaubcornwall.de\/blog\/wp-json\/wp\/v2\/pages\/32042\/revisions\/41808"}],"wp:attachment":[{"href":"https:\/\/www.urlaubcornwall.de\/blog\/wp-json\/wp\/v2\/media?parent=32042"}],"curies":[{"name":"wp","href":"https:\/\/api.w.org\/{rel}","templated":true}]}}