{"id":32039,"date":"2018-01-22T15:39:06","date_gmt":"2018-01-22T15:39:06","guid":{"rendered":"https:\/\/www.urlaubcornwall.de\/blog\/?page_id=32039"},"modified":"2021-07-12T08:34:56","modified_gmt":"2021-07-12T08:34:56","slug":"cottage-perranporth-meer-mieten-nr-2470","status":"publish","type":"page","link":"https:\/\/www.urlaubcornwall.de\/blog\/cottage-perranporth-meer-mieten-nr-2470\/","title":{"rendered":"Cottage in Perranporth am Meer mieten &#8211; Nr 2470"},"content":{"rendered":"<p><img loading=\"lazy\" class=\"aligncenter size-full wp-image-32040\" src=\"https:\/\/www.urlaubcornwall.de\/blog\/wp-content\/uploads\/2018\/01\/cottage-am-meer-perranporth.jpg\" alt=\"cottage am meer perranporth\" width=\"746\" height=\"435\"\/><br \/>\n<strong>Ferienhaus Perranporth, Nordk\u00fcste Cornwall.<\/strong><\/p>\n<p>2 Schlafzimmer, leider keine Haustiere erlaubt,&nbsp; Schlafplatz f\u00fcr 4 + Kinderbett, An-\/Abreisetag am Samstag<\/p>\n<p>Preis pro Woche \u00a3408 &#8211; \u00a31020<\/p>\n<p>Das Lavender Cottage liegt im malerischen Viertel von Bolingey und nur einen kurzen Spaziergang vom goldenen Sandstrand von Perranporths bekanntem Surfstrand entfernt. Es wurde zu einem hohen Standard renoviert und eignet sich f\u00fcr kleine Familien und Paare. Es verf\u00fcgt \u00fcber zwei gut ausgestattete Schlafzimmer mit Bad auf der ersten Etage und eine gut ausgestattete K\u00fcche, die in ein modernes Wohn- \/ Esszimmer im Erdgeschoss f\u00fchrt. Von hier aus \u00f6ffnet sich eine T\u00fcr zur sonnigen Terrasse, die auf den gro\u00dfen Garten blickt und einen Blick \u00fcber das Tal bietet&#8230;&#8230;&#8230;<\/p>\n<p style=\"text-align: center;\"><a class=\"tidycta\" href=\"https:\/\/www.urlaubcornwall.de\/ferienhaeuser-fewos\/perranporth-am-meer.html\">Ferienh\u00e4user Perranporth<\/a><\/p>\n","protected":false},"excerpt":{"rendered":"<p>Ferienhaus Perranporth, Nordk\u00fcste Cornwall. 2 Schlafzimmer, leider keine Haustiere erlaubt,&nbsp; Schlafplatz f\u00fcr 4 + Kinderbett, An-\/Abreisetag am Samstag Preis pro Woche \u00a3408 &#8211; \u00a31020 Das Lavender Cottage liegt im malerischen Viertel von Bolingey und nur einen kurzen Spaziergang vom goldenen Sandstrand von Perranporths bekanntem Surfstrand entfernt. Es wurde zu einem hohen Standard renoviert und eignet [&hellip;]<\/p>\n","protected":false},"author":1,"featured_media":0,"parent":0,"menu_order":0,"comment_status":"closed","ping_status":"closed","template":"single-four.php","meta":[],"acf":[],"yoast_head":"<!-- This site is optimized with the Yoast SEO plugin v19.4 - https:\/\/yoast.com\/wordpress\/plugins\/seo\/ -->\n<title>Cottage in Perranporth am Meer mieten - Nr 2470 - Urlaub &amp; Reisen<\/title>\n<meta name=\"robots\" content=\"index, follow, max-snippet:-1, max-image-preview:large, max-video-preview:-1\" \/>\n<link rel=\"canonical\" href=\"https:\/\/www.urlaubcornwall.de\/blog\/cottage-perranporth-meer-mieten-nr-2470\/\" \/>\n<meta property=\"og:locale\" content=\"en_US\" \/>\n<meta property=\"og:type\" content=\"article\" \/>\n<meta property=\"og:title\" content=\"Cottage in Perranporth am Meer mieten - Nr 2470 - Urlaub &amp; Reisen\" \/>\n<meta property=\"og:description\" content=\"Ferienhaus Perranporth, Nordk\u00fcste Cornwall. 2 Schlafzimmer, leider keine Haustiere erlaubt,&nbsp; Schlafplatz f\u00fcr 4 + Kinderbett, An-\/Abreisetag am Samstag Preis pro Woche \u00a3408 &#8211; \u00a31020 Das Lavender Cottage liegt im malerischen Viertel von Bolingey und nur einen kurzen Spaziergang vom goldenen Sandstrand von Perranporths bekanntem Surfstrand entfernt. Es wurde zu einem hohen Standard renoviert und eignet [&hellip;]\" \/>\n<meta property=\"og:url\" content=\"https:\/\/www.urlaubcornwall.de\/blog\/cottage-perranporth-meer-mieten-nr-2470\/\" \/>\n<meta property=\"og:site_name\" content=\"Urlaub &amp; Reisen\" \/>\n<meta property=\"article:modified_time\" content=\"2021-07-12T08:34:56+00:00\" \/>\n<meta property=\"og:image\" content=\"https:\/\/www.urlaubcornwall.de\/blog\/wp-content\/uploads\/2018\/01\/cottage-am-meer-perranporth.jpg\" \/>\n<meta name=\"twitter:card\" content=\"summary\" \/>\n<meta name=\"twitter:label1\" content=\"Est. reading time\" \/>\n\t<meta name=\"twitter:data1\" content=\"1 minute\" \/>\n<script type=\"application\/ld+json\" class=\"yoast-schema-graph\">{\"@context\":\"https:\/\/schema.org\",\"@graph\":[{\"@type\":\"WebSite\",\"@id\":\"https:\/\/www.urlaubcornwall.de\/blog\/#website\",\"url\":\"https:\/\/www.urlaubcornwall.de\/blog\/\",\"name\":\"Urlaub &amp; Reisen\",\"description\":\"Urlaub, Reisen, Cornwall und S\u00fcdengland: eine perfekte Kombination\",\"potentialAction\":[{\"@type\":\"SearchAction\",\"target\":{\"@type\":\"EntryPoint\",\"urlTemplate\":\"https:\/\/www.urlaubcornwall.de\/blog\/?s={search_term_string}\"},\"query-input\":\"required name=search_term_string\"}],\"inLanguage\":\"en-US\"},{\"@type\":\"WebPage\",\"@id\":\"https:\/\/www.urlaubcornwall.de\/blog\/cottage-perranporth-meer-mieten-nr-2470\/\",\"url\":\"https:\/\/www.urlaubcornwall.de\/blog\/cottage-perranporth-meer-mieten-nr-2470\/\",\"name\":\"Cottage in Perranporth am Meer mieten - Nr 2470 - Urlaub &amp; Reisen\",\"isPartOf\":{\"@id\":\"https:\/\/www.urlaubcornwall.de\/blog\/#website\"},\"datePublished\":\"2018-01-22T15:39:06+00:00\",\"dateModified\":\"2021-07-12T08:34:56+00:00\",\"breadcrumb\":{\"@id\":\"https:\/\/www.urlaubcornwall.de\/blog\/cottage-perranporth-meer-mieten-nr-2470\/#breadcrumb\"},\"inLanguage\":\"en-US\",\"potentialAction\":[{\"@type\":\"ReadAction\",\"target\":[\"https:\/\/www.urlaubcornwall.de\/blog\/cottage-perranporth-meer-mieten-nr-2470\/\"]}]},{\"@type\":\"BreadcrumbList\",\"@id\":\"https:\/\/www.urlaubcornwall.de\/blog\/cottage-perranporth-meer-mieten-nr-2470\/#breadcrumb\",\"itemListElement\":[{\"@type\":\"ListItem\",\"position\":1,\"name\":\"Home\",\"item\":\"https:\/\/www.urlaubcornwall.de\/blog\/\"},{\"@type\":\"ListItem\",\"position\":2,\"name\":\"Cottage in Perranporth am Meer mieten &#8211; Nr 2470\"}]}]}<\/script>\n<!-- \/ Yoast SEO plugin. -->","yoast_head_json":{"title":"Cottage in Perranporth am Meer mieten - Nr 2470 - Urlaub &amp; Reisen","robots":{"index":"index","follow":"follow","max-snippet":"max-snippet:-1","max-image-preview":"max-image-preview:large","max-video-preview":"max-video-preview:-1"},"canonical":"https:\/\/www.urlaubcornwall.de\/blog\/cottage-perranporth-meer-mieten-nr-2470\/","og_locale":"en_US","og_type":"article","og_title":"Cottage in Perranporth am Meer mieten - Nr 2470 - Urlaub &amp; Reisen","og_description":"Ferienhaus Perranporth, Nordk\u00fcste Cornwall. 2 Schlafzimmer, leider keine Haustiere erlaubt,&nbsp; Schlafplatz f\u00fcr 4 + Kinderbett, An-\/Abreisetag am Samstag Preis pro Woche \u00a3408 &#8211; \u00a31020 Das Lavender Cottage liegt im malerischen Viertel von Bolingey und nur einen kurzen Spaziergang vom goldenen Sandstrand von Perranporths bekanntem Surfstrand entfernt. Es wurde zu einem hohen Standard renoviert und eignet [&hellip;]","og_url":"https:\/\/www.urlaubcornwall.de\/blog\/cottage-perranporth-meer-mieten-nr-2470\/","og_site_name":"Urlaub &amp; Reisen","article_modified_time":"2021-07-12T08:34:56+00:00","og_image":[{"url":"https:\/\/www.urlaubcornwall.de\/blog\/wp-content\/uploads\/2018\/01\/cottage-am-meer-perranporth.jpg"}],"twitter_card":"summary","twitter_misc":{"Est. reading time":"1 minute"},"schema":{"@context":"https:\/\/schema.org","@graph":[{"@type":"WebSite","@id":"https:\/\/www.urlaubcornwall.de\/blog\/#website","url":"https:\/\/www.urlaubcornwall.de\/blog\/","name":"Urlaub &amp; Reisen","description":"Urlaub, Reisen, Cornwall und S\u00fcdengland: eine perfekte Kombination","potentialAction":[{"@type":"SearchAction","target":{"@type":"EntryPoint","urlTemplate":"https:\/\/www.urlaubcornwall.de\/blog\/?s={search_term_string}"},"query-input":"required name=search_term_string"}],"inLanguage":"en-US"},{"@type":"WebPage","@id":"https:\/\/www.urlaubcornwall.de\/blog\/cottage-perranporth-meer-mieten-nr-2470\/","url":"https:\/\/www.urlaubcornwall.de\/blog\/cottage-perranporth-meer-mieten-nr-2470\/","name":"Cottage in Perranporth am Meer mieten - Nr 2470 - Urlaub &amp; Reisen","isPartOf":{"@id":"https:\/\/www.urlaubcornwall.de\/blog\/#website"},"datePublished":"2018-01-22T15:39:06+00:00","dateModified":"2021-07-12T08:34:56+00:00","breadcrumb":{"@id":"https:\/\/www.urlaubcornwall.de\/blog\/cottage-perranporth-meer-mieten-nr-2470\/#breadcrumb"},"inLanguage":"en-US","potentialAction":[{"@type":"ReadAction","target":["https:\/\/www.urlaubcornwall.de\/blog\/cottage-perranporth-meer-mieten-nr-2470\/"]}]},{"@type":"BreadcrumbList","@id":"https:\/\/www.urlaubcornwall.de\/blog\/cottage-perranporth-meer-mieten-nr-2470\/#breadcrumb","itemListElement":[{"@type":"ListItem","position":1,"name":"Home","item":"https:\/\/www.urlaubcornwall.de\/blog\/"},{"@type":"ListItem","position":2,"name":"Cottage in Perranporth am Meer mieten &#8211; Nr 2470"}]}]}},"_links":{"self":[{"href":"https:\/\/www.urlaubcornwall.de\/blog\/wp-json\/wp\/v2\/pages\/32039"}],"collection":[{"href":"https:\/\/www.urlaubcornwall.de\/blog\/wp-json\/wp\/v2\/pages"}],"about":[{"href":"https:\/\/www.urlaubcornwall.de\/blog\/wp-json\/wp\/v2\/types\/page"}],"author":[{"embeddable":true,"href":"https:\/\/www.urlaubcornwall.de\/blog\/wp-json\/wp\/v2\/users\/1"}],"replies":[{"embeddable":true,"href":"https:\/\/www.urlaubcornwall.de\/blog\/wp-json\/wp\/v2\/comments?post=32039"}],"version-history":[{"count":3,"href":"https:\/\/www.urlaubcornwall.de\/blog\/wp-json\/wp\/v2\/pages\/32039\/revisions"}],"predecessor-version":[{"id":41809,"href":"https:\/\/www.urlaubcornwall.de\/blog\/wp-json\/wp\/v2\/pages\/32039\/revisions\/41809"}],"wp:attachment":[{"href":"https:\/\/www.urlaubcornwall.de\/blog\/wp-json\/wp\/v2\/media?parent=32039"}],"curies":[{"name":"wp","href":"https:\/\/api.w.org\/{rel}","templated":true}]}}