{"id":32034,"date":"2018-01-22T15:28:20","date_gmt":"2018-01-22T15:28:20","guid":{"rendered":"https:\/\/www.urlaubcornwall.de\/blog\/?page_id=32034"},"modified":"2021-09-02T08:49:39","modified_gmt":"2021-09-02T08:49:39","slug":"cottage-newquay-meer-mieten-nr-3820","status":"publish","type":"page","link":"https:\/\/www.urlaubcornwall.de\/blog\/cottage-newquay-meer-mieten-nr-3820\/","title":{"rendered":"Cottage in Newquay am Meer mieten &#8211; Nr 3820"},"content":{"rendered":"<p><img loading=\"lazy\" class=\"aligncenter size-full wp-image-32037\" src=\"https:\/\/www.urlaubcornwall.de\/blog\/wp-content\/uploads\/2018\/01\/cottage-am-meer-newquay.jpg\" alt=\"cottage am meer newquay\" width=\"741\" height=\"421\" srcset=\"https:\/\/www.urlaubcornwall.de\/blog\/wp-content\/uploads\/2018\/01\/cottage-am-meer-newquay.jpg 741w, https:\/\/www.urlaubcornwall.de\/blog\/wp-content\/uploads\/2018\/01\/cottage-am-meer-newquay-300x170.jpg 300w\" sizes=\"(max-width: 741px) 100vw, 741px\" \/><\/p>\n<p><strong>Ferienhaus strandnah 2.7 kilometern SW von Newquay, Nordk\u00fcste Cornwall.<\/strong><\/p>\n<p>3 Schlafzimmer, leider keine Haustiere erlaubt, Schlafplatz f\u00fcr 6 + Kinderbett, An-\/Abreisetag am Freitag | Preis pro Woche \u00a3648 &#8211; \u00a31620<\/p>\n<p><a href=\"https:\/\/www.urlaubcornwall.de\/blog\/10-der-besten-strandspaziergaenge-in-cornwall\/\">Crantock Strand<\/a> ist eine lange Strecke von goldenem Sand mit sch\u00fctzenden D\u00fcnen, ideal f\u00fcr Sandburgen und Surfen. Das malerische Crantock Village ist ein freundlicher Ort mit historischen Cottages, einem Dorfladen, Teestuben, zwei Pubs und einer sch\u00f6nen normannischen Kirche. Dies ist ein wunderbarer Ort f\u00fcr einen Urlaub, und dieses sch\u00f6n pr\u00e4sentierte Ferienhaus ist nur zehn Minuten zu Fu\u00df vom Strand und Dorfzentrum entfernt, ein herrlich komfortables und modernes Haus mit Platz f\u00fcr Familien zum Entspannen. Drei Schlafzimmer, drei B\u00e4der \/ Duschr\u00e4ume und drei Wohnbereiche sind alle im K\u00fcstenstil eingerichtet und dekoriert. Klippenspazierg\u00e4nge, Surfkurse und Sandd\u00fcnen sind alle zu Fu\u00df erreichbar, und ein gro\u00dfer Teil des umliegenden Landes wird vom National Trust mit Wanderwegen und Naturschutzgebieten zur Erkundung und Caf\u00e9s am Strand verwaltet&#8230;.<\/p>\n<p style=\"text-align: center;\"><a class=\"tidycta\" href=\"https:\/\/www.urlaubcornwall.de\/ferienhaeuser-fewos\/newquay-am-meer.html\">Suche Ferienh\u00e4user Newquay<\/a><\/p>\n<p><strong>Um UrlaubCornwall.de einzigartige Kollektion nach Ihrem idealen Ferienhaus zu durchsuchen.<\/strong> <a href=\"https:\/\/www.urlaubcornwall.de\/ferienhaeuser\/cornwall.php\"><span style=\"text-decoration: underline;\"><strong>Klicken Sie hier<\/strong><\/span><strong> &gt;&gt;<\/strong><\/a><\/p>\n","protected":false},"excerpt":{"rendered":"<p>Ferienhaus strandnah 2.7 kilometern SW von Newquay, Nordk\u00fcste Cornwall. 3 Schlafzimmer, leider keine Haustiere erlaubt, Schlafplatz f\u00fcr 6 + Kinderbett, An-\/Abreisetag am Freitag | Preis pro Woche \u00a3648 &#8211; \u00a31620 Crantock Strand ist eine lange Strecke von goldenem Sand mit sch\u00fctzenden D\u00fcnen, ideal f\u00fcr Sandburgen und Surfen. Das malerische Crantock Village ist ein freundlicher Ort [&hellip;]<\/p>\n","protected":false},"author":1,"featured_media":0,"parent":0,"menu_order":0,"comment_status":"closed","ping_status":"closed","template":"single-four.php","meta":[],"acf":[],"yoast_head":"<!-- This site is optimized with the Yoast SEO plugin v19.4 - https:\/\/yoast.com\/wordpress\/plugins\/seo\/ -->\n<title>Cottage in Newquay am Meer mieten - Nr 3820 - Urlaub &amp; Reisen<\/title>\n<meta name=\"robots\" content=\"index, follow, max-snippet:-1, max-image-preview:large, max-video-preview:-1\" \/>\n<link rel=\"canonical\" href=\"https:\/\/www.urlaubcornwall.de\/blog\/cottage-newquay-meer-mieten-nr-3820\/\" \/>\n<meta property=\"og:locale\" content=\"en_US\" \/>\n<meta property=\"og:type\" content=\"article\" \/>\n<meta property=\"og:title\" content=\"Cottage in Newquay am Meer mieten - Nr 3820 - Urlaub &amp; Reisen\" \/>\n<meta property=\"og:description\" content=\"Ferienhaus strandnah 2.7 kilometern SW von Newquay, Nordk\u00fcste Cornwall. 3 Schlafzimmer, leider keine Haustiere erlaubt, Schlafplatz f\u00fcr 6 + Kinderbett, An-\/Abreisetag am Freitag | Preis pro Woche \u00a3648 &#8211; \u00a31620 Crantock Strand ist eine lange Strecke von goldenem Sand mit sch\u00fctzenden D\u00fcnen, ideal f\u00fcr Sandburgen und Surfen. Das malerische Crantock Village ist ein freundlicher Ort [&hellip;]\" \/>\n<meta property=\"og:url\" content=\"https:\/\/www.urlaubcornwall.de\/blog\/cottage-newquay-meer-mieten-nr-3820\/\" \/>\n<meta property=\"og:site_name\" content=\"Urlaub &amp; Reisen\" \/>\n<meta property=\"article:modified_time\" content=\"2021-09-02T08:49:39+00:00\" \/>\n<meta property=\"og:image\" content=\"https:\/\/www.urlaubcornwall.de\/blog\/wp-content\/uploads\/2018\/01\/cottage-am-meer-newquay.jpg\" \/>\n<meta name=\"twitter:card\" content=\"summary\" \/>\n<meta name=\"twitter:label1\" content=\"Est. reading time\" \/>\n\t<meta name=\"twitter:data1\" content=\"1 minute\" \/>\n<script type=\"application\/ld+json\" class=\"yoast-schema-graph\">{\"@context\":\"https:\/\/schema.org\",\"@graph\":[{\"@type\":\"WebSite\",\"@id\":\"https:\/\/www.urlaubcornwall.de\/blog\/#website\",\"url\":\"https:\/\/www.urlaubcornwall.de\/blog\/\",\"name\":\"Urlaub &amp; Reisen\",\"description\":\"Urlaub, Reisen, Cornwall und S\u00fcdengland: eine perfekte Kombination\",\"potentialAction\":[{\"@type\":\"SearchAction\",\"target\":{\"@type\":\"EntryPoint\",\"urlTemplate\":\"https:\/\/www.urlaubcornwall.de\/blog\/?s={search_term_string}\"},\"query-input\":\"required name=search_term_string\"}],\"inLanguage\":\"en-US\"},{\"@type\":\"WebPage\",\"@id\":\"https:\/\/www.urlaubcornwall.de\/blog\/cottage-newquay-meer-mieten-nr-3820\/\",\"url\":\"https:\/\/www.urlaubcornwall.de\/blog\/cottage-newquay-meer-mieten-nr-3820\/\",\"name\":\"Cottage in Newquay am Meer mieten - Nr 3820 - Urlaub &amp; Reisen\",\"isPartOf\":{\"@id\":\"https:\/\/www.urlaubcornwall.de\/blog\/#website\"},\"datePublished\":\"2018-01-22T15:28:20+00:00\",\"dateModified\":\"2021-09-02T08:49:39+00:00\",\"breadcrumb\":{\"@id\":\"https:\/\/www.urlaubcornwall.de\/blog\/cottage-newquay-meer-mieten-nr-3820\/#breadcrumb\"},\"inLanguage\":\"en-US\",\"potentialAction\":[{\"@type\":\"ReadAction\",\"target\":[\"https:\/\/www.urlaubcornwall.de\/blog\/cottage-newquay-meer-mieten-nr-3820\/\"]}]},{\"@type\":\"BreadcrumbList\",\"@id\":\"https:\/\/www.urlaubcornwall.de\/blog\/cottage-newquay-meer-mieten-nr-3820\/#breadcrumb\",\"itemListElement\":[{\"@type\":\"ListItem\",\"position\":1,\"name\":\"Home\",\"item\":\"https:\/\/www.urlaubcornwall.de\/blog\/\"},{\"@type\":\"ListItem\",\"position\":2,\"name\":\"Cottage in Newquay am Meer mieten &#8211; Nr 3820\"}]}]}<\/script>\n<!-- \/ Yoast SEO plugin. -->","yoast_head_json":{"title":"Cottage in Newquay am Meer mieten - Nr 3820 - Urlaub &amp; Reisen","robots":{"index":"index","follow":"follow","max-snippet":"max-snippet:-1","max-image-preview":"max-image-preview:large","max-video-preview":"max-video-preview:-1"},"canonical":"https:\/\/www.urlaubcornwall.de\/blog\/cottage-newquay-meer-mieten-nr-3820\/","og_locale":"en_US","og_type":"article","og_title":"Cottage in Newquay am Meer mieten - Nr 3820 - Urlaub &amp; Reisen","og_description":"Ferienhaus strandnah 2.7 kilometern SW von Newquay, Nordk\u00fcste Cornwall. 3 Schlafzimmer, leider keine Haustiere erlaubt, Schlafplatz f\u00fcr 6 + Kinderbett, An-\/Abreisetag am Freitag | Preis pro Woche \u00a3648 &#8211; \u00a31620 Crantock Strand ist eine lange Strecke von goldenem Sand mit sch\u00fctzenden D\u00fcnen, ideal f\u00fcr Sandburgen und Surfen. Das malerische Crantock Village ist ein freundlicher Ort [&hellip;]","og_url":"https:\/\/www.urlaubcornwall.de\/blog\/cottage-newquay-meer-mieten-nr-3820\/","og_site_name":"Urlaub &amp; Reisen","article_modified_time":"2021-09-02T08:49:39+00:00","og_image":[{"url":"https:\/\/www.urlaubcornwall.de\/blog\/wp-content\/uploads\/2018\/01\/cottage-am-meer-newquay.jpg"}],"twitter_card":"summary","twitter_misc":{"Est. reading time":"1 minute"},"schema":{"@context":"https:\/\/schema.org","@graph":[{"@type":"WebSite","@id":"https:\/\/www.urlaubcornwall.de\/blog\/#website","url":"https:\/\/www.urlaubcornwall.de\/blog\/","name":"Urlaub &amp; Reisen","description":"Urlaub, Reisen, Cornwall und S\u00fcdengland: eine perfekte Kombination","potentialAction":[{"@type":"SearchAction","target":{"@type":"EntryPoint","urlTemplate":"https:\/\/www.urlaubcornwall.de\/blog\/?s={search_term_string}"},"query-input":"required name=search_term_string"}],"inLanguage":"en-US"},{"@type":"WebPage","@id":"https:\/\/www.urlaubcornwall.de\/blog\/cottage-newquay-meer-mieten-nr-3820\/","url":"https:\/\/www.urlaubcornwall.de\/blog\/cottage-newquay-meer-mieten-nr-3820\/","name":"Cottage in Newquay am Meer mieten - Nr 3820 - Urlaub &amp; Reisen","isPartOf":{"@id":"https:\/\/www.urlaubcornwall.de\/blog\/#website"},"datePublished":"2018-01-22T15:28:20+00:00","dateModified":"2021-09-02T08:49:39+00:00","breadcrumb":{"@id":"https:\/\/www.urlaubcornwall.de\/blog\/cottage-newquay-meer-mieten-nr-3820\/#breadcrumb"},"inLanguage":"en-US","potentialAction":[{"@type":"ReadAction","target":["https:\/\/www.urlaubcornwall.de\/blog\/cottage-newquay-meer-mieten-nr-3820\/"]}]},{"@type":"BreadcrumbList","@id":"https:\/\/www.urlaubcornwall.de\/blog\/cottage-newquay-meer-mieten-nr-3820\/#breadcrumb","itemListElement":[{"@type":"ListItem","position":1,"name":"Home","item":"https:\/\/www.urlaubcornwall.de\/blog\/"},{"@type":"ListItem","position":2,"name":"Cottage in Newquay am Meer mieten &#8211; Nr 3820"}]}]}},"_links":{"self":[{"href":"https:\/\/www.urlaubcornwall.de\/blog\/wp-json\/wp\/v2\/pages\/32034"}],"collection":[{"href":"https:\/\/www.urlaubcornwall.de\/blog\/wp-json\/wp\/v2\/pages"}],"about":[{"href":"https:\/\/www.urlaubcornwall.de\/blog\/wp-json\/wp\/v2\/types\/page"}],"author":[{"embeddable":true,"href":"https:\/\/www.urlaubcornwall.de\/blog\/wp-json\/wp\/v2\/users\/1"}],"replies":[{"embeddable":true,"href":"https:\/\/www.urlaubcornwall.de\/blog\/wp-json\/wp\/v2\/comments?post=32034"}],"version-history":[{"count":3,"href":"https:\/\/www.urlaubcornwall.de\/blog\/wp-json\/wp\/v2\/pages\/32034\/revisions"}],"predecessor-version":[{"id":42396,"href":"https:\/\/www.urlaubcornwall.de\/blog\/wp-json\/wp\/v2\/pages\/32034\/revisions\/42396"}],"wp:attachment":[{"href":"https:\/\/www.urlaubcornwall.de\/blog\/wp-json\/wp\/v2\/media?parent=32034"}],"curies":[{"name":"wp","href":"https:\/\/api.w.org\/{rel}","templated":true}]}}