{"id":32031,"date":"2018-01-22T15:16:50","date_gmt":"2018-01-22T15:16:50","guid":{"rendered":"https:\/\/www.urlaubcornwall.de\/blog\/?page_id=32031"},"modified":"2021-08-13T09:06:20","modified_gmt":"2021-08-13T09:06:20","slug":"cottage-cadgwith-meer-mieten-nr-78","status":"publish","type":"page","link":"https:\/\/www.urlaubcornwall.de\/blog\/cottage-cadgwith-meer-mieten-nr-78\/","title":{"rendered":"Cottage in Cadgwith am Meer Mieten &#8211; Nr 78"},"content":{"rendered":"<p><img loading=\"lazy\" class=\"aligncenter size-full wp-image-32035\" src=\"https:\/\/www.urlaubcornwall.de\/blog\/wp-content\/uploads\/2018\/01\/cottage-cadgwith-am-meer.jpg\" alt=\"cottage cadgwith am meer\" width=\"741\" height=\"494\" srcset=\"https:\/\/www.urlaubcornwall.de\/blog\/wp-content\/uploads\/2018\/01\/cottage-cadgwith-am-meer.jpg 741w, https:\/\/www.urlaubcornwall.de\/blog\/wp-content\/uploads\/2018\/01\/cottage-cadgwith-am-meer-300x200.jpg 300w\" sizes=\"(max-width: 741px) 100vw, 741px\" \/><\/p>\n<p><strong>Ferienhaus mit Meerblick Cadgwith, S\u00fcdwest-Cornwall.<\/strong><\/p>\n<p>1 Schlafzimmer, leider keine Haustiere erlaubt, Schlafplatz f\u00fcr 2, An-\/Abreisetag am Sonntag, Preis pro Woche \u00a3397 &#8211; \u00a3750<\/p>\n<p>Dieses gem\u00fctliche kleine Ferienhaus liegt buchst\u00e4blich am Rande der K\u00fcste von Cadgwith, ein paar Schritte oberhalb des Strandes mit Blick auf das Meer. Viele Stunden k\u00f6nnen damit verbracht werden, die Wellen am Ufer zu beobachten. In relativer Privatsph\u00e4re, etwas abseits von der Hektik des Strandes und Dorf, ist dieser reizvolle R\u00fcckzugsort der perfekte Ort, um zu entspannen und alle lokalen Sehensw\u00fcrdigkeiten und Kl\u00e4nge zu absorbieren. Die Glast\u00fcren des Wohnzimmers rahmen die herrliche Aussicht ein und Ihre eigene Terrasse befindet sich direkt vor der T\u00fcr. Die kompakte K\u00fcche ist gut ausgestattet und im gesamten Haus sind Originalgem\u00e4lde des Besitzers, eines bekannten K\u00fcnstlers. Parken ist auf dem \u00f6ffentlichen Parkplatz, f\u00fcnf Minuten bergauf zu Fu\u00df entfernt&#8230;&#8230;.<\/p>\n<p style=\"text-align: center;\"><a class=\"tidycta\" href=\"https:\/\/www.urlaubcornwall.de\/ferienhaeuser-fewos\/unterkunft\/Classic\/78-beach-cottage.html\">Details ansehen<\/a><\/p>\n<p style=\"text-align: center;\">Pers\u00f6nlich inspizierte Ferienh\u00e4user und Ferienwohnungen in Cornwall f\u00fcr Ihren Urlaub.<\/p>\n<p style=\"text-align: center;\"><a href=\"https:\/\/www.urlaubcornwall.de\/ferienhaeuser-fewos\/cadgwith-am-meer.html\"><strong>\u00dcber 20 Ferienh\u00e4user, Cottages &amp; Ferienwohnungen in Cadgwith am Meer. <\/strong><\/a><\/p>\n","protected":false},"excerpt":{"rendered":"<p>Ferienhaus mit Meerblick Cadgwith, S\u00fcdwest-Cornwall. 1 Schlafzimmer, leider keine Haustiere erlaubt, Schlafplatz f\u00fcr 2, An-\/Abreisetag am Sonntag, Preis pro Woche \u00a3397 &#8211; \u00a3750 Dieses gem\u00fctliche kleine Ferienhaus liegt buchst\u00e4blich am Rande der K\u00fcste von Cadgwith, ein paar Schritte oberhalb des Strandes mit Blick auf das Meer. Viele Stunden k\u00f6nnen damit verbracht werden, die Wellen am [&hellip;]<\/p>\n","protected":false},"author":1,"featured_media":0,"parent":0,"menu_order":0,"comment_status":"closed","ping_status":"closed","template":"single-four.php","meta":[],"acf":[],"yoast_head":"<!-- This site is optimized with the Yoast SEO plugin v19.4 - https:\/\/yoast.com\/wordpress\/plugins\/seo\/ -->\n<title>Cottage in Cadgwith am Meer Mieten - Nr 78 - Urlaub &amp; Reisen<\/title>\n<meta name=\"robots\" content=\"index, follow, max-snippet:-1, max-image-preview:large, max-video-preview:-1\" \/>\n<link rel=\"canonical\" href=\"https:\/\/www.urlaubcornwall.de\/blog\/cottage-cadgwith-meer-mieten-nr-78\/\" \/>\n<meta property=\"og:locale\" content=\"en_US\" \/>\n<meta property=\"og:type\" content=\"article\" \/>\n<meta property=\"og:title\" content=\"Cottage in Cadgwith am Meer Mieten - Nr 78 - Urlaub &amp; Reisen\" \/>\n<meta property=\"og:description\" content=\"Ferienhaus mit Meerblick Cadgwith, S\u00fcdwest-Cornwall. 1 Schlafzimmer, leider keine Haustiere erlaubt, Schlafplatz f\u00fcr 2, An-\/Abreisetag am Sonntag, Preis pro Woche \u00a3397 &#8211; \u00a3750 Dieses gem\u00fctliche kleine Ferienhaus liegt buchst\u00e4blich am Rande der K\u00fcste von Cadgwith, ein paar Schritte oberhalb des Strandes mit Blick auf das Meer. Viele Stunden k\u00f6nnen damit verbracht werden, die Wellen am [&hellip;]\" \/>\n<meta property=\"og:url\" content=\"https:\/\/www.urlaubcornwall.de\/blog\/cottage-cadgwith-meer-mieten-nr-78\/\" \/>\n<meta property=\"og:site_name\" content=\"Urlaub &amp; Reisen\" \/>\n<meta property=\"article:modified_time\" content=\"2021-08-13T09:06:20+00:00\" \/>\n<meta property=\"og:image\" content=\"https:\/\/www.urlaubcornwall.de\/blog\/wp-content\/uploads\/2018\/01\/cottage-cadgwith-am-meer.jpg\" \/>\n<meta name=\"twitter:card\" content=\"summary\" \/>\n<meta name=\"twitter:label1\" content=\"Est. reading time\" \/>\n\t<meta name=\"twitter:data1\" content=\"1 minute\" \/>\n<script type=\"application\/ld+json\" class=\"yoast-schema-graph\">{\"@context\":\"https:\/\/schema.org\",\"@graph\":[{\"@type\":\"WebSite\",\"@id\":\"https:\/\/www.urlaubcornwall.de\/blog\/#website\",\"url\":\"https:\/\/www.urlaubcornwall.de\/blog\/\",\"name\":\"Urlaub &amp; Reisen\",\"description\":\"Urlaub, Reisen, Cornwall und S\u00fcdengland: eine perfekte Kombination\",\"potentialAction\":[{\"@type\":\"SearchAction\",\"target\":{\"@type\":\"EntryPoint\",\"urlTemplate\":\"https:\/\/www.urlaubcornwall.de\/blog\/?s={search_term_string}\"},\"query-input\":\"required name=search_term_string\"}],\"inLanguage\":\"en-US\"},{\"@type\":\"WebPage\",\"@id\":\"https:\/\/www.urlaubcornwall.de\/blog\/cottage-cadgwith-meer-mieten-nr-78\/\",\"url\":\"https:\/\/www.urlaubcornwall.de\/blog\/cottage-cadgwith-meer-mieten-nr-78\/\",\"name\":\"Cottage in Cadgwith am Meer Mieten - Nr 78 - Urlaub &amp; Reisen\",\"isPartOf\":{\"@id\":\"https:\/\/www.urlaubcornwall.de\/blog\/#website\"},\"datePublished\":\"2018-01-22T15:16:50+00:00\",\"dateModified\":\"2021-08-13T09:06:20+00:00\",\"breadcrumb\":{\"@id\":\"https:\/\/www.urlaubcornwall.de\/blog\/cottage-cadgwith-meer-mieten-nr-78\/#breadcrumb\"},\"inLanguage\":\"en-US\",\"potentialAction\":[{\"@type\":\"ReadAction\",\"target\":[\"https:\/\/www.urlaubcornwall.de\/blog\/cottage-cadgwith-meer-mieten-nr-78\/\"]}]},{\"@type\":\"BreadcrumbList\",\"@id\":\"https:\/\/www.urlaubcornwall.de\/blog\/cottage-cadgwith-meer-mieten-nr-78\/#breadcrumb\",\"itemListElement\":[{\"@type\":\"ListItem\",\"position\":1,\"name\":\"Home\",\"item\":\"https:\/\/www.urlaubcornwall.de\/blog\/\"},{\"@type\":\"ListItem\",\"position\":2,\"name\":\"Cottage in Cadgwith am Meer Mieten &#8211; Nr 78\"}]}]}<\/script>\n<!-- \/ Yoast SEO plugin. -->","yoast_head_json":{"title":"Cottage in Cadgwith am Meer Mieten - Nr 78 - Urlaub &amp; Reisen","robots":{"index":"index","follow":"follow","max-snippet":"max-snippet:-1","max-image-preview":"max-image-preview:large","max-video-preview":"max-video-preview:-1"},"canonical":"https:\/\/www.urlaubcornwall.de\/blog\/cottage-cadgwith-meer-mieten-nr-78\/","og_locale":"en_US","og_type":"article","og_title":"Cottage in Cadgwith am Meer Mieten - Nr 78 - Urlaub &amp; Reisen","og_description":"Ferienhaus mit Meerblick Cadgwith, S\u00fcdwest-Cornwall. 1 Schlafzimmer, leider keine Haustiere erlaubt, Schlafplatz f\u00fcr 2, An-\/Abreisetag am Sonntag, Preis pro Woche \u00a3397 &#8211; \u00a3750 Dieses gem\u00fctliche kleine Ferienhaus liegt buchst\u00e4blich am Rande der K\u00fcste von Cadgwith, ein paar Schritte oberhalb des Strandes mit Blick auf das Meer. Viele Stunden k\u00f6nnen damit verbracht werden, die Wellen am [&hellip;]","og_url":"https:\/\/www.urlaubcornwall.de\/blog\/cottage-cadgwith-meer-mieten-nr-78\/","og_site_name":"Urlaub &amp; Reisen","article_modified_time":"2021-08-13T09:06:20+00:00","og_image":[{"url":"https:\/\/www.urlaubcornwall.de\/blog\/wp-content\/uploads\/2018\/01\/cottage-cadgwith-am-meer.jpg"}],"twitter_card":"summary","twitter_misc":{"Est. reading time":"1 minute"},"schema":{"@context":"https:\/\/schema.org","@graph":[{"@type":"WebSite","@id":"https:\/\/www.urlaubcornwall.de\/blog\/#website","url":"https:\/\/www.urlaubcornwall.de\/blog\/","name":"Urlaub &amp; Reisen","description":"Urlaub, Reisen, Cornwall und S\u00fcdengland: eine perfekte Kombination","potentialAction":[{"@type":"SearchAction","target":{"@type":"EntryPoint","urlTemplate":"https:\/\/www.urlaubcornwall.de\/blog\/?s={search_term_string}"},"query-input":"required name=search_term_string"}],"inLanguage":"en-US"},{"@type":"WebPage","@id":"https:\/\/www.urlaubcornwall.de\/blog\/cottage-cadgwith-meer-mieten-nr-78\/","url":"https:\/\/www.urlaubcornwall.de\/blog\/cottage-cadgwith-meer-mieten-nr-78\/","name":"Cottage in Cadgwith am Meer Mieten - Nr 78 - Urlaub &amp; Reisen","isPartOf":{"@id":"https:\/\/www.urlaubcornwall.de\/blog\/#website"},"datePublished":"2018-01-22T15:16:50+00:00","dateModified":"2021-08-13T09:06:20+00:00","breadcrumb":{"@id":"https:\/\/www.urlaubcornwall.de\/blog\/cottage-cadgwith-meer-mieten-nr-78\/#breadcrumb"},"inLanguage":"en-US","potentialAction":[{"@type":"ReadAction","target":["https:\/\/www.urlaubcornwall.de\/blog\/cottage-cadgwith-meer-mieten-nr-78\/"]}]},{"@type":"BreadcrumbList","@id":"https:\/\/www.urlaubcornwall.de\/blog\/cottage-cadgwith-meer-mieten-nr-78\/#breadcrumb","itemListElement":[{"@type":"ListItem","position":1,"name":"Home","item":"https:\/\/www.urlaubcornwall.de\/blog\/"},{"@type":"ListItem","position":2,"name":"Cottage in Cadgwith am Meer Mieten &#8211; Nr 78"}]}]}},"_links":{"self":[{"href":"https:\/\/www.urlaubcornwall.de\/blog\/wp-json\/wp\/v2\/pages\/32031"}],"collection":[{"href":"https:\/\/www.urlaubcornwall.de\/blog\/wp-json\/wp\/v2\/pages"}],"about":[{"href":"https:\/\/www.urlaubcornwall.de\/blog\/wp-json\/wp\/v2\/types\/page"}],"author":[{"embeddable":true,"href":"https:\/\/www.urlaubcornwall.de\/blog\/wp-json\/wp\/v2\/users\/1"}],"replies":[{"embeddable":true,"href":"https:\/\/www.urlaubcornwall.de\/blog\/wp-json\/wp\/v2\/comments?post=32031"}],"version-history":[{"count":4,"href":"https:\/\/www.urlaubcornwall.de\/blog\/wp-json\/wp\/v2\/pages\/32031\/revisions"}],"predecessor-version":[{"id":42209,"href":"https:\/\/www.urlaubcornwall.de\/blog\/wp-json\/wp\/v2\/pages\/32031\/revisions\/42209"}],"wp:attachment":[{"href":"https:\/\/www.urlaubcornwall.de\/blog\/wp-json\/wp\/v2\/media?parent=32031"}],"curies":[{"name":"wp","href":"https:\/\/api.w.org\/{rel}","templated":true}]}}