{"id":32025,"date":"2018-01-22T14:11:56","date_gmt":"2018-01-22T14:11:56","guid":{"rendered":"https:\/\/www.urlaubcornwall.de\/blog\/?page_id=32025"},"modified":"2021-09-02T08:51:50","modified_gmt":"2021-09-02T08:51:50","slug":"cottage-lands-end-meer-sennen-cove","status":"publish","type":"page","link":"https:\/\/www.urlaubcornwall.de\/blog\/cottage-lands-end-meer-sennen-cove\/","title":{"rendered":"Cottage Lands End am Meer &#8211; Sennen Cove"},"content":{"rendered":"<p><img loading=\"lazy\" class=\"aligncenter size-full wp-image-32026\" src=\"https:\/\/www.urlaubcornwall.de\/blog\/wp-content\/uploads\/2018\/01\/cottage-lands-am-meer-meerblick.jpg\" alt=\"cottage lands am meer meerblick\" width=\"741\" height=\"494\" srcset=\"https:\/\/www.urlaubcornwall.de\/blog\/wp-content\/uploads\/2018\/01\/cottage-lands-am-meer-meerblick.jpg 741w, https:\/\/www.urlaubcornwall.de\/blog\/wp-content\/uploads\/2018\/01\/cottage-lands-am-meer-meerblick-300x200.jpg 300w\" sizes=\"(max-width: 741px) 100vw, 741px\" \/><\/p>\n<p><strong>Ferienhaus mit Meerblick Sennen, West-Cornwall.<\/strong><\/p>\n<p>2 Schlafzimmer, leider keine Haustiere erlaubt, Schlafplatz f\u00fcr 4, An-\/Abreisetag am Freitag, Preis pro Woche \u00a3589 &#8211; \u00a31281<\/p>\n<p>Der perfekte Strandurlaub &#8211; Sonne, Meer und <a href=\"https:\/\/www.urlaubcornwall.de\/ferienhaeuser-fewos\/sennen.html\">Sennen<\/a>! Little Cottage ist ein strohgedecktes Fischerh\u00e4uschen mit gro\u00dfem Charakter, eingebettet im Herzen dieses malerischen Dorfes in der N\u00e4he des Hafens. Herrlicher Meerblick \u00fcber Whitesand Bay, dieses attraktive Cottage wurde renoviert, um einen romantischen R\u00fcckzugsort oder einen Familienurlaub zu bieten. Nehmen Sie Klippen Wanderungen (der Fu\u00dfweg zu Land&#8217;s End ist nur 20 Meter von Ihrer T\u00fcr), oder einen Tag am herrlichen Strand Surfen. Vom Wohnzimmer, dem Zweibettzimmer und der K\u00fcche \/ Esszimmer aus haben Sie Meerblick&#8230;.<\/p>\n<p style=\"text-align: center;\"><a class=\"tidycta\" href=\"https:\/\/www.urlaubcornwall.de\/ferienhaeuser-fewos\/lands-end-am-meer.html\">Ferienh\u00e4user Land&#8217;s End<\/a><\/p>\n<p><strong>Um UrlaubCornwall.de einzigartige Kollektion nach Ihrem idealen Ferienhaus zu durchsuchen.<\/strong> <a href=\"https:\/\/www.urlaubcornwall.de\/ferienhaeuser\/cornwall.php\"><span style=\"text-decoration: underline;\"><strong>Klicken Sie hier<\/strong><\/span><strong> &gt;&gt;<\/strong><\/a><\/p>\n","protected":false},"excerpt":{"rendered":"<p>Ferienhaus mit Meerblick Sennen, West-Cornwall. 2 Schlafzimmer, leider keine Haustiere erlaubt, Schlafplatz f\u00fcr 4, An-\/Abreisetag am Freitag, Preis pro Woche \u00a3589 &#8211; \u00a31281 Der perfekte Strandurlaub &#8211; Sonne, Meer und Sennen! Little Cottage ist ein strohgedecktes Fischerh\u00e4uschen mit gro\u00dfem Charakter, eingebettet im Herzen dieses malerischen Dorfes in der N\u00e4he des Hafens. Herrlicher Meerblick \u00fcber Whitesand [&hellip;]<\/p>\n","protected":false},"author":1,"featured_media":0,"parent":0,"menu_order":0,"comment_status":"closed","ping_status":"closed","template":"single-four.php","meta":[],"acf":[],"yoast_head":"<!-- This site is optimized with the Yoast SEO plugin v19.4 - https:\/\/yoast.com\/wordpress\/plugins\/seo\/ -->\n<title>Cottage Lands End am Meer - Sennen Cove - Urlaub &amp; Reisen<\/title>\n<meta name=\"robots\" content=\"index, follow, max-snippet:-1, max-image-preview:large, max-video-preview:-1\" \/>\n<link rel=\"canonical\" href=\"https:\/\/www.urlaubcornwall.de\/blog\/cottage-lands-end-meer-sennen-cove\/\" \/>\n<meta property=\"og:locale\" content=\"en_US\" \/>\n<meta property=\"og:type\" content=\"article\" \/>\n<meta property=\"og:title\" content=\"Cottage Lands End am Meer - Sennen Cove - Urlaub &amp; Reisen\" \/>\n<meta property=\"og:description\" content=\"Ferienhaus mit Meerblick Sennen, West-Cornwall. 2 Schlafzimmer, leider keine Haustiere erlaubt, Schlafplatz f\u00fcr 4, An-\/Abreisetag am Freitag, Preis pro Woche \u00a3589 &#8211; \u00a31281 Der perfekte Strandurlaub &#8211; Sonne, Meer und Sennen! Little Cottage ist ein strohgedecktes Fischerh\u00e4uschen mit gro\u00dfem Charakter, eingebettet im Herzen dieses malerischen Dorfes in der N\u00e4he des Hafens. Herrlicher Meerblick \u00fcber Whitesand [&hellip;]\" \/>\n<meta property=\"og:url\" content=\"https:\/\/www.urlaubcornwall.de\/blog\/cottage-lands-end-meer-sennen-cove\/\" \/>\n<meta property=\"og:site_name\" content=\"Urlaub &amp; Reisen\" \/>\n<meta property=\"article:modified_time\" content=\"2021-09-02T08:51:50+00:00\" \/>\n<meta property=\"og:image\" content=\"https:\/\/www.urlaubcornwall.de\/blog\/wp-content\/uploads\/2018\/01\/cottage-lands-am-meer-meerblick.jpg\" \/>\n<meta name=\"twitter:card\" content=\"summary\" \/>\n<meta name=\"twitter:label1\" content=\"Est. reading time\" \/>\n\t<meta name=\"twitter:data1\" content=\"1 minute\" \/>\n<script type=\"application\/ld+json\" class=\"yoast-schema-graph\">{\"@context\":\"https:\/\/schema.org\",\"@graph\":[{\"@type\":\"WebSite\",\"@id\":\"https:\/\/www.urlaubcornwall.de\/blog\/#website\",\"url\":\"https:\/\/www.urlaubcornwall.de\/blog\/\",\"name\":\"Urlaub &amp; Reisen\",\"description\":\"Urlaub, Reisen, Cornwall und S\u00fcdengland: eine perfekte Kombination\",\"potentialAction\":[{\"@type\":\"SearchAction\",\"target\":{\"@type\":\"EntryPoint\",\"urlTemplate\":\"https:\/\/www.urlaubcornwall.de\/blog\/?s={search_term_string}\"},\"query-input\":\"required name=search_term_string\"}],\"inLanguage\":\"en-US\"},{\"@type\":\"WebPage\",\"@id\":\"https:\/\/www.urlaubcornwall.de\/blog\/cottage-lands-end-meer-sennen-cove\/\",\"url\":\"https:\/\/www.urlaubcornwall.de\/blog\/cottage-lands-end-meer-sennen-cove\/\",\"name\":\"Cottage Lands End am Meer - Sennen Cove - Urlaub &amp; Reisen\",\"isPartOf\":{\"@id\":\"https:\/\/www.urlaubcornwall.de\/blog\/#website\"},\"datePublished\":\"2018-01-22T14:11:56+00:00\",\"dateModified\":\"2021-09-02T08:51:50+00:00\",\"breadcrumb\":{\"@id\":\"https:\/\/www.urlaubcornwall.de\/blog\/cottage-lands-end-meer-sennen-cove\/#breadcrumb\"},\"inLanguage\":\"en-US\",\"potentialAction\":[{\"@type\":\"ReadAction\",\"target\":[\"https:\/\/www.urlaubcornwall.de\/blog\/cottage-lands-end-meer-sennen-cove\/\"]}]},{\"@type\":\"BreadcrumbList\",\"@id\":\"https:\/\/www.urlaubcornwall.de\/blog\/cottage-lands-end-meer-sennen-cove\/#breadcrumb\",\"itemListElement\":[{\"@type\":\"ListItem\",\"position\":1,\"name\":\"Home\",\"item\":\"https:\/\/www.urlaubcornwall.de\/blog\/\"},{\"@type\":\"ListItem\",\"position\":2,\"name\":\"Cottage Lands End am Meer &#8211; Sennen Cove\"}]}]}<\/script>\n<!-- \/ Yoast SEO plugin. -->","yoast_head_json":{"title":"Cottage Lands End am Meer - Sennen Cove - Urlaub &amp; Reisen","robots":{"index":"index","follow":"follow","max-snippet":"max-snippet:-1","max-image-preview":"max-image-preview:large","max-video-preview":"max-video-preview:-1"},"canonical":"https:\/\/www.urlaubcornwall.de\/blog\/cottage-lands-end-meer-sennen-cove\/","og_locale":"en_US","og_type":"article","og_title":"Cottage Lands End am Meer - Sennen Cove - Urlaub &amp; Reisen","og_description":"Ferienhaus mit Meerblick Sennen, West-Cornwall. 2 Schlafzimmer, leider keine Haustiere erlaubt, Schlafplatz f\u00fcr 4, An-\/Abreisetag am Freitag, Preis pro Woche \u00a3589 &#8211; \u00a31281 Der perfekte Strandurlaub &#8211; Sonne, Meer und Sennen! Little Cottage ist ein strohgedecktes Fischerh\u00e4uschen mit gro\u00dfem Charakter, eingebettet im Herzen dieses malerischen Dorfes in der N\u00e4he des Hafens. Herrlicher Meerblick \u00fcber Whitesand [&hellip;]","og_url":"https:\/\/www.urlaubcornwall.de\/blog\/cottage-lands-end-meer-sennen-cove\/","og_site_name":"Urlaub &amp; Reisen","article_modified_time":"2021-09-02T08:51:50+00:00","og_image":[{"url":"https:\/\/www.urlaubcornwall.de\/blog\/wp-content\/uploads\/2018\/01\/cottage-lands-am-meer-meerblick.jpg"}],"twitter_card":"summary","twitter_misc":{"Est. reading time":"1 minute"},"schema":{"@context":"https:\/\/schema.org","@graph":[{"@type":"WebSite","@id":"https:\/\/www.urlaubcornwall.de\/blog\/#website","url":"https:\/\/www.urlaubcornwall.de\/blog\/","name":"Urlaub &amp; Reisen","description":"Urlaub, Reisen, Cornwall und S\u00fcdengland: eine perfekte Kombination","potentialAction":[{"@type":"SearchAction","target":{"@type":"EntryPoint","urlTemplate":"https:\/\/www.urlaubcornwall.de\/blog\/?s={search_term_string}"},"query-input":"required name=search_term_string"}],"inLanguage":"en-US"},{"@type":"WebPage","@id":"https:\/\/www.urlaubcornwall.de\/blog\/cottage-lands-end-meer-sennen-cove\/","url":"https:\/\/www.urlaubcornwall.de\/blog\/cottage-lands-end-meer-sennen-cove\/","name":"Cottage Lands End am Meer - Sennen Cove - Urlaub &amp; Reisen","isPartOf":{"@id":"https:\/\/www.urlaubcornwall.de\/blog\/#website"},"datePublished":"2018-01-22T14:11:56+00:00","dateModified":"2021-09-02T08:51:50+00:00","breadcrumb":{"@id":"https:\/\/www.urlaubcornwall.de\/blog\/cottage-lands-end-meer-sennen-cove\/#breadcrumb"},"inLanguage":"en-US","potentialAction":[{"@type":"ReadAction","target":["https:\/\/www.urlaubcornwall.de\/blog\/cottage-lands-end-meer-sennen-cove\/"]}]},{"@type":"BreadcrumbList","@id":"https:\/\/www.urlaubcornwall.de\/blog\/cottage-lands-end-meer-sennen-cove\/#breadcrumb","itemListElement":[{"@type":"ListItem","position":1,"name":"Home","item":"https:\/\/www.urlaubcornwall.de\/blog\/"},{"@type":"ListItem","position":2,"name":"Cottage Lands End am Meer &#8211; Sennen Cove"}]}]}},"_links":{"self":[{"href":"https:\/\/www.urlaubcornwall.de\/blog\/wp-json\/wp\/v2\/pages\/32025"}],"collection":[{"href":"https:\/\/www.urlaubcornwall.de\/blog\/wp-json\/wp\/v2\/pages"}],"about":[{"href":"https:\/\/www.urlaubcornwall.de\/blog\/wp-json\/wp\/v2\/types\/page"}],"author":[{"embeddable":true,"href":"https:\/\/www.urlaubcornwall.de\/blog\/wp-json\/wp\/v2\/users\/1"}],"replies":[{"embeddable":true,"href":"https:\/\/www.urlaubcornwall.de\/blog\/wp-json\/wp\/v2\/comments?post=32025"}],"version-history":[{"count":4,"href":"https:\/\/www.urlaubcornwall.de\/blog\/wp-json\/wp\/v2\/pages\/32025\/revisions"}],"predecessor-version":[{"id":42398,"href":"https:\/\/www.urlaubcornwall.de\/blog\/wp-json\/wp\/v2\/pages\/32025\/revisions\/42398"}],"wp:attachment":[{"href":"https:\/\/www.urlaubcornwall.de\/blog\/wp-json\/wp\/v2\/media?parent=32025"}],"curies":[{"name":"wp","href":"https:\/\/api.w.org\/{rel}","templated":true}]}}