{"id":32021,"date":"2018-01-22T13:01:12","date_gmt":"2018-01-22T13:01:12","guid":{"rendered":"https:\/\/www.urlaubcornwall.de\/blog\/?page_id=32021"},"modified":"2021-07-12T08:32:13","modified_gmt":"2021-07-12T08:32:13","slug":"cottage-falmouth-meer-nr-3727","status":"publish","type":"page","link":"https:\/\/www.urlaubcornwall.de\/blog\/cottage-falmouth-meer-nr-3727\/","title":{"rendered":"Cottage in Falmouth am Meer &#8211; Nr 3727"},"content":{"rendered":"<p><img loading=\"lazy\" class=\"aligncenter size-full wp-image-32023\" src=\"https:\/\/www.urlaubcornwall.de\/blog\/wp-content\/uploads\/2018\/01\/cottage-falmouth-am-meer-strandnah.jpg\" alt=\"cottage falmouth am meer strandnah\" width=\"751\" height=\"425\" srcset=\"https:\/\/www.urlaubcornwall.de\/blog\/wp-content\/uploads\/2018\/01\/cottage-falmouth-am-meer-strandnah.jpg 751w, https:\/\/www.urlaubcornwall.de\/blog\/wp-content\/uploads\/2018\/01\/cottage-falmouth-am-meer-strandnah-300x170.jpg 300w\" sizes=\"(max-width: 751px) 100vw, 751px\" \/><\/p>\n<p><strong>Ferienhaus strandnah Falmouth, S\u00fcdk\u00fcste Cornwall.<\/strong><\/p>\n<p>Schlafplatz f\u00fcr 8 + Kinderbett, 4 Schlafzimmer, hundefreundlich,&nbsp;An-\/Abreisetag am Freitag, Preis pro Woche \u00a3549 &#8211; \u00a31830<\/p>\n<p>In einer wundersch\u00f6nen Lage hinter dem Swanpool Nature Reserve und nur 10 Minuten zu Fu\u00df vom Swanpool Strand entfernt, ist dieses moderne, ger\u00e4umige Ferienhaus der perfekte Ort f\u00fcr diejenigen, die leichten Zugang zu Str\u00e4nden, K\u00fcstenwanderwegen und der Stadt Falmouth suchen. In einem privaten Garten und in der N\u00e4he des freundlichen Besitzers, hat Driftwood eine offene K\u00fcche \/ Esszimmer \/ Wohnzimmer in der Mitte des Hauses. Ein Wintergarten bietet mehr Freiraum und eine Terrasse im Freien bietet einen sonnigen Platz f\u00fcr Mahlzeiten im Freien. Es gibt ein Strandcaf\u00e9 und Restaurant am Wasser sowie Wassersportunterricht und -verleih am Strand von Swanpool mit Gesch\u00e4ften, Bars, Caf\u00e9s und Restaurants in Falmouth&#8230;..<\/p>\n<p style=\"text-align: center;\"><a class=\"tidycta\" href=\"https:\/\/www.urlaubcornwall.de\/ferienhaeuser-fewos\/falmouth-am-meer.html\">Ferienh\u00e4user in Falmouth<\/a><\/p>\n","protected":false},"excerpt":{"rendered":"<p>Ferienhaus strandnah Falmouth, S\u00fcdk\u00fcste Cornwall. Schlafplatz f\u00fcr 8 + Kinderbett, 4 Schlafzimmer, hundefreundlich,&nbsp;An-\/Abreisetag am Freitag, Preis pro Woche \u00a3549 &#8211; \u00a31830 In einer wundersch\u00f6nen Lage hinter dem Swanpool Nature Reserve und nur 10 Minuten zu Fu\u00df vom Swanpool Strand entfernt, ist dieses moderne, ger\u00e4umige Ferienhaus der perfekte Ort f\u00fcr diejenigen, die leichten Zugang zu Str\u00e4nden, [&hellip;]<\/p>\n","protected":false},"author":1,"featured_media":0,"parent":0,"menu_order":0,"comment_status":"closed","ping_status":"closed","template":"single-four.php","meta":[],"acf":[],"yoast_head":"<!-- This site is optimized with the Yoast SEO plugin v19.4 - https:\/\/yoast.com\/wordpress\/plugins\/seo\/ -->\n<title>Cottage in Falmouth am Meer - Nr 3727 - Urlaub &amp; Reisen<\/title>\n<meta name=\"robots\" content=\"index, follow, max-snippet:-1, max-image-preview:large, max-video-preview:-1\" \/>\n<link rel=\"canonical\" href=\"https:\/\/www.urlaubcornwall.de\/blog\/cottage-falmouth-meer-nr-3727\/\" \/>\n<meta property=\"og:locale\" content=\"en_US\" \/>\n<meta property=\"og:type\" content=\"article\" \/>\n<meta property=\"og:title\" content=\"Cottage in Falmouth am Meer - Nr 3727 - Urlaub &amp; Reisen\" \/>\n<meta property=\"og:description\" content=\"Ferienhaus strandnah Falmouth, S\u00fcdk\u00fcste Cornwall. Schlafplatz f\u00fcr 8 + Kinderbett, 4 Schlafzimmer, hundefreundlich,&nbsp;An-\/Abreisetag am Freitag, Preis pro Woche \u00a3549 &#8211; \u00a31830 In einer wundersch\u00f6nen Lage hinter dem Swanpool Nature Reserve und nur 10 Minuten zu Fu\u00df vom Swanpool Strand entfernt, ist dieses moderne, ger\u00e4umige Ferienhaus der perfekte Ort f\u00fcr diejenigen, die leichten Zugang zu Str\u00e4nden, [&hellip;]\" \/>\n<meta property=\"og:url\" content=\"https:\/\/www.urlaubcornwall.de\/blog\/cottage-falmouth-meer-nr-3727\/\" \/>\n<meta property=\"og:site_name\" content=\"Urlaub &amp; Reisen\" \/>\n<meta property=\"article:modified_time\" content=\"2021-07-12T08:32:13+00:00\" \/>\n<meta property=\"og:image\" content=\"https:\/\/www.urlaubcornwall.de\/blog\/wp-content\/uploads\/2018\/01\/cottage-falmouth-am-meer-strandnah.jpg\" \/>\n<meta name=\"twitter:card\" content=\"summary\" \/>\n<meta name=\"twitter:label1\" content=\"Est. reading time\" \/>\n\t<meta name=\"twitter:data1\" content=\"1 minute\" \/>\n<script type=\"application\/ld+json\" class=\"yoast-schema-graph\">{\"@context\":\"https:\/\/schema.org\",\"@graph\":[{\"@type\":\"WebSite\",\"@id\":\"https:\/\/www.urlaubcornwall.de\/blog\/#website\",\"url\":\"https:\/\/www.urlaubcornwall.de\/blog\/\",\"name\":\"Urlaub &amp; Reisen\",\"description\":\"Urlaub, Reisen, Cornwall und S\u00fcdengland: eine perfekte Kombination\",\"potentialAction\":[{\"@type\":\"SearchAction\",\"target\":{\"@type\":\"EntryPoint\",\"urlTemplate\":\"https:\/\/www.urlaubcornwall.de\/blog\/?s={search_term_string}\"},\"query-input\":\"required name=search_term_string\"}],\"inLanguage\":\"en-US\"},{\"@type\":\"WebPage\",\"@id\":\"https:\/\/www.urlaubcornwall.de\/blog\/cottage-falmouth-meer-nr-3727\/\",\"url\":\"https:\/\/www.urlaubcornwall.de\/blog\/cottage-falmouth-meer-nr-3727\/\",\"name\":\"Cottage in Falmouth am Meer - Nr 3727 - Urlaub &amp; Reisen\",\"isPartOf\":{\"@id\":\"https:\/\/www.urlaubcornwall.de\/blog\/#website\"},\"datePublished\":\"2018-01-22T13:01:12+00:00\",\"dateModified\":\"2021-07-12T08:32:13+00:00\",\"breadcrumb\":{\"@id\":\"https:\/\/www.urlaubcornwall.de\/blog\/cottage-falmouth-meer-nr-3727\/#breadcrumb\"},\"inLanguage\":\"en-US\",\"potentialAction\":[{\"@type\":\"ReadAction\",\"target\":[\"https:\/\/www.urlaubcornwall.de\/blog\/cottage-falmouth-meer-nr-3727\/\"]}]},{\"@type\":\"BreadcrumbList\",\"@id\":\"https:\/\/www.urlaubcornwall.de\/blog\/cottage-falmouth-meer-nr-3727\/#breadcrumb\",\"itemListElement\":[{\"@type\":\"ListItem\",\"position\":1,\"name\":\"Home\",\"item\":\"https:\/\/www.urlaubcornwall.de\/blog\/\"},{\"@type\":\"ListItem\",\"position\":2,\"name\":\"Cottage in Falmouth am Meer &#8211; Nr 3727\"}]}]}<\/script>\n<!-- \/ Yoast SEO plugin. -->","yoast_head_json":{"title":"Cottage in Falmouth am Meer - Nr 3727 - Urlaub &amp; Reisen","robots":{"index":"index","follow":"follow","max-snippet":"max-snippet:-1","max-image-preview":"max-image-preview:large","max-video-preview":"max-video-preview:-1"},"canonical":"https:\/\/www.urlaubcornwall.de\/blog\/cottage-falmouth-meer-nr-3727\/","og_locale":"en_US","og_type":"article","og_title":"Cottage in Falmouth am Meer - Nr 3727 - Urlaub &amp; Reisen","og_description":"Ferienhaus strandnah Falmouth, S\u00fcdk\u00fcste Cornwall. Schlafplatz f\u00fcr 8 + Kinderbett, 4 Schlafzimmer, hundefreundlich,&nbsp;An-\/Abreisetag am Freitag, Preis pro Woche \u00a3549 &#8211; \u00a31830 In einer wundersch\u00f6nen Lage hinter dem Swanpool Nature Reserve und nur 10 Minuten zu Fu\u00df vom Swanpool Strand entfernt, ist dieses moderne, ger\u00e4umige Ferienhaus der perfekte Ort f\u00fcr diejenigen, die leichten Zugang zu Str\u00e4nden, [&hellip;]","og_url":"https:\/\/www.urlaubcornwall.de\/blog\/cottage-falmouth-meer-nr-3727\/","og_site_name":"Urlaub &amp; Reisen","article_modified_time":"2021-07-12T08:32:13+00:00","og_image":[{"url":"https:\/\/www.urlaubcornwall.de\/blog\/wp-content\/uploads\/2018\/01\/cottage-falmouth-am-meer-strandnah.jpg"}],"twitter_card":"summary","twitter_misc":{"Est. reading time":"1 minute"},"schema":{"@context":"https:\/\/schema.org","@graph":[{"@type":"WebSite","@id":"https:\/\/www.urlaubcornwall.de\/blog\/#website","url":"https:\/\/www.urlaubcornwall.de\/blog\/","name":"Urlaub &amp; Reisen","description":"Urlaub, Reisen, Cornwall und S\u00fcdengland: eine perfekte Kombination","potentialAction":[{"@type":"SearchAction","target":{"@type":"EntryPoint","urlTemplate":"https:\/\/www.urlaubcornwall.de\/blog\/?s={search_term_string}"},"query-input":"required name=search_term_string"}],"inLanguage":"en-US"},{"@type":"WebPage","@id":"https:\/\/www.urlaubcornwall.de\/blog\/cottage-falmouth-meer-nr-3727\/","url":"https:\/\/www.urlaubcornwall.de\/blog\/cottage-falmouth-meer-nr-3727\/","name":"Cottage in Falmouth am Meer - Nr 3727 - Urlaub &amp; Reisen","isPartOf":{"@id":"https:\/\/www.urlaubcornwall.de\/blog\/#website"},"datePublished":"2018-01-22T13:01:12+00:00","dateModified":"2021-07-12T08:32:13+00:00","breadcrumb":{"@id":"https:\/\/www.urlaubcornwall.de\/blog\/cottage-falmouth-meer-nr-3727\/#breadcrumb"},"inLanguage":"en-US","potentialAction":[{"@type":"ReadAction","target":["https:\/\/www.urlaubcornwall.de\/blog\/cottage-falmouth-meer-nr-3727\/"]}]},{"@type":"BreadcrumbList","@id":"https:\/\/www.urlaubcornwall.de\/blog\/cottage-falmouth-meer-nr-3727\/#breadcrumb","itemListElement":[{"@type":"ListItem","position":1,"name":"Home","item":"https:\/\/www.urlaubcornwall.de\/blog\/"},{"@type":"ListItem","position":2,"name":"Cottage in Falmouth am Meer &#8211; Nr 3727"}]}]}},"_links":{"self":[{"href":"https:\/\/www.urlaubcornwall.de\/blog\/wp-json\/wp\/v2\/pages\/32021"}],"collection":[{"href":"https:\/\/www.urlaubcornwall.de\/blog\/wp-json\/wp\/v2\/pages"}],"about":[{"href":"https:\/\/www.urlaubcornwall.de\/blog\/wp-json\/wp\/v2\/types\/page"}],"author":[{"embeddable":true,"href":"https:\/\/www.urlaubcornwall.de\/blog\/wp-json\/wp\/v2\/users\/1"}],"replies":[{"embeddable":true,"href":"https:\/\/www.urlaubcornwall.de\/blog\/wp-json\/wp\/v2\/comments?post=32021"}],"version-history":[{"count":2,"href":"https:\/\/www.urlaubcornwall.de\/blog\/wp-json\/wp\/v2\/pages\/32021\/revisions"}],"predecessor-version":[{"id":41806,"href":"https:\/\/www.urlaubcornwall.de\/blog\/wp-json\/wp\/v2\/pages\/32021\/revisions\/41806"}],"wp:attachment":[{"href":"https:\/\/www.urlaubcornwall.de\/blog\/wp-json\/wp\/v2\/media?parent=32021"}],"curies":[{"name":"wp","href":"https:\/\/api.w.org\/{rel}","templated":true}]}}