{"id":32013,"date":"2018-01-22T11:33:44","date_gmt":"2018-01-22T11:33:44","guid":{"rendered":"https:\/\/www.urlaubcornwall.de\/blog\/?page_id=32013"},"modified":"2021-08-31T15:26:09","modified_gmt":"2021-08-31T15:26:09","slug":"cottage-st-ives-meer-nr-1870","status":"publish","type":"page","link":"https:\/\/www.urlaubcornwall.de\/blog\/cottage-st-ives-meer-nr-1870\/","title":{"rendered":"Cottage in St Ives am Meer &#8211; Nr 1870"},"content":{"rendered":"<p><img loading=\"lazy\" class=\"aligncenter size-full wp-image-32014\" src=\"https:\/\/www.urlaubcornwall.de\/blog\/wp-content\/uploads\/2018\/01\/cottage-am-meer-st-ives.jpg\" alt=\"cottage am meer st ives\" width=\"749\" height=\"448\"\/><br \/>\n<strong>Ferienhaus strandnah 1.9 kilometern S von St Ives, West-Cornwall.<\/strong><\/p>\n<p>1 Schlafzimmer, hundefreundlich, Schlafplatz f\u00fcr 2, An-\/Abreisetag am Freitag | Preis pro Woche \u00a3345 &#8211; \u00a3696<\/p>\n<p>Das perfekte Ferienhaus f\u00fcr Wanderer und Paare. Dieses kleine Ferienhaus liegt an einer steilen, bewaldeten Stra\u00dfe, die nur drei Gehminuten vom Strand Carbis Bay und seinen Annehmlichkeiten entfernt liegt. Ehemals ein Bergmannsh\u00e4uschen, hat Tintin Cottage ein gem\u00fctliches Wohn- \/ Esszimmer mit Kamin und eine kleine K\u00fcche, wo polierte Eichenholztreppen zum Schlafzimmer und Duschraum f\u00fchren. Drau\u00dfen f\u00fchren Steinstufen auf eine Terrasse &#8211; ideal f\u00fcr einen Morgenkaffee und ein Croissant. Obwohl Tintin Cottage aufgrund der steilen schmalen Gasse nicht mit dem Auto erreicht werden kann, stehen private Parkpl\u00e4tze am Sandpiper zur Verf\u00fcgung, der nur 200 Meter entfernt liegt&#8230;..<\/p>\n<p style=\"text-align: center;\"><a class=\"tidycta\" href=\"https:\/\/www.urlaubcornwall.de\/ferienhaeuser-fewos\/st-ives.html\"><\/a>Suche Ferienh\u00e4user St Ives<\/p>\n","protected":false},"excerpt":{"rendered":"<p>Ferienhaus strandnah 1.9 kilometern S von St Ives, West-Cornwall. 1 Schlafzimmer, hundefreundlich, Schlafplatz f\u00fcr 2, An-\/Abreisetag am Freitag | Preis pro Woche \u00a3345 &#8211; \u00a3696 Das perfekte Ferienhaus f\u00fcr Wanderer und Paare. Dieses kleine Ferienhaus liegt an einer steilen, bewaldeten Stra\u00dfe, die nur drei Gehminuten vom Strand Carbis Bay und seinen Annehmlichkeiten entfernt liegt. Ehemals [&hellip;]<\/p>\n","protected":false},"author":1,"featured_media":0,"parent":0,"menu_order":0,"comment_status":"closed","ping_status":"closed","template":"single-four.php","meta":[],"acf":[],"yoast_head":"<!-- This site is optimized with the Yoast SEO plugin v19.4 - https:\/\/yoast.com\/wordpress\/plugins\/seo\/ -->\n<title>Cottage in St Ives am Meer - Nr 1870 - Urlaub &amp; Reisen<\/title>\n<meta name=\"robots\" content=\"index, follow, max-snippet:-1, max-image-preview:large, max-video-preview:-1\" \/>\n<link rel=\"canonical\" href=\"https:\/\/www.urlaubcornwall.de\/blog\/cottage-st-ives-meer-nr-1870\/\" \/>\n<meta property=\"og:locale\" content=\"en_US\" \/>\n<meta property=\"og:type\" content=\"article\" \/>\n<meta property=\"og:title\" content=\"Cottage in St Ives am Meer - Nr 1870 - Urlaub &amp; Reisen\" \/>\n<meta property=\"og:description\" content=\"Ferienhaus strandnah 1.9 kilometern S von St Ives, West-Cornwall. 1 Schlafzimmer, hundefreundlich, Schlafplatz f\u00fcr 2, An-\/Abreisetag am Freitag | Preis pro Woche \u00a3345 &#8211; \u00a3696 Das perfekte Ferienhaus f\u00fcr Wanderer und Paare. Dieses kleine Ferienhaus liegt an einer steilen, bewaldeten Stra\u00dfe, die nur drei Gehminuten vom Strand Carbis Bay und seinen Annehmlichkeiten entfernt liegt. Ehemals [&hellip;]\" \/>\n<meta property=\"og:url\" content=\"https:\/\/www.urlaubcornwall.de\/blog\/cottage-st-ives-meer-nr-1870\/\" \/>\n<meta property=\"og:site_name\" content=\"Urlaub &amp; Reisen\" \/>\n<meta property=\"article:modified_time\" content=\"2021-08-31T15:26:09+00:00\" \/>\n<meta property=\"og:image\" content=\"https:\/\/www.urlaubcornwall.de\/blog\/wp-content\/uploads\/2018\/01\/cottage-am-meer-st-ives.jpg\" \/>\n<meta name=\"twitter:card\" content=\"summary\" \/>\n<meta name=\"twitter:label1\" content=\"Est. reading time\" \/>\n\t<meta name=\"twitter:data1\" content=\"1 minute\" \/>\n<script type=\"application\/ld+json\" class=\"yoast-schema-graph\">{\"@context\":\"https:\/\/schema.org\",\"@graph\":[{\"@type\":\"WebSite\",\"@id\":\"https:\/\/www.urlaubcornwall.de\/blog\/#website\",\"url\":\"https:\/\/www.urlaubcornwall.de\/blog\/\",\"name\":\"Urlaub &amp; Reisen\",\"description\":\"Urlaub, Reisen, Cornwall und S\u00fcdengland: eine perfekte Kombination\",\"potentialAction\":[{\"@type\":\"SearchAction\",\"target\":{\"@type\":\"EntryPoint\",\"urlTemplate\":\"https:\/\/www.urlaubcornwall.de\/blog\/?s={search_term_string}\"},\"query-input\":\"required name=search_term_string\"}],\"inLanguage\":\"en-US\"},{\"@type\":\"WebPage\",\"@id\":\"https:\/\/www.urlaubcornwall.de\/blog\/cottage-st-ives-meer-nr-1870\/\",\"url\":\"https:\/\/www.urlaubcornwall.de\/blog\/cottage-st-ives-meer-nr-1870\/\",\"name\":\"Cottage in St Ives am Meer - Nr 1870 - Urlaub &amp; Reisen\",\"isPartOf\":{\"@id\":\"https:\/\/www.urlaubcornwall.de\/blog\/#website\"},\"datePublished\":\"2018-01-22T11:33:44+00:00\",\"dateModified\":\"2021-08-31T15:26:09+00:00\",\"breadcrumb\":{\"@id\":\"https:\/\/www.urlaubcornwall.de\/blog\/cottage-st-ives-meer-nr-1870\/#breadcrumb\"},\"inLanguage\":\"en-US\",\"potentialAction\":[{\"@type\":\"ReadAction\",\"target\":[\"https:\/\/www.urlaubcornwall.de\/blog\/cottage-st-ives-meer-nr-1870\/\"]}]},{\"@type\":\"BreadcrumbList\",\"@id\":\"https:\/\/www.urlaubcornwall.de\/blog\/cottage-st-ives-meer-nr-1870\/#breadcrumb\",\"itemListElement\":[{\"@type\":\"ListItem\",\"position\":1,\"name\":\"Home\",\"item\":\"https:\/\/www.urlaubcornwall.de\/blog\/\"},{\"@type\":\"ListItem\",\"position\":2,\"name\":\"Cottage in St Ives am Meer &#8211; Nr 1870\"}]}]}<\/script>\n<!-- \/ Yoast SEO plugin. -->","yoast_head_json":{"title":"Cottage in St Ives am Meer - Nr 1870 - Urlaub &amp; Reisen","robots":{"index":"index","follow":"follow","max-snippet":"max-snippet:-1","max-image-preview":"max-image-preview:large","max-video-preview":"max-video-preview:-1"},"canonical":"https:\/\/www.urlaubcornwall.de\/blog\/cottage-st-ives-meer-nr-1870\/","og_locale":"en_US","og_type":"article","og_title":"Cottage in St Ives am Meer - Nr 1870 - Urlaub &amp; Reisen","og_description":"Ferienhaus strandnah 1.9 kilometern S von St Ives, West-Cornwall. 1 Schlafzimmer, hundefreundlich, Schlafplatz f\u00fcr 2, An-\/Abreisetag am Freitag | Preis pro Woche \u00a3345 &#8211; \u00a3696 Das perfekte Ferienhaus f\u00fcr Wanderer und Paare. Dieses kleine Ferienhaus liegt an einer steilen, bewaldeten Stra\u00dfe, die nur drei Gehminuten vom Strand Carbis Bay und seinen Annehmlichkeiten entfernt liegt. Ehemals [&hellip;]","og_url":"https:\/\/www.urlaubcornwall.de\/blog\/cottage-st-ives-meer-nr-1870\/","og_site_name":"Urlaub &amp; Reisen","article_modified_time":"2021-08-31T15:26:09+00:00","og_image":[{"url":"https:\/\/www.urlaubcornwall.de\/blog\/wp-content\/uploads\/2018\/01\/cottage-am-meer-st-ives.jpg"}],"twitter_card":"summary","twitter_misc":{"Est. reading time":"1 minute"},"schema":{"@context":"https:\/\/schema.org","@graph":[{"@type":"WebSite","@id":"https:\/\/www.urlaubcornwall.de\/blog\/#website","url":"https:\/\/www.urlaubcornwall.de\/blog\/","name":"Urlaub &amp; Reisen","description":"Urlaub, Reisen, Cornwall und S\u00fcdengland: eine perfekte Kombination","potentialAction":[{"@type":"SearchAction","target":{"@type":"EntryPoint","urlTemplate":"https:\/\/www.urlaubcornwall.de\/blog\/?s={search_term_string}"},"query-input":"required name=search_term_string"}],"inLanguage":"en-US"},{"@type":"WebPage","@id":"https:\/\/www.urlaubcornwall.de\/blog\/cottage-st-ives-meer-nr-1870\/","url":"https:\/\/www.urlaubcornwall.de\/blog\/cottage-st-ives-meer-nr-1870\/","name":"Cottage in St Ives am Meer - Nr 1870 - Urlaub &amp; Reisen","isPartOf":{"@id":"https:\/\/www.urlaubcornwall.de\/blog\/#website"},"datePublished":"2018-01-22T11:33:44+00:00","dateModified":"2021-08-31T15:26:09+00:00","breadcrumb":{"@id":"https:\/\/www.urlaubcornwall.de\/blog\/cottage-st-ives-meer-nr-1870\/#breadcrumb"},"inLanguage":"en-US","potentialAction":[{"@type":"ReadAction","target":["https:\/\/www.urlaubcornwall.de\/blog\/cottage-st-ives-meer-nr-1870\/"]}]},{"@type":"BreadcrumbList","@id":"https:\/\/www.urlaubcornwall.de\/blog\/cottage-st-ives-meer-nr-1870\/#breadcrumb","itemListElement":[{"@type":"ListItem","position":1,"name":"Home","item":"https:\/\/www.urlaubcornwall.de\/blog\/"},{"@type":"ListItem","position":2,"name":"Cottage in St Ives am Meer &#8211; Nr 1870"}]}]}},"_links":{"self":[{"href":"https:\/\/www.urlaubcornwall.de\/blog\/wp-json\/wp\/v2\/pages\/32013"}],"collection":[{"href":"https:\/\/www.urlaubcornwall.de\/blog\/wp-json\/wp\/v2\/pages"}],"about":[{"href":"https:\/\/www.urlaubcornwall.de\/blog\/wp-json\/wp\/v2\/types\/page"}],"author":[{"embeddable":true,"href":"https:\/\/www.urlaubcornwall.de\/blog\/wp-json\/wp\/v2\/users\/1"}],"replies":[{"embeddable":true,"href":"https:\/\/www.urlaubcornwall.de\/blog\/wp-json\/wp\/v2\/comments?post=32013"}],"version-history":[{"count":2,"href":"https:\/\/www.urlaubcornwall.de\/blog\/wp-json\/wp\/v2\/pages\/32013\/revisions"}],"predecessor-version":[{"id":42375,"href":"https:\/\/www.urlaubcornwall.de\/blog\/wp-json\/wp\/v2\/pages\/32013\/revisions\/42375"}],"wp:attachment":[{"href":"https:\/\/www.urlaubcornwall.de\/blog\/wp-json\/wp\/v2\/media?parent=32013"}],"curies":[{"name":"wp","href":"https:\/\/api.w.org\/{rel}","templated":true}]}}