{"id":32001,"date":"2018-01-22T10:25:59","date_gmt":"2018-01-22T10:25:59","guid":{"rendered":"https:\/\/www.urlaubcornwall.de\/blog\/?page_id=32001"},"modified":"2021-10-01T09:55:57","modified_gmt":"2021-10-01T09:55:57","slug":"scilly-inseln-suedliches-cornwall-8-tage-tui","status":"publish","type":"page","link":"https:\/\/www.urlaubcornwall.de\/blog\/scilly-inseln-suedliches-cornwall-8-tage-tui\/","title":{"rendered":"Isles of Scilly &#038; s\u00fcdliches Cornwall &#8211; 8 Tage Pauschalreise"},"content":{"rendered":"<p><img loading=\"lazy\" class=\"aligncenter size-full wp-image-34153\" src=\"https:\/\/www.urlaubcornwall.de\/blog\/wp-content\/uploads\/2018\/08\/wanderurlaub-scilly-inseln-isles.jpg\" alt=\"urlaub scilly inseln isles\" width=\"748\" height=\"460\"\/><\/p>\n<p><strong>Reisedauer: 8 Tage ab\/bis: Newquay &#8211; <\/strong>Direktfl\u00fcge von D\u00fcsseldorf nach Newquay in Cornwall.<\/p>\n<p>Die <a href=\"https:\/\/www.urlaubcornwall.de\/Scilly-Inseln.php\">Scilly Inseln<\/a> erwarten Sie mit ihren wei\u00dfen Str\u00e4nden und der subtropischen Flora. Hotels in herrlicher Lage bieten beste M\u00f6glichkeiten zur Erkundung dieser Inselgruppe.<\/p>\n<p><strong>Highlights<\/strong> &#8211; St. Ives &amp; Land&#8217;s End,&nbsp; Abbey Gardens, Tintagel Castle, Lost Gardens of Heligan<\/p>\n<p>3 \u00dcbernachtungen auf den Scilly Inseln inkl. F\u00e4hr\u00fcberfahrt<\/p>\n<p>Gute Mittelklassehotels in sch\u00f6ner Lage<\/p>\n<p>Kurze Tagesetappen<\/p>\n<p style=\"text-align: center;\"><a class=\"tidycta\" href=\"https:\/\/www.urlaubcornwall.de\/reisebuchung.php\">Anfrage &amp; Buchung<\/a><\/p>\n<p><strong>Tourbeschreibung<\/strong><\/p>\n<p><strong>Tag 1 &#8211; Newquay \u2013 Helston (ca. 70 km):<\/strong><\/p>\n<p>Individuelle Anreise nach Newquay. Ihr Hotel liegt oberhalb der Klippen auf der Lizard Halbinsel, die mit Steilk\u00fcsten, versteckten kleinen Buchten und t\u00fcrkisblauem Wasser begeistert. Am Lizard Point, dem s\u00fcdlichsten Punkt der britischen Insel, bietet sich eine kleine Wanderung an. 2 \u00dcbernachtungen im Polurrian Bay Hotel bei Helston.<\/p>\n<p><strong>Tag 2 &#8211; Ausflug Cornwall (ca. 125 km):<\/strong><\/p>\n<p>Der K\u00fcnstlerort St. Ives l\u00e4dt zu einem Spaziergang durch seine engen und verwinkelten Gassen ein. Die Granitfelsen der 60 m hohen Steilk\u00fcste von Land\u2019s End, der westlichsten Landzunge Englands, sind ebenfalls einen Besuch wert. Sehenswert ist ebenfalls das Minack Theatre, das Freilufttheater wurde oberhalb der Klippen in den Fels gebaut.<\/p>\n<p><strong>Tag 3 &#8211; Helston \u2013 Scilly Inseln (ca. 35 km):<\/strong><\/p>\n<p>Fahrt nach Penzance, wo Sie Ihr Auto f\u00fcr die n\u00e4chsten drei Tage in der N\u00e4he des F\u00e4hrterminals parken k\u00f6nnen. Die \u00dcberfahrt auf die Scilly Inseln dauert ca. 3 Stunden. Die Inseln vor der K\u00fcste Cornwalls sind ein Paradies mit wei\u00dfen Sandstr\u00e4nden und gr\u00fcnen Palmen. Ihr Hotel auf der Hauptinsel St. Mary\u2019s erwartet Sie mit einem atemberaubenden Panoramablick \u00fcber die Inseln Tresco, Bryher und St. Martin\u2019s. 3 \u00dcbernachtungen im Tregarthens Hotel auf den Scilly Inseln.<\/p>\n<p><strong>Tag 4.-5 &#8211; Scilly Inseln:<\/strong><\/p>\n<p><img loading=\"lazy\" class=\"aligncenter size-full wp-image-23600\" src=\"https:\/\/www.urlaubcornwall.de\/blog\/wp-content\/uploads\/2016\/04\/scilly-inseln-klima.jpg\" alt=\"scilly inseln klima\" width=\"748\" height=\"393\"\/><\/p>\n<p>Die gem\u00fctliche Lebensart der Inselbewohner wird Sie denken lassen, die Zeit sei stehen geblieben. St. Mary\u2019s l\u00e4sst sich gut im Rahmen einer Fahrradtour oder zu Fu\u00df erkunden. Bei Ebbe k\u00f6nnen Sie von der Pelistry Bay aus die kleine Insel Toll\u2019s Island \u00fcber eine Sandbank erreichen. Auch ein Ausflug zur Nachbarinsel Tresco bietet sich an, sie teilt sich in eine felsige Nord- und eine gesch\u00fctzte S\u00fcdk\u00fcste mit Sandstr\u00e4nden. Besuchen Sie die Abbey Gardens &#8211; der subtropische Park mit Palmen, Bambus und leuchtenden Blumenteppichen l\u00e4sst nicht erahnen, dass Sie sich in England befinden.<\/p>\n<p><strong>Tag 6 &#8211; Scilly Inseln \u2013 St. Austell (ca. 70 km):<\/strong><\/p>\n<p>F\u00e4hr\u00fcberfahrt zur\u00fcck nach Penzance und Fahrt nach St. Austell. Ihr Hotel, ein ehemaliges Herrenhaus, liegt inmitten einer gro\u00dfen Gartenanlage und verf\u00fcgt \u00fcber einen Spa-Bereich. 2 \u00dcbernachtungen im The Cornwall Hotel Spa &amp; Estate in St. Austell.<\/p>\n<p><strong>Tag 7 &#8211; Ausflug Tintagel Castle (ca. 115 km):<\/strong><\/p>\n<p>Fahren Sie heute zur n\u00f6rdlichen K\u00fcste zum Tintagel Castle, wo der Sage nach K\u00f6nig Artus geboren wurde. Die Burgruine thront auf zwei Steilklippen \u00fcber dem tosenden Meer. Ganz in der N\u00e4he Ihres Hotels liegen die Lost Gardens of Heligan. Dieser Garten beheimatet au\u00dfergew\u00f6hnliche Pflanzenwelten von der tropischen bis hin zu der heimischen Flora. Vielleicht haben Sie auch noch Zeit, um einen kleinen Abstecher in den malerischen Fischerort Megavissey zu machen.<\/p>\n<p><strong>Tag 8 &#8211; St. Austell \u2013 Newquay (ca. 25 km):<\/strong><\/p>\n<p>Fahrt zur\u00fcck nach Newquay und individuelle R\u00fcckreise oder Verl\u00e4ngerung Ihres Aufenthaltes.<\/p>\n<p>\u00c4nderungen des Reiseverlaufes vorbehalten.<\/p>\n<p><strong>Anreiseempfehlung:<\/strong><\/p>\n<p style=\"text-align: center;\"><a class=\"tidycta\" href=\" https:\/\/www.urlaubcornwall.de\/reisebuchung.php\">Anfrage &amp; Buchung<\/a><\/p>\n<p>Hier finden Sie eine Auswahl an Ready Made Touren und <a href=\"https:\/\/www.urlaubcornwall.de\/rundreisen\/cornwall-suedengland.php\">Rundreisen in Cornwall, S\u00fcdwest und S\u00fcdengland<\/a>.<\/p>\n","protected":false},"excerpt":{"rendered":"<p>Reisedauer: 8 Tage ab\/bis: Newquay &#8211; Direktfl\u00fcge von D\u00fcsseldorf nach Newquay in Cornwall. Die Scilly Inseln erwarten Sie mit ihren wei\u00dfen Str\u00e4nden und der subtropischen Flora. Hotels in herrlicher Lage bieten beste M\u00f6glichkeiten zur Erkundung dieser Inselgruppe. Highlights &#8211; St. Ives &amp; Land&#8217;s End,&nbsp; Abbey Gardens, Tintagel Castle, Lost Gardens of Heligan 3 \u00dcbernachtungen auf [&hellip;]<\/p>\n","protected":false},"author":1,"featured_media":0,"parent":0,"menu_order":0,"comment_status":"closed","ping_status":"closed","template":"single-four.php","meta":[],"acf":[],"yoast_head":"<!-- This site is optimized with the Yoast SEO plugin v19.4 - https:\/\/yoast.com\/wordpress\/plugins\/seo\/ -->\n<title>Isles of Scilly &amp; s\u00fcdliches Cornwall - 8 Tage Pauschalreise - Urlaub &amp; Reisen<\/title>\n<meta name=\"robots\" content=\"index, follow, max-snippet:-1, max-image-preview:large, max-video-preview:-1\" \/>\n<link rel=\"canonical\" href=\"https:\/\/www.urlaubcornwall.de\/blog\/scilly-inseln-suedliches-cornwall-8-tage-tui\/\" \/>\n<meta property=\"og:locale\" content=\"en_US\" \/>\n<meta property=\"og:type\" content=\"article\" \/>\n<meta property=\"og:title\" content=\"Isles of Scilly &amp; s\u00fcdliches Cornwall - 8 Tage Pauschalreise - Urlaub &amp; Reisen\" \/>\n<meta property=\"og:description\" content=\"Reisedauer: 8 Tage ab\/bis: Newquay &#8211; Direktfl\u00fcge von D\u00fcsseldorf nach Newquay in Cornwall. Die Scilly Inseln erwarten Sie mit ihren wei\u00dfen Str\u00e4nden und der subtropischen Flora. Hotels in herrlicher Lage bieten beste M\u00f6glichkeiten zur Erkundung dieser Inselgruppe. Highlights &#8211; St. Ives &amp; Land&#8217;s End,&nbsp; Abbey Gardens, Tintagel Castle, Lost Gardens of Heligan 3 \u00dcbernachtungen auf [&hellip;]\" \/>\n<meta property=\"og:url\" content=\"https:\/\/www.urlaubcornwall.de\/blog\/scilly-inseln-suedliches-cornwall-8-tage-tui\/\" \/>\n<meta property=\"og:site_name\" content=\"Urlaub &amp; Reisen\" \/>\n<meta property=\"article:modified_time\" content=\"2021-10-01T09:55:57+00:00\" \/>\n<meta property=\"og:image\" content=\"https:\/\/www.urlaubcornwall.de\/blog\/wp-content\/uploads\/2018\/08\/wanderurlaub-scilly-inseln-isles.jpg\" \/>\n<meta name=\"twitter:card\" content=\"summary\" \/>\n<meta name=\"twitter:label1\" content=\"Est. reading time\" \/>\n\t<meta name=\"twitter:data1\" content=\"3 minutes\" \/>\n<script type=\"application\/ld+json\" class=\"yoast-schema-graph\">{\"@context\":\"https:\/\/schema.org\",\"@graph\":[{\"@type\":\"WebSite\",\"@id\":\"https:\/\/www.urlaubcornwall.de\/blog\/#website\",\"url\":\"https:\/\/www.urlaubcornwall.de\/blog\/\",\"name\":\"Urlaub &amp; Reisen\",\"description\":\"Urlaub, Reisen, Cornwall und S\u00fcdengland: eine perfekte Kombination\",\"potentialAction\":[{\"@type\":\"SearchAction\",\"target\":{\"@type\":\"EntryPoint\",\"urlTemplate\":\"https:\/\/www.urlaubcornwall.de\/blog\/?s={search_term_string}\"},\"query-input\":\"required name=search_term_string\"}],\"inLanguage\":\"en-US\"},{\"@type\":\"WebPage\",\"@id\":\"https:\/\/www.urlaubcornwall.de\/blog\/scilly-inseln-suedliches-cornwall-8-tage-tui\/\",\"url\":\"https:\/\/www.urlaubcornwall.de\/blog\/scilly-inseln-suedliches-cornwall-8-tage-tui\/\",\"name\":\"Isles of Scilly & s\u00fcdliches Cornwall - 8 Tage Pauschalreise - Urlaub &amp; Reisen\",\"isPartOf\":{\"@id\":\"https:\/\/www.urlaubcornwall.de\/blog\/#website\"},\"datePublished\":\"2018-01-22T10:25:59+00:00\",\"dateModified\":\"2021-10-01T09:55:57+00:00\",\"breadcrumb\":{\"@id\":\"https:\/\/www.urlaubcornwall.de\/blog\/scilly-inseln-suedliches-cornwall-8-tage-tui\/#breadcrumb\"},\"inLanguage\":\"en-US\",\"potentialAction\":[{\"@type\":\"ReadAction\",\"target\":[\"https:\/\/www.urlaubcornwall.de\/blog\/scilly-inseln-suedliches-cornwall-8-tage-tui\/\"]}]},{\"@type\":\"BreadcrumbList\",\"@id\":\"https:\/\/www.urlaubcornwall.de\/blog\/scilly-inseln-suedliches-cornwall-8-tage-tui\/#breadcrumb\",\"itemListElement\":[{\"@type\":\"ListItem\",\"position\":1,\"name\":\"Home\",\"item\":\"https:\/\/www.urlaubcornwall.de\/blog\/\"},{\"@type\":\"ListItem\",\"position\":2,\"name\":\"Isles of Scilly &#038; s\u00fcdliches Cornwall &#8211; 8 Tage Pauschalreise\"}]}]}<\/script>\n<!-- \/ Yoast SEO plugin. -->","yoast_head_json":{"title":"Isles of Scilly & s\u00fcdliches Cornwall - 8 Tage Pauschalreise - Urlaub &amp; Reisen","robots":{"index":"index","follow":"follow","max-snippet":"max-snippet:-1","max-image-preview":"max-image-preview:large","max-video-preview":"max-video-preview:-1"},"canonical":"https:\/\/www.urlaubcornwall.de\/blog\/scilly-inseln-suedliches-cornwall-8-tage-tui\/","og_locale":"en_US","og_type":"article","og_title":"Isles of Scilly & s\u00fcdliches Cornwall - 8 Tage Pauschalreise - Urlaub &amp; Reisen","og_description":"Reisedauer: 8 Tage ab\/bis: Newquay &#8211; Direktfl\u00fcge von D\u00fcsseldorf nach Newquay in Cornwall. Die Scilly Inseln erwarten Sie mit ihren wei\u00dfen Str\u00e4nden und der subtropischen Flora. Hotels in herrlicher Lage bieten beste M\u00f6glichkeiten zur Erkundung dieser Inselgruppe. Highlights &#8211; St. Ives &amp; Land&#8217;s End,&nbsp; Abbey Gardens, Tintagel Castle, Lost Gardens of Heligan 3 \u00dcbernachtungen auf [&hellip;]","og_url":"https:\/\/www.urlaubcornwall.de\/blog\/scilly-inseln-suedliches-cornwall-8-tage-tui\/","og_site_name":"Urlaub &amp; Reisen","article_modified_time":"2021-10-01T09:55:57+00:00","og_image":[{"url":"https:\/\/www.urlaubcornwall.de\/blog\/wp-content\/uploads\/2018\/08\/wanderurlaub-scilly-inseln-isles.jpg"}],"twitter_card":"summary","twitter_misc":{"Est. reading time":"3 minutes"},"schema":{"@context":"https:\/\/schema.org","@graph":[{"@type":"WebSite","@id":"https:\/\/www.urlaubcornwall.de\/blog\/#website","url":"https:\/\/www.urlaubcornwall.de\/blog\/","name":"Urlaub &amp; Reisen","description":"Urlaub, Reisen, Cornwall und S\u00fcdengland: eine perfekte Kombination","potentialAction":[{"@type":"SearchAction","target":{"@type":"EntryPoint","urlTemplate":"https:\/\/www.urlaubcornwall.de\/blog\/?s={search_term_string}"},"query-input":"required name=search_term_string"}],"inLanguage":"en-US"},{"@type":"WebPage","@id":"https:\/\/www.urlaubcornwall.de\/blog\/scilly-inseln-suedliches-cornwall-8-tage-tui\/","url":"https:\/\/www.urlaubcornwall.de\/blog\/scilly-inseln-suedliches-cornwall-8-tage-tui\/","name":"Isles of Scilly & s\u00fcdliches Cornwall - 8 Tage Pauschalreise - Urlaub &amp; Reisen","isPartOf":{"@id":"https:\/\/www.urlaubcornwall.de\/blog\/#website"},"datePublished":"2018-01-22T10:25:59+00:00","dateModified":"2021-10-01T09:55:57+00:00","breadcrumb":{"@id":"https:\/\/www.urlaubcornwall.de\/blog\/scilly-inseln-suedliches-cornwall-8-tage-tui\/#breadcrumb"},"inLanguage":"en-US","potentialAction":[{"@type":"ReadAction","target":["https:\/\/www.urlaubcornwall.de\/blog\/scilly-inseln-suedliches-cornwall-8-tage-tui\/"]}]},{"@type":"BreadcrumbList","@id":"https:\/\/www.urlaubcornwall.de\/blog\/scilly-inseln-suedliches-cornwall-8-tage-tui\/#breadcrumb","itemListElement":[{"@type":"ListItem","position":1,"name":"Home","item":"https:\/\/www.urlaubcornwall.de\/blog\/"},{"@type":"ListItem","position":2,"name":"Isles of Scilly &#038; s\u00fcdliches Cornwall &#8211; 8 Tage Pauschalreise"}]}]}},"_links":{"self":[{"href":"https:\/\/www.urlaubcornwall.de\/blog\/wp-json\/wp\/v2\/pages\/32001"}],"collection":[{"href":"https:\/\/www.urlaubcornwall.de\/blog\/wp-json\/wp\/v2\/pages"}],"about":[{"href":"https:\/\/www.urlaubcornwall.de\/blog\/wp-json\/wp\/v2\/types\/page"}],"author":[{"embeddable":true,"href":"https:\/\/www.urlaubcornwall.de\/blog\/wp-json\/wp\/v2\/users\/1"}],"replies":[{"embeddable":true,"href":"https:\/\/www.urlaubcornwall.de\/blog\/wp-json\/wp\/v2\/comments?post=32001"}],"version-history":[{"count":23,"href":"https:\/\/www.urlaubcornwall.de\/blog\/wp-json\/wp\/v2\/pages\/32001\/revisions"}],"predecessor-version":[{"id":43177,"href":"https:\/\/www.urlaubcornwall.de\/blog\/wp-json\/wp\/v2\/pages\/32001\/revisions\/43177"}],"wp:attachment":[{"href":"https:\/\/www.urlaubcornwall.de\/blog\/wp-json\/wp\/v2\/media?parent=32001"}],"curies":[{"name":"wp","href":"https:\/\/api.w.org\/{rel}","templated":true}]}}