{"id":31986,"date":"2018-01-21T14:37:34","date_gmt":"2018-01-21T14:37:34","guid":{"rendered":"https:\/\/www.urlaubcornwall.de\/blog\/?page_id=31986"},"modified":"2024-05-30T12:48:45","modified_gmt":"2024-05-30T12:48:45","slug":"historische-haeuser-east-sussex-sehenswuerdigkeiten-suedengland","status":"publish","type":"page","link":"https:\/\/www.urlaubcornwall.de\/blog\/historische-haeuser-east-sussex-sehenswuerdigkeiten-suedengland\/","title":{"rendered":"Sehensw\u00fcrdigkeiten in East Sussex &#8211; Historische Herrenh\u00e4user, Schl\u00f6sser und G\u00e4rten"},"content":{"rendered":"<p>Es gibt viele sehenswerte wundersch\u00f6ne historische Herrenh\u00e4user, Schl\u00f6sser und G\u00e4rten in East Sussex. Hier sind ein paar, die Sie w\u00e4hrend Ihres <a href=\"https:\/\/www.urlaubcornwall.de\/ferienhaeuser\/suedengland.php\">Urlaubs in S\u00fcdengland<\/a> nicht verpassen sollten.<\/p>\n<p><a href=\"https:\/\/www.nationaltrust.org.uk\/bodiam-castle\"rel=\"nofollow\"><strong>Bodiam Castle<\/strong><\/a><br \/>\n<a href=\"https:\/\/www.urlaubcornwall.de\/blog\/wp-content\/uploads\/2024\/03\/schloss-bodiam.jpg\"><img loading=\"lazy\" src=\"https:\/\/www.urlaubcornwall.de\/blog\/wp-content\/uploads\/2024\/03\/schloss-bodiam.jpg\" alt=\"schloss bodiam\" width=\"750\" height=\"436\" class=\"alignnone size-full wp-image-47891\" srcset=\"https:\/\/www.urlaubcornwall.de\/blog\/wp-content\/uploads\/2024\/03\/schloss-bodiam.jpg 750w, https:\/\/www.urlaubcornwall.de\/blog\/wp-content\/uploads\/2024\/03\/schloss-bodiam-300x174.jpg 300w\" sizes=\"(max-width: 750px) 100vw, 750px\" \/><\/a><\/p>\n<p>In der N\u00e4he von Robertsbridge gelegen, ist Bodiam Castle, eines von Britanniens malerischsten und evokativsten Burgen. Die Burg des14. Jahrhunderts befindet sich in wundersch\u00f6ner Landschaft, umgeben von einem Burggraben; das Burg\u00e4u\u00dfere scheint seit dem Mittelalter unber\u00fchrt, doch das Burginnere ist eine Ruine, wenngleich mit Wendeltreppen, R\u00e4umen in den T\u00fcrmen, Zinnen und wundervollem Blick. Somit ist es einfach, sich vorzustellen, wie wohl das Burgleben gewesen sein mag. Im Besitz des National Trust, ist Bodiam Castle das ganze Jahr \u00fcber ge\u00f6ffnet, und angeleinte Hunde sind auf dem Grundst\u00fcck gestattet.<\/p>\n<p><a href=\"https:\/\/www.nationaltrust.org.uk\/batemans\/features\/house-at-batemans\"rel=\"nofollow\"><strong>Bateman\u2019s<\/strong><\/a><\/p>\n<p>Bateman\u2019s in der N\u00e4he des Dorfes Burwash ist ein Haus des 17. Jahrhunderts, das das Zuhause des Schriftstellers Rudyard Kipling war. Dieses wundersch\u00f6ne Familienheim, das sich in der bewaldeten Landschaft von Sussex befindet, ist nach wie vor wie es war, als Rudyard Kipling hier lebte; die R\u00e4ume sind genau so, wie Kipling sie verlassen hat, mitsamt seinen pers\u00f6nlichen Dingen und ausgestellten Erinnerungsst\u00fccken, die Bezug nehmen auf sein Leben und Arbeiten. Die G\u00e4rten sind entz\u00fcckend mit wundersch\u00f6nen Wiesen, einer Wildblumenwiese, einem Kr\u00e4utergarten und einer funktionierenden Wasserm\u00fchle des 17. Jahrhunderts, wo noch immer Mehl gemahlen wird. Die l\u00e4ndliche Umgebung eignet sich zu jeder Jahreszeit hervorragend zum Wandern. Bateman\u2019s befindet sich nun im Besitz des National Trust und ist das ganze Jahr \u00fcber ge\u00f6ffnet; Hunde an kurz gehaltenen Leinen sind in den G\u00e4rten gestattet.<\/p>\n<p><a href=\"https:\/\/www.herstmonceux-castle.com\/\"rel=\"nofollow\"><strong>Herstmonceux Schloss und G\u00e4rten<\/strong><\/a><\/p>\n<div id=\"attachment_47781\" style=\"width: 760px\" class=\"wp-caption alignnone\"><a href=\"https:\/\/www.urlaubcornwall.de\/blog\/wp-content\/uploads\/2024\/03\/Herstmonceux.jpg\"><img aria-describedby=\"caption-attachment-47781\" loading=\"lazy\" src=\"https:\/\/www.urlaubcornwall.de\/blog\/wp-content\/uploads\/2024\/03\/Herstmonceux.jpg\" alt=\"Herstmonceux\" width=\"750\" height=\"563\" class=\"size-full wp-image-47781\" srcset=\"https:\/\/www.urlaubcornwall.de\/blog\/wp-content\/uploads\/2024\/03\/Herstmonceux.jpg 750w, https:\/\/www.urlaubcornwall.de\/blog\/wp-content\/uploads\/2024\/03\/Herstmonceux-300x225.jpg 300w\" sizes=\"(max-width: 750px) 100vw, 750px\" \/><\/a><p id=\"caption-attachment-47781\" class=\"wp-caption-text\">credit Herstmonceux Estate<\/p><\/div>\n<p>Schloss Herstmonceux bei Hailsham ist das perfekte M\u00e4rchenschloss. Dieses Schloss des 15. Jahrhunderts befindet sich innerhalb eines Grundst\u00fccks von mehr als 240 Hektar Waldlandes und formellen G\u00e4rten und ist umgeben von einem Burggraben. Das Schloss wird heutzutage benutzt als ein internationales Studierzentrum, doch w\u00e4hrend des Fr\u00fchlings und Sommers sind f\u00fcr die \u00d6ffentlichkeit gef\u00fchrte Touren erh\u00e4ltlich. Die G\u00e4rten sind wundervoll; einschlie\u00dflich eines elisabethanischen Gartens, eines Rosengartens, eines Schmetterlingsgartens und eines magischen Gartens; angeleinte Hunde sind in den G\u00e4rten gestattet. Besucher k\u00f6nnen nicht nur in den G\u00e4rten und auf dem Grundst\u00fcck herumspazieren, sondern w\u00e4hrend der Sommersaison auch eine Fahrt in der Pferdekutsche genie\u00dfen.<\/p>\n<p><a href=\"https:\/\/sussexpast.co.uk\/properties-to-discover\/lewes-castle\"rel=\"nofollow\"><strong>Lewes Castle und Barbican House Museum<\/strong><\/a><\/p>\n<p>Lewes Castle befindet sich am h\u00f6chsten Punkt der Stadt Lewes. Es ist eine der \u00e4ltesten normannischen Festungen in England und bietet dem Besucher einen unglaublichen Panoramablick \u00fcber die Landschaft von Sussex von den Downs bis hin zur K\u00fcste. Das sich anschlie\u00dfende Barbican House Museum beherbergt das arch\u00e4ologische Museum von Sussex, das eine feine Sammlung an Artefakten hat. Lewes Castle ist das ganze Jahr \u00fcber ge\u00f6ffnet. Sie k\u00f6nnen Ihren Besuch des Lewes Castle verbinden mit einer Eintrittskarte, die das Anne of Cleeves House Museum, Lewes, mit einschlie\u00dft. Dieses Haus, das Teil von Annes Annulierungsregelung von Heinrich VIII. im Jahre 1540 war, ist ein wundervolles Beispiel eines sp\u00e4tmittelalterlichen Fachwerkgeb\u00e4udes. Aufgrund der authentischen Ausstattung k\u00f6nnen Sie sehen, wie das Leben zu Tudorzeiten war, und die h\u00fcbschen G\u00e4rten sind inspiriert von Pflanzprogrammen der Tudorzeit.<\/p>\n<p><a href=\"https:\/\/www.nationaltrust.org.uk\/alfriston-clergy-house\"rel=\"nofollow\"><strong>Alfriston Clergy House<\/strong><\/a><\/p>\n<p><a href=\"https:\/\/www.urlaubcornwall.de\/blog\/wp-content\/uploads\/2018\/01\/Alfrriston-clergy-house.jpg\"><img loading=\"lazy\" class=\"alignnone size-full wp-image-31990\" src=\"https:\/\/www.urlaubcornwall.de\/blog\/wp-content\/uploads\/2018\/01\/Alfrriston-clergy-house.jpg\" alt=\"Alfriston clergy house\" width=\"743\" height=\"431\" srcset=\"https:\/\/www.urlaubcornwall.de\/blog\/wp-content\/uploads\/2018\/01\/Alfrriston-clergy-house.jpg 743w, https:\/\/www.urlaubcornwall.de\/blog\/wp-content\/uploads\/2018\/01\/Alfrriston-clergy-house-300x174.jpg 300w\" sizes=\"(max-width: 743px) 100vw, 743px\" \/><\/a><\/p>\n<p>Im Dorf Alfriston befindet sich dieses seltene Wealden Hallenhaus des 14. Jahrhunderts\u2013 Fachwerk mit 2 Stockwerken und niederen Decken, ein Haus, wie es typisch ist f\u00fcr Kent und Sussex und f\u00fcr ortsans\u00e4ssige Bauern gebaut. Dieses reetgedeckte Clergy House befindet sich in einer idyllischen Lage mit Blick \u00fcber den Fluss Cuckmere und ist umgeben von einem friedvollen Cottagegarten voller Tierleben. Es war das erste Haus, das im Jahre 1896 vom National Trust erworben wurde und ist von M\u00e4rz bis Dezember ge\u00f6ffnet. Es ist ein idealer Ausgangspunkt, um \u00fcber die South Downs zu wandern.<\/p>\n<p style=\"text-align: right;\"><em>Images \u00a9 National Trust<\/em><\/p>\n<h2 style=\"text-align: center;\"><strong>Bei uns finden Sie Ferienh\u00e4user zum Verlieben \u2013 so einfach ist das!<\/strong><\/h2>\n<p style=\"text-align: center;\"><a class=\"tidycta\" href=\"https:\/\/www.urlaubcornwall.de\/ferienhaeuser\/sussex.php\">Suche Ferienh\u00e4user Sussex<\/a><\/p>\n<p style=\"text-align: center;\">UrlaubCornwall verf\u00fcgt Ferienh\u00e4user und Ferienwohnungen f\u00fcr Ihren <a href=\"https:\/\/www.urlaubcornwall.de\/reiseziel\/suedengland.php\">Urlaub in Sudengland<\/a>. Unterk\u00fcnfte der Spitzenklasse f\u00fcr 2 Personen, Familien und Gruppen mit 6, 8, 10 oder 12 G\u00e4sten.<\/p>\n<p><img loading=\"lazy\" class=\"aligncenter size-full wp-image-24598\" src=\"https:\/\/www.urlaubcornwall.de\/blog\/wp-content\/uploads\/2016\/06\/urlaub-und-sudengland_logo-final.jpg\" width=\"746\" height=\"361\"\/><\/p>\n","protected":false},"excerpt":{"rendered":"<p>Es gibt viele sehenswerte wundersch\u00f6ne historische Herrenh\u00e4user, Schl\u00f6sser und G\u00e4rten in East Sussex. Hier sind ein paar, die Sie w\u00e4hrend Ihres Urlaubs in S\u00fcdengland nicht verpassen sollten. Bodiam Castle In der N\u00e4he von Robertsbridge gelegen, ist Bodiam Castle, eines von Britanniens malerischsten und evokativsten Burgen. Die Burg des14. Jahrhunderts befindet sich in wundersch\u00f6ner Landschaft, umgeben [&hellip;]<\/p>\n","protected":false},"author":1,"featured_media":0,"parent":0,"menu_order":0,"comment_status":"closed","ping_status":"closed","template":"single-four.php","meta":[],"acf":[],"yoast_head":"<!-- This site is optimized with the Yoast SEO plugin v19.4 - https:\/\/yoast.com\/wordpress\/plugins\/seo\/ -->\n<title>Sehensw\u00fcrdigkeiten in East Sussex - Historische Herrenh\u00e4user, Schl\u00f6sser und G\u00e4rten - Urlaub &amp; Reisen<\/title>\n<meta name=\"robots\" content=\"index, follow, max-snippet:-1, max-image-preview:large, max-video-preview:-1\" \/>\n<link rel=\"canonical\" href=\"https:\/\/www.urlaubcornwall.de\/blog\/historische-haeuser-east-sussex-sehenswuerdigkeiten-suedengland\/\" \/>\n<meta property=\"og:locale\" content=\"en_US\" \/>\n<meta property=\"og:type\" content=\"article\" \/>\n<meta property=\"og:title\" content=\"Sehensw\u00fcrdigkeiten in East Sussex - Historische Herrenh\u00e4user, Schl\u00f6sser und G\u00e4rten - Urlaub &amp; Reisen\" \/>\n<meta property=\"og:description\" content=\"Es gibt viele sehenswerte wundersch\u00f6ne historische Herrenh\u00e4user, Schl\u00f6sser und G\u00e4rten in East Sussex. Hier sind ein paar, die Sie w\u00e4hrend Ihres Urlaubs in S\u00fcdengland nicht verpassen sollten. Bodiam Castle In der N\u00e4he von Robertsbridge gelegen, ist Bodiam Castle, eines von Britanniens malerischsten und evokativsten Burgen. Die Burg des14. Jahrhunderts befindet sich in wundersch\u00f6ner Landschaft, umgeben [&hellip;]\" \/>\n<meta property=\"og:url\" content=\"https:\/\/www.urlaubcornwall.de\/blog\/historische-haeuser-east-sussex-sehenswuerdigkeiten-suedengland\/\" \/>\n<meta property=\"og:site_name\" content=\"Urlaub &amp; Reisen\" \/>\n<meta property=\"article:modified_time\" content=\"2024-05-30T12:48:45+00:00\" \/>\n<meta property=\"og:image\" content=\"https:\/\/www.urlaubcornwall.de\/blog\/wp-content\/uploads\/2024\/03\/schloss-bodiam.jpg\" \/>\n<meta name=\"twitter:card\" content=\"summary\" \/>\n<meta name=\"twitter:label1\" content=\"Est. reading time\" \/>\n\t<meta name=\"twitter:data1\" content=\"4 minutes\" \/>\n<script type=\"application\/ld+json\" class=\"yoast-schema-graph\">{\"@context\":\"https:\/\/schema.org\",\"@graph\":[{\"@type\":\"WebSite\",\"@id\":\"https:\/\/www.urlaubcornwall.de\/blog\/#website\",\"url\":\"https:\/\/www.urlaubcornwall.de\/blog\/\",\"name\":\"Urlaub &amp; Reisen\",\"description\":\"Urlaub, Reisen, Cornwall und S\u00fcdengland: eine perfekte Kombination\",\"potentialAction\":[{\"@type\":\"SearchAction\",\"target\":{\"@type\":\"EntryPoint\",\"urlTemplate\":\"https:\/\/www.urlaubcornwall.de\/blog\/?s={search_term_string}\"},\"query-input\":\"required name=search_term_string\"}],\"inLanguage\":\"en-US\"},{\"@type\":\"WebPage\",\"@id\":\"https:\/\/www.urlaubcornwall.de\/blog\/historische-haeuser-east-sussex-sehenswuerdigkeiten-suedengland\/\",\"url\":\"https:\/\/www.urlaubcornwall.de\/blog\/historische-haeuser-east-sussex-sehenswuerdigkeiten-suedengland\/\",\"name\":\"Sehensw\u00fcrdigkeiten in East Sussex - Historische Herrenh\u00e4user, Schl\u00f6sser und G\u00e4rten - Urlaub &amp; Reisen\",\"isPartOf\":{\"@id\":\"https:\/\/www.urlaubcornwall.de\/blog\/#website\"},\"datePublished\":\"2018-01-21T14:37:34+00:00\",\"dateModified\":\"2024-05-30T12:48:45+00:00\",\"breadcrumb\":{\"@id\":\"https:\/\/www.urlaubcornwall.de\/blog\/historische-haeuser-east-sussex-sehenswuerdigkeiten-suedengland\/#breadcrumb\"},\"inLanguage\":\"en-US\",\"potentialAction\":[{\"@type\":\"ReadAction\",\"target\":[\"https:\/\/www.urlaubcornwall.de\/blog\/historische-haeuser-east-sussex-sehenswuerdigkeiten-suedengland\/\"]}]},{\"@type\":\"BreadcrumbList\",\"@id\":\"https:\/\/www.urlaubcornwall.de\/blog\/historische-haeuser-east-sussex-sehenswuerdigkeiten-suedengland\/#breadcrumb\",\"itemListElement\":[{\"@type\":\"ListItem\",\"position\":1,\"name\":\"Home\",\"item\":\"https:\/\/www.urlaubcornwall.de\/blog\/\"},{\"@type\":\"ListItem\",\"position\":2,\"name\":\"Sehensw\u00fcrdigkeiten in East Sussex &#8211; Historische Herrenh\u00e4user, Schl\u00f6sser und G\u00e4rten\"}]}]}<\/script>\n<!-- \/ Yoast SEO plugin. -->","yoast_head_json":{"title":"Sehensw\u00fcrdigkeiten in East Sussex - Historische Herrenh\u00e4user, Schl\u00f6sser und G\u00e4rten - Urlaub &amp; Reisen","robots":{"index":"index","follow":"follow","max-snippet":"max-snippet:-1","max-image-preview":"max-image-preview:large","max-video-preview":"max-video-preview:-1"},"canonical":"https:\/\/www.urlaubcornwall.de\/blog\/historische-haeuser-east-sussex-sehenswuerdigkeiten-suedengland\/","og_locale":"en_US","og_type":"article","og_title":"Sehensw\u00fcrdigkeiten in East Sussex - Historische Herrenh\u00e4user, Schl\u00f6sser und G\u00e4rten - Urlaub &amp; Reisen","og_description":"Es gibt viele sehenswerte wundersch\u00f6ne historische Herrenh\u00e4user, Schl\u00f6sser und G\u00e4rten in East Sussex. Hier sind ein paar, die Sie w\u00e4hrend Ihres Urlaubs in S\u00fcdengland nicht verpassen sollten. Bodiam Castle In der N\u00e4he von Robertsbridge gelegen, ist Bodiam Castle, eines von Britanniens malerischsten und evokativsten Burgen. Die Burg des14. Jahrhunderts befindet sich in wundersch\u00f6ner Landschaft, umgeben [&hellip;]","og_url":"https:\/\/www.urlaubcornwall.de\/blog\/historische-haeuser-east-sussex-sehenswuerdigkeiten-suedengland\/","og_site_name":"Urlaub &amp; Reisen","article_modified_time":"2024-05-30T12:48:45+00:00","og_image":[{"url":"https:\/\/www.urlaubcornwall.de\/blog\/wp-content\/uploads\/2024\/03\/schloss-bodiam.jpg"}],"twitter_card":"summary","twitter_misc":{"Est. reading time":"4 minutes"},"schema":{"@context":"https:\/\/schema.org","@graph":[{"@type":"WebSite","@id":"https:\/\/www.urlaubcornwall.de\/blog\/#website","url":"https:\/\/www.urlaubcornwall.de\/blog\/","name":"Urlaub &amp; Reisen","description":"Urlaub, Reisen, Cornwall und S\u00fcdengland: eine perfekte Kombination","potentialAction":[{"@type":"SearchAction","target":{"@type":"EntryPoint","urlTemplate":"https:\/\/www.urlaubcornwall.de\/blog\/?s={search_term_string}"},"query-input":"required name=search_term_string"}],"inLanguage":"en-US"},{"@type":"WebPage","@id":"https:\/\/www.urlaubcornwall.de\/blog\/historische-haeuser-east-sussex-sehenswuerdigkeiten-suedengland\/","url":"https:\/\/www.urlaubcornwall.de\/blog\/historische-haeuser-east-sussex-sehenswuerdigkeiten-suedengland\/","name":"Sehensw\u00fcrdigkeiten in East Sussex - Historische Herrenh\u00e4user, Schl\u00f6sser und G\u00e4rten - Urlaub &amp; Reisen","isPartOf":{"@id":"https:\/\/www.urlaubcornwall.de\/blog\/#website"},"datePublished":"2018-01-21T14:37:34+00:00","dateModified":"2024-05-30T12:48:45+00:00","breadcrumb":{"@id":"https:\/\/www.urlaubcornwall.de\/blog\/historische-haeuser-east-sussex-sehenswuerdigkeiten-suedengland\/#breadcrumb"},"inLanguage":"en-US","potentialAction":[{"@type":"ReadAction","target":["https:\/\/www.urlaubcornwall.de\/blog\/historische-haeuser-east-sussex-sehenswuerdigkeiten-suedengland\/"]}]},{"@type":"BreadcrumbList","@id":"https:\/\/www.urlaubcornwall.de\/blog\/historische-haeuser-east-sussex-sehenswuerdigkeiten-suedengland\/#breadcrumb","itemListElement":[{"@type":"ListItem","position":1,"name":"Home","item":"https:\/\/www.urlaubcornwall.de\/blog\/"},{"@type":"ListItem","position":2,"name":"Sehensw\u00fcrdigkeiten in East Sussex &#8211; Historische Herrenh\u00e4user, Schl\u00f6sser und G\u00e4rten"}]}]}},"_links":{"self":[{"href":"https:\/\/www.urlaubcornwall.de\/blog\/wp-json\/wp\/v2\/pages\/31986"}],"collection":[{"href":"https:\/\/www.urlaubcornwall.de\/blog\/wp-json\/wp\/v2\/pages"}],"about":[{"href":"https:\/\/www.urlaubcornwall.de\/blog\/wp-json\/wp\/v2\/types\/page"}],"author":[{"embeddable":true,"href":"https:\/\/www.urlaubcornwall.de\/blog\/wp-json\/wp\/v2\/users\/1"}],"replies":[{"embeddable":true,"href":"https:\/\/www.urlaubcornwall.de\/blog\/wp-json\/wp\/v2\/comments?post=31986"}],"version-history":[{"count":9,"href":"https:\/\/www.urlaubcornwall.de\/blog\/wp-json\/wp\/v2\/pages\/31986\/revisions"}],"predecessor-version":[{"id":51050,"href":"https:\/\/www.urlaubcornwall.de\/blog\/wp-json\/wp\/v2\/pages\/31986\/revisions\/51050"}],"wp:attachment":[{"href":"https:\/\/www.urlaubcornwall.de\/blog\/wp-json\/wp\/v2\/media?parent=31986"}],"curies":[{"name":"wp","href":"https:\/\/api.w.org\/{rel}","templated":true}]}}