{"id":31964,"date":"2018-01-19T14:25:17","date_gmt":"2018-01-19T14:25:17","guid":{"rendered":"https:\/\/www.urlaubcornwall.de\/blog\/?page_id=31964"},"modified":"2024-05-30T12:50:02","modified_gmt":"2024-05-30T12:50:02","slug":"die-herrenhaeuser-shloesser-wales-entdecken-sie-die-mythen-und-legenden","status":"publish","type":"page","link":"https:\/\/www.urlaubcornwall.de\/blog\/die-herrenhaeuser-shloesser-wales-entdecken-sie-die-mythen-und-legenden\/","title":{"rendered":"Sch\u00f6nsten Herrenh\u00e4user, Schl\u00f6sser &#038; G\u00e4rten  in Wales."},"content":{"rendered":"<p><a href=\"https:\/\/www.urlaubcornwall.de\/blog\/wp-content\/uploads\/2024\/03\/arundel-schloss-rotated.jpg\"><img loading=\"lazy\" src=\"https:\/\/www.urlaubcornwall.de\/blog\/wp-content\/uploads\/2024\/03\/arundel-schloss-rotated.jpg\" alt=\" schloss\" width=\"750\" height=\"563\" class=\"alignnone size-full wp-image-48095\" srcset=\"https:\/\/www.urlaubcornwall.de\/blog\/wp-content\/uploads\/2024\/03\/arundel-schloss-rotated.jpg 750w, https:\/\/www.urlaubcornwall.de\/blog\/wp-content\/uploads\/2024\/03\/arundel-schloss-300x225.jpg 300w\" sizes=\"(max-width: 750px) 100vw, 750px\" \/><\/a><\/p>\n<p>Es gibt w\u00e4hrend Ihres <a href=\"https:\/\/www.urlaubcornwall.de\/reiseziel\/wales.php\">Urlaubs in Wales<\/a> viele wundersch\u00f6ne historische H\u00e4user und G\u00e4rten zu besuchen; vom Loire Tal inspirierte Schl\u00f6sser bis hin zu viktorianischen Herrenh\u00e4usern, Burgruinen und herrschaftlichen H\u00e4usern. Hier finden Sie unsere kleine Auswahl der Top 5, die Sie w\u00e4hrend Ihres walisischen Urlaubs auf keinen Fall auslassen sollten.<\/p>\n<p><a href=\"https:\/\/www.nationaltrust.org.uk\/plas-newydd-country-house-and-gardens\"rel=\"nofollow\"><strong>PlasNewydd<\/strong><\/a><\/p>\n<p>PlasNewydd Haus und Garten befindet sich in Anglesey an den Ufern des Menai Strait mit atemberaubendem Blick \u00fcber Snowdonia. Es war einst das Zuhause der Marquess of Anglesey, ist bekannt aufgrund seiner Verbindung zum K\u00fcnstler Rex Whistler und beherbergt zudem die gr\u00f6\u00dfte Sammlung seiner Werke. Die wundersch\u00f6nen G\u00e4rten eignen sich das ganze Jahr \u00fcber hervorragend zum Erkunden. Nun im Besitz des National Trust, bietet sich PlasNewydd gro\u00dfartig f\u00fcr einen Familienausflug an. Das Haus ist von Februar bis November ge\u00f6ffnet, wie auch die G\u00e4rten, in denen Hunde, die an kurzer Leine gehalten werden, erlaubt sind.<\/p>\n<p><a href=\"https:\/\/www.nationaltrust.org.uk\/penrhyn-castle\"rel=\"nofollow\"><strong>Penrhyn Castle und Garten<\/strong><\/a><\/p>\n<p>Zwischen Snowdonia und dem Menai Strait gelegen, wurde Penrhyn Schloss im fr\u00fchen 19. Jahrhundert f\u00fcr die Pennant Familie erbaut, die wohlhabende Zuckerh\u00e4ndler waren. Diese riesige neo-normannische Burg ist umgeben von weiten Parklandschaften mit wundervollem Blick \u00fcber Snowdonia und die K\u00fcste von Nordwales. Die Burg befindet sich in der N\u00e4he der Stadt Bangor und hat eine einzigartige Architektur, eine opulente Inneneinrichtung, wundervolle viktorianische K\u00fcchen und ein Eisenbahnmuseum, es gibt also etwas f\u00fcr jedermann. Die Burg, die im Besitz des National Trust ist, ist von Februar bis Dezember ge\u00f6ffnet, wie auch die G\u00e4rten, die Hunde an kurzen Leinen erlauben.<\/p>\n<p><a href=\"https:\/\/www.nationaltrust.org.uk\/erddig\"rel=\"nofollow\"><strong>Erddig<\/strong><\/a><\/p>\n<p>In der N\u00e4he von Wrexham und hoch \u00fcber dem sich dahin windenden Fluss Clywedog gelegen, befindet sich das wundersch\u00f6ne Landhaus Erddig mit seiner mehr als 250 Jahre alten Geschichte. Das Haus mit sorgsam instandgehaltenen R\u00e4umen voller feiner M\u00f6bel, Textilien und einer gro\u00dfen Portraitsammlung der Bediensteten, die hier arbeiteten, vermittelt ihnen einen gro\u00dfartigen Einblick ins Leben der Yorke Familie in Erddigwith. Es gibt einen vollst\u00e4ndig restaurierten Garten des 18. Jahrhunderts und 486 Hektar Landschaftsg\u00e4rten, die sich perfekt eignen zum Wandern und ein Picknick am Fluss zu genie\u00dfen. Nun im Besitz des National Trust, ist das Haus von Februar bis Dezember ge\u00f6ffnet und die G\u00e4rten das ganze Jahr \u00fcber.<\/p>\n<p><a href=\"https:\/\/www.nationaltrust.org.uk\/the-kymin\"rel=\"nofollow\"><strong>The Kymin<\/strong><\/a><\/p>\n<p>Mit Blick \u00fcber Monmouth und das wundersch\u00f6ne Wye Tal, ist Kymin ein charmantes Rundhaus des 18. Jahrhunderts. Es war einst Teil eines enormen Monmouthshire Guts des Duke of Beaufort und wurde f\u00fcr die Herren des Kymin Club gebaut, der auch bekannt war als der Monmouth Picknickclub. Mit der Konstruktion wurde im Jahre 1794 begonnen, und nach Fertigstellung trafen sich hier die Mitglieder jede Woche zum Dinieren und sich zu unterhalten. Im Jahre 1802 wurde es von Lord Nelson und Lady Hamilton besucht, die dachten, es w\u00e4re entz\u00fcckend. Es befindet sich nun im Besitz des National Trust; das Rundhaus ist von Ende M\u00e4rz bis Ende Oktober ge\u00f6ffnet, und das Grundst\u00fcck mit Panoramablick, das perfekt ist zum Picknicken, ist das ganze Jahr \u00fcber ge\u00f6ffnet. Hunde sind im Rundhaus und auf dem Grundst\u00fcck gestattet.<\/p>\n<p><a href=\"https:\/\/www.nationaltrust.org.uk\/powis-castle-and-garden\"rel=\"nofollow\"><strong>Schloss Powis und Garten<\/strong><\/a><\/p>\n<p>In der Grafschaft Powys bei Welshpool, wurde Schloss Powis von der Herbert Familie \u00fcber einen Zeitraum von mehr als 400 Jahren von einer mittelalterlichen Festung in ein komfortables Familienzuhause verwandelt, das ausgestattet ist mit luxuri\u00f6sen Stoffen und exquisiten Kunstwerken aus der ganzen Welt. Im Clive Museum befindet sich die gr\u00f6\u00dfte private Sammlung indischer Sch\u00e4tze des UK. Die G\u00e4rten von Powis sind weltbekannt, mit einer Mischung an italienisch angehauchten Terrassen, einem formellen Garten, einem Waldgebiet und einem Wildpark. Im Besitz des National Trust, hat dieses herrliche historische Heim Besuchern w\u00e4hrend ihres Urlaubs in Wales eine Menge zu bieten. Powis Castle und G\u00e4rten sind das ganze Jahr \u00fcber ge\u00f6ffnet; Hunde sind nicht gestattet.<\/p>\n<div class=\"snippet\"> <a class=\"featured-item\" href=\" https:\/\/www.urlaubcornwall.de\/ferienhaeuser\/wales.php\"> <span class=\"image-holder\" style=\"background-image: url(' https:\/\/www.urlaubcornwall.de\/blog\/wp-content\/uploads\/2019\/01\/ferienhaus-wales-urlaub.jpg');\"><\/span> <span class=\"featured-content\"> \n<h2 class=\"featured-title\">Bei uns finden Sie Ferienh\u00e4user in Wales zum Verlieben!<\/h2>\n<p class=\"featured-body\">Untenstehend finden Sie eine Auswahl an Selbstversorger-Ferienh\u00e4usern in Wales. Hier finden Sie handverlesene, pers\u00f6nlich inspizierte Cottages entlang der walisischen K\u00fcste&#8230;..<\/p>\n<\/span> <span class=\"featured-link-holder\"> <span class=\"featured-extra-info\"> \n<p>F\u00fcr Paare, Familien &#038; Gruppen<\/p>\n<\/span> \n<p class=\"featured-link\">DETAILS<\/p>\n<\/span> <\/a><\/div>\n","protected":false},"excerpt":{"rendered":"<p>Es gibt w\u00e4hrend Ihres Urlaubs in Wales viele wundersch\u00f6ne historische H\u00e4user und G\u00e4rten zu besuchen; vom Loire Tal inspirierte Schl\u00f6sser bis hin zu viktorianischen Herrenh\u00e4usern, Burgruinen und herrschaftlichen H\u00e4usern. Hier finden Sie unsere kleine Auswahl der Top 5, die Sie w\u00e4hrend Ihres walisischen Urlaubs auf keinen Fall auslassen sollten. PlasNewydd PlasNewydd Haus und Garten befindet [&hellip;]<\/p>\n","protected":false},"author":1,"featured_media":0,"parent":0,"menu_order":0,"comment_status":"closed","ping_status":"closed","template":"single-four.php","meta":[],"acf":[],"yoast_head":"<!-- This site is optimized with the Yoast SEO plugin v19.4 - https:\/\/yoast.com\/wordpress\/plugins\/seo\/ -->\n<title>Sch\u00f6nsten Herrenh\u00e4user, Schl\u00f6sser &amp; G\u00e4rten in Wales. - Urlaub &amp; Reisen<\/title>\n<meta name=\"robots\" content=\"index, follow, max-snippet:-1, max-image-preview:large, max-video-preview:-1\" \/>\n<link rel=\"canonical\" href=\"https:\/\/www.urlaubcornwall.de\/blog\/die-herrenhaeuser-shloesser-wales-entdecken-sie-die-mythen-und-legenden\/\" \/>\n<meta property=\"og:locale\" content=\"en_US\" \/>\n<meta property=\"og:type\" content=\"article\" \/>\n<meta property=\"og:title\" content=\"Sch\u00f6nsten Herrenh\u00e4user, Schl\u00f6sser &amp; G\u00e4rten in Wales. - Urlaub &amp; Reisen\" \/>\n<meta property=\"og:description\" content=\"Es gibt w\u00e4hrend Ihres Urlaubs in Wales viele wundersch\u00f6ne historische H\u00e4user und G\u00e4rten zu besuchen; vom Loire Tal inspirierte Schl\u00f6sser bis hin zu viktorianischen Herrenh\u00e4usern, Burgruinen und herrschaftlichen H\u00e4usern. Hier finden Sie unsere kleine Auswahl der Top 5, die Sie w\u00e4hrend Ihres walisischen Urlaubs auf keinen Fall auslassen sollten. PlasNewydd PlasNewydd Haus und Garten befindet [&hellip;]\" \/>\n<meta property=\"og:url\" content=\"https:\/\/www.urlaubcornwall.de\/blog\/die-herrenhaeuser-shloesser-wales-entdecken-sie-die-mythen-und-legenden\/\" \/>\n<meta property=\"og:site_name\" content=\"Urlaub &amp; Reisen\" \/>\n<meta property=\"article:modified_time\" content=\"2024-05-30T12:50:02+00:00\" \/>\n<meta property=\"og:image\" content=\"https:\/\/www.urlaubcornwall.de\/blog\/wp-content\/uploads\/2024\/03\/arundel-schloss-rotated.jpg\" \/>\n<meta name=\"twitter:card\" content=\"summary\" \/>\n<meta name=\"twitter:label1\" content=\"Est. reading time\" \/>\n\t<meta name=\"twitter:data1\" content=\"4 minutes\" \/>\n<script type=\"application\/ld+json\" class=\"yoast-schema-graph\">{\"@context\":\"https:\/\/schema.org\",\"@graph\":[{\"@type\":\"WebSite\",\"@id\":\"https:\/\/www.urlaubcornwall.de\/blog\/#website\",\"url\":\"https:\/\/www.urlaubcornwall.de\/blog\/\",\"name\":\"Urlaub &amp; Reisen\",\"description\":\"Urlaub, Reisen, Cornwall und S\u00fcdengland: eine perfekte Kombination\",\"potentialAction\":[{\"@type\":\"SearchAction\",\"target\":{\"@type\":\"EntryPoint\",\"urlTemplate\":\"https:\/\/www.urlaubcornwall.de\/blog\/?s={search_term_string}\"},\"query-input\":\"required name=search_term_string\"}],\"inLanguage\":\"en-US\"},{\"@type\":\"WebPage\",\"@id\":\"https:\/\/www.urlaubcornwall.de\/blog\/die-herrenhaeuser-shloesser-wales-entdecken-sie-die-mythen-und-legenden\/\",\"url\":\"https:\/\/www.urlaubcornwall.de\/blog\/die-herrenhaeuser-shloesser-wales-entdecken-sie-die-mythen-und-legenden\/\",\"name\":\"Sch\u00f6nsten Herrenh\u00e4user, Schl\u00f6sser & G\u00e4rten in Wales. - Urlaub &amp; Reisen\",\"isPartOf\":{\"@id\":\"https:\/\/www.urlaubcornwall.de\/blog\/#website\"},\"datePublished\":\"2018-01-19T14:25:17+00:00\",\"dateModified\":\"2024-05-30T12:50:02+00:00\",\"breadcrumb\":{\"@id\":\"https:\/\/www.urlaubcornwall.de\/blog\/die-herrenhaeuser-shloesser-wales-entdecken-sie-die-mythen-und-legenden\/#breadcrumb\"},\"inLanguage\":\"en-US\",\"potentialAction\":[{\"@type\":\"ReadAction\",\"target\":[\"https:\/\/www.urlaubcornwall.de\/blog\/die-herrenhaeuser-shloesser-wales-entdecken-sie-die-mythen-und-legenden\/\"]}]},{\"@type\":\"BreadcrumbList\",\"@id\":\"https:\/\/www.urlaubcornwall.de\/blog\/die-herrenhaeuser-shloesser-wales-entdecken-sie-die-mythen-und-legenden\/#breadcrumb\",\"itemListElement\":[{\"@type\":\"ListItem\",\"position\":1,\"name\":\"Home\",\"item\":\"https:\/\/www.urlaubcornwall.de\/blog\/\"},{\"@type\":\"ListItem\",\"position\":2,\"name\":\"Sch\u00f6nsten Herrenh\u00e4user, Schl\u00f6sser &#038; G\u00e4rten in Wales.\"}]}]}<\/script>\n<!-- \/ Yoast SEO plugin. -->","yoast_head_json":{"title":"Sch\u00f6nsten Herrenh\u00e4user, Schl\u00f6sser & G\u00e4rten in Wales. - Urlaub &amp; Reisen","robots":{"index":"index","follow":"follow","max-snippet":"max-snippet:-1","max-image-preview":"max-image-preview:large","max-video-preview":"max-video-preview:-1"},"canonical":"https:\/\/www.urlaubcornwall.de\/blog\/die-herrenhaeuser-shloesser-wales-entdecken-sie-die-mythen-und-legenden\/","og_locale":"en_US","og_type":"article","og_title":"Sch\u00f6nsten Herrenh\u00e4user, Schl\u00f6sser & G\u00e4rten in Wales. - Urlaub &amp; Reisen","og_description":"Es gibt w\u00e4hrend Ihres Urlaubs in Wales viele wundersch\u00f6ne historische H\u00e4user und G\u00e4rten zu besuchen; vom Loire Tal inspirierte Schl\u00f6sser bis hin zu viktorianischen Herrenh\u00e4usern, Burgruinen und herrschaftlichen H\u00e4usern. Hier finden Sie unsere kleine Auswahl der Top 5, die Sie w\u00e4hrend Ihres walisischen Urlaubs auf keinen Fall auslassen sollten. PlasNewydd PlasNewydd Haus und Garten befindet [&hellip;]","og_url":"https:\/\/www.urlaubcornwall.de\/blog\/die-herrenhaeuser-shloesser-wales-entdecken-sie-die-mythen-und-legenden\/","og_site_name":"Urlaub &amp; Reisen","article_modified_time":"2024-05-30T12:50:02+00:00","og_image":[{"url":"https:\/\/www.urlaubcornwall.de\/blog\/wp-content\/uploads\/2024\/03\/arundel-schloss-rotated.jpg"}],"twitter_card":"summary","twitter_misc":{"Est. reading time":"4 minutes"},"schema":{"@context":"https:\/\/schema.org","@graph":[{"@type":"WebSite","@id":"https:\/\/www.urlaubcornwall.de\/blog\/#website","url":"https:\/\/www.urlaubcornwall.de\/blog\/","name":"Urlaub &amp; Reisen","description":"Urlaub, Reisen, Cornwall und S\u00fcdengland: eine perfekte Kombination","potentialAction":[{"@type":"SearchAction","target":{"@type":"EntryPoint","urlTemplate":"https:\/\/www.urlaubcornwall.de\/blog\/?s={search_term_string}"},"query-input":"required name=search_term_string"}],"inLanguage":"en-US"},{"@type":"WebPage","@id":"https:\/\/www.urlaubcornwall.de\/blog\/die-herrenhaeuser-shloesser-wales-entdecken-sie-die-mythen-und-legenden\/","url":"https:\/\/www.urlaubcornwall.de\/blog\/die-herrenhaeuser-shloesser-wales-entdecken-sie-die-mythen-und-legenden\/","name":"Sch\u00f6nsten Herrenh\u00e4user, Schl\u00f6sser & G\u00e4rten in Wales. - Urlaub &amp; Reisen","isPartOf":{"@id":"https:\/\/www.urlaubcornwall.de\/blog\/#website"},"datePublished":"2018-01-19T14:25:17+00:00","dateModified":"2024-05-30T12:50:02+00:00","breadcrumb":{"@id":"https:\/\/www.urlaubcornwall.de\/blog\/die-herrenhaeuser-shloesser-wales-entdecken-sie-die-mythen-und-legenden\/#breadcrumb"},"inLanguage":"en-US","potentialAction":[{"@type":"ReadAction","target":["https:\/\/www.urlaubcornwall.de\/blog\/die-herrenhaeuser-shloesser-wales-entdecken-sie-die-mythen-und-legenden\/"]}]},{"@type":"BreadcrumbList","@id":"https:\/\/www.urlaubcornwall.de\/blog\/die-herrenhaeuser-shloesser-wales-entdecken-sie-die-mythen-und-legenden\/#breadcrumb","itemListElement":[{"@type":"ListItem","position":1,"name":"Home","item":"https:\/\/www.urlaubcornwall.de\/blog\/"},{"@type":"ListItem","position":2,"name":"Sch\u00f6nsten Herrenh\u00e4user, Schl\u00f6sser &#038; G\u00e4rten in Wales."}]}]}},"_links":{"self":[{"href":"https:\/\/www.urlaubcornwall.de\/blog\/wp-json\/wp\/v2\/pages\/31964"}],"collection":[{"href":"https:\/\/www.urlaubcornwall.de\/blog\/wp-json\/wp\/v2\/pages"}],"about":[{"href":"https:\/\/www.urlaubcornwall.de\/blog\/wp-json\/wp\/v2\/types\/page"}],"author":[{"embeddable":true,"href":"https:\/\/www.urlaubcornwall.de\/blog\/wp-json\/wp\/v2\/users\/1"}],"replies":[{"embeddable":true,"href":"https:\/\/www.urlaubcornwall.de\/blog\/wp-json\/wp\/v2\/comments?post=31964"}],"version-history":[{"count":14,"href":"https:\/\/www.urlaubcornwall.de\/blog\/wp-json\/wp\/v2\/pages\/31964\/revisions"}],"predecessor-version":[{"id":51051,"href":"https:\/\/www.urlaubcornwall.de\/blog\/wp-json\/wp\/v2\/pages\/31964\/revisions\/51051"}],"wp:attachment":[{"href":"https:\/\/www.urlaubcornwall.de\/blog\/wp-json\/wp\/v2\/media?parent=31964"}],"curies":[{"name":"wp","href":"https:\/\/api.w.org\/{rel}","templated":true}]}}