{"id":31955,"date":"2018-01-18T09:58:41","date_gmt":"2018-01-18T09:58:41","guid":{"rendered":"https:\/\/www.urlaubcornwall.de\/blog\/?page_id=31955"},"modified":"2024-05-26T12:09:11","modified_gmt":"2024-05-26T12:09:11","slug":"die-besten-ferienhaeuser-wales","status":"publish","type":"page","link":"https:\/\/www.urlaubcornwall.de\/blog\/die-besten-ferienhaeuser-wales\/","title":{"rendered":"Die besten Ferienh\u00e4user in Wales &#8211; ein Landstrich voller Bergketten, saftigen T\u00e4lern und alten Burgen"},"content":{"rendered":"<p><img loading=\"lazy\" class=\"aligncenter size-full wp-image-31956\" src=\"https:\/\/www.urlaubcornwall.de\/blog\/wp-content\/uploads\/2018\/01\/besten-ferienhaus-wales.jpg\" alt=\"besten Ferienh\u00e4user wales\" width=\"744\" height=\"464\" srcset=\"https:\/\/www.urlaubcornwall.de\/blog\/wp-content\/uploads\/2018\/01\/besten-ferienhaus-wales.jpg 744w, https:\/\/www.urlaubcornwall.de\/blog\/wp-content\/uploads\/2018\/01\/besten-ferienhaus-wales-300x187.jpg 300w\" sizes=\"(max-width: 744px) 100vw, 744px\" \/><br \/>\nEs sind zahlreiche traditionelle walisische Cottages vorhanden, in denen Sie Ihren <a href=\"https:\/\/www.urlaubcornwall.de\/reiseziel\/wales.php\">Urlaub in Wales<\/a> verbringen k\u00f6nnen. Erbaut mit \u00f6rtlich vorhandenen Materialien, sind diese urigen Ferienh\u00e4user reich an Ortserbe; viele der Cottages sind Fachwerkh\u00e4user, w\u00e4hrend sie in anderen Gegenden aus dickem Gestein erbaut sind mit reetgedeckten D\u00e4chern oder Schieferplatten. Im Norden von Wales an der Grenze zu England finden Sie die schwarz-wei\u00dfen H\u00e4user, die typisch sind f\u00fcr jene, die Sie in der Stadt Chester und auf dem Lande von Cheshire finden. An der K\u00fcste \u00e4hneln die Fischercottages jenen in Cornwall oder Devon; es gibt also etwas f\u00fcr jeden Geschmack.<\/p>\n<h1><strong><a href=\"https:\/\/www.urlaubcornwall.de\/ferienhaeuser-fewos\/wal\/nordwales\/arthog.html\">Ferienhaus mit Meeresblick in Snowdonia<\/a><\/strong><\/h1>\n<p><img loading=\"lazy\" class=\"aligncenter size-full wp-image-31957\" src=\"https:\/\/www.urlaubcornwall.de\/blog\/wp-content\/uploads\/2018\/01\/48322-panoramic-mountain-and-estuary-views.jpg\" alt=\"ferienhaus snowdonia\" width=\"744\" height=\"418\" srcset=\"https:\/\/www.urlaubcornwall.de\/blog\/wp-content\/uploads\/2018\/01\/48322-panoramic-mountain-and-estuary-views.jpg 744w, https:\/\/www.urlaubcornwall.de\/blog\/wp-content\/uploads\/2018\/01\/48322-panoramic-mountain-and-estuary-views-300x169.jpg 300w\" sizes=\"(max-width: 744px) 100vw, 744px\" \/><\/p>\n<p>Am Ufer mit wundervollem Meeresblick ist dieses urige Cottage ein perfektes Feriencottage f\u00fcr Paare. An einem privaten Strand nahe bei Arthog und der historischen Marktstadt Dolgellau gelegen, ist dieses renovierte Bootshaus ein entz\u00fcckendes Feriencottage.<\/p>\n<h1><strong><a href=\"https:\/\/www.urlaubcornwall.de\/ferienhaeuser-fewos\/wal\/nordwales\/dolgellau.html\">Landhaus mit Panoramablick in Wales <\/a><\/strong><\/h1>\n<p><img loading=\"lazy\" class=\"aligncenter size-full wp-image-31958\" src=\"https:\/\/www.urlaubcornwall.de\/blog\/wp-content\/uploads\/2018\/01\/ferienhaus-wales-mit-blick_1.jpg\" alt=\"ferienhaus wales mit blick_1\" width=\"744\" height=\"428\" srcset=\"https:\/\/www.urlaubcornwall.de\/blog\/wp-content\/uploads\/2018\/01\/ferienhaus-wales-mit-blick_1.jpg 744w, https:\/\/www.urlaubcornwall.de\/blog\/wp-content\/uploads\/2018\/01\/ferienhaus-wales-mit-blick_1-300x173.jpg 300w\" sizes=\"(max-width: 744px) 100vw, 744px\" \/><br \/>\nDieses typisch walisische Cottage mit wei\u00dfget\u00fcnchten W\u00e4nden, Holzbalken und Schieferdach bietet Panoramablick \u00fcber die Landschaft. In einer erh\u00f6hten Position am Rande des Dorfes Llangunllo ist es perfekt f\u00fcr einen Familienurlaub, und auch Ihr Hund ist hier willkommen.<\/p>\n<h1><strong><a href=\"https:\/\/www.urlaubcornwall.de\/ferienhaeuser-fewos\/wal\/mittelwales\/mittelwales.html\">Luxuri\u00f6sen walisischen Bauernhaus in Wales<\/a><\/strong><\/h1>\n<p><img loading=\"lazy\" class=\"aligncenter size-full wp-image-31958\" src=\"https:\/\/www.urlaubcornwall.de\/blog\/wp-content\/uploads\/2018\/01\/51651-32.jpg\" alt=\"luxuri\u00f6sen walisischen Bauernhaus \" width=\"744\" height=\"439\"\/><br \/>\nVerbleiben Sie in diesem luxuri\u00f6sen walisischen Bauernhaus umgeben von herrlicher Landschaft am Rande des Dorfes Llandinam. Das Haus ist wundersch\u00f6n eingerichtet und bietet alles, was Sie w\u00e4hrend eines Familienurlaubs in Wales brauchen.<\/p>\n<h1><strong><a href=\"https:\/\/www.urlaubcornwall.de\/ferienhaeuser-fewos\/wal\/westwales\/fishguard.html\">Ferienhaus mit wundervollem Meerblick <\/a><\/strong><\/h1>\n<p>Mit Blick \u00fcber den malerischen Hafen von Fishguard mit wundervollem Meeresblick, ist dieses Steincottage ideal f\u00fcr einen Urlaub, in dem Sie den Pembrokeshire K\u00fcstenpfad entlangwandern. Der Pfad erstreckt sich \u00fcber ungef\u00e4hr 300km und geht am Garten dieses entz\u00fcckenden Cottages entlang.<\/p>\n<h1><a href=\"https:\/\/www.urlaubcornwall.de\/ferienhaeuser-fewos\/wal\/suedwales\/abergavenny.html\"><strong>Feriencottage in Abergavenny<\/strong><\/a><\/h1>\n<p><img loading=\"lazy\" class=\"aligncenter size-full wp-image-31961\" src=\"https:\/\/www.urlaubcornwall.de\/blog\/wp-content\/uploads\/2018\/01\/feriencottage-wales.jpg\" alt=\"feriencottage wales\" width=\"744\" height=\"451\" srcset=\"https:\/\/www.urlaubcornwall.de\/blog\/wp-content\/uploads\/2018\/01\/feriencottage-wales.jpg 744w, https:\/\/www.urlaubcornwall.de\/blog\/wp-content\/uploads\/2018\/01\/feriencottage-wales-300x182.jpg 300w\" sizes=\"(max-width: 744px) 100vw, 744px\" \/><br \/>\nNahe der Marktstadt Abergavenny befindet sich dieses herrliche walisische Cottage mit einer K\u00fcche im Bauernstil, komplett mit einem Aga Herd, schiefergefliesten B\u00f6den, einem riesigen offenen Kamin und jeder Menge Holzbalken. Es ist perfekt f\u00fcr einen Familienurlaub, in dem Sie die Brecon Beacons und die walisische Geschichte erkunden.<\/p>\n<h2 style=\"text-align: center;\"><strong>Bei uns finden Sie Ferienh\u00e4user zum Verlieben \u2013 so einfach ist das!<\/strong><\/h2>\n<p style=\"text-align: center;\"><a class=\"tidycta\" href=\"https:\/\/www.urlaubcornwall.de\/ferienhaeuser\/wales.php\">Suche Ferienh\u00e4user in Wales<\/a><\/p>\n<p style=\"text-align: center;\">UrlaubCornwall verf\u00fcgt Ferienh\u00e4user und Ferienwohnungen f\u00fcr Ihren <a href=\"https:\/\/www.urlaubcornwall.de\/ferienhaeuser\/wales.php\">Urlaub in Wales<\/a>. Unterk\u00fcnfte der Spitzenklasse f\u00fcr 2 Personen, Familien und Gruppen mit 6, 8, 10 oder 12 G\u00e4sten.<\/p>\n<p><img loading=\"lazy\" class=\"aligncenter size-full wp-image-24598\" src=\"https:\/\/www.urlaubcornwall.de\/blog\/wp-content\/uploads\/2016\/06\/urlaub-und-sudengland_logo-final.jpg\" width=\"746\" height=\"361\"\/><\/p>\n","protected":false},"excerpt":{"rendered":"<p>Es sind zahlreiche traditionelle walisische Cottages vorhanden, in denen Sie Ihren Urlaub in Wales verbringen k\u00f6nnen. Erbaut mit \u00f6rtlich vorhandenen Materialien, sind diese urigen Ferienh\u00e4user reich an Ortserbe; viele der Cottages sind Fachwerkh\u00e4user, w\u00e4hrend sie in anderen Gegenden aus dickem Gestein erbaut sind mit reetgedeckten D\u00e4chern oder Schieferplatten. Im Norden von Wales an der Grenze [&hellip;]<\/p>\n","protected":false},"author":1,"featured_media":0,"parent":0,"menu_order":0,"comment_status":"closed","ping_status":"closed","template":"single-four.php","meta":[],"acf":[],"yoast_head":"<!-- This site is optimized with the Yoast SEO plugin v19.4 - https:\/\/yoast.com\/wordpress\/plugins\/seo\/ -->\n<title>Die besten Ferienh\u00e4user in Wales - ein Landstrich voller Bergketten, saftigen T\u00e4lern und alten Burgen - Urlaub &amp; Reisen<\/title>\n<meta name=\"robots\" content=\"index, follow, max-snippet:-1, max-image-preview:large, max-video-preview:-1\" \/>\n<link rel=\"canonical\" href=\"https:\/\/www.urlaubcornwall.de\/blog\/die-besten-ferienhaeuser-wales\/\" \/>\n<meta property=\"og:locale\" content=\"en_US\" \/>\n<meta property=\"og:type\" content=\"article\" \/>\n<meta property=\"og:title\" content=\"Die besten Ferienh\u00e4user in Wales - ein Landstrich voller Bergketten, saftigen T\u00e4lern und alten Burgen - Urlaub &amp; Reisen\" \/>\n<meta property=\"og:description\" content=\"Es sind zahlreiche traditionelle walisische Cottages vorhanden, in denen Sie Ihren Urlaub in Wales verbringen k\u00f6nnen. Erbaut mit \u00f6rtlich vorhandenen Materialien, sind diese urigen Ferienh\u00e4user reich an Ortserbe; viele der Cottages sind Fachwerkh\u00e4user, w\u00e4hrend sie in anderen Gegenden aus dickem Gestein erbaut sind mit reetgedeckten D\u00e4chern oder Schieferplatten. Im Norden von Wales an der Grenze [&hellip;]\" \/>\n<meta property=\"og:url\" content=\"https:\/\/www.urlaubcornwall.de\/blog\/die-besten-ferienhaeuser-wales\/\" \/>\n<meta property=\"og:site_name\" content=\"Urlaub &amp; Reisen\" \/>\n<meta property=\"article:modified_time\" content=\"2024-05-26T12:09:11+00:00\" \/>\n<meta property=\"og:image\" content=\"https:\/\/www.urlaubcornwall.de\/blog\/wp-content\/uploads\/2018\/01\/besten-ferienhaus-wales.jpg\" \/>\n<meta name=\"twitter:card\" content=\"summary\" \/>\n<meta name=\"twitter:label1\" content=\"Est. reading time\" \/>\n\t<meta name=\"twitter:data1\" content=\"3 minutes\" \/>\n<script type=\"application\/ld+json\" class=\"yoast-schema-graph\">{\"@context\":\"https:\/\/schema.org\",\"@graph\":[{\"@type\":\"WebSite\",\"@id\":\"https:\/\/www.urlaubcornwall.de\/blog\/#website\",\"url\":\"https:\/\/www.urlaubcornwall.de\/blog\/\",\"name\":\"Urlaub &amp; Reisen\",\"description\":\"Urlaub, Reisen, Cornwall und S\u00fcdengland: eine perfekte Kombination\",\"potentialAction\":[{\"@type\":\"SearchAction\",\"target\":{\"@type\":\"EntryPoint\",\"urlTemplate\":\"https:\/\/www.urlaubcornwall.de\/blog\/?s={search_term_string}\"},\"query-input\":\"required name=search_term_string\"}],\"inLanguage\":\"en-US\"},{\"@type\":\"WebPage\",\"@id\":\"https:\/\/www.urlaubcornwall.de\/blog\/die-besten-ferienhaeuser-wales\/\",\"url\":\"https:\/\/www.urlaubcornwall.de\/blog\/die-besten-ferienhaeuser-wales\/\",\"name\":\"Die besten Ferienh\u00e4user in Wales - ein Landstrich voller Bergketten, saftigen T\u00e4lern und alten Burgen - Urlaub &amp; Reisen\",\"isPartOf\":{\"@id\":\"https:\/\/www.urlaubcornwall.de\/blog\/#website\"},\"datePublished\":\"2018-01-18T09:58:41+00:00\",\"dateModified\":\"2024-05-26T12:09:11+00:00\",\"breadcrumb\":{\"@id\":\"https:\/\/www.urlaubcornwall.de\/blog\/die-besten-ferienhaeuser-wales\/#breadcrumb\"},\"inLanguage\":\"en-US\",\"potentialAction\":[{\"@type\":\"ReadAction\",\"target\":[\"https:\/\/www.urlaubcornwall.de\/blog\/die-besten-ferienhaeuser-wales\/\"]}]},{\"@type\":\"BreadcrumbList\",\"@id\":\"https:\/\/www.urlaubcornwall.de\/blog\/die-besten-ferienhaeuser-wales\/#breadcrumb\",\"itemListElement\":[{\"@type\":\"ListItem\",\"position\":1,\"name\":\"Home\",\"item\":\"https:\/\/www.urlaubcornwall.de\/blog\/\"},{\"@type\":\"ListItem\",\"position\":2,\"name\":\"Die besten Ferienh\u00e4user in Wales &#8211; ein Landstrich voller Bergketten, saftigen T\u00e4lern und alten Burgen\"}]}]}<\/script>\n<!-- \/ Yoast SEO plugin. -->","yoast_head_json":{"title":"Die besten Ferienh\u00e4user in Wales - ein Landstrich voller Bergketten, saftigen T\u00e4lern und alten Burgen - Urlaub &amp; Reisen","robots":{"index":"index","follow":"follow","max-snippet":"max-snippet:-1","max-image-preview":"max-image-preview:large","max-video-preview":"max-video-preview:-1"},"canonical":"https:\/\/www.urlaubcornwall.de\/blog\/die-besten-ferienhaeuser-wales\/","og_locale":"en_US","og_type":"article","og_title":"Die besten Ferienh\u00e4user in Wales - ein Landstrich voller Bergketten, saftigen T\u00e4lern und alten Burgen - Urlaub &amp; Reisen","og_description":"Es sind zahlreiche traditionelle walisische Cottages vorhanden, in denen Sie Ihren Urlaub in Wales verbringen k\u00f6nnen. Erbaut mit \u00f6rtlich vorhandenen Materialien, sind diese urigen Ferienh\u00e4user reich an Ortserbe; viele der Cottages sind Fachwerkh\u00e4user, w\u00e4hrend sie in anderen Gegenden aus dickem Gestein erbaut sind mit reetgedeckten D\u00e4chern oder Schieferplatten. Im Norden von Wales an der Grenze [&hellip;]","og_url":"https:\/\/www.urlaubcornwall.de\/blog\/die-besten-ferienhaeuser-wales\/","og_site_name":"Urlaub &amp; Reisen","article_modified_time":"2024-05-26T12:09:11+00:00","og_image":[{"url":"https:\/\/www.urlaubcornwall.de\/blog\/wp-content\/uploads\/2018\/01\/besten-ferienhaus-wales.jpg"}],"twitter_card":"summary","twitter_misc":{"Est. reading time":"3 minutes"},"schema":{"@context":"https:\/\/schema.org","@graph":[{"@type":"WebSite","@id":"https:\/\/www.urlaubcornwall.de\/blog\/#website","url":"https:\/\/www.urlaubcornwall.de\/blog\/","name":"Urlaub &amp; Reisen","description":"Urlaub, Reisen, Cornwall und S\u00fcdengland: eine perfekte Kombination","potentialAction":[{"@type":"SearchAction","target":{"@type":"EntryPoint","urlTemplate":"https:\/\/www.urlaubcornwall.de\/blog\/?s={search_term_string}"},"query-input":"required name=search_term_string"}],"inLanguage":"en-US"},{"@type":"WebPage","@id":"https:\/\/www.urlaubcornwall.de\/blog\/die-besten-ferienhaeuser-wales\/","url":"https:\/\/www.urlaubcornwall.de\/blog\/die-besten-ferienhaeuser-wales\/","name":"Die besten Ferienh\u00e4user in Wales - ein Landstrich voller Bergketten, saftigen T\u00e4lern und alten Burgen - Urlaub &amp; Reisen","isPartOf":{"@id":"https:\/\/www.urlaubcornwall.de\/blog\/#website"},"datePublished":"2018-01-18T09:58:41+00:00","dateModified":"2024-05-26T12:09:11+00:00","breadcrumb":{"@id":"https:\/\/www.urlaubcornwall.de\/blog\/die-besten-ferienhaeuser-wales\/#breadcrumb"},"inLanguage":"en-US","potentialAction":[{"@type":"ReadAction","target":["https:\/\/www.urlaubcornwall.de\/blog\/die-besten-ferienhaeuser-wales\/"]}]},{"@type":"BreadcrumbList","@id":"https:\/\/www.urlaubcornwall.de\/blog\/die-besten-ferienhaeuser-wales\/#breadcrumb","itemListElement":[{"@type":"ListItem","position":1,"name":"Home","item":"https:\/\/www.urlaubcornwall.de\/blog\/"},{"@type":"ListItem","position":2,"name":"Die besten Ferienh\u00e4user in Wales &#8211; ein Landstrich voller Bergketten, saftigen T\u00e4lern und alten Burgen"}]}]}},"_links":{"self":[{"href":"https:\/\/www.urlaubcornwall.de\/blog\/wp-json\/wp\/v2\/pages\/31955"}],"collection":[{"href":"https:\/\/www.urlaubcornwall.de\/blog\/wp-json\/wp\/v2\/pages"}],"about":[{"href":"https:\/\/www.urlaubcornwall.de\/blog\/wp-json\/wp\/v2\/types\/page"}],"author":[{"embeddable":true,"href":"https:\/\/www.urlaubcornwall.de\/blog\/wp-json\/wp\/v2\/users\/1"}],"replies":[{"embeddable":true,"href":"https:\/\/www.urlaubcornwall.de\/blog\/wp-json\/wp\/v2\/comments?post=31955"}],"version-history":[{"count":7,"href":"https:\/\/www.urlaubcornwall.de\/blog\/wp-json\/wp\/v2\/pages\/31955\/revisions"}],"predecessor-version":[{"id":50194,"href":"https:\/\/www.urlaubcornwall.de\/blog\/wp-json\/wp\/v2\/pages\/31955\/revisions\/50194"}],"wp:attachment":[{"href":"https:\/\/www.urlaubcornwall.de\/blog\/wp-json\/wp\/v2\/media?parent=31955"}],"curies":[{"name":"wp","href":"https:\/\/api.w.org\/{rel}","templated":true}]}}