{"id":31945,"date":"2018-01-17T16:59:09","date_gmt":"2018-01-17T16:59:09","guid":{"rendered":"https:\/\/www.urlaubcornwall.de\/blog\/?page_id=31945"},"modified":"2019-04-01T13:17:36","modified_gmt":"2019-04-01T13:17:36","slug":"die-besten-ferienhaeuser-devon-schoene-kueste-und-landschaft","status":"publish","type":"page","link":"https:\/\/www.urlaubcornwall.de\/blog\/die-besten-ferienhaeuser-devon-schoene-kueste-und-landschaft\/","title":{"rendered":"Die besten Ferienh\u00e4user in Devon &#8211; sch\u00f6ne K\u00fcste und Landschaft."},"content":{"rendered":"<p><img loading=\"lazy\" class=\"aligncenter size-full wp-image-31946\" src=\"https:\/\/www.urlaubcornwall.de\/blog\/wp-content\/uploads\/2018\/01\/ferienhaus-in-kingsbridge-meer.jpg\" alt=\"\" width=\"744\" height=\"445\" srcset=\"https:\/\/www.urlaubcornwall.de\/blog\/wp-content\/uploads\/2018\/01\/ferienhaus-in-kingsbridge-meer.jpg 744w, https:\/\/www.urlaubcornwall.de\/blog\/wp-content\/uploads\/2018\/01\/ferienhaus-in-kingsbridge-meer-300x179.jpg 300w\" sizes=\"(max-width: 744px) 100vw, 744px\" \/><\/p>\n<p>Das perfekte Feriencottage in Devon online zu finden, stellt eine Herausforderung dar. Es gibt so viele Arten an Ferienh\u00e4usern, um jedem Geschmack und s\u00e4mtlichen Erfordernissen entgegenzukommen. Von romantischen, reetgedeckten Landh\u00e4usern auf dem Lande von &nbsp;Devon, urigen kleinen Cottages am Meer, bis hin zu gro\u00dfen Herrenh\u00e4usern, die f\u00fcr Familienzusammenk\u00fcnfte geeignet sind. Hier ist eine kleine Auswahl an Cottages, um Ihnen bei der Probleml\u00f6sung zu helfen.<\/p>\n<h1><strong><a href=\"https:\/\/www.urlaubcornwall.de\/ferienhaeuser-fewos\/kingsbridge.html\">Luxus Ferienhaus Bantham, S\u00fcd Devon<\/a><\/strong><\/h1>\n<p><img loading=\"lazy\" class=\"aligncenter size-full wp-image-31947\" src=\"https:\/\/www.urlaubcornwall.de\/blog\/wp-content\/uploads\/2018\/01\/luxus-ferienhaus-devon-am-meer.jpg\" alt=\"luxus ferienhaus devon am meer\" width=\"746\" height=\"418\" srcset=\"https:\/\/www.urlaubcornwall.de\/blog\/wp-content\/uploads\/2018\/01\/luxus-ferienhaus-devon-am-meer.jpg 744w, https:\/\/www.urlaubcornwall.de\/blog\/wp-content\/uploads\/2018\/01\/luxus-ferienhaus-devon-am-meer-300x169.jpg 300w\" sizes=\"(max-width: 746px) 100vw, 746px\" \/><br \/>\nDieses luxuri\u00f6se Ferienhaus in Devon bietet spektakul\u00e4ren Meeresblick \u00fcber die Flussm\u00fcndung Avon bei Bantham. In wundersch\u00f6nen G\u00e4rten gelegen, ist dieses Haus perfekt f\u00fcr ein paar Familien oder eine Freundesgruppe.<\/p>\n<h1><a href=\"https:\/\/www.urlaubcornwall.de\/ferienhaeuser-fewos\/kingsbridge.html\"><strong>Reetgedeckte Cottage in Devon am Meer<\/strong><\/a><\/h1>\n<p><img loading=\"lazy\" class=\"aligncenter size-full wp-image-31948\" src=\"https:\/\/www.urlaubcornwall.de\/blog\/wp-content\/uploads\/2018\/01\/ferienhaus-thurlestone.jpg\" alt=\"ferienhaus thurlestone\" width=\"746\" height=\"440\" srcset=\"https:\/\/www.urlaubcornwall.de\/blog\/wp-content\/uploads\/2018\/01\/ferienhaus-thurlestone.jpg 744w, https:\/\/www.urlaubcornwall.de\/blog\/wp-content\/uploads\/2018\/01\/ferienhaus-thurlestone-300x177.jpg 300w\" sizes=\"(max-width: 746px) 100vw, 746px\" \/><br \/>\nDieses malerische reetgedeckte Cottage des 17. Jahrhunderts im Herzen von Thurlestone wurde komplett renoviert und bietet Ihnen jeglichen modernen Komfort, den Sie w\u00e4hrend eines Familienurlaubs in Devon brauchen werden. Lediglich einen 15min\u00fctigen Spaziergang vom Strand entfernt, ist dieses entz\u00fcckende hundefreundliche Cottage der ideale Urlaubsort, um die S\u00fcdk\u00fcste Devons zu erkunden.<\/p>\n<h1><a href=\"https:\/\/www.urlaubcornwall.de\/ferienhaeuser-fewos\/eng\/sued-devon\/sued-devon.html\"><strong>Strandhaus K\u00fcste Devons<\/strong><\/a><\/h1>\n<p><img loading=\"lazy\" class=\"aligncenter size-full wp-image-31949\" src=\"https:\/\/www.urlaubcornwall.de\/blog\/wp-content\/uploads\/2018\/01\/ferienhaus-devon-meer.jpg\" alt=\"ferienhaus devon meer\" width=\"746\" height=\"440\" srcset=\"https:\/\/www.urlaubcornwall.de\/blog\/wp-content\/uploads\/2018\/01\/ferienhaus-devon-meer.jpg 744w, https:\/\/www.urlaubcornwall.de\/blog\/wp-content\/uploads\/2018\/01\/ferienhaus-devon-meer-300x177.jpg 300w\" sizes=\"(max-width: 746px) 100vw, 746px\" \/><br \/>\nDieses gem\u00fctliche Cottage, urspr\u00fcnglich ein Fischercottage im K\u00fcstendorf Beesands, liegt am Strand mit wunderbarem Meeresblick. Es ist ein hundefreundliches Cottage und befindet sich am K\u00fcstenwanderweg Devons, ideal also f\u00fcr Hundespazierg\u00e4nge.<\/p>\n<h1><a href=\"https:\/\/www.urlaubcornwall.de\/ferienhaeuser-fewos\/eng\/devon\/noss-mayo.html\"><strong>Ferienhaus mit Meerblick &#8211; K\u00fcste Devons<\/strong><\/a><\/h1>\n<p><img loading=\"lazy\" class=\"aligncenter size-full wp-image-31950\" src=\"https:\/\/www.urlaubcornwall.de\/blog\/wp-content\/uploads\/2018\/01\/ferienhaus_noss_mayo.jpg\" alt=\"ferienhaus_noss_mayo\" width=\"746\" height=\"449\" srcset=\"https:\/\/www.urlaubcornwall.de\/blog\/wp-content\/uploads\/2018\/01\/ferienhaus_noss_mayo.jpg 744w, https:\/\/www.urlaubcornwall.de\/blog\/wp-content\/uploads\/2018\/01\/ferienhaus_noss_mayo-300x181.jpg 300w\" sizes=\"(max-width: 746px) 100vw, 746px\" \/><br \/>\nDas Toll House ist ein perfektes, charmantes Cottage f\u00fcr Paare am Rande der Yealm Flussm\u00fcndung. In wundersch\u00f6ner Lage mit spektakul\u00e4rem Meeresblick und dem Devon K\u00fcstenpfad, der am Cottage vorbeif\u00fchrt, bietet Ihnen dieses alte Zollhaus all das, was Sie f\u00fcr einen Urlaub in S\u00fcddevon brauchen.<\/p>\n<h1><a href=\"https:\/\/www.urlaubcornwall.de\/ferienhaeuser-fewos\/eng\/devon\/salcombe.html\"><strong>Ferienhaus in Salcombe am Meer<\/strong><\/a><\/h1>\n<p><img loading=\"lazy\" class=\"aligncenter size-full wp-image-31951\" src=\"https:\/\/www.urlaubcornwall.de\/blog\/wp-content\/uploads\/2018\/01\/ferienhaus-am-strand-salcombe.jpg\" alt=\"ferienhaus am strand salcombe\" width=\"744\" height=\"464\" srcset=\"https:\/\/www.urlaubcornwall.de\/blog\/wp-content\/uploads\/2018\/01\/ferienhaus-am-strand-salcombe.jpg 744w, https:\/\/www.urlaubcornwall.de\/blog\/wp-content\/uploads\/2018\/01\/ferienhaus-am-strand-salcombe-300x187.jpg 300w\" sizes=\"(max-width: 744px) 100vw, 744px\" \/><br \/>\nAm Ufer der h\u00fcbschen Meeresstadt Salcombe gelegen, ist dieses wundersch\u00f6n restaurierte Fischercottage des 19. Jahrhunderts perfekt f\u00fcr einen Familienurlaub am Strand. Mit gro\u00dfartigem Meeresblick und innerhalb gehbarer Entfernung zu den Str\u00e4nden, den Gesch\u00e4ften und Restaurants von Salcombe ist es ein idealer Ort, um Urlaub in Devon zu genie\u00dfen.<\/p>\n<h2 style=\"text-align: center;\"><strong>Bei uns finden Sie Ferienh\u00e4user zum Verlieben \u2013 so einfach ist das!<\/strong><\/h2>\n<p style=\"text-align: center;\"><a class=\"tidycta\" href=\"https:\/\/www.urlaubcornwall.de\/ferienhaeuser\/devon.php\">Suche Ferienh\u00e4user in Devon<\/a><\/p>\n<p style=\"text-align: center;\">UrlaubCornwall verf\u00fcgt Ferienh\u00e4user und Ferienwohnungen f\u00fcr Ihren <a href=\"https:\/\/www.urlaubcornwall.de\/reiseziel\/suedengland.php\">Urlaub in Sudengland<\/a>. Unterk\u00fcnfte der Spitzenklasse f\u00fcr 2 Personen, Familien und Gruppen mit 6, 8, 10 oder 12 G\u00e4sten.<\/p>\n<p><img loading=\"lazy\" class=\"aligncenter size-full wp-image-24598\" src=\"https:\/\/www.urlaubcornwall.de\/blog\/wp-content\/uploads\/2016\/06\/urlaub-und-sudengland_logo-final.jpg\" width=\"746\" height=\"361\"\/><\/p>\n","protected":false},"excerpt":{"rendered":"<p>Das perfekte Feriencottage in Devon online zu finden, stellt eine Herausforderung dar. Es gibt so viele Arten an Ferienh\u00e4usern, um jedem Geschmack und s\u00e4mtlichen Erfordernissen entgegenzukommen. Von romantischen, reetgedeckten Landh\u00e4usern auf dem Lande von &nbsp;Devon, urigen kleinen Cottages am Meer, bis hin zu gro\u00dfen Herrenh\u00e4usern, die f\u00fcr Familienzusammenk\u00fcnfte geeignet sind. Hier ist eine kleine Auswahl [&hellip;]<\/p>\n","protected":false},"author":1,"featured_media":0,"parent":0,"menu_order":0,"comment_status":"closed","ping_status":"closed","template":"single-four.php","meta":[],"acf":[],"yoast_head":"<!-- This site is optimized with the Yoast SEO plugin v19.4 - https:\/\/yoast.com\/wordpress\/plugins\/seo\/ -->\n<title>Die besten Ferienh\u00e4user in Devon - sch\u00f6ne K\u00fcste und Landschaft. - Urlaub &amp; Reisen<\/title>\n<meta name=\"robots\" content=\"index, follow, max-snippet:-1, max-image-preview:large, max-video-preview:-1\" \/>\n<link rel=\"canonical\" href=\"https:\/\/www.urlaubcornwall.de\/blog\/die-besten-ferienhaeuser-devon-schoene-kueste-und-landschaft\/\" \/>\n<meta property=\"og:locale\" content=\"en_US\" \/>\n<meta property=\"og:type\" content=\"article\" \/>\n<meta property=\"og:title\" content=\"Die besten Ferienh\u00e4user in Devon - sch\u00f6ne K\u00fcste und Landschaft. - Urlaub &amp; Reisen\" \/>\n<meta property=\"og:description\" content=\"Das perfekte Feriencottage in Devon online zu finden, stellt eine Herausforderung dar. Es gibt so viele Arten an Ferienh\u00e4usern, um jedem Geschmack und s\u00e4mtlichen Erfordernissen entgegenzukommen. Von romantischen, reetgedeckten Landh\u00e4usern auf dem Lande von &nbsp;Devon, urigen kleinen Cottages am Meer, bis hin zu gro\u00dfen Herrenh\u00e4usern, die f\u00fcr Familienzusammenk\u00fcnfte geeignet sind. Hier ist eine kleine Auswahl [&hellip;]\" \/>\n<meta property=\"og:url\" content=\"https:\/\/www.urlaubcornwall.de\/blog\/die-besten-ferienhaeuser-devon-schoene-kueste-und-landschaft\/\" \/>\n<meta property=\"og:site_name\" content=\"Urlaub &amp; Reisen\" \/>\n<meta property=\"article:modified_time\" content=\"2019-04-01T13:17:36+00:00\" \/>\n<meta property=\"og:image\" content=\"https:\/\/www.urlaubcornwall.de\/blog\/wp-content\/uploads\/2018\/01\/ferienhaus-in-kingsbridge-meer.jpg\" \/>\n<meta name=\"twitter:card\" content=\"summary\" \/>\n<meta name=\"twitter:label1\" content=\"Est. reading time\" \/>\n\t<meta name=\"twitter:data1\" content=\"2 minutes\" \/>\n<script type=\"application\/ld+json\" class=\"yoast-schema-graph\">{\"@context\":\"https:\/\/schema.org\",\"@graph\":[{\"@type\":\"WebSite\",\"@id\":\"https:\/\/www.urlaubcornwall.de\/blog\/#website\",\"url\":\"https:\/\/www.urlaubcornwall.de\/blog\/\",\"name\":\"Urlaub &amp; Reisen\",\"description\":\"Urlaub, Reisen, Cornwall und S\u00fcdengland: eine perfekte Kombination\",\"potentialAction\":[{\"@type\":\"SearchAction\",\"target\":{\"@type\":\"EntryPoint\",\"urlTemplate\":\"https:\/\/www.urlaubcornwall.de\/blog\/?s={search_term_string}\"},\"query-input\":\"required name=search_term_string\"}],\"inLanguage\":\"en-US\"},{\"@type\":\"WebPage\",\"@id\":\"https:\/\/www.urlaubcornwall.de\/blog\/die-besten-ferienhaeuser-devon-schoene-kueste-und-landschaft\/\",\"url\":\"https:\/\/www.urlaubcornwall.de\/blog\/die-besten-ferienhaeuser-devon-schoene-kueste-und-landschaft\/\",\"name\":\"Die besten Ferienh\u00e4user in Devon - sch\u00f6ne K\u00fcste und Landschaft. - Urlaub &amp; Reisen\",\"isPartOf\":{\"@id\":\"https:\/\/www.urlaubcornwall.de\/blog\/#website\"},\"datePublished\":\"2018-01-17T16:59:09+00:00\",\"dateModified\":\"2019-04-01T13:17:36+00:00\",\"breadcrumb\":{\"@id\":\"https:\/\/www.urlaubcornwall.de\/blog\/die-besten-ferienhaeuser-devon-schoene-kueste-und-landschaft\/#breadcrumb\"},\"inLanguage\":\"en-US\",\"potentialAction\":[{\"@type\":\"ReadAction\",\"target\":[\"https:\/\/www.urlaubcornwall.de\/blog\/die-besten-ferienhaeuser-devon-schoene-kueste-und-landschaft\/\"]}]},{\"@type\":\"BreadcrumbList\",\"@id\":\"https:\/\/www.urlaubcornwall.de\/blog\/die-besten-ferienhaeuser-devon-schoene-kueste-und-landschaft\/#breadcrumb\",\"itemListElement\":[{\"@type\":\"ListItem\",\"position\":1,\"name\":\"Home\",\"item\":\"https:\/\/www.urlaubcornwall.de\/blog\/\"},{\"@type\":\"ListItem\",\"position\":2,\"name\":\"Die besten Ferienh\u00e4user in Devon &#8211; sch\u00f6ne K\u00fcste und Landschaft.\"}]}]}<\/script>\n<!-- \/ Yoast SEO plugin. -->","yoast_head_json":{"title":"Die besten Ferienh\u00e4user in Devon - sch\u00f6ne K\u00fcste und Landschaft. - Urlaub &amp; Reisen","robots":{"index":"index","follow":"follow","max-snippet":"max-snippet:-1","max-image-preview":"max-image-preview:large","max-video-preview":"max-video-preview:-1"},"canonical":"https:\/\/www.urlaubcornwall.de\/blog\/die-besten-ferienhaeuser-devon-schoene-kueste-und-landschaft\/","og_locale":"en_US","og_type":"article","og_title":"Die besten Ferienh\u00e4user in Devon - sch\u00f6ne K\u00fcste und Landschaft. - Urlaub &amp; Reisen","og_description":"Das perfekte Feriencottage in Devon online zu finden, stellt eine Herausforderung dar. Es gibt so viele Arten an Ferienh\u00e4usern, um jedem Geschmack und s\u00e4mtlichen Erfordernissen entgegenzukommen. Von romantischen, reetgedeckten Landh\u00e4usern auf dem Lande von &nbsp;Devon, urigen kleinen Cottages am Meer, bis hin zu gro\u00dfen Herrenh\u00e4usern, die f\u00fcr Familienzusammenk\u00fcnfte geeignet sind. Hier ist eine kleine Auswahl [&hellip;]","og_url":"https:\/\/www.urlaubcornwall.de\/blog\/die-besten-ferienhaeuser-devon-schoene-kueste-und-landschaft\/","og_site_name":"Urlaub &amp; Reisen","article_modified_time":"2019-04-01T13:17:36+00:00","og_image":[{"url":"https:\/\/www.urlaubcornwall.de\/blog\/wp-content\/uploads\/2018\/01\/ferienhaus-in-kingsbridge-meer.jpg"}],"twitter_card":"summary","twitter_misc":{"Est. reading time":"2 minutes"},"schema":{"@context":"https:\/\/schema.org","@graph":[{"@type":"WebSite","@id":"https:\/\/www.urlaubcornwall.de\/blog\/#website","url":"https:\/\/www.urlaubcornwall.de\/blog\/","name":"Urlaub &amp; Reisen","description":"Urlaub, Reisen, Cornwall und S\u00fcdengland: eine perfekte Kombination","potentialAction":[{"@type":"SearchAction","target":{"@type":"EntryPoint","urlTemplate":"https:\/\/www.urlaubcornwall.de\/blog\/?s={search_term_string}"},"query-input":"required name=search_term_string"}],"inLanguage":"en-US"},{"@type":"WebPage","@id":"https:\/\/www.urlaubcornwall.de\/blog\/die-besten-ferienhaeuser-devon-schoene-kueste-und-landschaft\/","url":"https:\/\/www.urlaubcornwall.de\/blog\/die-besten-ferienhaeuser-devon-schoene-kueste-und-landschaft\/","name":"Die besten Ferienh\u00e4user in Devon - sch\u00f6ne K\u00fcste und Landschaft. - Urlaub &amp; Reisen","isPartOf":{"@id":"https:\/\/www.urlaubcornwall.de\/blog\/#website"},"datePublished":"2018-01-17T16:59:09+00:00","dateModified":"2019-04-01T13:17:36+00:00","breadcrumb":{"@id":"https:\/\/www.urlaubcornwall.de\/blog\/die-besten-ferienhaeuser-devon-schoene-kueste-und-landschaft\/#breadcrumb"},"inLanguage":"en-US","potentialAction":[{"@type":"ReadAction","target":["https:\/\/www.urlaubcornwall.de\/blog\/die-besten-ferienhaeuser-devon-schoene-kueste-und-landschaft\/"]}]},{"@type":"BreadcrumbList","@id":"https:\/\/www.urlaubcornwall.de\/blog\/die-besten-ferienhaeuser-devon-schoene-kueste-und-landschaft\/#breadcrumb","itemListElement":[{"@type":"ListItem","position":1,"name":"Home","item":"https:\/\/www.urlaubcornwall.de\/blog\/"},{"@type":"ListItem","position":2,"name":"Die besten Ferienh\u00e4user in Devon &#8211; sch\u00f6ne K\u00fcste und Landschaft."}]}]}},"_links":{"self":[{"href":"https:\/\/www.urlaubcornwall.de\/blog\/wp-json\/wp\/v2\/pages\/31945"}],"collection":[{"href":"https:\/\/www.urlaubcornwall.de\/blog\/wp-json\/wp\/v2\/pages"}],"about":[{"href":"https:\/\/www.urlaubcornwall.de\/blog\/wp-json\/wp\/v2\/types\/page"}],"author":[{"embeddable":true,"href":"https:\/\/www.urlaubcornwall.de\/blog\/wp-json\/wp\/v2\/users\/1"}],"replies":[{"embeddable":true,"href":"https:\/\/www.urlaubcornwall.de\/blog\/wp-json\/wp\/v2\/comments?post=31945"}],"version-history":[{"count":4,"href":"https:\/\/www.urlaubcornwall.de\/blog\/wp-json\/wp\/v2\/pages\/31945\/revisions"}],"predecessor-version":[{"id":31953,"href":"https:\/\/www.urlaubcornwall.de\/blog\/wp-json\/wp\/v2\/pages\/31945\/revisions\/31953"}],"wp:attachment":[{"href":"https:\/\/www.urlaubcornwall.de\/blog\/wp-json\/wp\/v2\/media?parent=31945"}],"curies":[{"name":"wp","href":"https:\/\/api.w.org\/{rel}","templated":true}]}}