{"id":31934,"date":"2018-01-16T15:11:56","date_gmt":"2018-01-16T15:11:56","guid":{"rendered":"https:\/\/www.urlaubcornwall.de\/blog\/?page_id=31934"},"modified":"2021-09-02T10:49:21","modified_gmt":"2021-09-02T10:49:21","slug":"ferienhaus-auf-der-isle-wight-mieten-godshill","status":"publish","type":"page","link":"https:\/\/www.urlaubcornwall.de\/blog\/ferienhaus-auf-der-isle-wight-mieten-godshill\/","title":{"rendered":"Ferienhaus auf der Isle of Wight mieten &#8211; Godshill"},"content":{"rendered":"<p><img loading=\"lazy\" class=\"aligncenter size-full wp-image-31935\" src=\"https:\/\/www.urlaubcornwall.de\/blog\/wp-content\/uploads\/2018\/01\/ferienhaus-isle-of-wight.jpg\" alt=\"ferienhaus isle of wight\" width=\"746\" height=\"399\" srcset=\"https:\/\/www.urlaubcornwall.de\/blog\/wp-content\/uploads\/2018\/01\/ferienhaus-isle-of-wight.jpg 746w, https:\/\/www.urlaubcornwall.de\/blog\/wp-content\/uploads\/2018\/01\/ferienhaus-isle-of-wight-300x160.jpg 300w\" sizes=\"(max-width: 746px) 100vw, 746px\" \/><\/p>\n<p><strong>2 Schlafzimmer,Schlafplatz f\u00fcr 4 + Kinderbett, hundefreundlich, Ferienhaus Godshill<\/strong><\/p>\n<p>An-\/Abreisetag am Samstag , Preis pro Woche \u00a3369 &#8211; \u00a3780<\/p>\n<p>Ein luxuri\u00f6ses Ferienhaus in l\u00e4ndlicher Umgebung bietet einen idealen Ausgangspunkt mitten auf der Isle of Wight, von wo aus Sie von Norden nach S\u00fcden und von Osten nach Westen erkunden k\u00f6nnen. Es befindet sich auf dem Grundst\u00fcck des Haupthauses und verf\u00fcgt \u00fcber eine kleine Terrasse, einen gro\u00dfen Gemeinschaftsgarten, umgeben von W\u00e4ldern, Feldern und einem Teich. Das Dorf Godshill ist nur wenige Gehminuten oder eine kurze Autofahrt entfernt mit vielen Teestuben und Souvenirl\u00e4den.<\/p>\n<p style=\"text-align: center;\"><a class=\"tidycta\" href=\"https:\/\/www.urlaubcornwall.de\/ferienhaeuser-fewos\/eng\/isle-of-wight\/godshill.html\">Suche Ferienh\u00e4user Godshill<\/a><\/p>\n<div class=\"snippet\"> <a class=\"featured-item\" href=\" https:\/\/www.urlaubcornwall.de\/ferienhaeuser-fewos\/isle-of-wight.html\"> <span class=\"image-holder\" style=\"background-image: url('https:\/\/www.urlaubcornwall.de\/blog\/wp-content\/uploads\/2018\/11\/landhaus-cornwall-1.jpg');\"><\/span> <span class=\"featured-content\"> \n<h2 class=\"featured-title\">Ferienh\u00e4user auf der Isle of Wight am Meer<\/h2>\n<p class=\"featured-body\">Bei uns finden Sie Ferienh\u00e4user zum Verlieben &#8211; so einfach ist das! Hier finden sie 150 pers\u00f6nlich inspizierten Ferienh\u00e4user &#038; Ferienwohnungen f\u00fcr Ihren Urlaub in Isle of Wight&#8230;..<\/p>\n<\/span> <span class=\"featured-link-holder\"> <span class=\"featured-extra-info\"> \n<p> F\u00fcr Paare, Familien &#038; Gruppen<\/p>\n<\/span> \n<p class=\"featured-link\">DETAILS<\/p>\n<\/span> <\/a><\/div>\n<p>Um UrlaubCornwall.de einzigartige Kollektion nach Ihrem idealen Ferienhaus zu durchsuchen. <a href=\"https:\/\/www.urlaubcornwall.de\/ferienhaeuser\/suedwesten-englands.php\"><span style=\"text-decoration: underline;\">Klicken Sie hier<\/span> &gt;&gt;<\/a><\/p>\n","protected":false},"excerpt":{"rendered":"<p>2 Schlafzimmer,Schlafplatz f\u00fcr 4 + Kinderbett, hundefreundlich, Ferienhaus Godshill An-\/Abreisetag am Samstag , Preis pro Woche \u00a3369 &#8211; \u00a3780 Ein luxuri\u00f6ses Ferienhaus in l\u00e4ndlicher Umgebung bietet einen idealen Ausgangspunkt mitten auf der Isle of Wight, von wo aus Sie von Norden nach S\u00fcden und von Osten nach Westen erkunden k\u00f6nnen. Es befindet sich auf dem [&hellip;]<\/p>\n","protected":false},"author":1,"featured_media":0,"parent":0,"menu_order":0,"comment_status":"closed","ping_status":"closed","template":"single-four.php","meta":[],"acf":[],"yoast_head":"<!-- This site is optimized with the Yoast SEO plugin v19.4 - https:\/\/yoast.com\/wordpress\/plugins\/seo\/ -->\n<title>Ferienhaus auf der Isle of Wight mieten - Godshill - Urlaub &amp; Reisen<\/title>\n<meta name=\"robots\" content=\"index, follow, max-snippet:-1, max-image-preview:large, max-video-preview:-1\" \/>\n<link rel=\"canonical\" href=\"https:\/\/www.urlaubcornwall.de\/blog\/ferienhaus-auf-der-isle-wight-mieten-godshill\/\" \/>\n<meta property=\"og:locale\" content=\"en_US\" \/>\n<meta property=\"og:type\" content=\"article\" \/>\n<meta property=\"og:title\" content=\"Ferienhaus auf der Isle of Wight mieten - Godshill - Urlaub &amp; Reisen\" \/>\n<meta property=\"og:description\" content=\"2 Schlafzimmer,Schlafplatz f\u00fcr 4 + Kinderbett, hundefreundlich, Ferienhaus Godshill An-\/Abreisetag am Samstag , Preis pro Woche \u00a3369 &#8211; \u00a3780 Ein luxuri\u00f6ses Ferienhaus in l\u00e4ndlicher Umgebung bietet einen idealen Ausgangspunkt mitten auf der Isle of Wight, von wo aus Sie von Norden nach S\u00fcden und von Osten nach Westen erkunden k\u00f6nnen. Es befindet sich auf dem [&hellip;]\" \/>\n<meta property=\"og:url\" content=\"https:\/\/www.urlaubcornwall.de\/blog\/ferienhaus-auf-der-isle-wight-mieten-godshill\/\" \/>\n<meta property=\"og:site_name\" content=\"Urlaub &amp; Reisen\" \/>\n<meta property=\"article:modified_time\" content=\"2021-09-02T10:49:21+00:00\" \/>\n<meta property=\"og:image\" content=\"https:\/\/www.urlaubcornwall.de\/blog\/wp-content\/uploads\/2018\/01\/ferienhaus-isle-of-wight.jpg\" \/>\n<meta name=\"twitter:card\" content=\"summary\" \/>\n<meta name=\"twitter:label1\" content=\"Est. reading time\" \/>\n\t<meta name=\"twitter:data1\" content=\"1 minute\" \/>\n<script type=\"application\/ld+json\" class=\"yoast-schema-graph\">{\"@context\":\"https:\/\/schema.org\",\"@graph\":[{\"@type\":\"WebSite\",\"@id\":\"https:\/\/www.urlaubcornwall.de\/blog\/#website\",\"url\":\"https:\/\/www.urlaubcornwall.de\/blog\/\",\"name\":\"Urlaub &amp; Reisen\",\"description\":\"Urlaub, Reisen, Cornwall und S\u00fcdengland: eine perfekte Kombination\",\"potentialAction\":[{\"@type\":\"SearchAction\",\"target\":{\"@type\":\"EntryPoint\",\"urlTemplate\":\"https:\/\/www.urlaubcornwall.de\/blog\/?s={search_term_string}\"},\"query-input\":\"required name=search_term_string\"}],\"inLanguage\":\"en-US\"},{\"@type\":\"WebPage\",\"@id\":\"https:\/\/www.urlaubcornwall.de\/blog\/ferienhaus-auf-der-isle-wight-mieten-godshill\/\",\"url\":\"https:\/\/www.urlaubcornwall.de\/blog\/ferienhaus-auf-der-isle-wight-mieten-godshill\/\",\"name\":\"Ferienhaus auf der Isle of Wight mieten - Godshill - Urlaub &amp; Reisen\",\"isPartOf\":{\"@id\":\"https:\/\/www.urlaubcornwall.de\/blog\/#website\"},\"datePublished\":\"2018-01-16T15:11:56+00:00\",\"dateModified\":\"2021-09-02T10:49:21+00:00\",\"breadcrumb\":{\"@id\":\"https:\/\/www.urlaubcornwall.de\/blog\/ferienhaus-auf-der-isle-wight-mieten-godshill\/#breadcrumb\"},\"inLanguage\":\"en-US\",\"potentialAction\":[{\"@type\":\"ReadAction\",\"target\":[\"https:\/\/www.urlaubcornwall.de\/blog\/ferienhaus-auf-der-isle-wight-mieten-godshill\/\"]}]},{\"@type\":\"BreadcrumbList\",\"@id\":\"https:\/\/www.urlaubcornwall.de\/blog\/ferienhaus-auf-der-isle-wight-mieten-godshill\/#breadcrumb\",\"itemListElement\":[{\"@type\":\"ListItem\",\"position\":1,\"name\":\"Home\",\"item\":\"https:\/\/www.urlaubcornwall.de\/blog\/\"},{\"@type\":\"ListItem\",\"position\":2,\"name\":\"Ferienhaus auf der Isle of Wight mieten &#8211; Godshill\"}]}]}<\/script>\n<!-- \/ Yoast SEO plugin. -->","yoast_head_json":{"title":"Ferienhaus auf der Isle of Wight mieten - Godshill - Urlaub &amp; Reisen","robots":{"index":"index","follow":"follow","max-snippet":"max-snippet:-1","max-image-preview":"max-image-preview:large","max-video-preview":"max-video-preview:-1"},"canonical":"https:\/\/www.urlaubcornwall.de\/blog\/ferienhaus-auf-der-isle-wight-mieten-godshill\/","og_locale":"en_US","og_type":"article","og_title":"Ferienhaus auf der Isle of Wight mieten - Godshill - Urlaub &amp; Reisen","og_description":"2 Schlafzimmer,Schlafplatz f\u00fcr 4 + Kinderbett, hundefreundlich, Ferienhaus Godshill An-\/Abreisetag am Samstag , Preis pro Woche \u00a3369 &#8211; \u00a3780 Ein luxuri\u00f6ses Ferienhaus in l\u00e4ndlicher Umgebung bietet einen idealen Ausgangspunkt mitten auf der Isle of Wight, von wo aus Sie von Norden nach S\u00fcden und von Osten nach Westen erkunden k\u00f6nnen. Es befindet sich auf dem [&hellip;]","og_url":"https:\/\/www.urlaubcornwall.de\/blog\/ferienhaus-auf-der-isle-wight-mieten-godshill\/","og_site_name":"Urlaub &amp; Reisen","article_modified_time":"2021-09-02T10:49:21+00:00","og_image":[{"url":"https:\/\/www.urlaubcornwall.de\/blog\/wp-content\/uploads\/2018\/01\/ferienhaus-isle-of-wight.jpg"}],"twitter_card":"summary","twitter_misc":{"Est. reading time":"1 minute"},"schema":{"@context":"https:\/\/schema.org","@graph":[{"@type":"WebSite","@id":"https:\/\/www.urlaubcornwall.de\/blog\/#website","url":"https:\/\/www.urlaubcornwall.de\/blog\/","name":"Urlaub &amp; Reisen","description":"Urlaub, Reisen, Cornwall und S\u00fcdengland: eine perfekte Kombination","potentialAction":[{"@type":"SearchAction","target":{"@type":"EntryPoint","urlTemplate":"https:\/\/www.urlaubcornwall.de\/blog\/?s={search_term_string}"},"query-input":"required name=search_term_string"}],"inLanguage":"en-US"},{"@type":"WebPage","@id":"https:\/\/www.urlaubcornwall.de\/blog\/ferienhaus-auf-der-isle-wight-mieten-godshill\/","url":"https:\/\/www.urlaubcornwall.de\/blog\/ferienhaus-auf-der-isle-wight-mieten-godshill\/","name":"Ferienhaus auf der Isle of Wight mieten - Godshill - Urlaub &amp; Reisen","isPartOf":{"@id":"https:\/\/www.urlaubcornwall.de\/blog\/#website"},"datePublished":"2018-01-16T15:11:56+00:00","dateModified":"2021-09-02T10:49:21+00:00","breadcrumb":{"@id":"https:\/\/www.urlaubcornwall.de\/blog\/ferienhaus-auf-der-isle-wight-mieten-godshill\/#breadcrumb"},"inLanguage":"en-US","potentialAction":[{"@type":"ReadAction","target":["https:\/\/www.urlaubcornwall.de\/blog\/ferienhaus-auf-der-isle-wight-mieten-godshill\/"]}]},{"@type":"BreadcrumbList","@id":"https:\/\/www.urlaubcornwall.de\/blog\/ferienhaus-auf-der-isle-wight-mieten-godshill\/#breadcrumb","itemListElement":[{"@type":"ListItem","position":1,"name":"Home","item":"https:\/\/www.urlaubcornwall.de\/blog\/"},{"@type":"ListItem","position":2,"name":"Ferienhaus auf der Isle of Wight mieten &#8211; Godshill"}]}]}},"_links":{"self":[{"href":"https:\/\/www.urlaubcornwall.de\/blog\/wp-json\/wp\/v2\/pages\/31934"}],"collection":[{"href":"https:\/\/www.urlaubcornwall.de\/blog\/wp-json\/wp\/v2\/pages"}],"about":[{"href":"https:\/\/www.urlaubcornwall.de\/blog\/wp-json\/wp\/v2\/types\/page"}],"author":[{"embeddable":true,"href":"https:\/\/www.urlaubcornwall.de\/blog\/wp-json\/wp\/v2\/users\/1"}],"replies":[{"embeddable":true,"href":"https:\/\/www.urlaubcornwall.de\/blog\/wp-json\/wp\/v2\/comments?post=31934"}],"version-history":[{"count":6,"href":"https:\/\/www.urlaubcornwall.de\/blog\/wp-json\/wp\/v2\/pages\/31934\/revisions"}],"predecessor-version":[{"id":42480,"href":"https:\/\/www.urlaubcornwall.de\/blog\/wp-json\/wp\/v2\/pages\/31934\/revisions\/42480"}],"wp:attachment":[{"href":"https:\/\/www.urlaubcornwall.de\/blog\/wp-json\/wp\/v2\/media?parent=31934"}],"curies":[{"name":"wp","href":"https:\/\/api.w.org\/{rel}","templated":true}]}}