{"id":31921,"date":"2018-01-16T14:05:56","date_gmt":"2018-01-16T14:05:56","guid":{"rendered":"https:\/\/www.urlaubcornwall.de\/blog\/?page_id=31921"},"modified":"2021-09-02T12:17:10","modified_gmt":"2021-09-02T12:17:10","slug":"ferienwohnung-isle-of-wight-am-meer-hafen-blick-cowes","status":"publish","type":"page","link":"https:\/\/www.urlaubcornwall.de\/blog\/ferienwohnung-isle-of-wight-am-meer-hafen-blick-cowes\/","title":{"rendered":"Ferienwohnung Isle of Wight am Meer &#8211; Hafen Blick Cowes"},"content":{"rendered":"<p><img loading=\"lazy\" class=\"aligncenter size-full wp-image-31928\" src=\"https:\/\/www.urlaubcornwall.de\/blog\/wp-content\/uploads\/2018\/01\/hafen-meerblick-isle-of-wight-3918.jpg\" alt=\"hafen meerblick isle of wight\" width=\"749\" height=\"412\"\/><\/p>\n<p><strong>2 Schlafzimmer, Schlafplatz f\u00fcr 4 + Kinderbett, leider keine Haustiere erlaubt, Ferienwohnung mit Meerblick Cowes<\/strong><\/p>\n<p>&nbsp;An-\/Abreisetag am Freitag, Preis pro Woche \u00a3655 &#8211; \u00a32500<\/p>\n<p>Diese stilvolle erste Etage Ferienwohnung bietet Ihnen einen spektakul\u00e4ren Blick \u00fcber Cowes Harbour und \u00fcber die wichtigsten Land des s\u00fcdlichen England, mit einem zeitgen\u00f6ssischen Interieur alle in Cowes. In der Wohnung sorgf\u00e4ltig finden Sie modernes Design und Charme in seinem Design. Das Wohnzimmer verf\u00fcgt \u00fcber T\u00fcren, die auf einen gro\u00dfen Balkon, wo Sie ein Meeresfr\u00fcchte-Dinner mit Blick auf den Hafen genie\u00dfen k\u00f6nnen. Die K\u00fcche ist voll ausgestattet mit allem, was Sie brauchen, um k\u00f6stliche Mahlzeiten zu kochen und als Familie um den gro\u00dfen Esstisch zu genie\u00dfen&#8230;.<\/p>\n<p style=\"text-align: center;\"><a class=\"tidycta\" href=\"https:\/\/www.urlaubcornwall.de\/ferienhaeuser-fewos\/eng\/isle-of-wight\/isle-of-wight.html\">Suche Ferienh\u00e4user Isles of Wight<\/a><\/p>\n<div class=\"snippet\"> <a class=\"featured-item\" href=\" https:\/\/www.urlaubcornwall.de\/ferienhaeuser-fewos\/isle-of-wight.html\"> <span class=\"image-holder\" style=\"background-image: url('https:\/\/www.urlaubcornwall.de\/blog\/wp-content\/uploads\/2018\/11\/landhaus-cornwall-1.jpg');\"><\/span> <span class=\"featured-content\"> \n<h2 class=\"featured-title\">Pers\u00f6nlich inspizierte Ferienh\u00e4user auf der Isle of Wight<\/h2>\n<p class=\"featured-body\">UrlaubCornwall empfiehlt Ferienh\u00e4user, die Ihnen die gr\u00f6\u00dfte Auswahl an handverlesenen Unterk\u00fcnften f\u00fcr Selbstverpfleger in dieser wundersch\u00f6nen Region Gro\u00dfbritanniens&#8230;.<\/p>\n<\/span> <span class=\"featured-link-holder\"> <span class=\"featured-extra-info\"> \n<p> F\u00fcr Paare, Familien &#038; Gruppen<\/p>\n<\/span> \n<p class=\"featured-link\">DETAILS<\/p>\n<\/span> <\/a><\/div>\n","protected":false},"excerpt":{"rendered":"<p>2 Schlafzimmer, Schlafplatz f\u00fcr 4 + Kinderbett, leider keine Haustiere erlaubt, Ferienwohnung mit Meerblick Cowes &nbsp;An-\/Abreisetag am Freitag, Preis pro Woche \u00a3655 &#8211; \u00a32500 Diese stilvolle erste Etage Ferienwohnung bietet Ihnen einen spektakul\u00e4ren Blick \u00fcber Cowes Harbour und \u00fcber die wichtigsten Land des s\u00fcdlichen England, mit einem zeitgen\u00f6ssischen Interieur alle in Cowes. In der Wohnung [&hellip;]<\/p>\n","protected":false},"author":1,"featured_media":0,"parent":0,"menu_order":0,"comment_status":"closed","ping_status":"closed","template":"single-four.php","meta":[],"acf":[],"yoast_head":"<!-- This site is optimized with the Yoast SEO plugin v19.4 - https:\/\/yoast.com\/wordpress\/plugins\/seo\/ -->\n<title>Ferienwohnung Isle of Wight am Meer - Hafen Blick Cowes - Urlaub &amp; Reisen<\/title>\n<meta name=\"robots\" content=\"index, follow, max-snippet:-1, max-image-preview:large, max-video-preview:-1\" \/>\n<link rel=\"canonical\" href=\"https:\/\/www.urlaubcornwall.de\/blog\/ferienwohnung-isle-of-wight-am-meer-hafen-blick-cowes\/\" \/>\n<meta property=\"og:locale\" content=\"en_US\" \/>\n<meta property=\"og:type\" content=\"article\" \/>\n<meta property=\"og:title\" content=\"Ferienwohnung Isle of Wight am Meer - Hafen Blick Cowes - Urlaub &amp; Reisen\" \/>\n<meta property=\"og:description\" content=\"2 Schlafzimmer, Schlafplatz f\u00fcr 4 + Kinderbett, leider keine Haustiere erlaubt, Ferienwohnung mit Meerblick Cowes &nbsp;An-\/Abreisetag am Freitag, Preis pro Woche \u00a3655 &#8211; \u00a32500 Diese stilvolle erste Etage Ferienwohnung bietet Ihnen einen spektakul\u00e4ren Blick \u00fcber Cowes Harbour und \u00fcber die wichtigsten Land des s\u00fcdlichen England, mit einem zeitgen\u00f6ssischen Interieur alle in Cowes. In der Wohnung [&hellip;]\" \/>\n<meta property=\"og:url\" content=\"https:\/\/www.urlaubcornwall.de\/blog\/ferienwohnung-isle-of-wight-am-meer-hafen-blick-cowes\/\" \/>\n<meta property=\"og:site_name\" content=\"Urlaub &amp; Reisen\" \/>\n<meta property=\"article:modified_time\" content=\"2021-09-02T12:17:10+00:00\" \/>\n<meta property=\"og:image\" content=\"https:\/\/www.urlaubcornwall.de\/blog\/wp-content\/uploads\/2018\/01\/hafen-meerblick-isle-of-wight-3918.jpg\" \/>\n<meta name=\"twitter:card\" content=\"summary\" \/>\n<meta name=\"twitter:label1\" content=\"Est. reading time\" \/>\n\t<meta name=\"twitter:data1\" content=\"1 minute\" \/>\n<script type=\"application\/ld+json\" class=\"yoast-schema-graph\">{\"@context\":\"https:\/\/schema.org\",\"@graph\":[{\"@type\":\"WebSite\",\"@id\":\"https:\/\/www.urlaubcornwall.de\/blog\/#website\",\"url\":\"https:\/\/www.urlaubcornwall.de\/blog\/\",\"name\":\"Urlaub &amp; Reisen\",\"description\":\"Urlaub, Reisen, Cornwall und S\u00fcdengland: eine perfekte Kombination\",\"potentialAction\":[{\"@type\":\"SearchAction\",\"target\":{\"@type\":\"EntryPoint\",\"urlTemplate\":\"https:\/\/www.urlaubcornwall.de\/blog\/?s={search_term_string}\"},\"query-input\":\"required name=search_term_string\"}],\"inLanguage\":\"en-US\"},{\"@type\":\"WebPage\",\"@id\":\"https:\/\/www.urlaubcornwall.de\/blog\/ferienwohnung-isle-of-wight-am-meer-hafen-blick-cowes\/\",\"url\":\"https:\/\/www.urlaubcornwall.de\/blog\/ferienwohnung-isle-of-wight-am-meer-hafen-blick-cowes\/\",\"name\":\"Ferienwohnung Isle of Wight am Meer - Hafen Blick Cowes - Urlaub &amp; Reisen\",\"isPartOf\":{\"@id\":\"https:\/\/www.urlaubcornwall.de\/blog\/#website\"},\"datePublished\":\"2018-01-16T14:05:56+00:00\",\"dateModified\":\"2021-09-02T12:17:10+00:00\",\"breadcrumb\":{\"@id\":\"https:\/\/www.urlaubcornwall.de\/blog\/ferienwohnung-isle-of-wight-am-meer-hafen-blick-cowes\/#breadcrumb\"},\"inLanguage\":\"en-US\",\"potentialAction\":[{\"@type\":\"ReadAction\",\"target\":[\"https:\/\/www.urlaubcornwall.de\/blog\/ferienwohnung-isle-of-wight-am-meer-hafen-blick-cowes\/\"]}]},{\"@type\":\"BreadcrumbList\",\"@id\":\"https:\/\/www.urlaubcornwall.de\/blog\/ferienwohnung-isle-of-wight-am-meer-hafen-blick-cowes\/#breadcrumb\",\"itemListElement\":[{\"@type\":\"ListItem\",\"position\":1,\"name\":\"Home\",\"item\":\"https:\/\/www.urlaubcornwall.de\/blog\/\"},{\"@type\":\"ListItem\",\"position\":2,\"name\":\"Ferienwohnung Isle of Wight am Meer &#8211; Hafen Blick Cowes\"}]}]}<\/script>\n<!-- \/ Yoast SEO plugin. -->","yoast_head_json":{"title":"Ferienwohnung Isle of Wight am Meer - Hafen Blick Cowes - Urlaub &amp; Reisen","robots":{"index":"index","follow":"follow","max-snippet":"max-snippet:-1","max-image-preview":"max-image-preview:large","max-video-preview":"max-video-preview:-1"},"canonical":"https:\/\/www.urlaubcornwall.de\/blog\/ferienwohnung-isle-of-wight-am-meer-hafen-blick-cowes\/","og_locale":"en_US","og_type":"article","og_title":"Ferienwohnung Isle of Wight am Meer - Hafen Blick Cowes - Urlaub &amp; Reisen","og_description":"2 Schlafzimmer, Schlafplatz f\u00fcr 4 + Kinderbett, leider keine Haustiere erlaubt, Ferienwohnung mit Meerblick Cowes &nbsp;An-\/Abreisetag am Freitag, Preis pro Woche \u00a3655 &#8211; \u00a32500 Diese stilvolle erste Etage Ferienwohnung bietet Ihnen einen spektakul\u00e4ren Blick \u00fcber Cowes Harbour und \u00fcber die wichtigsten Land des s\u00fcdlichen England, mit einem zeitgen\u00f6ssischen Interieur alle in Cowes. In der Wohnung [&hellip;]","og_url":"https:\/\/www.urlaubcornwall.de\/blog\/ferienwohnung-isle-of-wight-am-meer-hafen-blick-cowes\/","og_site_name":"Urlaub &amp; Reisen","article_modified_time":"2021-09-02T12:17:10+00:00","og_image":[{"url":"https:\/\/www.urlaubcornwall.de\/blog\/wp-content\/uploads\/2018\/01\/hafen-meerblick-isle-of-wight-3918.jpg"}],"twitter_card":"summary","twitter_misc":{"Est. reading time":"1 minute"},"schema":{"@context":"https:\/\/schema.org","@graph":[{"@type":"WebSite","@id":"https:\/\/www.urlaubcornwall.de\/blog\/#website","url":"https:\/\/www.urlaubcornwall.de\/blog\/","name":"Urlaub &amp; Reisen","description":"Urlaub, Reisen, Cornwall und S\u00fcdengland: eine perfekte Kombination","potentialAction":[{"@type":"SearchAction","target":{"@type":"EntryPoint","urlTemplate":"https:\/\/www.urlaubcornwall.de\/blog\/?s={search_term_string}"},"query-input":"required name=search_term_string"}],"inLanguage":"en-US"},{"@type":"WebPage","@id":"https:\/\/www.urlaubcornwall.de\/blog\/ferienwohnung-isle-of-wight-am-meer-hafen-blick-cowes\/","url":"https:\/\/www.urlaubcornwall.de\/blog\/ferienwohnung-isle-of-wight-am-meer-hafen-blick-cowes\/","name":"Ferienwohnung Isle of Wight am Meer - Hafen Blick Cowes - Urlaub &amp; Reisen","isPartOf":{"@id":"https:\/\/www.urlaubcornwall.de\/blog\/#website"},"datePublished":"2018-01-16T14:05:56+00:00","dateModified":"2021-09-02T12:17:10+00:00","breadcrumb":{"@id":"https:\/\/www.urlaubcornwall.de\/blog\/ferienwohnung-isle-of-wight-am-meer-hafen-blick-cowes\/#breadcrumb"},"inLanguage":"en-US","potentialAction":[{"@type":"ReadAction","target":["https:\/\/www.urlaubcornwall.de\/blog\/ferienwohnung-isle-of-wight-am-meer-hafen-blick-cowes\/"]}]},{"@type":"BreadcrumbList","@id":"https:\/\/www.urlaubcornwall.de\/blog\/ferienwohnung-isle-of-wight-am-meer-hafen-blick-cowes\/#breadcrumb","itemListElement":[{"@type":"ListItem","position":1,"name":"Home","item":"https:\/\/www.urlaubcornwall.de\/blog\/"},{"@type":"ListItem","position":2,"name":"Ferienwohnung Isle of Wight am Meer &#8211; Hafen Blick Cowes"}]}]}},"_links":{"self":[{"href":"https:\/\/www.urlaubcornwall.de\/blog\/wp-json\/wp\/v2\/pages\/31921"}],"collection":[{"href":"https:\/\/www.urlaubcornwall.de\/blog\/wp-json\/wp\/v2\/pages"}],"about":[{"href":"https:\/\/www.urlaubcornwall.de\/blog\/wp-json\/wp\/v2\/types\/page"}],"author":[{"embeddable":true,"href":"https:\/\/www.urlaubcornwall.de\/blog\/wp-json\/wp\/v2\/users\/1"}],"replies":[{"embeddable":true,"href":"https:\/\/www.urlaubcornwall.de\/blog\/wp-json\/wp\/v2\/comments?post=31921"}],"version-history":[{"count":8,"href":"https:\/\/www.urlaubcornwall.de\/blog\/wp-json\/wp\/v2\/pages\/31921\/revisions"}],"predecessor-version":[{"id":42503,"href":"https:\/\/www.urlaubcornwall.de\/blog\/wp-json\/wp\/v2\/pages\/31921\/revisions\/42503"}],"wp:attachment":[{"href":"https:\/\/www.urlaubcornwall.de\/blog\/wp-json\/wp\/v2\/media?parent=31921"}],"curies":[{"name":"wp","href":"https:\/\/api.w.org\/{rel}","templated":true}]}}