{"id":31875,"date":"2018-01-13T11:41:34","date_gmt":"2018-01-13T11:41:34","guid":{"rendered":"https:\/\/www.urlaubcornwall.de\/blog\/?page_id=31875"},"modified":"2024-05-30T08:06:44","modified_gmt":"2024-05-30T08:06:44","slug":"die-besten-ferienhaeuser-cornwall-einen-fantastischen-urlaub-wundervoller-lage","status":"publish","type":"page","link":"https:\/\/www.urlaubcornwall.de\/blog\/die-besten-ferienhaeuser-cornwall-einen-fantastischen-urlaub-wundervoller-lage\/","title":{"rendered":"Besten Ferienh\u00e4user in Cornwall &#8211; hier sind Sie niemals mehr als 30km vom Meer entfernt."},"content":{"rendered":"<p><a href=\"https:\/\/www.urlaubcornwall.de\/blog\/wp-content\/uploads\/2024\/03\/ferienhaus-england-cornwall.jpg\"><img loading=\"lazy\" src=\"https:\/\/www.urlaubcornwall.de\/blog\/wp-content\/uploads\/2024\/03\/ferienhaus-england-cornwall.jpg\" alt=\"beste ferienhaus cornwall\" width=\"750\" height=\"643\" class=\"alignnone size-full wp-image-47901\" srcset=\"https:\/\/www.urlaubcornwall.de\/blog\/wp-content\/uploads\/2024\/03\/ferienhaus-england-cornwall.jpg 750w, https:\/\/www.urlaubcornwall.de\/blog\/wp-content\/uploads\/2024\/03\/ferienhaus-england-cornwall-300x257.jpg 300w\" sizes=\"(max-width: 750px) 100vw, 750px\" \/><\/a><\/p>\n<p>Die <a href=\"https:\/\/www.urlaubcornwall.de\/ferienhaeuser\/cornwall.php\">besten Ferienh\u00e4user online in Cornwall<\/a> zu finden, kann ein entmutigendes Unterfangen sein, doch wir haben hier eine Auswahl s\u00e4mtlicher bester Ferienunterk\u00fcnfte f\u00fcr Sie. Ihr perfektes Ferienhaus k\u00f6nnte in einem der zahlreichen h\u00fcbschen Fischercottages sein, ein l\u00e4ndliches, reetgedecktes Cottage oder ein zeitgen\u00f6ssisches Ferienappartement an der K\u00fcste mit wundervollem Meeresblick. Mit mehr als 600km K\u00fcste; hier sind Sie niemals mehr als 30km vom Meer entfernt, erm\u00f6glicht Cornwall einen fantastischen Urlaub in wundervoller Lage.<\/p>\n<h1><strong><a href=\"https:\/\/www.urlaubcornwall.de\/ferienhaeuser-fewos\/suedkueste-cornwall.html\">1. The Boathouse mit Meerblick<\/a><\/strong><\/h1>\n<p>Dieses entz\u00fcckende cornishe Feriencottage am Wasser befindet sich in einer herrlichen Lage mit seinem eigenen Steg und an 3 Seiten vom Wasser umgeben. S\u00e4mtliche Zimmer bieten herrlichen Blick \u00fcber den Fluss Tamar, und Sie k\u00f6nnen einfach nur dasitzen und die V\u00f6gel und Boote beobachten und den Fluss, der sanft dahinflie\u00dft.<\/p>\n<p><img loading=\"lazy\" class=\"aligncenter size-full wp-image-31878\" src=\"https:\/\/www.urlaubcornwall.de\/blog\/wp-content\/uploads\/2018\/01\/ferienhaus-direkt-am-meer-cornwall.jpg\" alt=\"ferienhaus direkt am meer cornwall\" width=\"744\" height=\"401\" srcset=\"https:\/\/www.urlaubcornwall.de\/blog\/wp-content\/uploads\/2018\/01\/ferienhaus-direkt-am-meer-cornwall.jpg 744w, https:\/\/www.urlaubcornwall.de\/blog\/wp-content\/uploads\/2018\/01\/ferienhaus-direkt-am-meer-cornwall-300x162.jpg 300w\" sizes=\"(max-width: 744px) 100vw, 744px\" \/><\/p>\n<h1><a href=\"https:\/\/www.urlaubcornwall.de\/ferienhaeuser-fewos\/polperro.html\"><strong>2. Ferienhaus am Meer Polperro<\/strong><\/a><\/h1>\n<p>Dieses komfortable klassische Fischercottage in Polperro wurde unl\u00e4ngst liebevoll auf Vordermann gebracht und neu ausgestattet, was noch mehr Genuss bringt, an diesem wundersch\u00f6nen Ort zu verweilen. Es bietet hervorragenden Meeres- und Hafenblick, der in den meisten der Zimmer von den Fenstersitzen aus genossen werden kann, kombiniert mit Unterkunft guter Qualit\u00e4t, machen dieses charmante und gem\u00fctliche Cottage zur ausgezeichneten Wahl einer Ferienunterkunft.<\/p>\n<p><img loading=\"lazy\" class=\"aligncenter size-full wp-image-31879\" src=\"https:\/\/www.urlaubcornwall.de\/blog\/wp-content\/uploads\/2018\/01\/ferienhaus-polperro-am-meer.jpg\" alt=\"ferienhaus polperro am meer\" width=\"746\" height=\"410\"\/><\/p>\n<h1><strong><a href=\"https:\/\/www.urlaubcornwall.de\/ferienhaeuser-fewos\/port-isaac.html\">3. Ferienwohnung in Port Isaac<\/a><\/strong><\/h1>\n<p>Ein Appartement am Ufer der beliebten cornishen Meeresstadt Port Isaac gelegen. Wenn Sie an einen cornische Urlaubsort denken, werden Ihnen Bilder von Port Isaac einfallen. Als quintessentielles cornisches Fischerdorf ist es ein beliebter Urlaubsort.<\/p>\n<p><img loading=\"lazy\" class=\"aligncenter size-full wp-image-31880\" src=\"https:\/\/www.urlaubcornwall.de\/blog\/wp-content\/uploads\/2018\/01\/port-isaac-ferienhaus-meer.jpg\" alt=\"port isaac ferienhaus meer\" width=\"744\" height=\"417\" srcset=\"https:\/\/www.urlaubcornwall.de\/blog\/wp-content\/uploads\/2018\/01\/port-isaac-ferienhaus-meer.jpg 744w, https:\/\/www.urlaubcornwall.de\/blog\/wp-content\/uploads\/2018\/01\/port-isaac-ferienhaus-meer-300x168.jpg 300w\" sizes=\"(max-width: 744px) 100vw, 744px\" \/><\/p>\n<h1><a href=\"https:\/\/www.urlaubcornwall.de\/ferienhaeuser-fewos\/looe.html\"><strong>4. Luxus Ferienhaus Cornwall\u2013 Talland Bay<\/strong><\/a><\/h1>\n<p>Wenn Sie einen Luxusurlaub in einem cornishen Ferienhaus suchen, dann haben Sie dies mit Talland 10 gefunden. Es ist Teil einer luxuri\u00f6sen Entwicklung von Ferienh\u00e4usern in S\u00fcdcornwall, mit herrlichem Meeresblick und ausgezeichneten M\u00f6glichkeiten, einschlie\u00dflich Hot Tubs und eines beheizten Innen-Swimmingpools.<\/p>\n<p><img loading=\"lazy\" class=\"aligncenter size-full wp-image-31882\" src=\"https:\/\/www.urlaubcornwall.de\/blog\/wp-content\/uploads\/2018\/01\/luxus-ferienhaus-looe.jpg\" alt=\"luxus ferienhaus looe\" width=\"744\" height=\"414\" srcset=\"https:\/\/www.urlaubcornwall.de\/blog\/wp-content\/uploads\/2018\/01\/luxus-ferienhaus-looe.jpg 744w, https:\/\/www.urlaubcornwall.de\/blog\/wp-content\/uploads\/2018\/01\/luxus-ferienhaus-looe-300x167.jpg 300w\" sizes=\"(max-width: 744px) 100vw, 744px\" \/><\/p>\n<h1><a href=\"https:\/\/www.urlaubcornwall.de\/ferienhaeuser\/cornwall.php\"><strong>5. Landhaus Cornwall \u2013 Prideaux<\/strong><\/a><\/h1>\n<p>In der ruhigen Siedlung Prideaux liegt dieses entz\u00fcckende Cottage auf dem wundersch\u00f6nen cornishen Lande und lediglich einen 15min\u00fctigen Spaziergang vom <a href=\"https:\/\/www.urlaubcornwall.de\/blog\/all-das-was-sie-schon-immer-ueber-das-eden-project-wissen-wollten\/\">Eden Project<\/a> entfernt. Dieses gut ausgestattete Haus ist ideal f\u00fcr einen Familienurlaub; es ist auch hundefreundlich, so dass Sie gerne Ihren Hund mitbringen k\u00f6nnen, damit auch er Cornwall genie\u00dfen kann.<br \/>\n<img loading=\"lazy\" class=\"aligncenter size-full wp-image-31883\" src=\"https:\/\/www.urlaubcornwall.de\/blog\/wp-content\/uploads\/2018\/01\/landhaus-cornwall-mieten.jpg\" alt=\"landhaus cornwall mieten\" width=\"744\" height=\"411\" srcset=\"https:\/\/www.urlaubcornwall.de\/blog\/wp-content\/uploads\/2018\/01\/landhaus-cornwall-mieten.jpg 744w, https:\/\/www.urlaubcornwall.de\/blog\/wp-content\/uploads\/2018\/01\/landhaus-cornwall-mieten-300x166.jpg 300w\" sizes=\"(max-width: 744px) 100vw, 744px\" \/><\/p>\n<h2 style=\"text-align: center;\"><strong>Bei uns finden Sie Ferienh\u00e4user zum Verlieben \u2013 so einfach ist das!<\/strong><\/h2>\n<p style=\"text-align: center;\"><a class=\"tidycta\" href=\"https:\/\/www.urlaubcornwall.de\/ferienhaeuser\/cornwall.php\">Suche Ferienh\u00e4user Cornwall<\/a><\/p>\n<p style=\"text-align: center;\">UrlaubCornwall verf\u00fcgt Ferienh\u00e4user und Ferienwohnungen f\u00fcr Ihren <a href=\"https:\/\/www.urlaubcornwall.de\/reiseziel\/suedengland.php\">Urlaub in Sudengland<\/a>. Unterk\u00fcnfte der Spitzenklasse f\u00fcr 2 Personen, Familien und Gruppen mit 6, 8, 10 oder 12 G\u00e4sten.<\/p>\n<p><img loading=\"lazy\" class=\"aligncenter size-full wp-image-24598\" src=\"https:\/\/www.urlaubcornwall.de\/blog\/wp-content\/uploads\/2016\/06\/urlaub-und-sudengland_logo-final.jpg\" width=\"746\" height=\"361\"\/><\/p>\n","protected":false},"excerpt":{"rendered":"<p>Die besten Ferienh\u00e4user online in Cornwall zu finden, kann ein entmutigendes Unterfangen sein, doch wir haben hier eine Auswahl s\u00e4mtlicher bester Ferienunterk\u00fcnfte f\u00fcr Sie. Ihr perfektes Ferienhaus k\u00f6nnte in einem der zahlreichen h\u00fcbschen Fischercottages sein, ein l\u00e4ndliches, reetgedecktes Cottage oder ein zeitgen\u00f6ssisches Ferienappartement an der K\u00fcste mit wundervollem Meeresblick. Mit mehr als 600km K\u00fcste; hier [&hellip;]<\/p>\n","protected":false},"author":1,"featured_media":0,"parent":0,"menu_order":0,"comment_status":"closed","ping_status":"closed","template":"single-four.php","meta":[],"acf":[],"yoast_head":"<!-- This site is optimized with the Yoast SEO plugin v19.4 - https:\/\/yoast.com\/wordpress\/plugins\/seo\/ -->\n<title>Besten Ferienh\u00e4user in Cornwall - hier sind Sie niemals mehr als 30km vom Meer entfernt. - Urlaub &amp; Reisen<\/title>\n<meta name=\"robots\" content=\"index, follow, max-snippet:-1, max-image-preview:large, max-video-preview:-1\" \/>\n<link rel=\"canonical\" href=\"https:\/\/www.urlaubcornwall.de\/blog\/die-besten-ferienhaeuser-cornwall-einen-fantastischen-urlaub-wundervoller-lage\/\" \/>\n<meta property=\"og:locale\" content=\"en_US\" \/>\n<meta property=\"og:type\" content=\"article\" \/>\n<meta property=\"og:title\" content=\"Besten Ferienh\u00e4user in Cornwall - hier sind Sie niemals mehr als 30km vom Meer entfernt. - Urlaub &amp; Reisen\" \/>\n<meta property=\"og:description\" content=\"Die besten Ferienh\u00e4user online in Cornwall zu finden, kann ein entmutigendes Unterfangen sein, doch wir haben hier eine Auswahl s\u00e4mtlicher bester Ferienunterk\u00fcnfte f\u00fcr Sie. Ihr perfektes Ferienhaus k\u00f6nnte in einem der zahlreichen h\u00fcbschen Fischercottages sein, ein l\u00e4ndliches, reetgedecktes Cottage oder ein zeitgen\u00f6ssisches Ferienappartement an der K\u00fcste mit wundervollem Meeresblick. Mit mehr als 600km K\u00fcste; hier [&hellip;]\" \/>\n<meta property=\"og:url\" content=\"https:\/\/www.urlaubcornwall.de\/blog\/die-besten-ferienhaeuser-cornwall-einen-fantastischen-urlaub-wundervoller-lage\/\" \/>\n<meta property=\"og:site_name\" content=\"Urlaub &amp; Reisen\" \/>\n<meta property=\"article:modified_time\" content=\"2024-05-30T08:06:44+00:00\" \/>\n<meta property=\"og:image\" content=\"https:\/\/www.urlaubcornwall.de\/blog\/wp-content\/uploads\/2024\/03\/ferienhaus-england-cornwall.jpg\" \/>\n<meta name=\"twitter:card\" content=\"summary\" \/>\n<meta name=\"twitter:label1\" content=\"Est. reading time\" \/>\n\t<meta name=\"twitter:data1\" content=\"4 minutes\" \/>\n<script type=\"application\/ld+json\" class=\"yoast-schema-graph\">{\"@context\":\"https:\/\/schema.org\",\"@graph\":[{\"@type\":\"WebSite\",\"@id\":\"https:\/\/www.urlaubcornwall.de\/blog\/#website\",\"url\":\"https:\/\/www.urlaubcornwall.de\/blog\/\",\"name\":\"Urlaub &amp; Reisen\",\"description\":\"Urlaub, Reisen, Cornwall und S\u00fcdengland: eine perfekte Kombination\",\"potentialAction\":[{\"@type\":\"SearchAction\",\"target\":{\"@type\":\"EntryPoint\",\"urlTemplate\":\"https:\/\/www.urlaubcornwall.de\/blog\/?s={search_term_string}\"},\"query-input\":\"required name=search_term_string\"}],\"inLanguage\":\"en-US\"},{\"@type\":\"WebPage\",\"@id\":\"https:\/\/www.urlaubcornwall.de\/blog\/die-besten-ferienhaeuser-cornwall-einen-fantastischen-urlaub-wundervoller-lage\/\",\"url\":\"https:\/\/www.urlaubcornwall.de\/blog\/die-besten-ferienhaeuser-cornwall-einen-fantastischen-urlaub-wundervoller-lage\/\",\"name\":\"Besten Ferienh\u00e4user in Cornwall - hier sind Sie niemals mehr als 30km vom Meer entfernt. - Urlaub &amp; Reisen\",\"isPartOf\":{\"@id\":\"https:\/\/www.urlaubcornwall.de\/blog\/#website\"},\"datePublished\":\"2018-01-13T11:41:34+00:00\",\"dateModified\":\"2024-05-30T08:06:44+00:00\",\"breadcrumb\":{\"@id\":\"https:\/\/www.urlaubcornwall.de\/blog\/die-besten-ferienhaeuser-cornwall-einen-fantastischen-urlaub-wundervoller-lage\/#breadcrumb\"},\"inLanguage\":\"en-US\",\"potentialAction\":[{\"@type\":\"ReadAction\",\"target\":[\"https:\/\/www.urlaubcornwall.de\/blog\/die-besten-ferienhaeuser-cornwall-einen-fantastischen-urlaub-wundervoller-lage\/\"]}]},{\"@type\":\"BreadcrumbList\",\"@id\":\"https:\/\/www.urlaubcornwall.de\/blog\/die-besten-ferienhaeuser-cornwall-einen-fantastischen-urlaub-wundervoller-lage\/#breadcrumb\",\"itemListElement\":[{\"@type\":\"ListItem\",\"position\":1,\"name\":\"Home\",\"item\":\"https:\/\/www.urlaubcornwall.de\/blog\/\"},{\"@type\":\"ListItem\",\"position\":2,\"name\":\"Besten Ferienh\u00e4user in Cornwall &#8211; hier sind Sie niemals mehr als 30km vom Meer entfernt.\"}]}]}<\/script>\n<!-- \/ Yoast SEO plugin. -->","yoast_head_json":{"title":"Besten Ferienh\u00e4user in Cornwall - hier sind Sie niemals mehr als 30km vom Meer entfernt. - Urlaub &amp; Reisen","robots":{"index":"index","follow":"follow","max-snippet":"max-snippet:-1","max-image-preview":"max-image-preview:large","max-video-preview":"max-video-preview:-1"},"canonical":"https:\/\/www.urlaubcornwall.de\/blog\/die-besten-ferienhaeuser-cornwall-einen-fantastischen-urlaub-wundervoller-lage\/","og_locale":"en_US","og_type":"article","og_title":"Besten Ferienh\u00e4user in Cornwall - hier sind Sie niemals mehr als 30km vom Meer entfernt. - Urlaub &amp; Reisen","og_description":"Die besten Ferienh\u00e4user online in Cornwall zu finden, kann ein entmutigendes Unterfangen sein, doch wir haben hier eine Auswahl s\u00e4mtlicher bester Ferienunterk\u00fcnfte f\u00fcr Sie. Ihr perfektes Ferienhaus k\u00f6nnte in einem der zahlreichen h\u00fcbschen Fischercottages sein, ein l\u00e4ndliches, reetgedecktes Cottage oder ein zeitgen\u00f6ssisches Ferienappartement an der K\u00fcste mit wundervollem Meeresblick. Mit mehr als 600km K\u00fcste; hier [&hellip;]","og_url":"https:\/\/www.urlaubcornwall.de\/blog\/die-besten-ferienhaeuser-cornwall-einen-fantastischen-urlaub-wundervoller-lage\/","og_site_name":"Urlaub &amp; Reisen","article_modified_time":"2024-05-30T08:06:44+00:00","og_image":[{"url":"https:\/\/www.urlaubcornwall.de\/blog\/wp-content\/uploads\/2024\/03\/ferienhaus-england-cornwall.jpg"}],"twitter_card":"summary","twitter_misc":{"Est. reading time":"4 minutes"},"schema":{"@context":"https:\/\/schema.org","@graph":[{"@type":"WebSite","@id":"https:\/\/www.urlaubcornwall.de\/blog\/#website","url":"https:\/\/www.urlaubcornwall.de\/blog\/","name":"Urlaub &amp; Reisen","description":"Urlaub, Reisen, Cornwall und S\u00fcdengland: eine perfekte Kombination","potentialAction":[{"@type":"SearchAction","target":{"@type":"EntryPoint","urlTemplate":"https:\/\/www.urlaubcornwall.de\/blog\/?s={search_term_string}"},"query-input":"required name=search_term_string"}],"inLanguage":"en-US"},{"@type":"WebPage","@id":"https:\/\/www.urlaubcornwall.de\/blog\/die-besten-ferienhaeuser-cornwall-einen-fantastischen-urlaub-wundervoller-lage\/","url":"https:\/\/www.urlaubcornwall.de\/blog\/die-besten-ferienhaeuser-cornwall-einen-fantastischen-urlaub-wundervoller-lage\/","name":"Besten Ferienh\u00e4user in Cornwall - hier sind Sie niemals mehr als 30km vom Meer entfernt. - Urlaub &amp; Reisen","isPartOf":{"@id":"https:\/\/www.urlaubcornwall.de\/blog\/#website"},"datePublished":"2018-01-13T11:41:34+00:00","dateModified":"2024-05-30T08:06:44+00:00","breadcrumb":{"@id":"https:\/\/www.urlaubcornwall.de\/blog\/die-besten-ferienhaeuser-cornwall-einen-fantastischen-urlaub-wundervoller-lage\/#breadcrumb"},"inLanguage":"en-US","potentialAction":[{"@type":"ReadAction","target":["https:\/\/www.urlaubcornwall.de\/blog\/die-besten-ferienhaeuser-cornwall-einen-fantastischen-urlaub-wundervoller-lage\/"]}]},{"@type":"BreadcrumbList","@id":"https:\/\/www.urlaubcornwall.de\/blog\/die-besten-ferienhaeuser-cornwall-einen-fantastischen-urlaub-wundervoller-lage\/#breadcrumb","itemListElement":[{"@type":"ListItem","position":1,"name":"Home","item":"https:\/\/www.urlaubcornwall.de\/blog\/"},{"@type":"ListItem","position":2,"name":"Besten Ferienh\u00e4user in Cornwall &#8211; hier sind Sie niemals mehr als 30km vom Meer entfernt."}]}]}},"_links":{"self":[{"href":"https:\/\/www.urlaubcornwall.de\/blog\/wp-json\/wp\/v2\/pages\/31875"}],"collection":[{"href":"https:\/\/www.urlaubcornwall.de\/blog\/wp-json\/wp\/v2\/pages"}],"about":[{"href":"https:\/\/www.urlaubcornwall.de\/blog\/wp-json\/wp\/v2\/types\/page"}],"author":[{"embeddable":true,"href":"https:\/\/www.urlaubcornwall.de\/blog\/wp-json\/wp\/v2\/users\/1"}],"replies":[{"embeddable":true,"href":"https:\/\/www.urlaubcornwall.de\/blog\/wp-json\/wp\/v2\/comments?post=31875"}],"version-history":[{"count":13,"href":"https:\/\/www.urlaubcornwall.de\/blog\/wp-json\/wp\/v2\/pages\/31875\/revisions"}],"predecessor-version":[{"id":50769,"href":"https:\/\/www.urlaubcornwall.de\/blog\/wp-json\/wp\/v2\/pages\/31875\/revisions\/50769"}],"wp:attachment":[{"href":"https:\/\/www.urlaubcornwall.de\/blog\/wp-json\/wp\/v2\/media?parent=31875"}],"curies":[{"name":"wp","href":"https:\/\/api.w.org\/{rel}","templated":true}]}}