{"id":31860,"date":"2018-01-09T10:06:15","date_gmt":"2018-01-09T10:06:15","guid":{"rendered":"https:\/\/www.urlaubcornwall.de\/blog\/?page_id=31860"},"modified":"2019-12-10T12:46:52","modified_gmt":"2019-12-10T12:46:52","slug":"wandern-und-wanderurlaube-auf-der-isle-wight","status":"publish","type":"page","link":"https:\/\/www.urlaubcornwall.de\/blog\/wandern-und-wanderurlaube-auf-der-isle-wight\/","title":{"rendered":"Wandern und Wanderurlaube auf der Isle of Wight"},"content":{"rendered":"<p><img loading=\"lazy\" class=\"aligncenter size-full wp-image-31861\" src=\"https:\/\/www.urlaubcornwall.de\/blog\/wp-content\/uploads\/2018\/01\/wandern-wandurlaub-isle-of-wight.jpg\" alt=\"wandern wandurlaub isle of wight\" width=\"749\" height=\"492\" srcset=\"https:\/\/www.urlaubcornwall.de\/blog\/wp-content\/uploads\/2018\/01\/wandern-wandurlaub-isle-of-wight.jpg 749w, https:\/\/www.urlaubcornwall.de\/blog\/wp-content\/uploads\/2018\/01\/wandern-wandurlaub-isle-of-wight-300x197.jpg 300w\" sizes=\"(max-width: 749px) 100vw, 749px\" \/><br \/>\nDie Isle of Wight hat mehr als 800km an Fu\u00dfwegen \u00fcber <a href=\"https:\/\/www.urlaubcornwall.de\/reiseziel\/isle-of-wight.php\">kontrastreiche Landschaften und Str\u00e4nde<\/a>, die sie somit ein idealer Ort sein lassen f\u00fcr einen Wanderurlaub oder einen Kurzurlaub. Das umfangreiche Netzwerk an Wanderpfaden und K\u00fcstenpfaden f\u00fchrt Sie entlang sanfter l\u00e4ndlicher Wege, die mit B\u00e4umen umgrenzt sind, bis hin zu herausfordernden Wanderungen \u00fcber die Kalkniederungen. In der Tat gibt es mehr als 100km an K\u00fcstenpfaden mit wundervoller Landschaft zu genie\u00dfen.<\/p>\n<p>Es gibt die \u2018Ramblers by Bus\u2019. Dies erm\u00f6glicht es Ihnen, Ihre Wanderung auf einer Busroute zu beginnen oder zu beenden. Gef\u00fchrte Wanderungen werden angeboten, auf denen Sie mit einem Experten die Geschichte der Dinosaurier der Isle of Wight kennenlernen.<br \/>\nDas Wandern auf der Isle of Wight erm\u00f6glicht es Ihnen , viele der wundersch\u00f6nen und interessanten St\u00e4dte und D\u00f6rfer zu besuchen, die die Insel zu bieten hat.<\/p>\n<h1 style=\"text-align: center;\"><strong>Bei uns finden Sie Ferienh\u00e4user zum Verlieben \u2013 so einfach ist das!<\/strong><\/h1>\n<p style=\"text-align: center;\"><a class=\"tidycta\" href=\"https:\/\/www.urlaubcornwall.de\/ferienhaeuser-fewos\/isle-of-wight.html\">Suche Ferienh\u00e4user Isle of Wight<\/a><\/p>\n<p style=\"text-align: center;\">UrlaubCornwall verf\u00fcgt Ferienh\u00e4user und Ferienwohnungen f\u00fcr Ihren <a href=\"https:\/\/www.urlaubcornwall.de\/reiseziel\/suedengland.php\">Urlaub in Sudengland<\/a>. Unterk\u00fcnfte der Spitzenklasse f\u00fcr 2 Personen, Familien und Gruppen mit 6, 8, 10 oder 12 G\u00e4sten.<\/p>\n<p><img loading=\"lazy\" class=\"aligncenter size-full wp-image-24598\" src=\"https:\/\/www.urlaubcornwall.de\/blog\/wp-content\/uploads\/2016\/06\/urlaub-und-sudengland_logo-final.jpg\" width=\"746\" height=\"361\"\/><\/p>\n","protected":false},"excerpt":{"rendered":"<p>Die Isle of Wight hat mehr als 800km an Fu\u00dfwegen \u00fcber kontrastreiche Landschaften und Str\u00e4nde, die sie somit ein idealer Ort sein lassen f\u00fcr einen Wanderurlaub oder einen Kurzurlaub. Das umfangreiche Netzwerk an Wanderpfaden und K\u00fcstenpfaden f\u00fchrt Sie entlang sanfter l\u00e4ndlicher Wege, die mit B\u00e4umen umgrenzt sind, bis hin zu herausfordernden Wanderungen \u00fcber die Kalkniederungen. [&hellip;]<\/p>\n","protected":false},"author":1,"featured_media":0,"parent":0,"menu_order":0,"comment_status":"closed","ping_status":"closed","template":"single-four.php","meta":[],"acf":[],"yoast_head":"<!-- This site is optimized with the Yoast SEO plugin v19.4 - https:\/\/yoast.com\/wordpress\/plugins\/seo\/ -->\n<title>Wandern und Wanderurlaube auf der Isle of Wight - Urlaub &amp; Reisen<\/title>\n<meta name=\"robots\" content=\"index, follow, max-snippet:-1, max-image-preview:large, max-video-preview:-1\" \/>\n<link rel=\"canonical\" href=\"https:\/\/www.urlaubcornwall.de\/blog\/wandern-und-wanderurlaube-auf-der-isle-wight\/\" \/>\n<meta property=\"og:locale\" content=\"en_US\" \/>\n<meta property=\"og:type\" content=\"article\" \/>\n<meta property=\"og:title\" content=\"Wandern und Wanderurlaube auf der Isle of Wight - Urlaub &amp; Reisen\" \/>\n<meta property=\"og:description\" content=\"Die Isle of Wight hat mehr als 800km an Fu\u00dfwegen \u00fcber kontrastreiche Landschaften und Str\u00e4nde, die sie somit ein idealer Ort sein lassen f\u00fcr einen Wanderurlaub oder einen Kurzurlaub. Das umfangreiche Netzwerk an Wanderpfaden und K\u00fcstenpfaden f\u00fchrt Sie entlang sanfter l\u00e4ndlicher Wege, die mit B\u00e4umen umgrenzt sind, bis hin zu herausfordernden Wanderungen \u00fcber die Kalkniederungen. [&hellip;]\" \/>\n<meta property=\"og:url\" content=\"https:\/\/www.urlaubcornwall.de\/blog\/wandern-und-wanderurlaube-auf-der-isle-wight\/\" \/>\n<meta property=\"og:site_name\" content=\"Urlaub &amp; Reisen\" \/>\n<meta property=\"article:modified_time\" content=\"2019-12-10T12:46:52+00:00\" \/>\n<meta property=\"og:image\" content=\"https:\/\/www.urlaubcornwall.de\/blog\/wp-content\/uploads\/2018\/01\/wandern-wandurlaub-isle-of-wight.jpg\" \/>\n<meta name=\"twitter:card\" content=\"summary\" \/>\n<meta name=\"twitter:label1\" content=\"Est. reading time\" \/>\n\t<meta name=\"twitter:data1\" content=\"1 minute\" \/>\n<script type=\"application\/ld+json\" class=\"yoast-schema-graph\">{\"@context\":\"https:\/\/schema.org\",\"@graph\":[{\"@type\":\"WebSite\",\"@id\":\"https:\/\/www.urlaubcornwall.de\/blog\/#website\",\"url\":\"https:\/\/www.urlaubcornwall.de\/blog\/\",\"name\":\"Urlaub &amp; Reisen\",\"description\":\"Urlaub, Reisen, Cornwall und S\u00fcdengland: eine perfekte Kombination\",\"potentialAction\":[{\"@type\":\"SearchAction\",\"target\":{\"@type\":\"EntryPoint\",\"urlTemplate\":\"https:\/\/www.urlaubcornwall.de\/blog\/?s={search_term_string}\"},\"query-input\":\"required name=search_term_string\"}],\"inLanguage\":\"en-US\"},{\"@type\":\"WebPage\",\"@id\":\"https:\/\/www.urlaubcornwall.de\/blog\/wandern-und-wanderurlaube-auf-der-isle-wight\/\",\"url\":\"https:\/\/www.urlaubcornwall.de\/blog\/wandern-und-wanderurlaube-auf-der-isle-wight\/\",\"name\":\"Wandern und Wanderurlaube auf der Isle of Wight - Urlaub &amp; Reisen\",\"isPartOf\":{\"@id\":\"https:\/\/www.urlaubcornwall.de\/blog\/#website\"},\"datePublished\":\"2018-01-09T10:06:15+00:00\",\"dateModified\":\"2019-12-10T12:46:52+00:00\",\"breadcrumb\":{\"@id\":\"https:\/\/www.urlaubcornwall.de\/blog\/wandern-und-wanderurlaube-auf-der-isle-wight\/#breadcrumb\"},\"inLanguage\":\"en-US\",\"potentialAction\":[{\"@type\":\"ReadAction\",\"target\":[\"https:\/\/www.urlaubcornwall.de\/blog\/wandern-und-wanderurlaube-auf-der-isle-wight\/\"]}]},{\"@type\":\"BreadcrumbList\",\"@id\":\"https:\/\/www.urlaubcornwall.de\/blog\/wandern-und-wanderurlaube-auf-der-isle-wight\/#breadcrumb\",\"itemListElement\":[{\"@type\":\"ListItem\",\"position\":1,\"name\":\"Home\",\"item\":\"https:\/\/www.urlaubcornwall.de\/blog\/\"},{\"@type\":\"ListItem\",\"position\":2,\"name\":\"Wandern und Wanderurlaube auf der Isle of Wight\"}]}]}<\/script>\n<!-- \/ Yoast SEO plugin. -->","yoast_head_json":{"title":"Wandern und Wanderurlaube auf der Isle of Wight - Urlaub &amp; Reisen","robots":{"index":"index","follow":"follow","max-snippet":"max-snippet:-1","max-image-preview":"max-image-preview:large","max-video-preview":"max-video-preview:-1"},"canonical":"https:\/\/www.urlaubcornwall.de\/blog\/wandern-und-wanderurlaube-auf-der-isle-wight\/","og_locale":"en_US","og_type":"article","og_title":"Wandern und Wanderurlaube auf der Isle of Wight - Urlaub &amp; Reisen","og_description":"Die Isle of Wight hat mehr als 800km an Fu\u00dfwegen \u00fcber kontrastreiche Landschaften und Str\u00e4nde, die sie somit ein idealer Ort sein lassen f\u00fcr einen Wanderurlaub oder einen Kurzurlaub. Das umfangreiche Netzwerk an Wanderpfaden und K\u00fcstenpfaden f\u00fchrt Sie entlang sanfter l\u00e4ndlicher Wege, die mit B\u00e4umen umgrenzt sind, bis hin zu herausfordernden Wanderungen \u00fcber die Kalkniederungen. [&hellip;]","og_url":"https:\/\/www.urlaubcornwall.de\/blog\/wandern-und-wanderurlaube-auf-der-isle-wight\/","og_site_name":"Urlaub &amp; Reisen","article_modified_time":"2019-12-10T12:46:52+00:00","og_image":[{"url":"https:\/\/www.urlaubcornwall.de\/blog\/wp-content\/uploads\/2018\/01\/wandern-wandurlaub-isle-of-wight.jpg"}],"twitter_card":"summary","twitter_misc":{"Est. reading time":"1 minute"},"schema":{"@context":"https:\/\/schema.org","@graph":[{"@type":"WebSite","@id":"https:\/\/www.urlaubcornwall.de\/blog\/#website","url":"https:\/\/www.urlaubcornwall.de\/blog\/","name":"Urlaub &amp; Reisen","description":"Urlaub, Reisen, Cornwall und S\u00fcdengland: eine perfekte Kombination","potentialAction":[{"@type":"SearchAction","target":{"@type":"EntryPoint","urlTemplate":"https:\/\/www.urlaubcornwall.de\/blog\/?s={search_term_string}"},"query-input":"required name=search_term_string"}],"inLanguage":"en-US"},{"@type":"WebPage","@id":"https:\/\/www.urlaubcornwall.de\/blog\/wandern-und-wanderurlaube-auf-der-isle-wight\/","url":"https:\/\/www.urlaubcornwall.de\/blog\/wandern-und-wanderurlaube-auf-der-isle-wight\/","name":"Wandern und Wanderurlaube auf der Isle of Wight - Urlaub &amp; Reisen","isPartOf":{"@id":"https:\/\/www.urlaubcornwall.de\/blog\/#website"},"datePublished":"2018-01-09T10:06:15+00:00","dateModified":"2019-12-10T12:46:52+00:00","breadcrumb":{"@id":"https:\/\/www.urlaubcornwall.de\/blog\/wandern-und-wanderurlaube-auf-der-isle-wight\/#breadcrumb"},"inLanguage":"en-US","potentialAction":[{"@type":"ReadAction","target":["https:\/\/www.urlaubcornwall.de\/blog\/wandern-und-wanderurlaube-auf-der-isle-wight\/"]}]},{"@type":"BreadcrumbList","@id":"https:\/\/www.urlaubcornwall.de\/blog\/wandern-und-wanderurlaube-auf-der-isle-wight\/#breadcrumb","itemListElement":[{"@type":"ListItem","position":1,"name":"Home","item":"https:\/\/www.urlaubcornwall.de\/blog\/"},{"@type":"ListItem","position":2,"name":"Wandern und Wanderurlaube auf der Isle of Wight"}]}]}},"_links":{"self":[{"href":"https:\/\/www.urlaubcornwall.de\/blog\/wp-json\/wp\/v2\/pages\/31860"}],"collection":[{"href":"https:\/\/www.urlaubcornwall.de\/blog\/wp-json\/wp\/v2\/pages"}],"about":[{"href":"https:\/\/www.urlaubcornwall.de\/blog\/wp-json\/wp\/v2\/types\/page"}],"author":[{"embeddable":true,"href":"https:\/\/www.urlaubcornwall.de\/blog\/wp-json\/wp\/v2\/users\/1"}],"replies":[{"embeddable":true,"href":"https:\/\/www.urlaubcornwall.de\/blog\/wp-json\/wp\/v2\/comments?post=31860"}],"version-history":[{"count":2,"href":"https:\/\/www.urlaubcornwall.de\/blog\/wp-json\/wp\/v2\/pages\/31860\/revisions"}],"predecessor-version":[{"id":39246,"href":"https:\/\/www.urlaubcornwall.de\/blog\/wp-json\/wp\/v2\/pages\/31860\/revisions\/39246"}],"wp:attachment":[{"href":"https:\/\/www.urlaubcornwall.de\/blog\/wp-json\/wp\/v2\/media?parent=31860"}],"curies":[{"name":"wp","href":"https:\/\/api.w.org\/{rel}","templated":true}]}}