{"id":31857,"date":"2018-01-09T09:56:50","date_gmt":"2018-01-09T09:56:50","guid":{"rendered":"https:\/\/www.urlaubcornwall.de\/blog\/?page_id=31857"},"modified":"2024-05-27T08:31:31","modified_gmt":"2024-05-27T08:31:31","slug":"urlaub-mit-hund-auf-der-isle-wight","status":"publish","type":"page","link":"https:\/\/www.urlaubcornwall.de\/blog\/urlaub-mit-hund-auf-der-isle-wight\/","title":{"rendered":"Urlaub mit Hund auf der Isle of Wight"},"content":{"rendered":"<p><img loading=\"lazy\" class=\"aligncenter size-full wp-image-48209\" src=\"hhttps:\/\/www.urlaubcornwall.de\/blog\/wp-content\/uploads\/2024\/03\/wight-strand.jpg\" alt=\"wight strand\" width=\"750\" height=\"500\" srcset=\"https:\/\/www.urlaubcornwall.de\/blog\/wp-content\/uploads\/2024\/03\/wight-strand.jpg 750w, https:\/\/www.urlaubcornwall.de\/blog\/wp-content\/uploads\/2024\/03\/wight-strand-300x200.jpg 300w\" sizes=\"(max-width: 750px) 100vw, 750px\" \/><\/p>\n<p>Die <a href=\"https:\/\/www.urlaubcornwall.de\/reiseziel\/isle-of-wight.php\">Isle of Wight ist ein fantastisches hundefreundliches Urlaubsziel in S\u00fcdengland<\/a>. Es gibt eine riesige Auswahl an Spazierwegen der K\u00fcste entlang, Str\u00e4nde zu beschn\u00fcffeln, Orte zu erkunden und riesige Gebiete von Niederungen und Wald, durch die gehuscht werden kann. Es ist einfach, Hunde mit hin\u00fcber auf die Insel zu nehmen, und Hunde reisen unentgeltlich auf s\u00e4mtlichen F\u00e4hrrouten, dem Katamaran, den Passagierf\u00e4hren und dem Luftkissenfahrzeug.<\/p>\n<p>Die meisten Str\u00e4nde sind das ganze Jahr \u00fcber hundefreundlich, und die Hunde k\u00f6nnen es genie\u00dfen, im Sand zu graben, \u00fcber Felspools zu klettern und im Meer zu schwimmen. Es gibt in den Hauptorten jedoch ein paar Str\u00e4nde, wo Hunde vom 1. Mai bis zum 31.Oktober lediglich eingeschr\u00e4nkt zugelassen sind.<\/p>\n<p>Mit mehr als 800km an Fu\u00dfwegen gibt es Spazierwege, die s\u00e4mtlichen Hundearten entsprechen, und viele Wege haben Gebiete, wo Hunde frei herumrennen k\u00f6nnen. Zahlreiche Kneipen, Caf\u00e9s und Speiselokale entlang des Weges akzeptieren gerne Hunde und stellen Wassergef\u00e4\u00dfe, viele sogar Leckereien bereit.<\/p>\n<p>Viele der <a href=\"https:\/\/www.urlaubcornwall.de\/reiseziel\/isle-of-wight.php\">besten Attraktionen auf der Isle of Wight<\/a> sind hundefreundlich; Osborne House, das herrliche Zuhause von K\u00f6nigin Viktoria, hat sein Grundst\u00fcck, das von Prinz Albert wundersch\u00f6n designt wurde, Hunden zug\u00e4nglich gemacht.<\/p>\n<p>Der Robin Hill Country Park bei Newport gestattet angeleinte Hunde; Carisbrook Castle ist eine wundersch\u00f6ne Burgruine, wo Hunde ebenfalls willkommen sind.<\/p>\n<p>Blackgang Chine, eine der beliebtesten Touristenattraktionen der Isle of Wight hei\u00dft ebenfalls angeleinte Hunde willkommen. Da es jedoch in der Hochsaison sehr \u00fcberlaufen ist, ist es wohl besser, keine nerv\u00f6sen oder sensiblen Hunde dorthin mitzunehmen. Nehmen Sie Ihren Hund mit auf die Isle of Wight Dampfeisenbahn, er ist in der 1. oder 3. Klasse willkommen, muss jedoch w\u00e4hrend der Reise angeleint bleiben.<\/p>\n<p>Es gibt auf der Isle of Wight zahlreiche Cottages und Hotels, die Hunde willkommen hei\u00dfen und dies somit zu einem idealen Urlaubsort f\u00fcr einen hundefreundlichen Urlaub im UK machen.<\/p>\n<div class=\"snippet\"> <a class=\"featured-item\" href=\" https:\/\/www.urlaubcornwall.de\/ferienhaeuser-fewos\/isle-of-wight-hundefreundlich.html\"> <span class=\"image-holder\" style=\"background-image: url('https:\/\/www.urlaubcornwall.de\/blog\/wp-content\/uploads\/2018\/11\/landhaus-cornwall-1.jpg');\"><\/span> <span class=\"featured-content\"> \n<h2 class=\"featured-title\">Ferienh\u00e4user auf der Isle of Wight mit Hund<\/h2>\n<p class=\"featured-body\">UrlaubCornwall empfiehlt Ferienh\u00e4user, die Ihnen die gr\u00f6\u00dfte Auswahl an handverlesenen Unterk\u00fcnften f\u00fcr Selbstverpfleger in dieser wundersch\u00f6nen Region Gro\u00dfbritanniens&#8230;.<\/p>\n<\/span> <span class=\"featured-link-holder\"> <span class=\"featured-extra-info\"> \n<p>Hundefreundliche Ferienh\u00e4user, Ferienwohnungen &#038; Cottages<\/p>\n<\/span> \n<p class=\"featured-link\">DETAILS<\/p>\n<\/span> <\/a><\/div>\n","protected":false},"excerpt":{"rendered":"<p>Die Isle of Wight ist ein fantastisches hundefreundliches Urlaubsziel in S\u00fcdengland. Es gibt eine riesige Auswahl an Spazierwegen der K\u00fcste entlang, Str\u00e4nde zu beschn\u00fcffeln, Orte zu erkunden und riesige Gebiete von Niederungen und Wald, durch die gehuscht werden kann. Es ist einfach, Hunde mit hin\u00fcber auf die Insel zu nehmen, und Hunde reisen unentgeltlich auf [&hellip;]<\/p>\n","protected":false},"author":1,"featured_media":0,"parent":0,"menu_order":0,"comment_status":"closed","ping_status":"closed","template":"single-four.php","meta":[],"acf":[],"yoast_head":"<!-- This site is optimized with the Yoast SEO plugin v19.4 - https:\/\/yoast.com\/wordpress\/plugins\/seo\/ -->\n<title>Urlaub mit Hund auf der Isle of Wight - Urlaub &amp; Reisen<\/title>\n<meta name=\"robots\" content=\"index, follow, max-snippet:-1, max-image-preview:large, max-video-preview:-1\" \/>\n<link rel=\"canonical\" href=\"https:\/\/www.urlaubcornwall.de\/blog\/urlaub-mit-hund-auf-der-isle-wight\/\" \/>\n<meta property=\"og:locale\" content=\"en_US\" \/>\n<meta property=\"og:type\" content=\"article\" \/>\n<meta property=\"og:title\" content=\"Urlaub mit Hund auf der Isle of Wight - Urlaub &amp; Reisen\" \/>\n<meta property=\"og:description\" content=\"Die Isle of Wight ist ein fantastisches hundefreundliches Urlaubsziel in S\u00fcdengland. Es gibt eine riesige Auswahl an Spazierwegen der K\u00fcste entlang, Str\u00e4nde zu beschn\u00fcffeln, Orte zu erkunden und riesige Gebiete von Niederungen und Wald, durch die gehuscht werden kann. Es ist einfach, Hunde mit hin\u00fcber auf die Insel zu nehmen, und Hunde reisen unentgeltlich auf [&hellip;]\" \/>\n<meta property=\"og:url\" content=\"https:\/\/www.urlaubcornwall.de\/blog\/urlaub-mit-hund-auf-der-isle-wight\/\" \/>\n<meta property=\"og:site_name\" content=\"Urlaub &amp; Reisen\" \/>\n<meta property=\"article:modified_time\" content=\"2024-05-27T08:31:31+00:00\" \/>\n<meta property=\"og:image\" content=\"\" \/>\n<meta name=\"twitter:card\" content=\"summary\" \/>\n<meta name=\"twitter:label1\" content=\"Est. reading time\" \/>\n\t<meta name=\"twitter:data1\" content=\"2 minutes\" \/>\n<script type=\"application\/ld+json\" class=\"yoast-schema-graph\">{\"@context\":\"https:\/\/schema.org\",\"@graph\":[{\"@type\":\"WebSite\",\"@id\":\"https:\/\/www.urlaubcornwall.de\/blog\/#website\",\"url\":\"https:\/\/www.urlaubcornwall.de\/blog\/\",\"name\":\"Urlaub &amp; Reisen\",\"description\":\"Urlaub, Reisen, Cornwall und S\u00fcdengland: eine perfekte Kombination\",\"potentialAction\":[{\"@type\":\"SearchAction\",\"target\":{\"@type\":\"EntryPoint\",\"urlTemplate\":\"https:\/\/www.urlaubcornwall.de\/blog\/?s={search_term_string}\"},\"query-input\":\"required name=search_term_string\"}],\"inLanguage\":\"en-US\"},{\"@type\":\"WebPage\",\"@id\":\"https:\/\/www.urlaubcornwall.de\/blog\/urlaub-mit-hund-auf-der-isle-wight\/\",\"url\":\"https:\/\/www.urlaubcornwall.de\/blog\/urlaub-mit-hund-auf-der-isle-wight\/\",\"name\":\"Urlaub mit Hund auf der Isle of Wight - Urlaub &amp; Reisen\",\"isPartOf\":{\"@id\":\"https:\/\/www.urlaubcornwall.de\/blog\/#website\"},\"datePublished\":\"2018-01-09T09:56:50+00:00\",\"dateModified\":\"2024-05-27T08:31:31+00:00\",\"breadcrumb\":{\"@id\":\"https:\/\/www.urlaubcornwall.de\/blog\/urlaub-mit-hund-auf-der-isle-wight\/#breadcrumb\"},\"inLanguage\":\"en-US\",\"potentialAction\":[{\"@type\":\"ReadAction\",\"target\":[\"https:\/\/www.urlaubcornwall.de\/blog\/urlaub-mit-hund-auf-der-isle-wight\/\"]}]},{\"@type\":\"BreadcrumbList\",\"@id\":\"https:\/\/www.urlaubcornwall.de\/blog\/urlaub-mit-hund-auf-der-isle-wight\/#breadcrumb\",\"itemListElement\":[{\"@type\":\"ListItem\",\"position\":1,\"name\":\"Home\",\"item\":\"https:\/\/www.urlaubcornwall.de\/blog\/\"},{\"@type\":\"ListItem\",\"position\":2,\"name\":\"Urlaub mit Hund auf der Isle of Wight\"}]}]}<\/script>\n<!-- \/ Yoast SEO plugin. -->","yoast_head_json":{"title":"Urlaub mit Hund auf der Isle of Wight - Urlaub &amp; Reisen","robots":{"index":"index","follow":"follow","max-snippet":"max-snippet:-1","max-image-preview":"max-image-preview:large","max-video-preview":"max-video-preview:-1"},"canonical":"https:\/\/www.urlaubcornwall.de\/blog\/urlaub-mit-hund-auf-der-isle-wight\/","og_locale":"en_US","og_type":"article","og_title":"Urlaub mit Hund auf der Isle of Wight - Urlaub &amp; Reisen","og_description":"Die Isle of Wight ist ein fantastisches hundefreundliches Urlaubsziel in S\u00fcdengland. Es gibt eine riesige Auswahl an Spazierwegen der K\u00fcste entlang, Str\u00e4nde zu beschn\u00fcffeln, Orte zu erkunden und riesige Gebiete von Niederungen und Wald, durch die gehuscht werden kann. Es ist einfach, Hunde mit hin\u00fcber auf die Insel zu nehmen, und Hunde reisen unentgeltlich auf [&hellip;]","og_url":"https:\/\/www.urlaubcornwall.de\/blog\/urlaub-mit-hund-auf-der-isle-wight\/","og_site_name":"Urlaub &amp; Reisen","article_modified_time":"2024-05-27T08:31:31+00:00","og_image":[{"url":"hhttps:\/\/www.urlaubcornwall.de\/blog\/wp-content\/uploads\/2024\/03\/wight-strand.jpg"}],"twitter_card":"summary","twitter_misc":{"Est. reading time":"2 minutes"},"schema":{"@context":"https:\/\/schema.org","@graph":[{"@type":"WebSite","@id":"https:\/\/www.urlaubcornwall.de\/blog\/#website","url":"https:\/\/www.urlaubcornwall.de\/blog\/","name":"Urlaub &amp; Reisen","description":"Urlaub, Reisen, Cornwall und S\u00fcdengland: eine perfekte Kombination","potentialAction":[{"@type":"SearchAction","target":{"@type":"EntryPoint","urlTemplate":"https:\/\/www.urlaubcornwall.de\/blog\/?s={search_term_string}"},"query-input":"required name=search_term_string"}],"inLanguage":"en-US"},{"@type":"WebPage","@id":"https:\/\/www.urlaubcornwall.de\/blog\/urlaub-mit-hund-auf-der-isle-wight\/","url":"https:\/\/www.urlaubcornwall.de\/blog\/urlaub-mit-hund-auf-der-isle-wight\/","name":"Urlaub mit Hund auf der Isle of Wight - Urlaub &amp; Reisen","isPartOf":{"@id":"https:\/\/www.urlaubcornwall.de\/blog\/#website"},"datePublished":"2018-01-09T09:56:50+00:00","dateModified":"2024-05-27T08:31:31+00:00","breadcrumb":{"@id":"https:\/\/www.urlaubcornwall.de\/blog\/urlaub-mit-hund-auf-der-isle-wight\/#breadcrumb"},"inLanguage":"en-US","potentialAction":[{"@type":"ReadAction","target":["https:\/\/www.urlaubcornwall.de\/blog\/urlaub-mit-hund-auf-der-isle-wight\/"]}]},{"@type":"BreadcrumbList","@id":"https:\/\/www.urlaubcornwall.de\/blog\/urlaub-mit-hund-auf-der-isle-wight\/#breadcrumb","itemListElement":[{"@type":"ListItem","position":1,"name":"Home","item":"https:\/\/www.urlaubcornwall.de\/blog\/"},{"@type":"ListItem","position":2,"name":"Urlaub mit Hund auf der Isle of Wight"}]}]}},"_links":{"self":[{"href":"https:\/\/www.urlaubcornwall.de\/blog\/wp-json\/wp\/v2\/pages\/31857"}],"collection":[{"href":"https:\/\/www.urlaubcornwall.de\/blog\/wp-json\/wp\/v2\/pages"}],"about":[{"href":"https:\/\/www.urlaubcornwall.de\/blog\/wp-json\/wp\/v2\/types\/page"}],"author":[{"embeddable":true,"href":"https:\/\/www.urlaubcornwall.de\/blog\/wp-json\/wp\/v2\/users\/1"}],"replies":[{"embeddable":true,"href":"https:\/\/www.urlaubcornwall.de\/blog\/wp-json\/wp\/v2\/comments?post=31857"}],"version-history":[{"count":7,"href":"https:\/\/www.urlaubcornwall.de\/blog\/wp-json\/wp\/v2\/pages\/31857\/revisions"}],"predecessor-version":[{"id":50237,"href":"https:\/\/www.urlaubcornwall.de\/blog\/wp-json\/wp\/v2\/pages\/31857\/revisions\/50237"}],"wp:attachment":[{"href":"https:\/\/www.urlaubcornwall.de\/blog\/wp-json\/wp\/v2\/media?parent=31857"}],"curies":[{"name":"wp","href":"https:\/\/api.w.org\/{rel}","templated":true}]}}