{"id":31853,"date":"2018-01-09T09:47:59","date_gmt":"2018-01-09T09:47:59","guid":{"rendered":"https:\/\/www.urlaubcornwall.de\/blog\/?page_id=31853"},"modified":"2024-04-02T10:09:52","modified_gmt":"2024-04-02T10:09:52","slug":"familienurlaub-auf-der-isle-wight-inselurlaub-mit-kindern","status":"publish","type":"page","link":"https:\/\/www.urlaubcornwall.de\/blog\/familienurlaub-auf-der-isle-wight-inselurlaub-mit-kindern\/","title":{"rendered":"Familienurlaub auf der Isle of Wight &#8211; Inselurlaub mit Kindern"},"content":{"rendered":"<p><img loading=\"lazy\" class=\"aligncenter size-full wp-image-31854\" src=\"https:\/\/www.urlaubcornwall.de\/blog\/wp-content\/uploads\/2018\/01\/strandurlaub-isle-of-wight-mit-kindern.jpg\" alt=\"strandurlaub isle of wight mit kindern\" width=\"746\" height=\"497\" srcset=\"https:\/\/www.urlaubcornwall.de\/blog\/wp-content\/uploads\/2018\/01\/strandurlaub-isle-of-wight-mit-kindern.jpg 746w, https:\/\/www.urlaubcornwall.de\/blog\/wp-content\/uploads\/2018\/01\/strandurlaub-isle-of-wight-mit-kindern-300x200.jpg 300w\" sizes=\"(max-width: 746px) 100vw, 746px\" \/><\/p>\n<p>Die <a href=\"https:\/\/www.urlaubcornwall.de\/reiseziel\/isle-of-wight.php\">Isle of Wight ist ein wundervolles<\/a>, zur Entspannung einladendes Urlaubsziel f\u00fcr Familien; es gibt jede Menge Str\u00e4nde und eine breite Auswahl an Aktivit\u00e4ten und Attraktionen f\u00fcr Kinder s\u00e4mtlicher Altersstufen.<\/p>\n<p>Die Isle of Wight ist bekannt f\u00fcr ihre Str\u00e4nde; sichere Sandstr\u00e4nde, die sich gro\u00dfartig zum Schwimmen und Paddeln eignen und eher verlassene, wildere Str\u00e4nde, die zum Surfen ideal sind. Die preisgekr\u00f6nten Str\u00e4nde Shanklin, Sandown und Ventnor bieten traditionelle Strandurlaubserfahrung mit Liegest\u00fchlen, Sandburgen und Esplanaden mit Am\u00fcsements, Caf\u00e9s und Gesch\u00e4ften.<\/p>\n<div class=\"snippet\"> <a class=\"featured-item\" href=\" https:\/\/www.urlaubcornwall.de\/ferienhaeuser-fewos\/isle-of-wight.html\"> <span class=\"image-holder\" style=\"background-image: url('https:\/\/www.urlaubcornwall.de\/blog\/wp-content\/uploads\/2018\/11\/landhaus-cornwall-1.jpg');\"><\/span> <span class=\"featured-content\"> \n<h2 class=\"featured-title\">Ferienh\u00e4user auf der Isle of Wight<\/h2>\n<p class=\"featured-body\">UrlaubCornwall empfiehlt Ferienh\u00e4user, die Ihnen die gr\u00f6\u00dfte Auswahl an handverlesenen Unterk\u00fcnften f\u00fcr Selbstverpfleger in dieser wundersch\u00f6nen Region Gro\u00dfbritanniens&#8230;.<\/p>\n<\/span> <span class=\"featured-link-holder\"> <span class=\"featured-extra-info\"> \n<p> F\u00fcr Paare, Familien &#038; Gruppen<\/p>\n<\/span> \n<p class=\"featured-link\">DETAILS<\/p>\n<\/span> <\/a><\/div>\n<p>Ryde Beach an der Nordostk\u00fcste der Isle of Wight hat einen breiten Sandabschnitt und eignet sich perfekt f\u00fcr Familienspiele und Aktivit\u00e4ten; au\u00dferdem bietet sich ein gro\u00dfartiger Blick \u00fcber den Solent bis hin zur S\u00fcdk\u00fcste Englands. Eines der bestgeh\u00fcteten Geheimnisse der Isle of Wight ist Compton Beach im Westen der Insel. Mit mehr als 3km dunkelgoldenen Sandes, Sandsteinklippen und rauschendem Meer erinnert er an Str\u00e4nde in Cornwall und ist bei Surfern beliebt. Compton ist auch ein herrlicher Strand, an dem sich Fossilien finden lassen, einschlie\u00dflich derer von Dinosauriern. F\u00fchrungen k\u00f6nnen gebucht werden, um am Hanover Point bei Ebbe die Dinosaurierspuren zu sehen.<\/p>\n<p><img loading=\"lazy\" class=\"aligncenter size-full wp-image-47925\" src=\"https:\/\/www.urlaubcornwall.de\/blog\/wp-content\/uploads\/2024\/03\/needles_isles-of-wight.jpg\" alt=\"needles_isles of wight\" width=\"750\" height=\"500\" srcset=\"https:\/\/www.urlaubcornwall.de\/blog\/wp-content\/uploads\/2024\/03\/needles_isles-of-wight.jpg 750w, https:\/\/www.urlaubcornwall.de\/blog\/wp-content\/uploads\/2024\/03\/needles_isles-of-wight-300x200.jpg 300w\" sizes=\"(max-width: 750px) 100vw, 750px\" \/><\/p>\n<p>Eines der bekanntesten Wahrzeichen der Isle of Wight sind die Needles Rocks mit Leuchtturm. Diese spektakul\u00e4ren 3 Kreidepfeiler befinden sich im Meer vor der Westk\u00fcste der Insel. Von der Landspitze aus, die im Besitz des National Trust ist, bietet sich ein spektakul\u00e4rer Blick auf die Felsen, den Leuchtturm und die K\u00fcste Hampshires und Dorsets. An der nahe gelegenen Alum Bay, die bekannt ist aufgrund ihres verschiedenfarbigen Sandes, befindet sich die Needles Landmark Attraktion. Diese familienfreundliche Attraktion hat den ikonischen Sessellift, der Sie hinunterbringt zum Strand mit seinem einzigartigen farbigen Sand. Im Besucherzentrum gibt es eine Menge an Attraktionen f\u00fcr die gesamte Familie.<\/p>\n<p>Die Isle of Wight Dampfeisenbahn bietet Familien einen beliebten Ausflugstag. Besteigen Sie die Dampfbahn bei Havenstreet und entspannen Sie in den wundersch\u00f6n restaurierten viktorianischen und edwardianischen W\u00e4gen, w\u00e4hrend Sie die unber\u00fchrte Sch\u00f6nheit der Insellandschaft entdecken.<\/p>\n<p>Selbst an einem Regentag hat die Isle of Wight Familien jede Menge zu bieten; so gibt es eine Allwetter-Kartbahn in Ryde, die f\u00fcr Kinder ab 8 Jahren geeignet ist. Die Isle of Wight ist bekannt f\u00fcr ihre Fossilien, und Dinosaur Isle ist Britanniens erste zweckm\u00e4\u00dfig errichtete Dinosaurierattraktion. Bei Sandown gelegen, in einem spektakul\u00e4ren Geb\u00e4ude, das die Form eines fliegenden Pterosauriers hat, sehen Sie lebensgro\u00dfe Modelle der 5 ber\u00fchmten Dinosaurier der Isle of Wight, Dinosaurierskelette, die von Fossilienj\u00e4gern gefunden wurden, und Sie erfahren von der vergangenen Welt der Dinosaurier, die sich frei auf der Isle of Wight bewegten.<\/p>\n<p>Ein <a href=\"https:\/\/www.urlaubcornwall.de\/reiseziel\/isle-of-wight.php\">Familienurlaub auf der Isle of Wight<\/a> w\u00e4re nicht komplett ohne einen Besuch des Osborne House, East Cowes. Es war einst K\u00f6nigin Viktorias Familienzuhause, und heutzutage ist das Osborne House eine der beliebtesten Touristenattraktionen der Insel. Haus und riesiges Grundst\u00fcck mit herrlichem Blick \u00fcber den Solent sind das ganze Jahr \u00fcber ge\u00f6ffnet.<\/p>\n","protected":false},"excerpt":{"rendered":"<p>Die Isle of Wight ist ein wundervolles, zur Entspannung einladendes Urlaubsziel f\u00fcr Familien; es gibt jede Menge Str\u00e4nde und eine breite Auswahl an Aktivit\u00e4ten und Attraktionen f\u00fcr Kinder s\u00e4mtlicher Altersstufen. Die Isle of Wight ist bekannt f\u00fcr ihre Str\u00e4nde; sichere Sandstr\u00e4nde, die sich gro\u00dfartig zum Schwimmen und Paddeln eignen und eher verlassene, wildere Str\u00e4nde, die [&hellip;]<\/p>\n","protected":false},"author":1,"featured_media":0,"parent":0,"menu_order":0,"comment_status":"closed","ping_status":"closed","template":"single-four.php","meta":[],"acf":[],"yoast_head":"<!-- This site is optimized with the Yoast SEO plugin v19.4 - https:\/\/yoast.com\/wordpress\/plugins\/seo\/ -->\n<title>Familienurlaub auf der Isle of Wight - Inselurlaub mit Kindern - Urlaub &amp; Reisen<\/title>\n<meta name=\"description\" content=\"Die Isle of Wight ist ein wundervolles, zur Entspannung einladendes Urlaubsziel f\u00fcr Familien; es gibt jede Menge Str\u00e4nde und eine breite Auswahl an Aktivit\u00e4ten und Attraktionen f\u00fcr Kinder s\u00e4mtlicher Altersstufen.\" \/>\n<meta name=\"robots\" content=\"index, follow, max-snippet:-1, max-image-preview:large, max-video-preview:-1\" \/>\n<link rel=\"canonical\" href=\"https:\/\/www.urlaubcornwall.de\/blog\/familienurlaub-auf-der-isle-wight-inselurlaub-mit-kindern\/\" \/>\n<meta property=\"og:locale\" content=\"en_US\" \/>\n<meta property=\"og:type\" content=\"article\" \/>\n<meta property=\"og:title\" content=\"Familienurlaub auf der Isle of Wight - Inselurlaub mit Kindern - Urlaub &amp; Reisen\" \/>\n<meta property=\"og:description\" content=\"Die Isle of Wight ist ein wundervolles, zur Entspannung einladendes Urlaubsziel f\u00fcr Familien; es gibt jede Menge Str\u00e4nde und eine breite Auswahl an Aktivit\u00e4ten und Attraktionen f\u00fcr Kinder s\u00e4mtlicher Altersstufen.\" \/>\n<meta property=\"og:url\" content=\"https:\/\/www.urlaubcornwall.de\/blog\/familienurlaub-auf-der-isle-wight-inselurlaub-mit-kindern\/\" \/>\n<meta property=\"og:site_name\" content=\"Urlaub &amp; Reisen\" \/>\n<meta property=\"article:modified_time\" content=\"2024-04-02T10:09:52+00:00\" \/>\n<meta property=\"og:image\" content=\"https:\/\/www.urlaubcornwall.de\/blog\/wp-content\/uploads\/2018\/01\/strandurlaub-isle-of-wight-mit-kindern.jpg\" \/>\n<meta name=\"twitter:card\" content=\"summary\" \/>\n<meta name=\"twitter:label1\" content=\"Est. reading time\" \/>\n\t<meta name=\"twitter:data1\" content=\"3 minutes\" \/>\n<script type=\"application\/ld+json\" class=\"yoast-schema-graph\">{\"@context\":\"https:\/\/schema.org\",\"@graph\":[{\"@type\":\"WebSite\",\"@id\":\"https:\/\/www.urlaubcornwall.de\/blog\/#website\",\"url\":\"https:\/\/www.urlaubcornwall.de\/blog\/\",\"name\":\"Urlaub &amp; Reisen\",\"description\":\"Urlaub, Reisen, Cornwall und S\u00fcdengland: eine perfekte Kombination\",\"potentialAction\":[{\"@type\":\"SearchAction\",\"target\":{\"@type\":\"EntryPoint\",\"urlTemplate\":\"https:\/\/www.urlaubcornwall.de\/blog\/?s={search_term_string}\"},\"query-input\":\"required name=search_term_string\"}],\"inLanguage\":\"en-US\"},{\"@type\":\"WebPage\",\"@id\":\"https:\/\/www.urlaubcornwall.de\/blog\/familienurlaub-auf-der-isle-wight-inselurlaub-mit-kindern\/\",\"url\":\"https:\/\/www.urlaubcornwall.de\/blog\/familienurlaub-auf-der-isle-wight-inselurlaub-mit-kindern\/\",\"name\":\"Familienurlaub auf der Isle of Wight - Inselurlaub mit Kindern - Urlaub &amp; Reisen\",\"isPartOf\":{\"@id\":\"https:\/\/www.urlaubcornwall.de\/blog\/#website\"},\"datePublished\":\"2018-01-09T09:47:59+00:00\",\"dateModified\":\"2024-04-02T10:09:52+00:00\",\"description\":\"Die Isle of Wight ist ein wundervolles, zur Entspannung einladendes Urlaubsziel f\u00fcr Familien; es gibt jede Menge Str\u00e4nde und eine breite Auswahl an Aktivit\u00e4ten und Attraktionen f\u00fcr Kinder s\u00e4mtlicher Altersstufen.\",\"breadcrumb\":{\"@id\":\"https:\/\/www.urlaubcornwall.de\/blog\/familienurlaub-auf-der-isle-wight-inselurlaub-mit-kindern\/#breadcrumb\"},\"inLanguage\":\"en-US\",\"potentialAction\":[{\"@type\":\"ReadAction\",\"target\":[\"https:\/\/www.urlaubcornwall.de\/blog\/familienurlaub-auf-der-isle-wight-inselurlaub-mit-kindern\/\"]}]},{\"@type\":\"BreadcrumbList\",\"@id\":\"https:\/\/www.urlaubcornwall.de\/blog\/familienurlaub-auf-der-isle-wight-inselurlaub-mit-kindern\/#breadcrumb\",\"itemListElement\":[{\"@type\":\"ListItem\",\"position\":1,\"name\":\"Home\",\"item\":\"https:\/\/www.urlaubcornwall.de\/blog\/\"},{\"@type\":\"ListItem\",\"position\":2,\"name\":\"Familienurlaub auf der Isle of Wight &#8211; Inselurlaub mit Kindern\"}]}]}<\/script>\n<!-- \/ Yoast SEO plugin. -->","yoast_head_json":{"title":"Familienurlaub auf der Isle of Wight - Inselurlaub mit Kindern - Urlaub &amp; Reisen","description":"Die Isle of Wight ist ein wundervolles, zur Entspannung einladendes Urlaubsziel f\u00fcr Familien; es gibt jede Menge Str\u00e4nde und eine breite Auswahl an Aktivit\u00e4ten und Attraktionen f\u00fcr Kinder s\u00e4mtlicher Altersstufen.","robots":{"index":"index","follow":"follow","max-snippet":"max-snippet:-1","max-image-preview":"max-image-preview:large","max-video-preview":"max-video-preview:-1"},"canonical":"https:\/\/www.urlaubcornwall.de\/blog\/familienurlaub-auf-der-isle-wight-inselurlaub-mit-kindern\/","og_locale":"en_US","og_type":"article","og_title":"Familienurlaub auf der Isle of Wight - Inselurlaub mit Kindern - Urlaub &amp; Reisen","og_description":"Die Isle of Wight ist ein wundervolles, zur Entspannung einladendes Urlaubsziel f\u00fcr Familien; es gibt jede Menge Str\u00e4nde und eine breite Auswahl an Aktivit\u00e4ten und Attraktionen f\u00fcr Kinder s\u00e4mtlicher Altersstufen.","og_url":"https:\/\/www.urlaubcornwall.de\/blog\/familienurlaub-auf-der-isle-wight-inselurlaub-mit-kindern\/","og_site_name":"Urlaub &amp; Reisen","article_modified_time":"2024-04-02T10:09:52+00:00","og_image":[{"url":"https:\/\/www.urlaubcornwall.de\/blog\/wp-content\/uploads\/2018\/01\/strandurlaub-isle-of-wight-mit-kindern.jpg"}],"twitter_card":"summary","twitter_misc":{"Est. reading time":"3 minutes"},"schema":{"@context":"https:\/\/schema.org","@graph":[{"@type":"WebSite","@id":"https:\/\/www.urlaubcornwall.de\/blog\/#website","url":"https:\/\/www.urlaubcornwall.de\/blog\/","name":"Urlaub &amp; Reisen","description":"Urlaub, Reisen, Cornwall und S\u00fcdengland: eine perfekte Kombination","potentialAction":[{"@type":"SearchAction","target":{"@type":"EntryPoint","urlTemplate":"https:\/\/www.urlaubcornwall.de\/blog\/?s={search_term_string}"},"query-input":"required name=search_term_string"}],"inLanguage":"en-US"},{"@type":"WebPage","@id":"https:\/\/www.urlaubcornwall.de\/blog\/familienurlaub-auf-der-isle-wight-inselurlaub-mit-kindern\/","url":"https:\/\/www.urlaubcornwall.de\/blog\/familienurlaub-auf-der-isle-wight-inselurlaub-mit-kindern\/","name":"Familienurlaub auf der Isle of Wight - Inselurlaub mit Kindern - Urlaub &amp; Reisen","isPartOf":{"@id":"https:\/\/www.urlaubcornwall.de\/blog\/#website"},"datePublished":"2018-01-09T09:47:59+00:00","dateModified":"2024-04-02T10:09:52+00:00","description":"Die Isle of Wight ist ein wundervolles, zur Entspannung einladendes Urlaubsziel f\u00fcr Familien; es gibt jede Menge Str\u00e4nde und eine breite Auswahl an Aktivit\u00e4ten und Attraktionen f\u00fcr Kinder s\u00e4mtlicher Altersstufen.","breadcrumb":{"@id":"https:\/\/www.urlaubcornwall.de\/blog\/familienurlaub-auf-der-isle-wight-inselurlaub-mit-kindern\/#breadcrumb"},"inLanguage":"en-US","potentialAction":[{"@type":"ReadAction","target":["https:\/\/www.urlaubcornwall.de\/blog\/familienurlaub-auf-der-isle-wight-inselurlaub-mit-kindern\/"]}]},{"@type":"BreadcrumbList","@id":"https:\/\/www.urlaubcornwall.de\/blog\/familienurlaub-auf-der-isle-wight-inselurlaub-mit-kindern\/#breadcrumb","itemListElement":[{"@type":"ListItem","position":1,"name":"Home","item":"https:\/\/www.urlaubcornwall.de\/blog\/"},{"@type":"ListItem","position":2,"name":"Familienurlaub auf der Isle of Wight &#8211; Inselurlaub mit Kindern"}]}]}},"_links":{"self":[{"href":"https:\/\/www.urlaubcornwall.de\/blog\/wp-json\/wp\/v2\/pages\/31853"}],"collection":[{"href":"https:\/\/www.urlaubcornwall.de\/blog\/wp-json\/wp\/v2\/pages"}],"about":[{"href":"https:\/\/www.urlaubcornwall.de\/blog\/wp-json\/wp\/v2\/types\/page"}],"author":[{"embeddable":true,"href":"https:\/\/www.urlaubcornwall.de\/blog\/wp-json\/wp\/v2\/users\/1"}],"replies":[{"embeddable":true,"href":"https:\/\/www.urlaubcornwall.de\/blog\/wp-json\/wp\/v2\/comments?post=31853"}],"version-history":[{"count":6,"href":"https:\/\/www.urlaubcornwall.de\/blog\/wp-json\/wp\/v2\/pages\/31853\/revisions"}],"predecessor-version":[{"id":48527,"href":"https:\/\/www.urlaubcornwall.de\/blog\/wp-json\/wp\/v2\/pages\/31853\/revisions\/48527"}],"wp:attachment":[{"href":"https:\/\/www.urlaubcornwall.de\/blog\/wp-json\/wp\/v2\/media?parent=31853"}],"curies":[{"name":"wp","href":"https:\/\/api.w.org\/{rel}","templated":true}]}}