{"id":31747,"date":"2018-01-03T17:11:22","date_gmt":"2018-01-03T17:11:22","guid":{"rendered":"https:\/\/www.urlaubcornwall.de\/blog\/?page_id=31747"},"modified":"2021-09-17T10:25:44","modified_gmt":"2021-09-17T10:25:44","slug":"ferienhaus-camber-sands-luxus-strandhaus-sussex","status":"publish","type":"page","link":"https:\/\/www.urlaubcornwall.de\/blog\/ferienhaus-camber-sands-luxus-strandhaus-sussex\/","title":{"rendered":"Ferienhaus am Meer in Camber Sands &#8211; Luxus Strandhaus Sussex"},"content":{"rendered":"<p><img loading=\"lazy\" class=\"aligncenter size-full wp-image-31748\" src=\"https:\/\/www.urlaubcornwall.de\/blog\/wp-content\/uploads\/2018\/01\/ferienhaus-camber-sands-am-meer.jpg\" alt=\"ferienhaus camber sands am meer\" width=\"749\" height=\"479\"\/><br \/>\n<strong>Ferienhaus in Camber mit 3 Schlafzimmern, chlafgelegenheiten 6 <\/strong><\/p>\n<p>Dieses Ferienhaus liegt neben dem kilometerlangen, weichen, goldenen Sand von Camber und ist der perfekte Ausgangspunkt, um die Umgebung zu erkunden. Hunde werden es genie\u00dfen, durch die D\u00fcnen zu wandern, w\u00e4hrend die Kinder im Sommer die sicheren Badestellen am Strand genie\u00dfen k\u00f6nnen. F\u00fcnf Kilometer entfernt liegt die alte K\u00fcstenstadt Rye mit einer Auswahl an Pub-Restaurants, Caf\u00e9s und Gesch\u00e4ften, die frisch gefangene Meeresfr\u00fcchte und Antiquit\u00e4ten anbieten. Im Erdgeschoss ist ein gro\u00dfer Lagerschrank der perfekte Ort, um Ihre Strandausr\u00fcstung im Sommer und M\u00e4ntel und Boote im Winter zu halten&#8230;.<\/p>\n<p style=\"text-align: center;\"><a class=\"tidycta\" href=\"https:\/\/www.urlaubcornwall.de\/ferienhaeuser-fewos\/eng\/sussex\/camber.html\">Suche Ferienh\u00e4user Camber Sands<\/a><\/p>\n<p style=\"text-align: center;\">Pers\u00f6nlich inspizierte Ferienh\u00e4user und Ferienwohnungen in Sussex f\u00fcr Ihren Urlaub.<\/p>\n<p style=\"text-align: center;\"><a href=\"https:\/\/www.urlaubcornwall.de\/ferienhaeuser-fewos\/eng\/sussex\/sussex.html\"><strong>Ferienh\u00e4user, Cottages &amp; Ferienwohnungen in Sussex. <\/strong><\/a><\/p>\n","protected":false},"excerpt":{"rendered":"<p>Ferienhaus in Camber mit 3 Schlafzimmern, chlafgelegenheiten 6 Dieses Ferienhaus liegt neben dem kilometerlangen, weichen, goldenen Sand von Camber und ist der perfekte Ausgangspunkt, um die Umgebung zu erkunden. Hunde werden es genie\u00dfen, durch die D\u00fcnen zu wandern, w\u00e4hrend die Kinder im Sommer die sicheren Badestellen am Strand genie\u00dfen k\u00f6nnen. F\u00fcnf Kilometer entfernt liegt die [&hellip;]<\/p>\n","protected":false},"author":1,"featured_media":0,"parent":0,"menu_order":0,"comment_status":"closed","ping_status":"closed","template":"single-four.php","meta":[],"acf":[],"yoast_head":"<!-- This site is optimized with the Yoast SEO plugin v19.4 - https:\/\/yoast.com\/wordpress\/plugins\/seo\/ -->\n<title>Ferienhaus am Meer in Camber Sands - Luxus Strandhaus Sussex - Urlaub &amp; Reisen<\/title>\n<meta name=\"description\" content=\"Dieses Ferienhaus liegt neben dem kilometerlangen, weichen, goldenen Sand von Camber und ist der perfekte Ausgangspunkt, um die Umgebung zu erkunden. Hunde werden es genie\u00dfen, durch die D\u00fcnen zu wandern, w\u00e4hrend die Kinder im Sommer die sicheren Badestellen am Strand genie\u00dfen k\u00f6nnen\" \/>\n<meta name=\"robots\" content=\"index, follow, max-snippet:-1, max-image-preview:large, max-video-preview:-1\" \/>\n<link rel=\"canonical\" href=\"https:\/\/www.urlaubcornwall.de\/blog\/ferienhaus-camber-sands-luxus-strandhaus-sussex\/\" \/>\n<meta property=\"og:locale\" content=\"en_US\" \/>\n<meta property=\"og:type\" content=\"article\" \/>\n<meta property=\"og:title\" content=\"Ferienhaus am Meer in Camber Sands - Luxus Strandhaus Sussex - Urlaub &amp; Reisen\" \/>\n<meta property=\"og:description\" content=\"Dieses Ferienhaus liegt neben dem kilometerlangen, weichen, goldenen Sand von Camber und ist der perfekte Ausgangspunkt, um die Umgebung zu erkunden. Hunde werden es genie\u00dfen, durch die D\u00fcnen zu wandern, w\u00e4hrend die Kinder im Sommer die sicheren Badestellen am Strand genie\u00dfen k\u00f6nnen\" \/>\n<meta property=\"og:url\" content=\"https:\/\/www.urlaubcornwall.de\/blog\/ferienhaus-camber-sands-luxus-strandhaus-sussex\/\" \/>\n<meta property=\"og:site_name\" content=\"Urlaub &amp; Reisen\" \/>\n<meta property=\"article:modified_time\" content=\"2021-09-17T10:25:44+00:00\" \/>\n<meta property=\"og:image\" content=\"https:\/\/www.urlaubcornwall.de\/blog\/wp-content\/uploads\/2018\/01\/ferienhaus-camber-sands-am-meer.jpg\" \/>\n<meta name=\"twitter:card\" content=\"summary\" \/>\n<meta name=\"twitter:label1\" content=\"Est. reading time\" \/>\n\t<meta name=\"twitter:data1\" content=\"1 minute\" \/>\n<script type=\"application\/ld+json\" class=\"yoast-schema-graph\">{\"@context\":\"https:\/\/schema.org\",\"@graph\":[{\"@type\":\"WebSite\",\"@id\":\"https:\/\/www.urlaubcornwall.de\/blog\/#website\",\"url\":\"https:\/\/www.urlaubcornwall.de\/blog\/\",\"name\":\"Urlaub &amp; Reisen\",\"description\":\"Urlaub, Reisen, Cornwall und S\u00fcdengland: eine perfekte Kombination\",\"potentialAction\":[{\"@type\":\"SearchAction\",\"target\":{\"@type\":\"EntryPoint\",\"urlTemplate\":\"https:\/\/www.urlaubcornwall.de\/blog\/?s={search_term_string}\"},\"query-input\":\"required name=search_term_string\"}],\"inLanguage\":\"en-US\"},{\"@type\":\"WebPage\",\"@id\":\"https:\/\/www.urlaubcornwall.de\/blog\/ferienhaus-camber-sands-luxus-strandhaus-sussex\/\",\"url\":\"https:\/\/www.urlaubcornwall.de\/blog\/ferienhaus-camber-sands-luxus-strandhaus-sussex\/\",\"name\":\"Ferienhaus am Meer in Camber Sands - Luxus Strandhaus Sussex - Urlaub &amp; Reisen\",\"isPartOf\":{\"@id\":\"https:\/\/www.urlaubcornwall.de\/blog\/#website\"},\"datePublished\":\"2018-01-03T17:11:22+00:00\",\"dateModified\":\"2021-09-17T10:25:44+00:00\",\"description\":\"Dieses Ferienhaus liegt neben dem kilometerlangen, weichen, goldenen Sand von Camber und ist der perfekte Ausgangspunkt, um die Umgebung zu erkunden. Hunde werden es genie\u00dfen, durch die D\u00fcnen zu wandern, w\u00e4hrend die Kinder im Sommer die sicheren Badestellen am Strand genie\u00dfen k\u00f6nnen\",\"breadcrumb\":{\"@id\":\"https:\/\/www.urlaubcornwall.de\/blog\/ferienhaus-camber-sands-luxus-strandhaus-sussex\/#breadcrumb\"},\"inLanguage\":\"en-US\",\"potentialAction\":[{\"@type\":\"ReadAction\",\"target\":[\"https:\/\/www.urlaubcornwall.de\/blog\/ferienhaus-camber-sands-luxus-strandhaus-sussex\/\"]}]},{\"@type\":\"BreadcrumbList\",\"@id\":\"https:\/\/www.urlaubcornwall.de\/blog\/ferienhaus-camber-sands-luxus-strandhaus-sussex\/#breadcrumb\",\"itemListElement\":[{\"@type\":\"ListItem\",\"position\":1,\"name\":\"Home\",\"item\":\"https:\/\/www.urlaubcornwall.de\/blog\/\"},{\"@type\":\"ListItem\",\"position\":2,\"name\":\"Ferienhaus am Meer in Camber Sands &#8211; Luxus Strandhaus Sussex\"}]}]}<\/script>\n<!-- \/ Yoast SEO plugin. -->","yoast_head_json":{"title":"Ferienhaus am Meer in Camber Sands - Luxus Strandhaus Sussex - Urlaub &amp; Reisen","description":"Dieses Ferienhaus liegt neben dem kilometerlangen, weichen, goldenen Sand von Camber und ist der perfekte Ausgangspunkt, um die Umgebung zu erkunden. Hunde werden es genie\u00dfen, durch die D\u00fcnen zu wandern, w\u00e4hrend die Kinder im Sommer die sicheren Badestellen am Strand genie\u00dfen k\u00f6nnen","robots":{"index":"index","follow":"follow","max-snippet":"max-snippet:-1","max-image-preview":"max-image-preview:large","max-video-preview":"max-video-preview:-1"},"canonical":"https:\/\/www.urlaubcornwall.de\/blog\/ferienhaus-camber-sands-luxus-strandhaus-sussex\/","og_locale":"en_US","og_type":"article","og_title":"Ferienhaus am Meer in Camber Sands - Luxus Strandhaus Sussex - Urlaub &amp; Reisen","og_description":"Dieses Ferienhaus liegt neben dem kilometerlangen, weichen, goldenen Sand von Camber und ist der perfekte Ausgangspunkt, um die Umgebung zu erkunden. Hunde werden es genie\u00dfen, durch die D\u00fcnen zu wandern, w\u00e4hrend die Kinder im Sommer die sicheren Badestellen am Strand genie\u00dfen k\u00f6nnen","og_url":"https:\/\/www.urlaubcornwall.de\/blog\/ferienhaus-camber-sands-luxus-strandhaus-sussex\/","og_site_name":"Urlaub &amp; Reisen","article_modified_time":"2021-09-17T10:25:44+00:00","og_image":[{"url":"https:\/\/www.urlaubcornwall.de\/blog\/wp-content\/uploads\/2018\/01\/ferienhaus-camber-sands-am-meer.jpg"}],"twitter_card":"summary","twitter_misc":{"Est. reading time":"1 minute"},"schema":{"@context":"https:\/\/schema.org","@graph":[{"@type":"WebSite","@id":"https:\/\/www.urlaubcornwall.de\/blog\/#website","url":"https:\/\/www.urlaubcornwall.de\/blog\/","name":"Urlaub &amp; Reisen","description":"Urlaub, Reisen, Cornwall und S\u00fcdengland: eine perfekte Kombination","potentialAction":[{"@type":"SearchAction","target":{"@type":"EntryPoint","urlTemplate":"https:\/\/www.urlaubcornwall.de\/blog\/?s={search_term_string}"},"query-input":"required name=search_term_string"}],"inLanguage":"en-US"},{"@type":"WebPage","@id":"https:\/\/www.urlaubcornwall.de\/blog\/ferienhaus-camber-sands-luxus-strandhaus-sussex\/","url":"https:\/\/www.urlaubcornwall.de\/blog\/ferienhaus-camber-sands-luxus-strandhaus-sussex\/","name":"Ferienhaus am Meer in Camber Sands - Luxus Strandhaus Sussex - Urlaub &amp; Reisen","isPartOf":{"@id":"https:\/\/www.urlaubcornwall.de\/blog\/#website"},"datePublished":"2018-01-03T17:11:22+00:00","dateModified":"2021-09-17T10:25:44+00:00","description":"Dieses Ferienhaus liegt neben dem kilometerlangen, weichen, goldenen Sand von Camber und ist der perfekte Ausgangspunkt, um die Umgebung zu erkunden. Hunde werden es genie\u00dfen, durch die D\u00fcnen zu wandern, w\u00e4hrend die Kinder im Sommer die sicheren Badestellen am Strand genie\u00dfen k\u00f6nnen","breadcrumb":{"@id":"https:\/\/www.urlaubcornwall.de\/blog\/ferienhaus-camber-sands-luxus-strandhaus-sussex\/#breadcrumb"},"inLanguage":"en-US","potentialAction":[{"@type":"ReadAction","target":["https:\/\/www.urlaubcornwall.de\/blog\/ferienhaus-camber-sands-luxus-strandhaus-sussex\/"]}]},{"@type":"BreadcrumbList","@id":"https:\/\/www.urlaubcornwall.de\/blog\/ferienhaus-camber-sands-luxus-strandhaus-sussex\/#breadcrumb","itemListElement":[{"@type":"ListItem","position":1,"name":"Home","item":"https:\/\/www.urlaubcornwall.de\/blog\/"},{"@type":"ListItem","position":2,"name":"Ferienhaus am Meer in Camber Sands &#8211; Luxus Strandhaus Sussex"}]}]}},"_links":{"self":[{"href":"https:\/\/www.urlaubcornwall.de\/blog\/wp-json\/wp\/v2\/pages\/31747"}],"collection":[{"href":"https:\/\/www.urlaubcornwall.de\/blog\/wp-json\/wp\/v2\/pages"}],"about":[{"href":"https:\/\/www.urlaubcornwall.de\/blog\/wp-json\/wp\/v2\/types\/page"}],"author":[{"embeddable":true,"href":"https:\/\/www.urlaubcornwall.de\/blog\/wp-json\/wp\/v2\/users\/1"}],"replies":[{"embeddable":true,"href":"https:\/\/www.urlaubcornwall.de\/blog\/wp-json\/wp\/v2\/comments?post=31747"}],"version-history":[{"count":4,"href":"https:\/\/www.urlaubcornwall.de\/blog\/wp-json\/wp\/v2\/pages\/31747\/revisions"}],"predecessor-version":[{"id":42825,"href":"https:\/\/www.urlaubcornwall.de\/blog\/wp-json\/wp\/v2\/pages\/31747\/revisions\/42825"}],"wp:attachment":[{"href":"https:\/\/www.urlaubcornwall.de\/blog\/wp-json\/wp\/v2\/media?parent=31747"}],"curies":[{"name":"wp","href":"https:\/\/api.w.org\/{rel}","templated":true}]}}