{"id":31743,"date":"2018-01-03T17:00:06","date_gmt":"2018-01-03T17:00:06","guid":{"rendered":"https:\/\/www.urlaubcornwall.de\/blog\/?page_id=31743"},"modified":"2021-09-17T10:41:07","modified_gmt":"2021-09-17T10:41:07","slug":"ferienhaus-west-wittering-familienurlaub-sussex","status":"publish","type":"page","link":"https:\/\/www.urlaubcornwall.de\/blog\/ferienhaus-west-wittering-familienurlaub-sussex\/","title":{"rendered":"Ferienhaus am Meer in West Wittering &#8211; Familienurlaub Sussex"},"content":{"rendered":"<p><img loading=\"lazy\" class=\"aligncenter size-full wp-image-31744\" src=\"https:\/\/www.urlaubcornwall.de\/blog\/wp-content\/uploads\/2018\/01\/ferienhaus-west-wittering-am-meer.jpg\" alt=\"ferienhaus west wittering am meer\" width=\"749\" height=\"441\"\/><br \/>\n<strong>Ferienhaus in West Wittering mit 5 Schlafzimmern, Schlafgelegenheiten 8 <\/strong><\/p>\n<p>Dieses moderne und ger\u00e4umige Ferienhaus an der K\u00fcste ist perfekt gelegen, um den besten Strand der Blauen Flagge und die Landschaft von Sussex mit ausgezeichneten Unterk\u00fcnften f\u00fcr Familien oder kleine Gruppen zu genie\u00dfen. Das Marine House wurde wundersch\u00f6n renoviert und bietet ger\u00e4umige Unterk\u00fcnfte und einen hohen Standard. Sie betreten das Eingangsfoyer mit einem Kamin in der Mitte und Sitzgelegenheiten. Die Treppe f\u00fchrt von hier in den ersten Stock, wo Sie die Lounge mit gew\u00f6lbten Decken und einem gro\u00dfen Fenster nach S\u00fcden mit Blick auf das Meer finden&#8230;..<\/p>\n<p style=\"text-align: center;\"><a class=\"tidycta\" href=\"https:\/\/www.urlaubcornwall.de\/ferienhaeuser-fewos\/eng\/sussex\/sussex-am-meer.html\">Suche Ferienh\u00e4user am Meer<\/a><\/p>\n<p style=\"text-align: center;\">Pers\u00f6nlich inspizierte Ferienh\u00e4user und Ferienwohnungen in Sussex f\u00fcr Ihren Urlaub.<\/p>\n<p style=\"text-align: center;\"><a href=\"https:\/\/www.urlaubcornwall.de\/ferienhaeuser-fewos\/eng\/sussex\/sussex.html\"><strong>Ferienh\u00e4user, Cottages &amp; Ferienwohnungen in Sussex. <\/strong><\/a><\/p>\n","protected":false},"excerpt":{"rendered":"<p>Ferienhaus in West Wittering mit 5 Schlafzimmern, Schlafgelegenheiten 8 Dieses moderne und ger\u00e4umige Ferienhaus an der K\u00fcste ist perfekt gelegen, um den besten Strand der Blauen Flagge und die Landschaft von Sussex mit ausgezeichneten Unterk\u00fcnften f\u00fcr Familien oder kleine Gruppen zu genie\u00dfen. Das Marine House wurde wundersch\u00f6n renoviert und bietet ger\u00e4umige Unterk\u00fcnfte und einen hohen [&hellip;]<\/p>\n","protected":false},"author":1,"featured_media":0,"parent":0,"menu_order":0,"comment_status":"closed","ping_status":"closed","template":"single-four.php","meta":[],"acf":[],"yoast_head":"<!-- This site is optimized with the Yoast SEO plugin v19.4 - https:\/\/yoast.com\/wordpress\/plugins\/seo\/ -->\n<title>Ferienhaus am Meer in West Wittering - Familienurlaub Sussex - Urlaub &amp; Reisen<\/title>\n<meta name=\"description\" content=\"Dieses moderne und ger\u00e4umige Ferienhaus an der K\u00fcste ist perfekt gelegen, um den besten Strand der Blauen Flagge und die Landschaft von Sussex mit ausgezeichneten Unterk\u00fcnften f\u00fcr Familien oder kleine Gruppen zu genie\u00dfen. Das Marine House wurde wundersch\u00f6n renoviert und bietet ger\u00e4umige Unterk\u00fcnfte\" \/>\n<meta name=\"robots\" content=\"index, follow, max-snippet:-1, max-image-preview:large, max-video-preview:-1\" \/>\n<link rel=\"canonical\" href=\"https:\/\/www.urlaubcornwall.de\/blog\/ferienhaus-west-wittering-familienurlaub-sussex\/\" \/>\n<meta property=\"og:locale\" content=\"en_US\" \/>\n<meta property=\"og:type\" content=\"article\" \/>\n<meta property=\"og:title\" content=\"Ferienhaus am Meer in West Wittering - Familienurlaub Sussex - Urlaub &amp; Reisen\" \/>\n<meta property=\"og:description\" content=\"Dieses moderne und ger\u00e4umige Ferienhaus an der K\u00fcste ist perfekt gelegen, um den besten Strand der Blauen Flagge und die Landschaft von Sussex mit ausgezeichneten Unterk\u00fcnften f\u00fcr Familien oder kleine Gruppen zu genie\u00dfen. Das Marine House wurde wundersch\u00f6n renoviert und bietet ger\u00e4umige Unterk\u00fcnfte\" \/>\n<meta property=\"og:url\" content=\"https:\/\/www.urlaubcornwall.de\/blog\/ferienhaus-west-wittering-familienurlaub-sussex\/\" \/>\n<meta property=\"og:site_name\" content=\"Urlaub &amp; Reisen\" \/>\n<meta property=\"article:modified_time\" content=\"2021-09-17T10:41:07+00:00\" \/>\n<meta property=\"og:image\" content=\"https:\/\/www.urlaubcornwall.de\/blog\/wp-content\/uploads\/2018\/01\/ferienhaus-west-wittering-am-meer.jpg\" \/>\n<meta name=\"twitter:card\" content=\"summary\" \/>\n<meta name=\"twitter:label1\" content=\"Est. reading time\" \/>\n\t<meta name=\"twitter:data1\" content=\"1 minute\" \/>\n<script type=\"application\/ld+json\" class=\"yoast-schema-graph\">{\"@context\":\"https:\/\/schema.org\",\"@graph\":[{\"@type\":\"WebSite\",\"@id\":\"https:\/\/www.urlaubcornwall.de\/blog\/#website\",\"url\":\"https:\/\/www.urlaubcornwall.de\/blog\/\",\"name\":\"Urlaub &amp; Reisen\",\"description\":\"Urlaub, Reisen, Cornwall und S\u00fcdengland: eine perfekte Kombination\",\"potentialAction\":[{\"@type\":\"SearchAction\",\"target\":{\"@type\":\"EntryPoint\",\"urlTemplate\":\"https:\/\/www.urlaubcornwall.de\/blog\/?s={search_term_string}\"},\"query-input\":\"required name=search_term_string\"}],\"inLanguage\":\"en-US\"},{\"@type\":\"WebPage\",\"@id\":\"https:\/\/www.urlaubcornwall.de\/blog\/ferienhaus-west-wittering-familienurlaub-sussex\/\",\"url\":\"https:\/\/www.urlaubcornwall.de\/blog\/ferienhaus-west-wittering-familienurlaub-sussex\/\",\"name\":\"Ferienhaus am Meer in West Wittering - Familienurlaub Sussex - Urlaub &amp; Reisen\",\"isPartOf\":{\"@id\":\"https:\/\/www.urlaubcornwall.de\/blog\/#website\"},\"datePublished\":\"2018-01-03T17:00:06+00:00\",\"dateModified\":\"2021-09-17T10:41:07+00:00\",\"description\":\"Dieses moderne und ger\u00e4umige Ferienhaus an der K\u00fcste ist perfekt gelegen, um den besten Strand der Blauen Flagge und die Landschaft von Sussex mit ausgezeichneten Unterk\u00fcnften f\u00fcr Familien oder kleine Gruppen zu genie\u00dfen. Das Marine House wurde wundersch\u00f6n renoviert und bietet ger\u00e4umige Unterk\u00fcnfte\",\"breadcrumb\":{\"@id\":\"https:\/\/www.urlaubcornwall.de\/blog\/ferienhaus-west-wittering-familienurlaub-sussex\/#breadcrumb\"},\"inLanguage\":\"en-US\",\"potentialAction\":[{\"@type\":\"ReadAction\",\"target\":[\"https:\/\/www.urlaubcornwall.de\/blog\/ferienhaus-west-wittering-familienurlaub-sussex\/\"]}]},{\"@type\":\"BreadcrumbList\",\"@id\":\"https:\/\/www.urlaubcornwall.de\/blog\/ferienhaus-west-wittering-familienurlaub-sussex\/#breadcrumb\",\"itemListElement\":[{\"@type\":\"ListItem\",\"position\":1,\"name\":\"Home\",\"item\":\"https:\/\/www.urlaubcornwall.de\/blog\/\"},{\"@type\":\"ListItem\",\"position\":2,\"name\":\"Ferienhaus am Meer in West Wittering &#8211; Familienurlaub Sussex\"}]}]}<\/script>\n<!-- \/ Yoast SEO plugin. -->","yoast_head_json":{"title":"Ferienhaus am Meer in West Wittering - Familienurlaub Sussex - Urlaub &amp; Reisen","description":"Dieses moderne und ger\u00e4umige Ferienhaus an der K\u00fcste ist perfekt gelegen, um den besten Strand der Blauen Flagge und die Landschaft von Sussex mit ausgezeichneten Unterk\u00fcnften f\u00fcr Familien oder kleine Gruppen zu genie\u00dfen. Das Marine House wurde wundersch\u00f6n renoviert und bietet ger\u00e4umige Unterk\u00fcnfte","robots":{"index":"index","follow":"follow","max-snippet":"max-snippet:-1","max-image-preview":"max-image-preview:large","max-video-preview":"max-video-preview:-1"},"canonical":"https:\/\/www.urlaubcornwall.de\/blog\/ferienhaus-west-wittering-familienurlaub-sussex\/","og_locale":"en_US","og_type":"article","og_title":"Ferienhaus am Meer in West Wittering - Familienurlaub Sussex - Urlaub &amp; Reisen","og_description":"Dieses moderne und ger\u00e4umige Ferienhaus an der K\u00fcste ist perfekt gelegen, um den besten Strand der Blauen Flagge und die Landschaft von Sussex mit ausgezeichneten Unterk\u00fcnften f\u00fcr Familien oder kleine Gruppen zu genie\u00dfen. Das Marine House wurde wundersch\u00f6n renoviert und bietet ger\u00e4umige Unterk\u00fcnfte","og_url":"https:\/\/www.urlaubcornwall.de\/blog\/ferienhaus-west-wittering-familienurlaub-sussex\/","og_site_name":"Urlaub &amp; Reisen","article_modified_time":"2021-09-17T10:41:07+00:00","og_image":[{"url":"https:\/\/www.urlaubcornwall.de\/blog\/wp-content\/uploads\/2018\/01\/ferienhaus-west-wittering-am-meer.jpg"}],"twitter_card":"summary","twitter_misc":{"Est. reading time":"1 minute"},"schema":{"@context":"https:\/\/schema.org","@graph":[{"@type":"WebSite","@id":"https:\/\/www.urlaubcornwall.de\/blog\/#website","url":"https:\/\/www.urlaubcornwall.de\/blog\/","name":"Urlaub &amp; Reisen","description":"Urlaub, Reisen, Cornwall und S\u00fcdengland: eine perfekte Kombination","potentialAction":[{"@type":"SearchAction","target":{"@type":"EntryPoint","urlTemplate":"https:\/\/www.urlaubcornwall.de\/blog\/?s={search_term_string}"},"query-input":"required name=search_term_string"}],"inLanguage":"en-US"},{"@type":"WebPage","@id":"https:\/\/www.urlaubcornwall.de\/blog\/ferienhaus-west-wittering-familienurlaub-sussex\/","url":"https:\/\/www.urlaubcornwall.de\/blog\/ferienhaus-west-wittering-familienurlaub-sussex\/","name":"Ferienhaus am Meer in West Wittering - Familienurlaub Sussex - Urlaub &amp; Reisen","isPartOf":{"@id":"https:\/\/www.urlaubcornwall.de\/blog\/#website"},"datePublished":"2018-01-03T17:00:06+00:00","dateModified":"2021-09-17T10:41:07+00:00","description":"Dieses moderne und ger\u00e4umige Ferienhaus an der K\u00fcste ist perfekt gelegen, um den besten Strand der Blauen Flagge und die Landschaft von Sussex mit ausgezeichneten Unterk\u00fcnften f\u00fcr Familien oder kleine Gruppen zu genie\u00dfen. Das Marine House wurde wundersch\u00f6n renoviert und bietet ger\u00e4umige Unterk\u00fcnfte","breadcrumb":{"@id":"https:\/\/www.urlaubcornwall.de\/blog\/ferienhaus-west-wittering-familienurlaub-sussex\/#breadcrumb"},"inLanguage":"en-US","potentialAction":[{"@type":"ReadAction","target":["https:\/\/www.urlaubcornwall.de\/blog\/ferienhaus-west-wittering-familienurlaub-sussex\/"]}]},{"@type":"BreadcrumbList","@id":"https:\/\/www.urlaubcornwall.de\/blog\/ferienhaus-west-wittering-familienurlaub-sussex\/#breadcrumb","itemListElement":[{"@type":"ListItem","position":1,"name":"Home","item":"https:\/\/www.urlaubcornwall.de\/blog\/"},{"@type":"ListItem","position":2,"name":"Ferienhaus am Meer in West Wittering &#8211; Familienurlaub Sussex"}]}]}},"_links":{"self":[{"href":"https:\/\/www.urlaubcornwall.de\/blog\/wp-json\/wp\/v2\/pages\/31743"}],"collection":[{"href":"https:\/\/www.urlaubcornwall.de\/blog\/wp-json\/wp\/v2\/pages"}],"about":[{"href":"https:\/\/www.urlaubcornwall.de\/blog\/wp-json\/wp\/v2\/types\/page"}],"author":[{"embeddable":true,"href":"https:\/\/www.urlaubcornwall.de\/blog\/wp-json\/wp\/v2\/users\/1"}],"replies":[{"embeddable":true,"href":"https:\/\/www.urlaubcornwall.de\/blog\/wp-json\/wp\/v2\/comments?post=31743"}],"version-history":[{"count":5,"href":"https:\/\/www.urlaubcornwall.de\/blog\/wp-json\/wp\/v2\/pages\/31743\/revisions"}],"predecessor-version":[{"id":42839,"href":"https:\/\/www.urlaubcornwall.de\/blog\/wp-json\/wp\/v2\/pages\/31743\/revisions\/42839"}],"wp:attachment":[{"href":"https:\/\/www.urlaubcornwall.de\/blog\/wp-json\/wp\/v2\/media?parent=31743"}],"curies":[{"name":"wp","href":"https:\/\/api.w.org\/{rel}","templated":true}]}}