{"id":31740,"date":"2018-01-03T16:48:55","date_gmt":"2018-01-03T16:48:55","guid":{"rendered":"https:\/\/www.urlaubcornwall.de\/blog\/?page_id=31740"},"modified":"2021-09-16T13:50:18","modified_gmt":"2021-09-16T13:50:18","slug":"ferienhaus-meer-bognor-regis-strandhaus-sussex","status":"publish","type":"page","link":"https:\/\/www.urlaubcornwall.de\/blog\/ferienhaus-meer-bognor-regis-strandhaus-sussex\/","title":{"rendered":"Ferienhaus am Meer in Bognor Regis &#8211; Strandhaus Sussex"},"content":{"rendered":"<p><img loading=\"lazy\" class=\"aligncenter size-full wp-image-31741\" src=\"https:\/\/www.urlaubcornwall.de\/blog\/wp-content\/uploads\/2018\/01\/ferienhaus-am-Meer-bognor-regis-strandhaus.jpg\" alt=\"ferienhaus am Meer bognor regis strandhaus\" width=\"749\" height=\"452\"\/><br \/>\n<strong>Ferienhaus in Bognor Regis mit 3 Schlafzimmern, Schlafgelegenheiten 6 <\/strong><\/p>\n<p>Dieses wundervolle West Sussex Strandhaus ist ein perfektes Familienferienhaus und liegt in einem entspannenden und privaten Garten. Nur 150 Meter vom Strand entfernt und mit wundersch\u00f6nen privaten G\u00e4rten, ist Little Timbers das perfekte Zuhause f\u00fcr einen erholsamen Familienurlaub zu jeder Jahreszeit. Erbaut in den 1930er Jahren und oft als &#8220;H\u00e4nsel und Gretel&#8221; H\u00e4uschen durch sein Aussehen das Haus bietet sehr komfortable Unterkunft f\u00fcr sechs G\u00e4ste. Es ist Teil des sch\u00f6nen und privaten Aldwick Bay Estate, das an einen privaten Strand zwischen dem Bognor Regis und dem Pagham Harbour Nature Reserve.<\/p>\n<p style=\"text-align: center;\"><a class=\"tidycta\" href=\"https:\/\/www.urlaubcornwall.de\/ferienhaeuser-fewos\/eng\/sussex\/sussex-am-meer.html\">Suche Ferienh\u00e4user Sussex am Meer<\/a><\/p>\n<p style=\"text-align: center;\">Pers\u00f6nlich inspizierte Ferienh\u00e4user und Ferienwohnungen in Sussex f\u00fcr Ihren Urlaub.<\/p>\n<p style=\"text-align: center;\"><a href=\"https:\/\/www.urlaubcornwall.de\/ferienhaeuser-fewos\/eng\/sussex\/sussex.html\"><strong>Ferienh\u00e4user, Cottages &amp; Ferienwohnungen in West Sussex. <\/strong><\/a><\/p>\n","protected":false},"excerpt":{"rendered":"<p>Ferienhaus in Bognor Regis mit 3 Schlafzimmern, Schlafgelegenheiten 6 Dieses wundervolle West Sussex Strandhaus ist ein perfektes Familienferienhaus und liegt in einem entspannenden und privaten Garten. Nur 150 Meter vom Strand entfernt und mit wundersch\u00f6nen privaten G\u00e4rten, ist Little Timbers das perfekte Zuhause f\u00fcr einen erholsamen Familienurlaub zu jeder Jahreszeit. Erbaut in den 1930er Jahren [&hellip;]<\/p>\n","protected":false},"author":1,"featured_media":0,"parent":0,"menu_order":0,"comment_status":"closed","ping_status":"closed","template":"single-four.php","meta":[],"acf":[],"yoast_head":"<!-- This site is optimized with the Yoast SEO plugin v19.4 - https:\/\/yoast.com\/wordpress\/plugins\/seo\/ -->\n<title>Ferienhaus am Meer in Bognor Regis - Strandhaus Sussex - Urlaub &amp; Reisen<\/title>\n<meta name=\"robots\" content=\"index, follow, max-snippet:-1, max-image-preview:large, max-video-preview:-1\" \/>\n<link rel=\"canonical\" href=\"https:\/\/www.urlaubcornwall.de\/blog\/ferienhaus-meer-bognor-regis-strandhaus-sussex\/\" \/>\n<meta property=\"og:locale\" content=\"en_US\" \/>\n<meta property=\"og:type\" content=\"article\" \/>\n<meta property=\"og:title\" content=\"Ferienhaus am Meer in Bognor Regis - Strandhaus Sussex - Urlaub &amp; Reisen\" \/>\n<meta property=\"og:description\" content=\"Ferienhaus in Bognor Regis mit 3 Schlafzimmern, Schlafgelegenheiten 6 Dieses wundervolle West Sussex Strandhaus ist ein perfektes Familienferienhaus und liegt in einem entspannenden und privaten Garten. Nur 150 Meter vom Strand entfernt und mit wundersch\u00f6nen privaten G\u00e4rten, ist Little Timbers das perfekte Zuhause f\u00fcr einen erholsamen Familienurlaub zu jeder Jahreszeit. Erbaut in den 1930er Jahren [&hellip;]\" \/>\n<meta property=\"og:url\" content=\"https:\/\/www.urlaubcornwall.de\/blog\/ferienhaus-meer-bognor-regis-strandhaus-sussex\/\" \/>\n<meta property=\"og:site_name\" content=\"Urlaub &amp; Reisen\" \/>\n<meta property=\"article:modified_time\" content=\"2021-09-16T13:50:18+00:00\" \/>\n<meta property=\"og:image\" content=\"https:\/\/www.urlaubcornwall.de\/blog\/wp-content\/uploads\/2018\/01\/ferienhaus-am-Meer-bognor-regis-strandhaus.jpg\" \/>\n<meta name=\"twitter:card\" content=\"summary\" \/>\n<meta name=\"twitter:label1\" content=\"Est. reading time\" \/>\n\t<meta name=\"twitter:data1\" content=\"1 minute\" \/>\n<script type=\"application\/ld+json\" class=\"yoast-schema-graph\">{\"@context\":\"https:\/\/schema.org\",\"@graph\":[{\"@type\":\"WebSite\",\"@id\":\"https:\/\/www.urlaubcornwall.de\/blog\/#website\",\"url\":\"https:\/\/www.urlaubcornwall.de\/blog\/\",\"name\":\"Urlaub &amp; Reisen\",\"description\":\"Urlaub, Reisen, Cornwall und S\u00fcdengland: eine perfekte Kombination\",\"potentialAction\":[{\"@type\":\"SearchAction\",\"target\":{\"@type\":\"EntryPoint\",\"urlTemplate\":\"https:\/\/www.urlaubcornwall.de\/blog\/?s={search_term_string}\"},\"query-input\":\"required name=search_term_string\"}],\"inLanguage\":\"en-US\"},{\"@type\":\"WebPage\",\"@id\":\"https:\/\/www.urlaubcornwall.de\/blog\/ferienhaus-meer-bognor-regis-strandhaus-sussex\/\",\"url\":\"https:\/\/www.urlaubcornwall.de\/blog\/ferienhaus-meer-bognor-regis-strandhaus-sussex\/\",\"name\":\"Ferienhaus am Meer in Bognor Regis - Strandhaus Sussex - Urlaub &amp; Reisen\",\"isPartOf\":{\"@id\":\"https:\/\/www.urlaubcornwall.de\/blog\/#website\"},\"datePublished\":\"2018-01-03T16:48:55+00:00\",\"dateModified\":\"2021-09-16T13:50:18+00:00\",\"breadcrumb\":{\"@id\":\"https:\/\/www.urlaubcornwall.de\/blog\/ferienhaus-meer-bognor-regis-strandhaus-sussex\/#breadcrumb\"},\"inLanguage\":\"en-US\",\"potentialAction\":[{\"@type\":\"ReadAction\",\"target\":[\"https:\/\/www.urlaubcornwall.de\/blog\/ferienhaus-meer-bognor-regis-strandhaus-sussex\/\"]}]},{\"@type\":\"BreadcrumbList\",\"@id\":\"https:\/\/www.urlaubcornwall.de\/blog\/ferienhaus-meer-bognor-regis-strandhaus-sussex\/#breadcrumb\",\"itemListElement\":[{\"@type\":\"ListItem\",\"position\":1,\"name\":\"Home\",\"item\":\"https:\/\/www.urlaubcornwall.de\/blog\/\"},{\"@type\":\"ListItem\",\"position\":2,\"name\":\"Ferienhaus am Meer in Bognor Regis &#8211; Strandhaus Sussex\"}]}]}<\/script>\n<!-- \/ Yoast SEO plugin. -->","yoast_head_json":{"title":"Ferienhaus am Meer in Bognor Regis - Strandhaus Sussex - Urlaub &amp; Reisen","robots":{"index":"index","follow":"follow","max-snippet":"max-snippet:-1","max-image-preview":"max-image-preview:large","max-video-preview":"max-video-preview:-1"},"canonical":"https:\/\/www.urlaubcornwall.de\/blog\/ferienhaus-meer-bognor-regis-strandhaus-sussex\/","og_locale":"en_US","og_type":"article","og_title":"Ferienhaus am Meer in Bognor Regis - Strandhaus Sussex - Urlaub &amp; Reisen","og_description":"Ferienhaus in Bognor Regis mit 3 Schlafzimmern, Schlafgelegenheiten 6 Dieses wundervolle West Sussex Strandhaus ist ein perfektes Familienferienhaus und liegt in einem entspannenden und privaten Garten. Nur 150 Meter vom Strand entfernt und mit wundersch\u00f6nen privaten G\u00e4rten, ist Little Timbers das perfekte Zuhause f\u00fcr einen erholsamen Familienurlaub zu jeder Jahreszeit. Erbaut in den 1930er Jahren [&hellip;]","og_url":"https:\/\/www.urlaubcornwall.de\/blog\/ferienhaus-meer-bognor-regis-strandhaus-sussex\/","og_site_name":"Urlaub &amp; Reisen","article_modified_time":"2021-09-16T13:50:18+00:00","og_image":[{"url":"https:\/\/www.urlaubcornwall.de\/blog\/wp-content\/uploads\/2018\/01\/ferienhaus-am-Meer-bognor-regis-strandhaus.jpg"}],"twitter_card":"summary","twitter_misc":{"Est. reading time":"1 minute"},"schema":{"@context":"https:\/\/schema.org","@graph":[{"@type":"WebSite","@id":"https:\/\/www.urlaubcornwall.de\/blog\/#website","url":"https:\/\/www.urlaubcornwall.de\/blog\/","name":"Urlaub &amp; Reisen","description":"Urlaub, Reisen, Cornwall und S\u00fcdengland: eine perfekte Kombination","potentialAction":[{"@type":"SearchAction","target":{"@type":"EntryPoint","urlTemplate":"https:\/\/www.urlaubcornwall.de\/blog\/?s={search_term_string}"},"query-input":"required name=search_term_string"}],"inLanguage":"en-US"},{"@type":"WebPage","@id":"https:\/\/www.urlaubcornwall.de\/blog\/ferienhaus-meer-bognor-regis-strandhaus-sussex\/","url":"https:\/\/www.urlaubcornwall.de\/blog\/ferienhaus-meer-bognor-regis-strandhaus-sussex\/","name":"Ferienhaus am Meer in Bognor Regis - Strandhaus Sussex - Urlaub &amp; Reisen","isPartOf":{"@id":"https:\/\/www.urlaubcornwall.de\/blog\/#website"},"datePublished":"2018-01-03T16:48:55+00:00","dateModified":"2021-09-16T13:50:18+00:00","breadcrumb":{"@id":"https:\/\/www.urlaubcornwall.de\/blog\/ferienhaus-meer-bognor-regis-strandhaus-sussex\/#breadcrumb"},"inLanguage":"en-US","potentialAction":[{"@type":"ReadAction","target":["https:\/\/www.urlaubcornwall.de\/blog\/ferienhaus-meer-bognor-regis-strandhaus-sussex\/"]}]},{"@type":"BreadcrumbList","@id":"https:\/\/www.urlaubcornwall.de\/blog\/ferienhaus-meer-bognor-regis-strandhaus-sussex\/#breadcrumb","itemListElement":[{"@type":"ListItem","position":1,"name":"Home","item":"https:\/\/www.urlaubcornwall.de\/blog\/"},{"@type":"ListItem","position":2,"name":"Ferienhaus am Meer in Bognor Regis &#8211; Strandhaus Sussex"}]}]}},"_links":{"self":[{"href":"https:\/\/www.urlaubcornwall.de\/blog\/wp-json\/wp\/v2\/pages\/31740"}],"collection":[{"href":"https:\/\/www.urlaubcornwall.de\/blog\/wp-json\/wp\/v2\/pages"}],"about":[{"href":"https:\/\/www.urlaubcornwall.de\/blog\/wp-json\/wp\/v2\/types\/page"}],"author":[{"embeddable":true,"href":"https:\/\/www.urlaubcornwall.de\/blog\/wp-json\/wp\/v2\/users\/1"}],"replies":[{"embeddable":true,"href":"https:\/\/www.urlaubcornwall.de\/blog\/wp-json\/wp\/v2\/comments?post=31740"}],"version-history":[{"count":5,"href":"https:\/\/www.urlaubcornwall.de\/blog\/wp-json\/wp\/v2\/pages\/31740\/revisions"}],"predecessor-version":[{"id":42788,"href":"https:\/\/www.urlaubcornwall.de\/blog\/wp-json\/wp\/v2\/pages\/31740\/revisions\/42788"}],"wp:attachment":[{"href":"https:\/\/www.urlaubcornwall.de\/blog\/wp-json\/wp\/v2\/media?parent=31740"}],"curies":[{"name":"wp","href":"https:\/\/api.w.org\/{rel}","templated":true}]}}