{"id":31737,"date":"2018-01-03T16:40:48","date_gmt":"2018-01-03T16:40:48","guid":{"rendered":"https:\/\/www.urlaubcornwall.de\/blog\/?page_id=31737"},"modified":"2021-09-16T13:48:56","modified_gmt":"2021-09-16T13:48:56","slug":"ferienhaus-meer-bosham-hafen-sussex","status":"publish","type":"page","link":"https:\/\/www.urlaubcornwall.de\/blog\/ferienhaus-meer-bosham-hafen-sussex\/","title":{"rendered":"Ferienhaus am Meer Bosham &#8211; Hafen in Sussex"},"content":{"rendered":"<p><img loading=\"lazy\" class=\"aligncenter size-full wp-image-31738\" src=\"https:\/\/www.urlaubcornwall.de\/blog\/wp-content\/uploads\/2018\/01\/ferienhaus-am-meer-bosham-sussex.jpg\" alt=\"ferienhaus am meer bosham sussex\" width=\"748\" height=\"441\" srcset=\"https:\/\/www.urlaubcornwall.de\/blog\/wp-content\/uploads\/2018\/01\/ferienhaus-am-meer-bosham-sussex.jpg 748w, https:\/\/www.urlaubcornwall.de\/blog\/wp-content\/uploads\/2018\/01\/ferienhaus-am-meer-bosham-sussex-300x177.jpg 300w\" sizes=\"(max-width: 748px) 100vw, 748px\" \/><br \/>\n<strong>Ferienhaus in Bosham mit 2 Schlafzimmern, Schlafgelegenheiten 4 <\/strong><\/p>\n<p>Mit der vielleicht besten Aussicht auf den Kai in Bosham, ist dies ein gro\u00dfartiges Ferienhaus Refugium f\u00fcr alle, die die K\u00fcste, Freizeit und Boote, V\u00f6gel und wunderbare Spazierg\u00e4nge liebt. Dieses Ferienhaus hat wahrscheinlich eine atemberaubende Lage in Bosham. Die Aussicht \u00fcber Bosham und Portsmouth&#8217;s Spinnaker Tower in der Ferne ist das Beste, was Sie finden k\u00f6nnen. Bosham ist immer beliebt bei Besuchern, die das Segeln am Wasser genie\u00dfen und die Vielfalt der Tierwelt genie\u00dfen, die hier im <a href=\"https:\/\/www.urlaubcornwall.de\/ferienhaeuser-fewos\/eng\/sussex\/chichester.html\">Chichester Harbour<\/a>, einem Gebiet von au\u00dfergew\u00f6hnlicher nat\u00fcrlicher Sch\u00f6nheit, zu finden ist.<\/p>\n<p style=\"text-align: center;\"><a class=\"tidycta\" href=\"https:\/\/www.urlaubcornwall.de\/ferienhaeuser-fewos\/eng\/sussex\/sussex-am-meer.html\">Suche Ferienh\u00e4useram Meer<\/a><\/p>\n<p style=\"text-align: center;\">Pers\u00f6nlich inspizierte Ferienh\u00e4user und Ferienwohnungen in Sussex f\u00fcr Ihren Urlaub.<\/p>\n<p style=\"text-align: center;\"><a href=\"https:\/\/www.urlaubcornwall.de\/ferienhaeuser-fewos\/eng\/sussex\/sussex-am-meer.html\"><strong>Ferienh\u00e4user, Cottages &amp; Ferienwohnungen in Bosham und West Sussex. <\/strong><\/a><\/p>\n<p><img loading=\"lazy\" class=\"aligncenter size-full wp-image-24598\" src=\"https:\/\/www.urlaubcornwall.de\/blog\/wp-content\/uploads\/2016\/06\/urlaub-und-sudengland_logo-final.jpg\" width=\"746\" height=\"361\"\/><\/p>\n","protected":false},"excerpt":{"rendered":"<p>Ferienhaus in Bosham mit 2 Schlafzimmern, Schlafgelegenheiten 4 Mit der vielleicht besten Aussicht auf den Kai in Bosham, ist dies ein gro\u00dfartiges Ferienhaus Refugium f\u00fcr alle, die die K\u00fcste, Freizeit und Boote, V\u00f6gel und wunderbare Spazierg\u00e4nge liebt. Dieses Ferienhaus hat wahrscheinlich eine atemberaubende Lage in Bosham. Die Aussicht \u00fcber Bosham und Portsmouth&#8217;s Spinnaker Tower in [&hellip;]<\/p>\n","protected":false},"author":1,"featured_media":0,"parent":0,"menu_order":0,"comment_status":"closed","ping_status":"closed","template":"single-four.php","meta":[],"acf":[],"yoast_head":"<!-- This site is optimized with the Yoast SEO plugin v19.4 - https:\/\/yoast.com\/wordpress\/plugins\/seo\/ -->\n<title>Ferienhaus am Meer Bosham - Hafen in Sussex - Urlaub &amp; Reisen<\/title>\n<meta name=\"robots\" content=\"index, follow, max-snippet:-1, max-image-preview:large, max-video-preview:-1\" \/>\n<link rel=\"canonical\" href=\"https:\/\/www.urlaubcornwall.de\/blog\/ferienhaus-meer-bosham-hafen-sussex\/\" \/>\n<meta property=\"og:locale\" content=\"en_US\" \/>\n<meta property=\"og:type\" content=\"article\" \/>\n<meta property=\"og:title\" content=\"Ferienhaus am Meer Bosham - Hafen in Sussex - Urlaub &amp; Reisen\" \/>\n<meta property=\"og:description\" content=\"Ferienhaus in Bosham mit 2 Schlafzimmern, Schlafgelegenheiten 4 Mit der vielleicht besten Aussicht auf den Kai in Bosham, ist dies ein gro\u00dfartiges Ferienhaus Refugium f\u00fcr alle, die die K\u00fcste, Freizeit und Boote, V\u00f6gel und wunderbare Spazierg\u00e4nge liebt. Dieses Ferienhaus hat wahrscheinlich eine atemberaubende Lage in Bosham. Die Aussicht \u00fcber Bosham und Portsmouth&#8217;s Spinnaker Tower in [&hellip;]\" \/>\n<meta property=\"og:url\" content=\"https:\/\/www.urlaubcornwall.de\/blog\/ferienhaus-meer-bosham-hafen-sussex\/\" \/>\n<meta property=\"og:site_name\" content=\"Urlaub &amp; Reisen\" \/>\n<meta property=\"article:modified_time\" content=\"2021-09-16T13:48:56+00:00\" \/>\n<meta property=\"og:image\" content=\"https:\/\/www.urlaubcornwall.de\/blog\/wp-content\/uploads\/2018\/01\/ferienhaus-am-meer-bosham-sussex.jpg\" \/>\n<meta name=\"twitter:card\" content=\"summary\" \/>\n<meta name=\"twitter:label1\" content=\"Est. reading time\" \/>\n\t<meta name=\"twitter:data1\" content=\"1 minute\" \/>\n<script type=\"application\/ld+json\" class=\"yoast-schema-graph\">{\"@context\":\"https:\/\/schema.org\",\"@graph\":[{\"@type\":\"WebSite\",\"@id\":\"https:\/\/www.urlaubcornwall.de\/blog\/#website\",\"url\":\"https:\/\/www.urlaubcornwall.de\/blog\/\",\"name\":\"Urlaub &amp; Reisen\",\"description\":\"Urlaub, Reisen, Cornwall und S\u00fcdengland: eine perfekte Kombination\",\"potentialAction\":[{\"@type\":\"SearchAction\",\"target\":{\"@type\":\"EntryPoint\",\"urlTemplate\":\"https:\/\/www.urlaubcornwall.de\/blog\/?s={search_term_string}\"},\"query-input\":\"required name=search_term_string\"}],\"inLanguage\":\"en-US\"},{\"@type\":\"WebPage\",\"@id\":\"https:\/\/www.urlaubcornwall.de\/blog\/ferienhaus-meer-bosham-hafen-sussex\/\",\"url\":\"https:\/\/www.urlaubcornwall.de\/blog\/ferienhaus-meer-bosham-hafen-sussex\/\",\"name\":\"Ferienhaus am Meer Bosham - Hafen in Sussex - Urlaub &amp; Reisen\",\"isPartOf\":{\"@id\":\"https:\/\/www.urlaubcornwall.de\/blog\/#website\"},\"datePublished\":\"2018-01-03T16:40:48+00:00\",\"dateModified\":\"2021-09-16T13:48:56+00:00\",\"breadcrumb\":{\"@id\":\"https:\/\/www.urlaubcornwall.de\/blog\/ferienhaus-meer-bosham-hafen-sussex\/#breadcrumb\"},\"inLanguage\":\"en-US\",\"potentialAction\":[{\"@type\":\"ReadAction\",\"target\":[\"https:\/\/www.urlaubcornwall.de\/blog\/ferienhaus-meer-bosham-hafen-sussex\/\"]}]},{\"@type\":\"BreadcrumbList\",\"@id\":\"https:\/\/www.urlaubcornwall.de\/blog\/ferienhaus-meer-bosham-hafen-sussex\/#breadcrumb\",\"itemListElement\":[{\"@type\":\"ListItem\",\"position\":1,\"name\":\"Home\",\"item\":\"https:\/\/www.urlaubcornwall.de\/blog\/\"},{\"@type\":\"ListItem\",\"position\":2,\"name\":\"Ferienhaus am Meer Bosham &#8211; Hafen in Sussex\"}]}]}<\/script>\n<!-- \/ Yoast SEO plugin. -->","yoast_head_json":{"title":"Ferienhaus am Meer Bosham - Hafen in Sussex - Urlaub &amp; Reisen","robots":{"index":"index","follow":"follow","max-snippet":"max-snippet:-1","max-image-preview":"max-image-preview:large","max-video-preview":"max-video-preview:-1"},"canonical":"https:\/\/www.urlaubcornwall.de\/blog\/ferienhaus-meer-bosham-hafen-sussex\/","og_locale":"en_US","og_type":"article","og_title":"Ferienhaus am Meer Bosham - Hafen in Sussex - Urlaub &amp; Reisen","og_description":"Ferienhaus in Bosham mit 2 Schlafzimmern, Schlafgelegenheiten 4 Mit der vielleicht besten Aussicht auf den Kai in Bosham, ist dies ein gro\u00dfartiges Ferienhaus Refugium f\u00fcr alle, die die K\u00fcste, Freizeit und Boote, V\u00f6gel und wunderbare Spazierg\u00e4nge liebt. Dieses Ferienhaus hat wahrscheinlich eine atemberaubende Lage in Bosham. Die Aussicht \u00fcber Bosham und Portsmouth&#8217;s Spinnaker Tower in [&hellip;]","og_url":"https:\/\/www.urlaubcornwall.de\/blog\/ferienhaus-meer-bosham-hafen-sussex\/","og_site_name":"Urlaub &amp; Reisen","article_modified_time":"2021-09-16T13:48:56+00:00","og_image":[{"url":"https:\/\/www.urlaubcornwall.de\/blog\/wp-content\/uploads\/2018\/01\/ferienhaus-am-meer-bosham-sussex.jpg"}],"twitter_card":"summary","twitter_misc":{"Est. reading time":"1 minute"},"schema":{"@context":"https:\/\/schema.org","@graph":[{"@type":"WebSite","@id":"https:\/\/www.urlaubcornwall.de\/blog\/#website","url":"https:\/\/www.urlaubcornwall.de\/blog\/","name":"Urlaub &amp; Reisen","description":"Urlaub, Reisen, Cornwall und S\u00fcdengland: eine perfekte Kombination","potentialAction":[{"@type":"SearchAction","target":{"@type":"EntryPoint","urlTemplate":"https:\/\/www.urlaubcornwall.de\/blog\/?s={search_term_string}"},"query-input":"required name=search_term_string"}],"inLanguage":"en-US"},{"@type":"WebPage","@id":"https:\/\/www.urlaubcornwall.de\/blog\/ferienhaus-meer-bosham-hafen-sussex\/","url":"https:\/\/www.urlaubcornwall.de\/blog\/ferienhaus-meer-bosham-hafen-sussex\/","name":"Ferienhaus am Meer Bosham - Hafen in Sussex - Urlaub &amp; Reisen","isPartOf":{"@id":"https:\/\/www.urlaubcornwall.de\/blog\/#website"},"datePublished":"2018-01-03T16:40:48+00:00","dateModified":"2021-09-16T13:48:56+00:00","breadcrumb":{"@id":"https:\/\/www.urlaubcornwall.de\/blog\/ferienhaus-meer-bosham-hafen-sussex\/#breadcrumb"},"inLanguage":"en-US","potentialAction":[{"@type":"ReadAction","target":["https:\/\/www.urlaubcornwall.de\/blog\/ferienhaus-meer-bosham-hafen-sussex\/"]}]},{"@type":"BreadcrumbList","@id":"https:\/\/www.urlaubcornwall.de\/blog\/ferienhaus-meer-bosham-hafen-sussex\/#breadcrumb","itemListElement":[{"@type":"ListItem","position":1,"name":"Home","item":"https:\/\/www.urlaubcornwall.de\/blog\/"},{"@type":"ListItem","position":2,"name":"Ferienhaus am Meer Bosham &#8211; Hafen in Sussex"}]}]}},"_links":{"self":[{"href":"https:\/\/www.urlaubcornwall.de\/blog\/wp-json\/wp\/v2\/pages\/31737"}],"collection":[{"href":"https:\/\/www.urlaubcornwall.de\/blog\/wp-json\/wp\/v2\/pages"}],"about":[{"href":"https:\/\/www.urlaubcornwall.de\/blog\/wp-json\/wp\/v2\/types\/page"}],"author":[{"embeddable":true,"href":"https:\/\/www.urlaubcornwall.de\/blog\/wp-json\/wp\/v2\/users\/1"}],"replies":[{"embeddable":true,"href":"https:\/\/www.urlaubcornwall.de\/blog\/wp-json\/wp\/v2\/comments?post=31737"}],"version-history":[{"count":4,"href":"https:\/\/www.urlaubcornwall.de\/blog\/wp-json\/wp\/v2\/pages\/31737\/revisions"}],"predecessor-version":[{"id":42787,"href":"https:\/\/www.urlaubcornwall.de\/blog\/wp-json\/wp\/v2\/pages\/31737\/revisions\/42787"}],"wp:attachment":[{"href":"https:\/\/www.urlaubcornwall.de\/blog\/wp-json\/wp\/v2\/media?parent=31737"}],"curies":[{"name":"wp","href":"https:\/\/api.w.org\/{rel}","templated":true}]}}