{"id":31733,"date":"2018-01-03T14:25:10","date_gmt":"2018-01-03T14:25:10","guid":{"rendered":"https:\/\/www.urlaubcornwall.de\/blog\/?page_id=31733"},"modified":"2021-09-17T12:52:15","modified_gmt":"2021-09-17T12:52:15","slug":"traditionelles-ferienhaus-meer-rye-historisches-sussex","status":"publish","type":"page","link":"https:\/\/www.urlaubcornwall.de\/blog\/traditionelles-ferienhaus-meer-rye-historisches-sussex\/","title":{"rendered":"Traditionelles Ferienhaus am Meer in Rye &#8211; historisches Sussex"},"content":{"rendered":"<p><img loading=\"lazy\" class=\"aligncenter size-full wp-image-31734\" src=\"https:\/\/www.urlaubcornwall.de\/blog\/wp-content\/uploads\/2018\/01\/hstorisches-ferienhaus-rye-am-meer.jpg\" alt=\"historisches ferienhaus rye am meer\" width=\"749\" height=\"447\"\/><br \/>\n<strong>Ferienhaus in Rye mit 3 Schlafzimmern, Schlafgelegenheiten 6 <\/strong><\/p>\n<p>\u00dcbernachten Sie in diesem wundersch\u00f6nen, historischen Ferienhaus f\u00fcr sechs Personen im Herzen des historischen Rye mit Kamin, bleiverglasten Fenstern und Holzbalken. Sie finden das Haus auf einem gepflasterten Weg, der die Mermaid Street mit der Watchbell Street in einer beneidenswerten Lage in der Altstadt verbindet. Sie betreten das Anwesen in einem kleinen Flur mit T\u00fcren, die nach links in die K\u00fcche und in das gro\u00dfe Wohnzimmer und die Treppe f\u00fchren, die in den ersten Stock f\u00fchrt. Die K\u00fcche ist modern und verf\u00fcgt \u00fcber alle Einrichtungen, die Sie erwarten, Geschirrsp\u00fcler, Waschmaschine, K\u00fchlschrank mit Gefrierfach und eine Nespresso-Kaffeemaschine.<\/p>\n<p style=\"text-align: center;\"><a class=\"tidycta\" href=\"https:\/\/www.urlaubcornwall.de\/ferienhaeuser-fewos\/eng\/sussex\/rye.html\">Suche Ferienh\u00e4user Rye<\/a><\/p>\n<p style=\"text-align: center;\">Pers\u00f6nlich inspizierte Ferienh\u00e4user und Ferienwohnungen in Sussex f\u00fcr Ihren Urlaub.<\/p>\n<p style=\"text-align: center;\"><a href=\"https:\/\/www.urlaubcornwall.de\/ferienhaeuser-fewos\/eng\/sussex\/sussex.html\"><strong>Ferienh\u00e4user, Cottages &amp; Ferienwohnungen in Rye und East Sussex. <\/strong><\/a><\/p>\n","protected":false},"excerpt":{"rendered":"<p>Ferienhaus in Rye mit 3 Schlafzimmern, Schlafgelegenheiten 6 \u00dcbernachten Sie in diesem wundersch\u00f6nen, historischen Ferienhaus f\u00fcr sechs Personen im Herzen des historischen Rye mit Kamin, bleiverglasten Fenstern und Holzbalken. Sie finden das Haus auf einem gepflasterten Weg, der die Mermaid Street mit der Watchbell Street in einer beneidenswerten Lage in der Altstadt verbindet. Sie betreten [&hellip;]<\/p>\n","protected":false},"author":1,"featured_media":0,"parent":0,"menu_order":0,"comment_status":"closed","ping_status":"closed","template":"single-four.php","meta":[],"acf":[],"yoast_head":"<!-- This site is optimized with the Yoast SEO plugin v19.4 - https:\/\/yoast.com\/wordpress\/plugins\/seo\/ -->\n<title>Traditionelles Ferienhaus am Meer in Rye - historisches Sussex - Urlaub &amp; Reisen<\/title>\n<meta name=\"description\" content=\"\u00dcbernachten Sie in diesem wundersch\u00f6nen, historischen Ferienhaus f\u00fcr sechs Personen im Herzen des historischen Rye mit Kamin, bleiverglasten Fenstern und Holzbalken. Sie finden das Haus auf einem gepflasterten Weg, der die Mermaid Street mit der Watchbell Street in einer beneidenswerten Lage in der Altstadt verbindet. Sie betreten das Anwesen in einem kleinen Flur mit T\u00fcren, die nach links in die K\u00fcche und in das gro\u00dfe Wohnzimmer und die Treppe f\u00fchren, die in den ersten Stock f\u00fchrt. Die K\u00fcche ist modern und verf\u00fcgt \u00fcber alle Einrichtungen, die Sie erwarten, Geschirrsp\u00fcler, Waschmaschine, K\u00fchlschrank mit Gefrierfach und eine Nespresso-Kaffeemaschine.\" \/>\n<meta name=\"robots\" content=\"index, follow, max-snippet:-1, max-image-preview:large, max-video-preview:-1\" \/>\n<link rel=\"canonical\" href=\"https:\/\/www.urlaubcornwall.de\/blog\/traditionelles-ferienhaus-meer-rye-historisches-sussex\/\" \/>\n<meta property=\"og:locale\" content=\"en_US\" \/>\n<meta property=\"og:type\" content=\"article\" \/>\n<meta property=\"og:title\" content=\"Traditionelles Ferienhaus am Meer in Rye - historisches Sussex - Urlaub &amp; Reisen\" \/>\n<meta property=\"og:description\" content=\"\u00dcbernachten Sie in diesem wundersch\u00f6nen, historischen Ferienhaus f\u00fcr sechs Personen im Herzen des historischen Rye mit Kamin, bleiverglasten Fenstern und Holzbalken. Sie finden das Haus auf einem gepflasterten Weg, der die Mermaid Street mit der Watchbell Street in einer beneidenswerten Lage in der Altstadt verbindet. Sie betreten das Anwesen in einem kleinen Flur mit T\u00fcren, die nach links in die K\u00fcche und in das gro\u00dfe Wohnzimmer und die Treppe f\u00fchren, die in den ersten Stock f\u00fchrt. Die K\u00fcche ist modern und verf\u00fcgt \u00fcber alle Einrichtungen, die Sie erwarten, Geschirrsp\u00fcler, Waschmaschine, K\u00fchlschrank mit Gefrierfach und eine Nespresso-Kaffeemaschine.\" \/>\n<meta property=\"og:url\" content=\"https:\/\/www.urlaubcornwall.de\/blog\/traditionelles-ferienhaus-meer-rye-historisches-sussex\/\" \/>\n<meta property=\"og:site_name\" content=\"Urlaub &amp; Reisen\" \/>\n<meta property=\"article:modified_time\" content=\"2021-09-17T12:52:15+00:00\" \/>\n<meta property=\"og:image\" content=\"https:\/\/www.urlaubcornwall.de\/blog\/wp-content\/uploads\/2018\/01\/hstorisches-ferienhaus-rye-am-meer.jpg\" \/>\n<meta name=\"twitter:card\" content=\"summary\" \/>\n<meta name=\"twitter:label1\" content=\"Est. reading time\" \/>\n\t<meta name=\"twitter:data1\" content=\"1 minute\" \/>\n<script type=\"application\/ld+json\" class=\"yoast-schema-graph\">{\"@context\":\"https:\/\/schema.org\",\"@graph\":[{\"@type\":\"WebSite\",\"@id\":\"https:\/\/www.urlaubcornwall.de\/blog\/#website\",\"url\":\"https:\/\/www.urlaubcornwall.de\/blog\/\",\"name\":\"Urlaub &amp; Reisen\",\"description\":\"Urlaub, Reisen, Cornwall und S\u00fcdengland: eine perfekte Kombination\",\"potentialAction\":[{\"@type\":\"SearchAction\",\"target\":{\"@type\":\"EntryPoint\",\"urlTemplate\":\"https:\/\/www.urlaubcornwall.de\/blog\/?s={search_term_string}\"},\"query-input\":\"required name=search_term_string\"}],\"inLanguage\":\"en-US\"},{\"@type\":\"WebPage\",\"@id\":\"https:\/\/www.urlaubcornwall.de\/blog\/traditionelles-ferienhaus-meer-rye-historisches-sussex\/\",\"url\":\"https:\/\/www.urlaubcornwall.de\/blog\/traditionelles-ferienhaus-meer-rye-historisches-sussex\/\",\"name\":\"Traditionelles Ferienhaus am Meer in Rye - historisches Sussex - Urlaub &amp; Reisen\",\"isPartOf\":{\"@id\":\"https:\/\/www.urlaubcornwall.de\/blog\/#website\"},\"datePublished\":\"2018-01-03T14:25:10+00:00\",\"dateModified\":\"2021-09-17T12:52:15+00:00\",\"description\":\"\u00dcbernachten Sie in diesem wundersch\u00f6nen, historischen Ferienhaus f\u00fcr sechs Personen im Herzen des historischen Rye mit Kamin, bleiverglasten Fenstern und Holzbalken. Sie finden das Haus auf einem gepflasterten Weg, der die Mermaid Street mit der Watchbell Street in einer beneidenswerten Lage in der Altstadt verbindet. Sie betreten das Anwesen in einem kleinen Flur mit T\u00fcren, die nach links in die K\u00fcche und in das gro\u00dfe Wohnzimmer und die Treppe f\u00fchren, die in den ersten Stock f\u00fchrt. Die K\u00fcche ist modern und verf\u00fcgt \u00fcber alle Einrichtungen, die Sie erwarten, Geschirrsp\u00fcler, Waschmaschine, K\u00fchlschrank mit Gefrierfach und eine Nespresso-Kaffeemaschine.\",\"breadcrumb\":{\"@id\":\"https:\/\/www.urlaubcornwall.de\/blog\/traditionelles-ferienhaus-meer-rye-historisches-sussex\/#breadcrumb\"},\"inLanguage\":\"en-US\",\"potentialAction\":[{\"@type\":\"ReadAction\",\"target\":[\"https:\/\/www.urlaubcornwall.de\/blog\/traditionelles-ferienhaus-meer-rye-historisches-sussex\/\"]}]},{\"@type\":\"BreadcrumbList\",\"@id\":\"https:\/\/www.urlaubcornwall.de\/blog\/traditionelles-ferienhaus-meer-rye-historisches-sussex\/#breadcrumb\",\"itemListElement\":[{\"@type\":\"ListItem\",\"position\":1,\"name\":\"Home\",\"item\":\"https:\/\/www.urlaubcornwall.de\/blog\/\"},{\"@type\":\"ListItem\",\"position\":2,\"name\":\"Traditionelles Ferienhaus am Meer in Rye &#8211; historisches Sussex\"}]}]}<\/script>\n<!-- \/ Yoast SEO plugin. -->","yoast_head_json":{"title":"Traditionelles Ferienhaus am Meer in Rye - historisches Sussex - Urlaub &amp; Reisen","description":"\u00dcbernachten Sie in diesem wundersch\u00f6nen, historischen Ferienhaus f\u00fcr sechs Personen im Herzen des historischen Rye mit Kamin, bleiverglasten Fenstern und Holzbalken. Sie finden das Haus auf einem gepflasterten Weg, der die Mermaid Street mit der Watchbell Street in einer beneidenswerten Lage in der Altstadt verbindet. Sie betreten das Anwesen in einem kleinen Flur mit T\u00fcren, die nach links in die K\u00fcche und in das gro\u00dfe Wohnzimmer und die Treppe f\u00fchren, die in den ersten Stock f\u00fchrt. Die K\u00fcche ist modern und verf\u00fcgt \u00fcber alle Einrichtungen, die Sie erwarten, Geschirrsp\u00fcler, Waschmaschine, K\u00fchlschrank mit Gefrierfach und eine Nespresso-Kaffeemaschine.","robots":{"index":"index","follow":"follow","max-snippet":"max-snippet:-1","max-image-preview":"max-image-preview:large","max-video-preview":"max-video-preview:-1"},"canonical":"https:\/\/www.urlaubcornwall.de\/blog\/traditionelles-ferienhaus-meer-rye-historisches-sussex\/","og_locale":"en_US","og_type":"article","og_title":"Traditionelles Ferienhaus am Meer in Rye - historisches Sussex - Urlaub &amp; Reisen","og_description":"\u00dcbernachten Sie in diesem wundersch\u00f6nen, historischen Ferienhaus f\u00fcr sechs Personen im Herzen des historischen Rye mit Kamin, bleiverglasten Fenstern und Holzbalken. Sie finden das Haus auf einem gepflasterten Weg, der die Mermaid Street mit der Watchbell Street in einer beneidenswerten Lage in der Altstadt verbindet. Sie betreten das Anwesen in einem kleinen Flur mit T\u00fcren, die nach links in die K\u00fcche und in das gro\u00dfe Wohnzimmer und die Treppe f\u00fchren, die in den ersten Stock f\u00fchrt. Die K\u00fcche ist modern und verf\u00fcgt \u00fcber alle Einrichtungen, die Sie erwarten, Geschirrsp\u00fcler, Waschmaschine, K\u00fchlschrank mit Gefrierfach und eine Nespresso-Kaffeemaschine.","og_url":"https:\/\/www.urlaubcornwall.de\/blog\/traditionelles-ferienhaus-meer-rye-historisches-sussex\/","og_site_name":"Urlaub &amp; Reisen","article_modified_time":"2021-09-17T12:52:15+00:00","og_image":[{"url":"https:\/\/www.urlaubcornwall.de\/blog\/wp-content\/uploads\/2018\/01\/hstorisches-ferienhaus-rye-am-meer.jpg"}],"twitter_card":"summary","twitter_misc":{"Est. reading time":"1 minute"},"schema":{"@context":"https:\/\/schema.org","@graph":[{"@type":"WebSite","@id":"https:\/\/www.urlaubcornwall.de\/blog\/#website","url":"https:\/\/www.urlaubcornwall.de\/blog\/","name":"Urlaub &amp; Reisen","description":"Urlaub, Reisen, Cornwall und S\u00fcdengland: eine perfekte Kombination","potentialAction":[{"@type":"SearchAction","target":{"@type":"EntryPoint","urlTemplate":"https:\/\/www.urlaubcornwall.de\/blog\/?s={search_term_string}"},"query-input":"required name=search_term_string"}],"inLanguage":"en-US"},{"@type":"WebPage","@id":"https:\/\/www.urlaubcornwall.de\/blog\/traditionelles-ferienhaus-meer-rye-historisches-sussex\/","url":"https:\/\/www.urlaubcornwall.de\/blog\/traditionelles-ferienhaus-meer-rye-historisches-sussex\/","name":"Traditionelles Ferienhaus am Meer in Rye - historisches Sussex - Urlaub &amp; Reisen","isPartOf":{"@id":"https:\/\/www.urlaubcornwall.de\/blog\/#website"},"datePublished":"2018-01-03T14:25:10+00:00","dateModified":"2021-09-17T12:52:15+00:00","description":"\u00dcbernachten Sie in diesem wundersch\u00f6nen, historischen Ferienhaus f\u00fcr sechs Personen im Herzen des historischen Rye mit Kamin, bleiverglasten Fenstern und Holzbalken. Sie finden das Haus auf einem gepflasterten Weg, der die Mermaid Street mit der Watchbell Street in einer beneidenswerten Lage in der Altstadt verbindet. Sie betreten das Anwesen in einem kleinen Flur mit T\u00fcren, die nach links in die K\u00fcche und in das gro\u00dfe Wohnzimmer und die Treppe f\u00fchren, die in den ersten Stock f\u00fchrt. Die K\u00fcche ist modern und verf\u00fcgt \u00fcber alle Einrichtungen, die Sie erwarten, Geschirrsp\u00fcler, Waschmaschine, K\u00fchlschrank mit Gefrierfach und eine Nespresso-Kaffeemaschine.","breadcrumb":{"@id":"https:\/\/www.urlaubcornwall.de\/blog\/traditionelles-ferienhaus-meer-rye-historisches-sussex\/#breadcrumb"},"inLanguage":"en-US","potentialAction":[{"@type":"ReadAction","target":["https:\/\/www.urlaubcornwall.de\/blog\/traditionelles-ferienhaus-meer-rye-historisches-sussex\/"]}]},{"@type":"BreadcrumbList","@id":"https:\/\/www.urlaubcornwall.de\/blog\/traditionelles-ferienhaus-meer-rye-historisches-sussex\/#breadcrumb","itemListElement":[{"@type":"ListItem","position":1,"name":"Home","item":"https:\/\/www.urlaubcornwall.de\/blog\/"},{"@type":"ListItem","position":2,"name":"Traditionelles Ferienhaus am Meer in Rye &#8211; historisches Sussex"}]}]}},"_links":{"self":[{"href":"https:\/\/www.urlaubcornwall.de\/blog\/wp-json\/wp\/v2\/pages\/31733"}],"collection":[{"href":"https:\/\/www.urlaubcornwall.de\/blog\/wp-json\/wp\/v2\/pages"}],"about":[{"href":"https:\/\/www.urlaubcornwall.de\/blog\/wp-json\/wp\/v2\/types\/page"}],"author":[{"embeddable":true,"href":"https:\/\/www.urlaubcornwall.de\/blog\/wp-json\/wp\/v2\/users\/1"}],"replies":[{"embeddable":true,"href":"https:\/\/www.urlaubcornwall.de\/blog\/wp-json\/wp\/v2\/comments?post=31733"}],"version-history":[{"count":3,"href":"https:\/\/www.urlaubcornwall.de\/blog\/wp-json\/wp\/v2\/pages\/31733\/revisions"}],"predecessor-version":[{"id":42926,"href":"https:\/\/www.urlaubcornwall.de\/blog\/wp-json\/wp\/v2\/pages\/31733\/revisions\/42926"}],"wp:attachment":[{"href":"https:\/\/www.urlaubcornwall.de\/blog\/wp-json\/wp\/v2\/media?parent=31733"}],"curies":[{"name":"wp","href":"https:\/\/api.w.org\/{rel}","templated":true}]}}