{"id":31729,"date":"2018-01-03T13:44:39","date_gmt":"2018-01-03T13:44:39","guid":{"rendered":"https:\/\/www.urlaubcornwall.de\/blog\/?page_id=31729"},"modified":"2021-09-17T10:55:36","modified_gmt":"2021-09-17T10:55:36","slug":"ferienhaus-meer-rye-familienurlaub-strand-sussex","status":"publish","type":"page","link":"https:\/\/www.urlaubcornwall.de\/blog\/ferienhaus-meer-rye-familienurlaub-strand-sussex\/","title":{"rendered":"Ferienhaus am Meer Rye &#8211; Familienurlaub am Strand Sussex"},"content":{"rendered":"<p><img loading=\"lazy\" class=\"aligncenter size-full wp-image-31730\" src=\"https:\/\/www.urlaubcornwall.de\/blog\/wp-content\/uploads\/2018\/01\/ferienhaus-am-meer-rye.-mit-kindern.jpg\" alt=\"ferienhaus am meer rye. mit kindern\" width=\"749\" height=\"450\"\/><br \/>\n<strong>Ferienhaus in Rye mit 2 Schlafzimmern, Schlafgelegenheiten 4<\/strong><\/p>\n<p>Dieses Ferienhaus liegt nur einen kurzen Spaziergang vom Hafen von Rye entfernt und ist ideal f\u00fcr Familien, die nach einem altmodischen Urlaub am Meer suchen. Gehen Sie zum Hafen, um den Booten zuzusehen, wie sie kommen und gehen oder genie\u00dfen Sie ein k\u00f6stliches Essen in der \u00f6rtlichen Kneipe oder gehen Sie noch eine Minute zum Naturschutzgebiet, wo Sie herrliche Spazierg\u00e4nge unternehmen k\u00f6nnen. Die historische Marktstadt Rye ist nur zwei Meilen entfernt und eignet sich perfekt f\u00fcr die Erkundung lokaler Antiquit\u00e4tenl\u00e4den und die vielen Teestuben. F\u00fcr den perfekten Sommertag k\u00f6nnen Sie den herrlichen Sandstrand von Camber Sands besuchen, wo Sie Sandburgen bauen und schwimmen k\u00f6nnen&#8230;..<\/p>\n<p style=\"text-align: center;\"><a class=\"tidycta\" href=\"https:\/\/www.urlaubcornwall.de\/ferienhaeuser-fewos\/eng\/sussex\/rye.html\">Suche Ferienh\u00e4user Rye<\/a><\/p>\n<p style=\"text-align: center;\">Pers\u00f6nlich inspizierte Ferienh\u00e4user und Ferienwohnungen in Sussex f\u00fcr Ihren Urlaub.<\/p>\n<p style=\"text-align: center;\"><a href=\"https:\/\/www.urlaubcornwall.de\/ferienhaeuser-fewos\/eng\/sussex\/sussex.html\"><strong>Ferienh\u00e4user, Cottages &amp; Ferienwohnungen in Sussex. <\/strong><\/a><\/p>\n","protected":false},"excerpt":{"rendered":"<p>Ferienhaus in Rye mit 2 Schlafzimmern, Schlafgelegenheiten 4 Dieses Ferienhaus liegt nur einen kurzen Spaziergang vom Hafen von Rye entfernt und ist ideal f\u00fcr Familien, die nach einem altmodischen Urlaub am Meer suchen. Gehen Sie zum Hafen, um den Booten zuzusehen, wie sie kommen und gehen oder genie\u00dfen Sie ein k\u00f6stliches Essen in der \u00f6rtlichen [&hellip;]<\/p>\n","protected":false},"author":1,"featured_media":0,"parent":0,"menu_order":0,"comment_status":"closed","ping_status":"closed","template":"single-four.php","meta":[],"acf":[],"yoast_head":"<!-- This site is optimized with the Yoast SEO plugin v19.4 - https:\/\/yoast.com\/wordpress\/plugins\/seo\/ -->\n<title>Ferienhaus am Meer Rye - Familienurlaub am Strand Sussex - Urlaub &amp; Reisen<\/title>\n<meta name=\"description\" content=\"Dieses Ferienhaus liegt nur einen kurzen Spaziergang vom Hafen von Rye entfernt und ist ideal f\u00fcr Familien, die nach einem altmodischen Urlaub am Meer suchen. Gehen Sie zum Hafen, um den Booten zuzusehen, wie sie kommen und gehen oder genie\u00dfen Sie ein k\u00f6stliches Essen in der \u00f6rtlichen Kneipe oder gehen Sie\" \/>\n<meta name=\"robots\" content=\"index, follow, max-snippet:-1, max-image-preview:large, max-video-preview:-1\" \/>\n<link rel=\"canonical\" href=\"https:\/\/www.urlaubcornwall.de\/blog\/ferienhaus-meer-rye-familienurlaub-strand-sussex\/\" \/>\n<meta property=\"og:locale\" content=\"en_US\" \/>\n<meta property=\"og:type\" content=\"article\" \/>\n<meta property=\"og:title\" content=\"Ferienhaus am Meer Rye - Familienurlaub am Strand Sussex - Urlaub &amp; Reisen\" \/>\n<meta property=\"og:description\" content=\"Dieses Ferienhaus liegt nur einen kurzen Spaziergang vom Hafen von Rye entfernt und ist ideal f\u00fcr Familien, die nach einem altmodischen Urlaub am Meer suchen. Gehen Sie zum Hafen, um den Booten zuzusehen, wie sie kommen und gehen oder genie\u00dfen Sie ein k\u00f6stliches Essen in der \u00f6rtlichen Kneipe oder gehen Sie\" \/>\n<meta property=\"og:url\" content=\"https:\/\/www.urlaubcornwall.de\/blog\/ferienhaus-meer-rye-familienurlaub-strand-sussex\/\" \/>\n<meta property=\"og:site_name\" content=\"Urlaub &amp; Reisen\" \/>\n<meta property=\"article:modified_time\" content=\"2021-09-17T10:55:36+00:00\" \/>\n<meta property=\"og:image\" content=\"https:\/\/www.urlaubcornwall.de\/blog\/wp-content\/uploads\/2018\/01\/ferienhaus-am-meer-rye.-mit-kindern.jpg\" \/>\n<meta name=\"twitter:card\" content=\"summary\" \/>\n<meta name=\"twitter:label1\" content=\"Est. reading time\" \/>\n\t<meta name=\"twitter:data1\" content=\"1 minute\" \/>\n<script type=\"application\/ld+json\" class=\"yoast-schema-graph\">{\"@context\":\"https:\/\/schema.org\",\"@graph\":[{\"@type\":\"WebSite\",\"@id\":\"https:\/\/www.urlaubcornwall.de\/blog\/#website\",\"url\":\"https:\/\/www.urlaubcornwall.de\/blog\/\",\"name\":\"Urlaub &amp; Reisen\",\"description\":\"Urlaub, Reisen, Cornwall und S\u00fcdengland: eine perfekte Kombination\",\"potentialAction\":[{\"@type\":\"SearchAction\",\"target\":{\"@type\":\"EntryPoint\",\"urlTemplate\":\"https:\/\/www.urlaubcornwall.de\/blog\/?s={search_term_string}\"},\"query-input\":\"required name=search_term_string\"}],\"inLanguage\":\"en-US\"},{\"@type\":\"WebPage\",\"@id\":\"https:\/\/www.urlaubcornwall.de\/blog\/ferienhaus-meer-rye-familienurlaub-strand-sussex\/\",\"url\":\"https:\/\/www.urlaubcornwall.de\/blog\/ferienhaus-meer-rye-familienurlaub-strand-sussex\/\",\"name\":\"Ferienhaus am Meer Rye - Familienurlaub am Strand Sussex - Urlaub &amp; Reisen\",\"isPartOf\":{\"@id\":\"https:\/\/www.urlaubcornwall.de\/blog\/#website\"},\"datePublished\":\"2018-01-03T13:44:39+00:00\",\"dateModified\":\"2021-09-17T10:55:36+00:00\",\"description\":\"Dieses Ferienhaus liegt nur einen kurzen Spaziergang vom Hafen von Rye entfernt und ist ideal f\u00fcr Familien, die nach einem altmodischen Urlaub am Meer suchen. Gehen Sie zum Hafen, um den Booten zuzusehen, wie sie kommen und gehen oder genie\u00dfen Sie ein k\u00f6stliches Essen in der \u00f6rtlichen Kneipe oder gehen Sie\",\"breadcrumb\":{\"@id\":\"https:\/\/www.urlaubcornwall.de\/blog\/ferienhaus-meer-rye-familienurlaub-strand-sussex\/#breadcrumb\"},\"inLanguage\":\"en-US\",\"potentialAction\":[{\"@type\":\"ReadAction\",\"target\":[\"https:\/\/www.urlaubcornwall.de\/blog\/ferienhaus-meer-rye-familienurlaub-strand-sussex\/\"]}]},{\"@type\":\"BreadcrumbList\",\"@id\":\"https:\/\/www.urlaubcornwall.de\/blog\/ferienhaus-meer-rye-familienurlaub-strand-sussex\/#breadcrumb\",\"itemListElement\":[{\"@type\":\"ListItem\",\"position\":1,\"name\":\"Home\",\"item\":\"https:\/\/www.urlaubcornwall.de\/blog\/\"},{\"@type\":\"ListItem\",\"position\":2,\"name\":\"Ferienhaus am Meer Rye &#8211; Familienurlaub am Strand Sussex\"}]}]}<\/script>\n<!-- \/ Yoast SEO plugin. -->","yoast_head_json":{"title":"Ferienhaus am Meer Rye - Familienurlaub am Strand Sussex - Urlaub &amp; Reisen","description":"Dieses Ferienhaus liegt nur einen kurzen Spaziergang vom Hafen von Rye entfernt und ist ideal f\u00fcr Familien, die nach einem altmodischen Urlaub am Meer suchen. Gehen Sie zum Hafen, um den Booten zuzusehen, wie sie kommen und gehen oder genie\u00dfen Sie ein k\u00f6stliches Essen in der \u00f6rtlichen Kneipe oder gehen Sie","robots":{"index":"index","follow":"follow","max-snippet":"max-snippet:-1","max-image-preview":"max-image-preview:large","max-video-preview":"max-video-preview:-1"},"canonical":"https:\/\/www.urlaubcornwall.de\/blog\/ferienhaus-meer-rye-familienurlaub-strand-sussex\/","og_locale":"en_US","og_type":"article","og_title":"Ferienhaus am Meer Rye - Familienurlaub am Strand Sussex - Urlaub &amp; Reisen","og_description":"Dieses Ferienhaus liegt nur einen kurzen Spaziergang vom Hafen von Rye entfernt und ist ideal f\u00fcr Familien, die nach einem altmodischen Urlaub am Meer suchen. Gehen Sie zum Hafen, um den Booten zuzusehen, wie sie kommen und gehen oder genie\u00dfen Sie ein k\u00f6stliches Essen in der \u00f6rtlichen Kneipe oder gehen Sie","og_url":"https:\/\/www.urlaubcornwall.de\/blog\/ferienhaus-meer-rye-familienurlaub-strand-sussex\/","og_site_name":"Urlaub &amp; Reisen","article_modified_time":"2021-09-17T10:55:36+00:00","og_image":[{"url":"https:\/\/www.urlaubcornwall.de\/blog\/wp-content\/uploads\/2018\/01\/ferienhaus-am-meer-rye.-mit-kindern.jpg"}],"twitter_card":"summary","twitter_misc":{"Est. reading time":"1 minute"},"schema":{"@context":"https:\/\/schema.org","@graph":[{"@type":"WebSite","@id":"https:\/\/www.urlaubcornwall.de\/blog\/#website","url":"https:\/\/www.urlaubcornwall.de\/blog\/","name":"Urlaub &amp; Reisen","description":"Urlaub, Reisen, Cornwall und S\u00fcdengland: eine perfekte Kombination","potentialAction":[{"@type":"SearchAction","target":{"@type":"EntryPoint","urlTemplate":"https:\/\/www.urlaubcornwall.de\/blog\/?s={search_term_string}"},"query-input":"required name=search_term_string"}],"inLanguage":"en-US"},{"@type":"WebPage","@id":"https:\/\/www.urlaubcornwall.de\/blog\/ferienhaus-meer-rye-familienurlaub-strand-sussex\/","url":"https:\/\/www.urlaubcornwall.de\/blog\/ferienhaus-meer-rye-familienurlaub-strand-sussex\/","name":"Ferienhaus am Meer Rye - Familienurlaub am Strand Sussex - Urlaub &amp; Reisen","isPartOf":{"@id":"https:\/\/www.urlaubcornwall.de\/blog\/#website"},"datePublished":"2018-01-03T13:44:39+00:00","dateModified":"2021-09-17T10:55:36+00:00","description":"Dieses Ferienhaus liegt nur einen kurzen Spaziergang vom Hafen von Rye entfernt und ist ideal f\u00fcr Familien, die nach einem altmodischen Urlaub am Meer suchen. Gehen Sie zum Hafen, um den Booten zuzusehen, wie sie kommen und gehen oder genie\u00dfen Sie ein k\u00f6stliches Essen in der \u00f6rtlichen Kneipe oder gehen Sie","breadcrumb":{"@id":"https:\/\/www.urlaubcornwall.de\/blog\/ferienhaus-meer-rye-familienurlaub-strand-sussex\/#breadcrumb"},"inLanguage":"en-US","potentialAction":[{"@type":"ReadAction","target":["https:\/\/www.urlaubcornwall.de\/blog\/ferienhaus-meer-rye-familienurlaub-strand-sussex\/"]}]},{"@type":"BreadcrumbList","@id":"https:\/\/www.urlaubcornwall.de\/blog\/ferienhaus-meer-rye-familienurlaub-strand-sussex\/#breadcrumb","itemListElement":[{"@type":"ListItem","position":1,"name":"Home","item":"https:\/\/www.urlaubcornwall.de\/blog\/"},{"@type":"ListItem","position":2,"name":"Ferienhaus am Meer Rye &#8211; Familienurlaub am Strand Sussex"}]}]}},"_links":{"self":[{"href":"https:\/\/www.urlaubcornwall.de\/blog\/wp-json\/wp\/v2\/pages\/31729"}],"collection":[{"href":"https:\/\/www.urlaubcornwall.de\/blog\/wp-json\/wp\/v2\/pages"}],"about":[{"href":"https:\/\/www.urlaubcornwall.de\/blog\/wp-json\/wp\/v2\/types\/page"}],"author":[{"embeddable":true,"href":"https:\/\/www.urlaubcornwall.de\/blog\/wp-json\/wp\/v2\/users\/1"}],"replies":[{"embeddable":true,"href":"https:\/\/www.urlaubcornwall.de\/blog\/wp-json\/wp\/v2\/comments?post=31729"}],"version-history":[{"count":5,"href":"https:\/\/www.urlaubcornwall.de\/blog\/wp-json\/wp\/v2\/pages\/31729\/revisions"}],"predecessor-version":[{"id":42850,"href":"https:\/\/www.urlaubcornwall.de\/blog\/wp-json\/wp\/v2\/pages\/31729\/revisions\/42850"}],"wp:attachment":[{"href":"https:\/\/www.urlaubcornwall.de\/blog\/wp-json\/wp\/v2\/media?parent=31729"}],"curies":[{"name":"wp","href":"https:\/\/api.w.org\/{rel}","templated":true}]}}