{"id":31719,"date":"2018-01-02T16:20:22","date_gmt":"2018-01-02T16:20:22","guid":{"rendered":"https:\/\/www.urlaubcornwall.de\/blog\/?page_id=31719"},"modified":"2021-09-17T12:02:25","modified_gmt":"2021-09-17T12:02:25","slug":"ferienhaus-lymington-meer-new-forest","status":"publish","type":"page","link":"https:\/\/www.urlaubcornwall.de\/blog\/ferienhaus-lymington-meer-new-forest\/","title":{"rendered":"Ferienhaus in Lymington am Meer &#8211; New Forest"},"content":{"rendered":"<p><img loading=\"lazy\" class=\"aligncenter size-full wp-image-31721\" src=\"https:\/\/www.urlaubcornwall.de\/blog\/wp-content\/uploads\/2018\/01\/ferienhaus-am-meer-lymington.jpg\" alt=\"ferienhaus am meer lymington\" width=\"749\" height=\"459\"\/><br \/>\n<strong>Haus in Lymington mit 3 Schlafzimmern, Haus in Lymington mit 3 Schlafzimmern<\/strong><\/p>\n<p>Erbaut aus Backstein dieses charmante freistehende Ferienhaus macht einen gem\u00fctlichen und einladenden Ort zu bleiben. Das Hotel liegt auf einer ruhigen Landstra\u00dfe, die zu einem Strand weniger als f\u00fcnf Minuten zu Fu\u00df vom Haus f\u00fchrt. OIt bieten Charme und atemberaubende Aussicht auf die Landschaft rund um das Ferienhaus. Die lokale Kneipe befindet sich nur wenige Gehminuten von der H\u00fctte, die gutes Essen serviert. Innerhalb der Grenze des <a href=\"https:\/\/www.urlaubcornwall.de\/blog\/urlaub-new-forest-hampshire-der-new-forest-hat-jedermann-etwas-zu-bieten\/\">New Forest National Park<\/a>, wo es Radwege oder machen Sie einen Spaziergang und folgen Sie den Pfaden, wo die Ponys und Esel gefunden werden kann. Die georgische Marktstadt Lymington ist nur eine kurze Autofahrt entfernt, wo Sie den Tag verbringen k\u00f6nnen.<\/p>\n<p style=\"text-align: center;\"><a class=\"tidycta\" href=\"https:\/\/www.urlaubcornwall.de\/ferienhaeuser-fewos\/eng\/hampshire\/lymington-am-meer.html\">Suche Ferienh\u00e4user Lymington<\/a><\/p>\n<p style=\"text-align: center;\">Pers\u00f6nlich inspizierte Ferienh\u00e4user und Ferienwohnungen in Hampshire f\u00fcr Ihren Urlaub.<\/p>\n<p style=\"text-align: center;\"><a href=\"https:\/\/www.urlaubcornwall.de\/ferienhaeuser-fewos\/eng\/hampshire\/lymington-am-meer.html\"><strong>Ferienh\u00e4user, Cottages &amp; Ferienwohnungen in Lymington und der New Forest. <\/strong><\/a><\/p>\n","protected":false},"excerpt":{"rendered":"<p>Haus in Lymington mit 3 Schlafzimmern, Haus in Lymington mit 3 Schlafzimmern Erbaut aus Backstein dieses charmante freistehende Ferienhaus macht einen gem\u00fctlichen und einladenden Ort zu bleiben. Das Hotel liegt auf einer ruhigen Landstra\u00dfe, die zu einem Strand weniger als f\u00fcnf Minuten zu Fu\u00df vom Haus f\u00fchrt. OIt bieten Charme und atemberaubende Aussicht auf die [&hellip;]<\/p>\n","protected":false},"author":1,"featured_media":0,"parent":0,"menu_order":0,"comment_status":"closed","ping_status":"closed","template":"single-four.php","meta":[],"acf":[],"yoast_head":"<!-- This site is optimized with the Yoast SEO plugin v19.4 - https:\/\/yoast.com\/wordpress\/plugins\/seo\/ -->\n<title>Ferienhaus in Lymington am Meer - New Forest - Urlaub &amp; Reisen<\/title>\n<meta name=\"description\" content=\"Erbaut aus Backstein dieses charmante freistehende Ferienhaus macht einen gem\u00fctlichen und einladenden Ort zu bleiben. Das Hotel liegt auf einer ruhigen Landstra\u00dfe, die zu einem Strand weniger als f\u00fcnf Minuten zu Fu\u00df vom Haus f\u00fchrt. OIt bieten Charme und atemberaubende Aussicht auf die Landschaft rund um das Ferienhaus\" \/>\n<meta name=\"robots\" content=\"index, follow, max-snippet:-1, max-image-preview:large, max-video-preview:-1\" \/>\n<link rel=\"canonical\" href=\"https:\/\/www.urlaubcornwall.de\/blog\/ferienhaus-lymington-meer-new-forest\/\" \/>\n<meta property=\"og:locale\" content=\"en_US\" \/>\n<meta property=\"og:type\" content=\"article\" \/>\n<meta property=\"og:title\" content=\"Ferienhaus in Lymington am Meer - New Forest - Urlaub &amp; Reisen\" \/>\n<meta property=\"og:description\" content=\"Erbaut aus Backstein dieses charmante freistehende Ferienhaus macht einen gem\u00fctlichen und einladenden Ort zu bleiben. Das Hotel liegt auf einer ruhigen Landstra\u00dfe, die zu einem Strand weniger als f\u00fcnf Minuten zu Fu\u00df vom Haus f\u00fchrt. OIt bieten Charme und atemberaubende Aussicht auf die Landschaft rund um das Ferienhaus\" \/>\n<meta property=\"og:url\" content=\"https:\/\/www.urlaubcornwall.de\/blog\/ferienhaus-lymington-meer-new-forest\/\" \/>\n<meta property=\"og:site_name\" content=\"Urlaub &amp; Reisen\" \/>\n<meta property=\"article:modified_time\" content=\"2021-09-17T12:02:25+00:00\" \/>\n<meta property=\"og:image\" content=\"https:\/\/www.urlaubcornwall.de\/blog\/wp-content\/uploads\/2018\/01\/ferienhaus-am-meer-lymington.jpg\" \/>\n<meta name=\"twitter:card\" content=\"summary\" \/>\n<meta name=\"twitter:label1\" content=\"Est. reading time\" \/>\n\t<meta name=\"twitter:data1\" content=\"1 minute\" \/>\n<script type=\"application\/ld+json\" class=\"yoast-schema-graph\">{\"@context\":\"https:\/\/schema.org\",\"@graph\":[{\"@type\":\"WebSite\",\"@id\":\"https:\/\/www.urlaubcornwall.de\/blog\/#website\",\"url\":\"https:\/\/www.urlaubcornwall.de\/blog\/\",\"name\":\"Urlaub &amp; Reisen\",\"description\":\"Urlaub, Reisen, Cornwall und S\u00fcdengland: eine perfekte Kombination\",\"potentialAction\":[{\"@type\":\"SearchAction\",\"target\":{\"@type\":\"EntryPoint\",\"urlTemplate\":\"https:\/\/www.urlaubcornwall.de\/blog\/?s={search_term_string}\"},\"query-input\":\"required name=search_term_string\"}],\"inLanguage\":\"en-US\"},{\"@type\":\"WebPage\",\"@id\":\"https:\/\/www.urlaubcornwall.de\/blog\/ferienhaus-lymington-meer-new-forest\/\",\"url\":\"https:\/\/www.urlaubcornwall.de\/blog\/ferienhaus-lymington-meer-new-forest\/\",\"name\":\"Ferienhaus in Lymington am Meer - New Forest - Urlaub &amp; Reisen\",\"isPartOf\":{\"@id\":\"https:\/\/www.urlaubcornwall.de\/blog\/#website\"},\"datePublished\":\"2018-01-02T16:20:22+00:00\",\"dateModified\":\"2021-09-17T12:02:25+00:00\",\"description\":\"Erbaut aus Backstein dieses charmante freistehende Ferienhaus macht einen gem\u00fctlichen und einladenden Ort zu bleiben. Das Hotel liegt auf einer ruhigen Landstra\u00dfe, die zu einem Strand weniger als f\u00fcnf Minuten zu Fu\u00df vom Haus f\u00fchrt. OIt bieten Charme und atemberaubende Aussicht auf die Landschaft rund um das Ferienhaus\",\"breadcrumb\":{\"@id\":\"https:\/\/www.urlaubcornwall.de\/blog\/ferienhaus-lymington-meer-new-forest\/#breadcrumb\"},\"inLanguage\":\"en-US\",\"potentialAction\":[{\"@type\":\"ReadAction\",\"target\":[\"https:\/\/www.urlaubcornwall.de\/blog\/ferienhaus-lymington-meer-new-forest\/\"]}]},{\"@type\":\"BreadcrumbList\",\"@id\":\"https:\/\/www.urlaubcornwall.de\/blog\/ferienhaus-lymington-meer-new-forest\/#breadcrumb\",\"itemListElement\":[{\"@type\":\"ListItem\",\"position\":1,\"name\":\"Home\",\"item\":\"https:\/\/www.urlaubcornwall.de\/blog\/\"},{\"@type\":\"ListItem\",\"position\":2,\"name\":\"Ferienhaus in Lymington am Meer &#8211; New Forest\"}]}]}<\/script>\n<!-- \/ Yoast SEO plugin. -->","yoast_head_json":{"title":"Ferienhaus in Lymington am Meer - New Forest - Urlaub &amp; Reisen","description":"Erbaut aus Backstein dieses charmante freistehende Ferienhaus macht einen gem\u00fctlichen und einladenden Ort zu bleiben. Das Hotel liegt auf einer ruhigen Landstra\u00dfe, die zu einem Strand weniger als f\u00fcnf Minuten zu Fu\u00df vom Haus f\u00fchrt. OIt bieten Charme und atemberaubende Aussicht auf die Landschaft rund um das Ferienhaus","robots":{"index":"index","follow":"follow","max-snippet":"max-snippet:-1","max-image-preview":"max-image-preview:large","max-video-preview":"max-video-preview:-1"},"canonical":"https:\/\/www.urlaubcornwall.de\/blog\/ferienhaus-lymington-meer-new-forest\/","og_locale":"en_US","og_type":"article","og_title":"Ferienhaus in Lymington am Meer - New Forest - Urlaub &amp; Reisen","og_description":"Erbaut aus Backstein dieses charmante freistehende Ferienhaus macht einen gem\u00fctlichen und einladenden Ort zu bleiben. Das Hotel liegt auf einer ruhigen Landstra\u00dfe, die zu einem Strand weniger als f\u00fcnf Minuten zu Fu\u00df vom Haus f\u00fchrt. OIt bieten Charme und atemberaubende Aussicht auf die Landschaft rund um das Ferienhaus","og_url":"https:\/\/www.urlaubcornwall.de\/blog\/ferienhaus-lymington-meer-new-forest\/","og_site_name":"Urlaub &amp; Reisen","article_modified_time":"2021-09-17T12:02:25+00:00","og_image":[{"url":"https:\/\/www.urlaubcornwall.de\/blog\/wp-content\/uploads\/2018\/01\/ferienhaus-am-meer-lymington.jpg"}],"twitter_card":"summary","twitter_misc":{"Est. reading time":"1 minute"},"schema":{"@context":"https:\/\/schema.org","@graph":[{"@type":"WebSite","@id":"https:\/\/www.urlaubcornwall.de\/blog\/#website","url":"https:\/\/www.urlaubcornwall.de\/blog\/","name":"Urlaub &amp; Reisen","description":"Urlaub, Reisen, Cornwall und S\u00fcdengland: eine perfekte Kombination","potentialAction":[{"@type":"SearchAction","target":{"@type":"EntryPoint","urlTemplate":"https:\/\/www.urlaubcornwall.de\/blog\/?s={search_term_string}"},"query-input":"required name=search_term_string"}],"inLanguage":"en-US"},{"@type":"WebPage","@id":"https:\/\/www.urlaubcornwall.de\/blog\/ferienhaus-lymington-meer-new-forest\/","url":"https:\/\/www.urlaubcornwall.de\/blog\/ferienhaus-lymington-meer-new-forest\/","name":"Ferienhaus in Lymington am Meer - New Forest - Urlaub &amp; Reisen","isPartOf":{"@id":"https:\/\/www.urlaubcornwall.de\/blog\/#website"},"datePublished":"2018-01-02T16:20:22+00:00","dateModified":"2021-09-17T12:02:25+00:00","description":"Erbaut aus Backstein dieses charmante freistehende Ferienhaus macht einen gem\u00fctlichen und einladenden Ort zu bleiben. Das Hotel liegt auf einer ruhigen Landstra\u00dfe, die zu einem Strand weniger als f\u00fcnf Minuten zu Fu\u00df vom Haus f\u00fchrt. OIt bieten Charme und atemberaubende Aussicht auf die Landschaft rund um das Ferienhaus","breadcrumb":{"@id":"https:\/\/www.urlaubcornwall.de\/blog\/ferienhaus-lymington-meer-new-forest\/#breadcrumb"},"inLanguage":"en-US","potentialAction":[{"@type":"ReadAction","target":["https:\/\/www.urlaubcornwall.de\/blog\/ferienhaus-lymington-meer-new-forest\/"]}]},{"@type":"BreadcrumbList","@id":"https:\/\/www.urlaubcornwall.de\/blog\/ferienhaus-lymington-meer-new-forest\/#breadcrumb","itemListElement":[{"@type":"ListItem","position":1,"name":"Home","item":"https:\/\/www.urlaubcornwall.de\/blog\/"},{"@type":"ListItem","position":2,"name":"Ferienhaus in Lymington am Meer &#8211; New Forest"}]}]}},"_links":{"self":[{"href":"https:\/\/www.urlaubcornwall.de\/blog\/wp-json\/wp\/v2\/pages\/31719"}],"collection":[{"href":"https:\/\/www.urlaubcornwall.de\/blog\/wp-json\/wp\/v2\/pages"}],"about":[{"href":"https:\/\/www.urlaubcornwall.de\/blog\/wp-json\/wp\/v2\/types\/page"}],"author":[{"embeddable":true,"href":"https:\/\/www.urlaubcornwall.de\/blog\/wp-json\/wp\/v2\/users\/1"}],"replies":[{"embeddable":true,"href":"https:\/\/www.urlaubcornwall.de\/blog\/wp-json\/wp\/v2\/comments?post=31719"}],"version-history":[{"count":5,"href":"https:\/\/www.urlaubcornwall.de\/blog\/wp-json\/wp\/v2\/pages\/31719\/revisions"}],"predecessor-version":[{"id":42884,"href":"https:\/\/www.urlaubcornwall.de\/blog\/wp-json\/wp\/v2\/pages\/31719\/revisions\/42884"}],"wp:attachment":[{"href":"https:\/\/www.urlaubcornwall.de\/blog\/wp-json\/wp\/v2\/media?parent=31719"}],"curies":[{"name":"wp","href":"https:\/\/api.w.org\/{rel}","templated":true}]}}