{"id":31709,"date":"2018-01-02T15:41:42","date_gmt":"2018-01-02T15:41:42","guid":{"rendered":"https:\/\/www.urlaubcornwall.de\/blog\/?page_id=31709"},"modified":"2021-09-17T10:58:34","modified_gmt":"2021-09-17T10:58:34","slug":"ferienhaus-meer-west-bay-kueste-dorsets","status":"publish","type":"page","link":"https:\/\/www.urlaubcornwall.de\/blog\/ferienhaus-meer-west-bay-kueste-dorsets\/","title":{"rendered":"Ferienhaus am Meer West Bay &#8211; K\u00fcste Dorsets"},"content":{"rendered":"<p><img loading=\"lazy\" class=\"aligncenter size-full wp-image-31717\" src=\"https:\/\/www.urlaubcornwall.de\/blog\/wp-content\/uploads\/2018\/01\/ferienhaus-west-bay-dorset-am-meer.jpg\" alt=\"ferienhaus west bay dorset am meer\" width=\"749\" height=\"427\"\/><br \/>\n<strong>Ferienhaus in Bridport mit 2 Schlafzimmern, Schlafgelegenheiten 4 <\/strong><\/p>\n<p>Ein sch\u00f6nes Ferienhaus mit Blick auf die Landschaft und doch nur 10 Minuten Fu\u00dfweg zum Strand. Ein renoviertes 300 Jahre altes Charakter H\u00e4uschen mit allen modernen Annehmlichkeiten und M\u00f6beln. Aufgestellt im malerischen K\u00fcstendorf von Eype nahe Bridport in den h\u00fcgeligen H\u00fcgeln von West Dorset in einer sch\u00f6nen landschaftlichen Einstellung mit einem 10 minuzi\u00f6sen Spaziergang zum abgeschiedenen Strand. Erkunden Sie die Jurassic Coast mit ihren malerischen K\u00fcsten-und Landschaft Wanderungen ideal gelegen, um die ganze Dorset und die vielen Attraktionen der Grafschaft zu bieten hat Tour.<\/p>\n<p style=\"text-align: center;\"><a class=\"tidycta\" href=\"https:\/\/www.urlaubcornwall.de\/ferienhaeuser-fewos\/eng\/dorset\/west-bay-am-meer.html\">Details ansehen<\/a><\/p>\n<p style=\"text-align: center;\">Pers\u00f6nlich inspizierte Ferienh\u00e4user und Ferienwohnungen in Dorset f\u00fcr Ihren Urlaub.<\/p>\n<p style=\"text-align: center;\"><a href=\"https:\/\/www.urlaubcornwall.de\/ferienhaeuser-fewos\/dorset-am-meer.html\"><strong>Ferienh\u00e4user, Cottages &amp; Ferienwohnungen in West Bay und Dorset am Meer. <\/strong><\/a><\/p>\n","protected":false},"excerpt":{"rendered":"<p>Ferienhaus in Bridport mit 2 Schlafzimmern, Schlafgelegenheiten 4 Ein sch\u00f6nes Ferienhaus mit Blick auf die Landschaft und doch nur 10 Minuten Fu\u00dfweg zum Strand. Ein renoviertes 300 Jahre altes Charakter H\u00e4uschen mit allen modernen Annehmlichkeiten und M\u00f6beln. Aufgestellt im malerischen K\u00fcstendorf von Eype nahe Bridport in den h\u00fcgeligen H\u00fcgeln von West Dorset in einer sch\u00f6nen [&hellip;]<\/p>\n","protected":false},"author":1,"featured_media":0,"parent":0,"menu_order":0,"comment_status":"closed","ping_status":"closed","template":"single-four.php","meta":[],"acf":[],"yoast_head":"<!-- This site is optimized with the Yoast SEO plugin v19.4 - https:\/\/yoast.com\/wordpress\/plugins\/seo\/ -->\n<title>Ferienhaus am Meer West Bay - K\u00fcste Dorsets - Urlaub &amp; Reisen<\/title>\n<meta name=\"description\" content=\"Ein sch\u00f6nes Ferienhaus mit Blick auf die Landschaft und doch nur 10 Minuten Fu\u00dfweg zum Strand. Ein renoviertes 300 Jahre altes Charakter H\u00e4uschen mit allen modernen Annehmlichkeiten und M\u00f6beln. Aufgestellt im malerischen K\u00fcstendorf von Eype nahe Bridport in den h\u00fcgeligen H\u00fcgeln von West Dorset\" \/>\n<meta name=\"robots\" content=\"index, follow, max-snippet:-1, max-image-preview:large, max-video-preview:-1\" \/>\n<link rel=\"canonical\" href=\"https:\/\/www.urlaubcornwall.de\/blog\/ferienhaus-meer-west-bay-kueste-dorsets\/\" \/>\n<meta property=\"og:locale\" content=\"en_US\" \/>\n<meta property=\"og:type\" content=\"article\" \/>\n<meta property=\"og:title\" content=\"Ferienhaus am Meer West Bay - K\u00fcste Dorsets - Urlaub &amp; Reisen\" \/>\n<meta property=\"og:description\" content=\"Ein sch\u00f6nes Ferienhaus mit Blick auf die Landschaft und doch nur 10 Minuten Fu\u00dfweg zum Strand. Ein renoviertes 300 Jahre altes Charakter H\u00e4uschen mit allen modernen Annehmlichkeiten und M\u00f6beln. Aufgestellt im malerischen K\u00fcstendorf von Eype nahe Bridport in den h\u00fcgeligen H\u00fcgeln von West Dorset\" \/>\n<meta property=\"og:url\" content=\"https:\/\/www.urlaubcornwall.de\/blog\/ferienhaus-meer-west-bay-kueste-dorsets\/\" \/>\n<meta property=\"og:site_name\" content=\"Urlaub &amp; Reisen\" \/>\n<meta property=\"article:modified_time\" content=\"2021-09-17T10:58:34+00:00\" \/>\n<meta property=\"og:image\" content=\"https:\/\/www.urlaubcornwall.de\/blog\/wp-content\/uploads\/2018\/01\/ferienhaus-west-bay-dorset-am-meer.jpg\" \/>\n<meta name=\"twitter:card\" content=\"summary\" \/>\n<meta name=\"twitter:label1\" content=\"Est. reading time\" \/>\n\t<meta name=\"twitter:data1\" content=\"1 minute\" \/>\n<script type=\"application\/ld+json\" class=\"yoast-schema-graph\">{\"@context\":\"https:\/\/schema.org\",\"@graph\":[{\"@type\":\"WebSite\",\"@id\":\"https:\/\/www.urlaubcornwall.de\/blog\/#website\",\"url\":\"https:\/\/www.urlaubcornwall.de\/blog\/\",\"name\":\"Urlaub &amp; Reisen\",\"description\":\"Urlaub, Reisen, Cornwall und S\u00fcdengland: eine perfekte Kombination\",\"potentialAction\":[{\"@type\":\"SearchAction\",\"target\":{\"@type\":\"EntryPoint\",\"urlTemplate\":\"https:\/\/www.urlaubcornwall.de\/blog\/?s={search_term_string}\"},\"query-input\":\"required name=search_term_string\"}],\"inLanguage\":\"en-US\"},{\"@type\":\"WebPage\",\"@id\":\"https:\/\/www.urlaubcornwall.de\/blog\/ferienhaus-meer-west-bay-kueste-dorsets\/\",\"url\":\"https:\/\/www.urlaubcornwall.de\/blog\/ferienhaus-meer-west-bay-kueste-dorsets\/\",\"name\":\"Ferienhaus am Meer West Bay - K\u00fcste Dorsets - Urlaub &amp; Reisen\",\"isPartOf\":{\"@id\":\"https:\/\/www.urlaubcornwall.de\/blog\/#website\"},\"datePublished\":\"2018-01-02T15:41:42+00:00\",\"dateModified\":\"2021-09-17T10:58:34+00:00\",\"description\":\"Ein sch\u00f6nes Ferienhaus mit Blick auf die Landschaft und doch nur 10 Minuten Fu\u00dfweg zum Strand. Ein renoviertes 300 Jahre altes Charakter H\u00e4uschen mit allen modernen Annehmlichkeiten und M\u00f6beln. Aufgestellt im malerischen K\u00fcstendorf von Eype nahe Bridport in den h\u00fcgeligen H\u00fcgeln von West Dorset\",\"breadcrumb\":{\"@id\":\"https:\/\/www.urlaubcornwall.de\/blog\/ferienhaus-meer-west-bay-kueste-dorsets\/#breadcrumb\"},\"inLanguage\":\"en-US\",\"potentialAction\":[{\"@type\":\"ReadAction\",\"target\":[\"https:\/\/www.urlaubcornwall.de\/blog\/ferienhaus-meer-west-bay-kueste-dorsets\/\"]}]},{\"@type\":\"BreadcrumbList\",\"@id\":\"https:\/\/www.urlaubcornwall.de\/blog\/ferienhaus-meer-west-bay-kueste-dorsets\/#breadcrumb\",\"itemListElement\":[{\"@type\":\"ListItem\",\"position\":1,\"name\":\"Home\",\"item\":\"https:\/\/www.urlaubcornwall.de\/blog\/\"},{\"@type\":\"ListItem\",\"position\":2,\"name\":\"Ferienhaus am Meer West Bay &#8211; K\u00fcste Dorsets\"}]}]}<\/script>\n<!-- \/ Yoast SEO plugin. -->","yoast_head_json":{"title":"Ferienhaus am Meer West Bay - K\u00fcste Dorsets - Urlaub &amp; Reisen","description":"Ein sch\u00f6nes Ferienhaus mit Blick auf die Landschaft und doch nur 10 Minuten Fu\u00dfweg zum Strand. Ein renoviertes 300 Jahre altes Charakter H\u00e4uschen mit allen modernen Annehmlichkeiten und M\u00f6beln. Aufgestellt im malerischen K\u00fcstendorf von Eype nahe Bridport in den h\u00fcgeligen H\u00fcgeln von West Dorset","robots":{"index":"index","follow":"follow","max-snippet":"max-snippet:-1","max-image-preview":"max-image-preview:large","max-video-preview":"max-video-preview:-1"},"canonical":"https:\/\/www.urlaubcornwall.de\/blog\/ferienhaus-meer-west-bay-kueste-dorsets\/","og_locale":"en_US","og_type":"article","og_title":"Ferienhaus am Meer West Bay - K\u00fcste Dorsets - Urlaub &amp; Reisen","og_description":"Ein sch\u00f6nes Ferienhaus mit Blick auf die Landschaft und doch nur 10 Minuten Fu\u00dfweg zum Strand. Ein renoviertes 300 Jahre altes Charakter H\u00e4uschen mit allen modernen Annehmlichkeiten und M\u00f6beln. Aufgestellt im malerischen K\u00fcstendorf von Eype nahe Bridport in den h\u00fcgeligen H\u00fcgeln von West Dorset","og_url":"https:\/\/www.urlaubcornwall.de\/blog\/ferienhaus-meer-west-bay-kueste-dorsets\/","og_site_name":"Urlaub &amp; Reisen","article_modified_time":"2021-09-17T10:58:34+00:00","og_image":[{"url":"https:\/\/www.urlaubcornwall.de\/blog\/wp-content\/uploads\/2018\/01\/ferienhaus-west-bay-dorset-am-meer.jpg"}],"twitter_card":"summary","twitter_misc":{"Est. reading time":"1 minute"},"schema":{"@context":"https:\/\/schema.org","@graph":[{"@type":"WebSite","@id":"https:\/\/www.urlaubcornwall.de\/blog\/#website","url":"https:\/\/www.urlaubcornwall.de\/blog\/","name":"Urlaub &amp; Reisen","description":"Urlaub, Reisen, Cornwall und S\u00fcdengland: eine perfekte Kombination","potentialAction":[{"@type":"SearchAction","target":{"@type":"EntryPoint","urlTemplate":"https:\/\/www.urlaubcornwall.de\/blog\/?s={search_term_string}"},"query-input":"required name=search_term_string"}],"inLanguage":"en-US"},{"@type":"WebPage","@id":"https:\/\/www.urlaubcornwall.de\/blog\/ferienhaus-meer-west-bay-kueste-dorsets\/","url":"https:\/\/www.urlaubcornwall.de\/blog\/ferienhaus-meer-west-bay-kueste-dorsets\/","name":"Ferienhaus am Meer West Bay - K\u00fcste Dorsets - Urlaub &amp; Reisen","isPartOf":{"@id":"https:\/\/www.urlaubcornwall.de\/blog\/#website"},"datePublished":"2018-01-02T15:41:42+00:00","dateModified":"2021-09-17T10:58:34+00:00","description":"Ein sch\u00f6nes Ferienhaus mit Blick auf die Landschaft und doch nur 10 Minuten Fu\u00dfweg zum Strand. Ein renoviertes 300 Jahre altes Charakter H\u00e4uschen mit allen modernen Annehmlichkeiten und M\u00f6beln. Aufgestellt im malerischen K\u00fcstendorf von Eype nahe Bridport in den h\u00fcgeligen H\u00fcgeln von West Dorset","breadcrumb":{"@id":"https:\/\/www.urlaubcornwall.de\/blog\/ferienhaus-meer-west-bay-kueste-dorsets\/#breadcrumb"},"inLanguage":"en-US","potentialAction":[{"@type":"ReadAction","target":["https:\/\/www.urlaubcornwall.de\/blog\/ferienhaus-meer-west-bay-kueste-dorsets\/"]}]},{"@type":"BreadcrumbList","@id":"https:\/\/www.urlaubcornwall.de\/blog\/ferienhaus-meer-west-bay-kueste-dorsets\/#breadcrumb","itemListElement":[{"@type":"ListItem","position":1,"name":"Home","item":"https:\/\/www.urlaubcornwall.de\/blog\/"},{"@type":"ListItem","position":2,"name":"Ferienhaus am Meer West Bay &#8211; K\u00fcste Dorsets"}]}]}},"_links":{"self":[{"href":"https:\/\/www.urlaubcornwall.de\/blog\/wp-json\/wp\/v2\/pages\/31709"}],"collection":[{"href":"https:\/\/www.urlaubcornwall.de\/blog\/wp-json\/wp\/v2\/pages"}],"about":[{"href":"https:\/\/www.urlaubcornwall.de\/blog\/wp-json\/wp\/v2\/types\/page"}],"author":[{"embeddable":true,"href":"https:\/\/www.urlaubcornwall.de\/blog\/wp-json\/wp\/v2\/users\/1"}],"replies":[{"embeddable":true,"href":"https:\/\/www.urlaubcornwall.de\/blog\/wp-json\/wp\/v2\/comments?post=31709"}],"version-history":[{"count":3,"href":"https:\/\/www.urlaubcornwall.de\/blog\/wp-json\/wp\/v2\/pages\/31709\/revisions"}],"predecessor-version":[{"id":42854,"href":"https:\/\/www.urlaubcornwall.de\/blog\/wp-json\/wp\/v2\/pages\/31709\/revisions\/42854"}],"wp:attachment":[{"href":"https:\/\/www.urlaubcornwall.de\/blog\/wp-json\/wp\/v2\/media?parent=31709"}],"curies":[{"name":"wp","href":"https:\/\/api.w.org\/{rel}","templated":true}]}}