{"id":31706,"date":"2018-01-02T15:25:40","date_gmt":"2018-01-02T15:25:40","guid":{"rendered":"https:\/\/www.urlaubcornwall.de\/blog\/?page_id=31706"},"modified":"2021-09-17T10:59:13","modified_gmt":"2021-09-17T10:59:13","slug":"ferienhaus-meer-weymouth-urlaub-strand","status":"publish","type":"page","link":"https:\/\/www.urlaubcornwall.de\/blog\/ferienhaus-meer-weymouth-urlaub-strand\/","title":{"rendered":"Ferienhaus am Meer Weymouth &#8211; Urlaub am Strand"},"content":{"rendered":"<p><img loading=\"lazy\" class=\"aligncenter size-full wp-image-31707\" src=\"https:\/\/www.urlaubcornwall.de\/blog\/wp-content\/uploads\/2018\/01\/ferienhaus-am-meer-weymouth.jpg\" alt=\"ferienhaus am meer weymouth\" width=\"749\" height=\"443\"\/><br \/>\n<strong>Scheune in Weymouth mit 2 Schlafzimmern, Schlafgelegenheiten 4 <\/strong><\/p>\n<p>Ein attraktives Ferienhaus auf einem Bauernhof in 50 Hektar dieser umgebauten semi-freistehenden Scheune befindet sich perfekt positioniert, um alle Dorset zu bieten hat zu genie\u00dfen. N\u00e4herte sich \u00fcber eine Gasse und mit Blick auf die Arbeit Bauernhof G\u00e4ste sind herzlich eingeladen, das Land zu durchstreifen und die Tiere zu sehen. Genie\u00dfen Sie die Erkundung der wundersch\u00f6nen Landschaft mit ihren kleinen malerischen D\u00f6rfern. Dieser Teil von Dorset bietet eine hervorragende K\u00fcste mit Klippen, die ein Welterbe ist und kann leicht von der H\u00fctte in 1,5 Meilen besucht werden. Die umliegende K\u00fcste bietet ausgezeichnete Bedingungen f\u00fcr das Tauchen Kanu fahren\/Kajak fahren Windsurfen\/Kitesurfen Angeln und Segeln.<\/p>\n<p style=\"text-align: center;\"><a class=\"tidycta\" href=\"https:\/\/www.urlaubcornwall.de\/ferienhaeuser-fewos\/weymouth-am-meer.html\">Details ansehen<\/a><\/p>\n<p style=\"text-align: center;\">Pers\u00f6nlich inspizierte Ferienh\u00e4user und Ferienwohnungen in Dorset f\u00fcr Ihren Urlaub.<\/p>\n<p style=\"text-align: center;\"><a href=\"https:\/\/www.urlaubcornwall.de\/ferienhaeuser-fewos\/eng\/dorset\/dorset-am-meer.html\"><strong>Ferienh\u00e4user, Cottages &amp; Ferienwohnungen in Weymouth und Dorset am Meer. <\/strong><\/a><\/p>\n","protected":false},"excerpt":{"rendered":"<p>Scheune in Weymouth mit 2 Schlafzimmern, Schlafgelegenheiten 4 Ein attraktives Ferienhaus auf einem Bauernhof in 50 Hektar dieser umgebauten semi-freistehenden Scheune befindet sich perfekt positioniert, um alle Dorset zu bieten hat zu genie\u00dfen. N\u00e4herte sich \u00fcber eine Gasse und mit Blick auf die Arbeit Bauernhof G\u00e4ste sind herzlich eingeladen, das Land zu durchstreifen und die [&hellip;]<\/p>\n","protected":false},"author":1,"featured_media":0,"parent":0,"menu_order":0,"comment_status":"closed","ping_status":"closed","template":"single-four.php","meta":[],"acf":[],"yoast_head":"<!-- This site is optimized with the Yoast SEO plugin v19.4 - https:\/\/yoast.com\/wordpress\/plugins\/seo\/ -->\n<title>Ferienhaus am Meer Weymouth - Urlaub am Strand - Urlaub &amp; Reisen<\/title>\n<meta name=\"description\" content=\"Ein attraktives Ferienhaus auf einem Bauernhof in 50 Hektar dieser umgebauten semi-freistehenden Scheune befindet sich perfekt positioniert, um alle Dorset zu bieten hat zu genie\u00dfen. N\u00e4herte sich \u00fcber eine Gasse und mit Blick auf die Arbeit Bauernhof G\u00e4ste sind herzlich eingeladen\" \/>\n<meta name=\"robots\" content=\"index, follow, max-snippet:-1, max-image-preview:large, max-video-preview:-1\" \/>\n<link rel=\"canonical\" href=\"https:\/\/www.urlaubcornwall.de\/blog\/ferienhaus-meer-weymouth-urlaub-strand\/\" \/>\n<meta property=\"og:locale\" content=\"en_US\" \/>\n<meta property=\"og:type\" content=\"article\" \/>\n<meta property=\"og:title\" content=\"Ferienhaus am Meer Weymouth - Urlaub am Strand - Urlaub &amp; Reisen\" \/>\n<meta property=\"og:description\" content=\"Ein attraktives Ferienhaus auf einem Bauernhof in 50 Hektar dieser umgebauten semi-freistehenden Scheune befindet sich perfekt positioniert, um alle Dorset zu bieten hat zu genie\u00dfen. N\u00e4herte sich \u00fcber eine Gasse und mit Blick auf die Arbeit Bauernhof G\u00e4ste sind herzlich eingeladen\" \/>\n<meta property=\"og:url\" content=\"https:\/\/www.urlaubcornwall.de\/blog\/ferienhaus-meer-weymouth-urlaub-strand\/\" \/>\n<meta property=\"og:site_name\" content=\"Urlaub &amp; Reisen\" \/>\n<meta property=\"article:modified_time\" content=\"2021-09-17T10:59:13+00:00\" \/>\n<meta property=\"og:image\" content=\"https:\/\/www.urlaubcornwall.de\/blog\/wp-content\/uploads\/2018\/01\/ferienhaus-am-meer-weymouth.jpg\" \/>\n<meta name=\"twitter:card\" content=\"summary\" \/>\n<meta name=\"twitter:label1\" content=\"Est. reading time\" \/>\n\t<meta name=\"twitter:data1\" content=\"1 minute\" \/>\n<script type=\"application\/ld+json\" class=\"yoast-schema-graph\">{\"@context\":\"https:\/\/schema.org\",\"@graph\":[{\"@type\":\"WebSite\",\"@id\":\"https:\/\/www.urlaubcornwall.de\/blog\/#website\",\"url\":\"https:\/\/www.urlaubcornwall.de\/blog\/\",\"name\":\"Urlaub &amp; Reisen\",\"description\":\"Urlaub, Reisen, Cornwall und S\u00fcdengland: eine perfekte Kombination\",\"potentialAction\":[{\"@type\":\"SearchAction\",\"target\":{\"@type\":\"EntryPoint\",\"urlTemplate\":\"https:\/\/www.urlaubcornwall.de\/blog\/?s={search_term_string}\"},\"query-input\":\"required name=search_term_string\"}],\"inLanguage\":\"en-US\"},{\"@type\":\"WebPage\",\"@id\":\"https:\/\/www.urlaubcornwall.de\/blog\/ferienhaus-meer-weymouth-urlaub-strand\/\",\"url\":\"https:\/\/www.urlaubcornwall.de\/blog\/ferienhaus-meer-weymouth-urlaub-strand\/\",\"name\":\"Ferienhaus am Meer Weymouth - Urlaub am Strand - Urlaub &amp; Reisen\",\"isPartOf\":{\"@id\":\"https:\/\/www.urlaubcornwall.de\/blog\/#website\"},\"datePublished\":\"2018-01-02T15:25:40+00:00\",\"dateModified\":\"2021-09-17T10:59:13+00:00\",\"description\":\"Ein attraktives Ferienhaus auf einem Bauernhof in 50 Hektar dieser umgebauten semi-freistehenden Scheune befindet sich perfekt positioniert, um alle Dorset zu bieten hat zu genie\u00dfen. N\u00e4herte sich \u00fcber eine Gasse und mit Blick auf die Arbeit Bauernhof G\u00e4ste sind herzlich eingeladen\",\"breadcrumb\":{\"@id\":\"https:\/\/www.urlaubcornwall.de\/blog\/ferienhaus-meer-weymouth-urlaub-strand\/#breadcrumb\"},\"inLanguage\":\"en-US\",\"potentialAction\":[{\"@type\":\"ReadAction\",\"target\":[\"https:\/\/www.urlaubcornwall.de\/blog\/ferienhaus-meer-weymouth-urlaub-strand\/\"]}]},{\"@type\":\"BreadcrumbList\",\"@id\":\"https:\/\/www.urlaubcornwall.de\/blog\/ferienhaus-meer-weymouth-urlaub-strand\/#breadcrumb\",\"itemListElement\":[{\"@type\":\"ListItem\",\"position\":1,\"name\":\"Home\",\"item\":\"https:\/\/www.urlaubcornwall.de\/blog\/\"},{\"@type\":\"ListItem\",\"position\":2,\"name\":\"Ferienhaus am Meer Weymouth &#8211; Urlaub am Strand\"}]}]}<\/script>\n<!-- \/ Yoast SEO plugin. -->","yoast_head_json":{"title":"Ferienhaus am Meer Weymouth - Urlaub am Strand - Urlaub &amp; Reisen","description":"Ein attraktives Ferienhaus auf einem Bauernhof in 50 Hektar dieser umgebauten semi-freistehenden Scheune befindet sich perfekt positioniert, um alle Dorset zu bieten hat zu genie\u00dfen. N\u00e4herte sich \u00fcber eine Gasse und mit Blick auf die Arbeit Bauernhof G\u00e4ste sind herzlich eingeladen","robots":{"index":"index","follow":"follow","max-snippet":"max-snippet:-1","max-image-preview":"max-image-preview:large","max-video-preview":"max-video-preview:-1"},"canonical":"https:\/\/www.urlaubcornwall.de\/blog\/ferienhaus-meer-weymouth-urlaub-strand\/","og_locale":"en_US","og_type":"article","og_title":"Ferienhaus am Meer Weymouth - Urlaub am Strand - Urlaub &amp; Reisen","og_description":"Ein attraktives Ferienhaus auf einem Bauernhof in 50 Hektar dieser umgebauten semi-freistehenden Scheune befindet sich perfekt positioniert, um alle Dorset zu bieten hat zu genie\u00dfen. N\u00e4herte sich \u00fcber eine Gasse und mit Blick auf die Arbeit Bauernhof G\u00e4ste sind herzlich eingeladen","og_url":"https:\/\/www.urlaubcornwall.de\/blog\/ferienhaus-meer-weymouth-urlaub-strand\/","og_site_name":"Urlaub &amp; Reisen","article_modified_time":"2021-09-17T10:59:13+00:00","og_image":[{"url":"https:\/\/www.urlaubcornwall.de\/blog\/wp-content\/uploads\/2018\/01\/ferienhaus-am-meer-weymouth.jpg"}],"twitter_card":"summary","twitter_misc":{"Est. reading time":"1 minute"},"schema":{"@context":"https:\/\/schema.org","@graph":[{"@type":"WebSite","@id":"https:\/\/www.urlaubcornwall.de\/blog\/#website","url":"https:\/\/www.urlaubcornwall.de\/blog\/","name":"Urlaub &amp; Reisen","description":"Urlaub, Reisen, Cornwall und S\u00fcdengland: eine perfekte Kombination","potentialAction":[{"@type":"SearchAction","target":{"@type":"EntryPoint","urlTemplate":"https:\/\/www.urlaubcornwall.de\/blog\/?s={search_term_string}"},"query-input":"required name=search_term_string"}],"inLanguage":"en-US"},{"@type":"WebPage","@id":"https:\/\/www.urlaubcornwall.de\/blog\/ferienhaus-meer-weymouth-urlaub-strand\/","url":"https:\/\/www.urlaubcornwall.de\/blog\/ferienhaus-meer-weymouth-urlaub-strand\/","name":"Ferienhaus am Meer Weymouth - Urlaub am Strand - Urlaub &amp; Reisen","isPartOf":{"@id":"https:\/\/www.urlaubcornwall.de\/blog\/#website"},"datePublished":"2018-01-02T15:25:40+00:00","dateModified":"2021-09-17T10:59:13+00:00","description":"Ein attraktives Ferienhaus auf einem Bauernhof in 50 Hektar dieser umgebauten semi-freistehenden Scheune befindet sich perfekt positioniert, um alle Dorset zu bieten hat zu genie\u00dfen. N\u00e4herte sich \u00fcber eine Gasse und mit Blick auf die Arbeit Bauernhof G\u00e4ste sind herzlich eingeladen","breadcrumb":{"@id":"https:\/\/www.urlaubcornwall.de\/blog\/ferienhaus-meer-weymouth-urlaub-strand\/#breadcrumb"},"inLanguage":"en-US","potentialAction":[{"@type":"ReadAction","target":["https:\/\/www.urlaubcornwall.de\/blog\/ferienhaus-meer-weymouth-urlaub-strand\/"]}]},{"@type":"BreadcrumbList","@id":"https:\/\/www.urlaubcornwall.de\/blog\/ferienhaus-meer-weymouth-urlaub-strand\/#breadcrumb","itemListElement":[{"@type":"ListItem","position":1,"name":"Home","item":"https:\/\/www.urlaubcornwall.de\/blog\/"},{"@type":"ListItem","position":2,"name":"Ferienhaus am Meer Weymouth &#8211; Urlaub am Strand"}]}]}},"_links":{"self":[{"href":"https:\/\/www.urlaubcornwall.de\/blog\/wp-json\/wp\/v2\/pages\/31706"}],"collection":[{"href":"https:\/\/www.urlaubcornwall.de\/blog\/wp-json\/wp\/v2\/pages"}],"about":[{"href":"https:\/\/www.urlaubcornwall.de\/blog\/wp-json\/wp\/v2\/types\/page"}],"author":[{"embeddable":true,"href":"https:\/\/www.urlaubcornwall.de\/blog\/wp-json\/wp\/v2\/users\/1"}],"replies":[{"embeddable":true,"href":"https:\/\/www.urlaubcornwall.de\/blog\/wp-json\/wp\/v2\/comments?post=31706"}],"version-history":[{"count":5,"href":"https:\/\/www.urlaubcornwall.de\/blog\/wp-json\/wp\/v2\/pages\/31706\/revisions"}],"predecessor-version":[{"id":42855,"href":"https:\/\/www.urlaubcornwall.de\/blog\/wp-json\/wp\/v2\/pages\/31706\/revisions\/42855"}],"wp:attachment":[{"href":"https:\/\/www.urlaubcornwall.de\/blog\/wp-json\/wp\/v2\/media?parent=31706"}],"curies":[{"name":"wp","href":"https:\/\/api.w.org\/{rel}","templated":true}]}}