{"id":31703,"date":"2018-01-02T15:14:31","date_gmt":"2018-01-02T15:14:31","guid":{"rendered":"https:\/\/www.urlaubcornwall.de\/blog\/?page_id=31703"},"modified":"2021-09-17T12:35:31","modified_gmt":"2021-09-17T12:35:31","slug":"ferienwohnung-meer-bournemouth-strandurlaub-england","status":"publish","type":"page","link":"https:\/\/www.urlaubcornwall.de\/blog\/ferienwohnung-meer-bournemouth-strandurlaub-england\/","title":{"rendered":"Ferienwohnung am Meer in Bournemouth &#8211; Strandurlaub England"},"content":{"rendered":"<p><img loading=\"lazy\" class=\"aligncenter size-full wp-image-31704\" src=\"https:\/\/www.urlaubcornwall.de\/blog\/wp-content\/uploads\/2018\/01\/ferienwohgung-am-meer-bournmouth.jpg\" alt=\"ferienwohgung am meer bournmouth\" width=\"749\" height=\"438\"\/><br \/>\n<strong>Ferienwohnung in Bournemouth mit 2 Schlafzimmern, Schlafgelegenheiten<\/strong> 4<\/p>\n<p>Mit M\u00f6beln im skandinavischen Stil eingerichtet, ist dieses beeindruckende Ferienhaus nur wenige Gehminuten vom Bournemouth Beach Pier und dem Stadtzentrum entfernt. Dieses stilvolle Apartment bietet eine einzigartige Kombination aus Ruhe und Spa\u00df. Eingebettet zwischen den sch\u00f6nen unteren G\u00e4rten ein freundliches Stadtzentrum und sieben Meilen von sauberen goldenen Sand. Bournemouth bietet eine gro\u00dfe Auswahl an Restaurants Caf\u00e9s Pubs, Gesch\u00e4fte, ein Kongresszentrum, Supermarkt, ein Kino alle nur wenige Gehminuten von Ihrer T\u00fcr. Bournemouth ist einer der gr\u00f6\u00dften Badeorte an der S\u00fcdk\u00fcste Gro\u00dfbritanniens mit Kreide Klippen.<\/p>\n<p style=\"text-align: center;\"><a class=\"tidycta\" href=\"https:\/\/www.urlaubcornwall.de\/ferienhaeuser-fewos\/eng\/dorset\/bournemouth.html\">Suche Ferienh\u00e4user Bournemouth<\/a><\/p>\n<p style=\"text-align: center;\">Pers\u00f6nlich inspizierte Ferienh\u00e4user und Ferienwohnungen in Dorset f\u00fcr Ihren Urlaub.<\/p>\n<p style=\"text-align: center;\"><a href=\"https:\/\/www.urlaubcornwall.de\/ferienhaeuser-fewos\/eng\/dorset\/dorset.html\"><strong>Ferienh\u00e4user, Cottages &amp; Ferienwohnungen in Bournemouth und Dorset am Meer. <\/strong><\/a><\/p>\n","protected":false},"excerpt":{"rendered":"<p>Ferienwohnung in Bournemouth mit 2 Schlafzimmern, Schlafgelegenheiten 4 Mit M\u00f6beln im skandinavischen Stil eingerichtet, ist dieses beeindruckende Ferienhaus nur wenige Gehminuten vom Bournemouth Beach Pier und dem Stadtzentrum entfernt. Dieses stilvolle Apartment bietet eine einzigartige Kombination aus Ruhe und Spa\u00df. Eingebettet zwischen den sch\u00f6nen unteren G\u00e4rten ein freundliches Stadtzentrum und sieben Meilen von sauberen goldenen [&hellip;]<\/p>\n","protected":false},"author":1,"featured_media":0,"parent":0,"menu_order":0,"comment_status":"closed","ping_status":"closed","template":"single-four.php","meta":[],"acf":[],"yoast_head":"<!-- This site is optimized with the Yoast SEO plugin v19.4 - https:\/\/yoast.com\/wordpress\/plugins\/seo\/ -->\n<title>Ferienwohnung am Meer in Bournemouth - Strandurlaub England - Urlaub &amp; Reisen<\/title>\n<meta name=\"description\" content=\"Mit M\u00f6beln im skandinavischen Stil eingerichtet, ist dieses beeindruckende Ferienhaus nur wenige Gehminuten vom Bournemouth Beach Pier und dem Stadtzentrum entfernt. Dieses stilvolle Apartment bietet eine einzigartige Kombination aus Ruhe und Spa\u00df. Eingebettet zwischen den sch\u00f6nen unteren G\u00e4rten ein freundliches Stadtzentrum und sieben Meilen von sauberen goldenen Sand. Bournemouth bietet eine gro\u00dfe Auswahl an Restaurants Caf\u00e9s Pubs\" \/>\n<meta name=\"robots\" content=\"index, follow, max-snippet:-1, max-image-preview:large, max-video-preview:-1\" \/>\n<link rel=\"canonical\" href=\"https:\/\/www.urlaubcornwall.de\/blog\/ferienwohnung-meer-bournemouth-strandurlaub-england\/\" \/>\n<meta property=\"og:locale\" content=\"en_US\" \/>\n<meta property=\"og:type\" content=\"article\" \/>\n<meta property=\"og:title\" content=\"Ferienwohnung am Meer in Bournemouth - Strandurlaub England - Urlaub &amp; Reisen\" \/>\n<meta property=\"og:description\" content=\"Mit M\u00f6beln im skandinavischen Stil eingerichtet, ist dieses beeindruckende Ferienhaus nur wenige Gehminuten vom Bournemouth Beach Pier und dem Stadtzentrum entfernt. Dieses stilvolle Apartment bietet eine einzigartige Kombination aus Ruhe und Spa\u00df. Eingebettet zwischen den sch\u00f6nen unteren G\u00e4rten ein freundliches Stadtzentrum und sieben Meilen von sauberen goldenen Sand. Bournemouth bietet eine gro\u00dfe Auswahl an Restaurants Caf\u00e9s Pubs\" \/>\n<meta property=\"og:url\" content=\"https:\/\/www.urlaubcornwall.de\/blog\/ferienwohnung-meer-bournemouth-strandurlaub-england\/\" \/>\n<meta property=\"og:site_name\" content=\"Urlaub &amp; Reisen\" \/>\n<meta property=\"article:modified_time\" content=\"2021-09-17T12:35:31+00:00\" \/>\n<meta property=\"og:image\" content=\"https:\/\/www.urlaubcornwall.de\/blog\/wp-content\/uploads\/2018\/01\/ferienwohgung-am-meer-bournmouth.jpg\" \/>\n<meta name=\"twitter:card\" content=\"summary\" \/>\n<meta name=\"twitter:label1\" content=\"Est. reading time\" \/>\n\t<meta name=\"twitter:data1\" content=\"1 minute\" \/>\n<script type=\"application\/ld+json\" class=\"yoast-schema-graph\">{\"@context\":\"https:\/\/schema.org\",\"@graph\":[{\"@type\":\"WebSite\",\"@id\":\"https:\/\/www.urlaubcornwall.de\/blog\/#website\",\"url\":\"https:\/\/www.urlaubcornwall.de\/blog\/\",\"name\":\"Urlaub &amp; Reisen\",\"description\":\"Urlaub, Reisen, Cornwall und S\u00fcdengland: eine perfekte Kombination\",\"potentialAction\":[{\"@type\":\"SearchAction\",\"target\":{\"@type\":\"EntryPoint\",\"urlTemplate\":\"https:\/\/www.urlaubcornwall.de\/blog\/?s={search_term_string}\"},\"query-input\":\"required name=search_term_string\"}],\"inLanguage\":\"en-US\"},{\"@type\":\"WebPage\",\"@id\":\"https:\/\/www.urlaubcornwall.de\/blog\/ferienwohnung-meer-bournemouth-strandurlaub-england\/\",\"url\":\"https:\/\/www.urlaubcornwall.de\/blog\/ferienwohnung-meer-bournemouth-strandurlaub-england\/\",\"name\":\"Ferienwohnung am Meer in Bournemouth - Strandurlaub England - Urlaub &amp; Reisen\",\"isPartOf\":{\"@id\":\"https:\/\/www.urlaubcornwall.de\/blog\/#website\"},\"datePublished\":\"2018-01-02T15:14:31+00:00\",\"dateModified\":\"2021-09-17T12:35:31+00:00\",\"description\":\"Mit M\u00f6beln im skandinavischen Stil eingerichtet, ist dieses beeindruckende Ferienhaus nur wenige Gehminuten vom Bournemouth Beach Pier und dem Stadtzentrum entfernt. Dieses stilvolle Apartment bietet eine einzigartige Kombination aus Ruhe und Spa\u00df. Eingebettet zwischen den sch\u00f6nen unteren G\u00e4rten ein freundliches Stadtzentrum und sieben Meilen von sauberen goldenen Sand. Bournemouth bietet eine gro\u00dfe Auswahl an Restaurants Caf\u00e9s Pubs\",\"breadcrumb\":{\"@id\":\"https:\/\/www.urlaubcornwall.de\/blog\/ferienwohnung-meer-bournemouth-strandurlaub-england\/#breadcrumb\"},\"inLanguage\":\"en-US\",\"potentialAction\":[{\"@type\":\"ReadAction\",\"target\":[\"https:\/\/www.urlaubcornwall.de\/blog\/ferienwohnung-meer-bournemouth-strandurlaub-england\/\"]}]},{\"@type\":\"BreadcrumbList\",\"@id\":\"https:\/\/www.urlaubcornwall.de\/blog\/ferienwohnung-meer-bournemouth-strandurlaub-england\/#breadcrumb\",\"itemListElement\":[{\"@type\":\"ListItem\",\"position\":1,\"name\":\"Home\",\"item\":\"https:\/\/www.urlaubcornwall.de\/blog\/\"},{\"@type\":\"ListItem\",\"position\":2,\"name\":\"Ferienwohnung am Meer in Bournemouth &#8211; Strandurlaub England\"}]}]}<\/script>\n<!-- \/ Yoast SEO plugin. -->","yoast_head_json":{"title":"Ferienwohnung am Meer in Bournemouth - Strandurlaub England - Urlaub &amp; Reisen","description":"Mit M\u00f6beln im skandinavischen Stil eingerichtet, ist dieses beeindruckende Ferienhaus nur wenige Gehminuten vom Bournemouth Beach Pier und dem Stadtzentrum entfernt. Dieses stilvolle Apartment bietet eine einzigartige Kombination aus Ruhe und Spa\u00df. Eingebettet zwischen den sch\u00f6nen unteren G\u00e4rten ein freundliches Stadtzentrum und sieben Meilen von sauberen goldenen Sand. Bournemouth bietet eine gro\u00dfe Auswahl an Restaurants Caf\u00e9s Pubs","robots":{"index":"index","follow":"follow","max-snippet":"max-snippet:-1","max-image-preview":"max-image-preview:large","max-video-preview":"max-video-preview:-1"},"canonical":"https:\/\/www.urlaubcornwall.de\/blog\/ferienwohnung-meer-bournemouth-strandurlaub-england\/","og_locale":"en_US","og_type":"article","og_title":"Ferienwohnung am Meer in Bournemouth - Strandurlaub England - Urlaub &amp; Reisen","og_description":"Mit M\u00f6beln im skandinavischen Stil eingerichtet, ist dieses beeindruckende Ferienhaus nur wenige Gehminuten vom Bournemouth Beach Pier und dem Stadtzentrum entfernt. Dieses stilvolle Apartment bietet eine einzigartige Kombination aus Ruhe und Spa\u00df. Eingebettet zwischen den sch\u00f6nen unteren G\u00e4rten ein freundliches Stadtzentrum und sieben Meilen von sauberen goldenen Sand. Bournemouth bietet eine gro\u00dfe Auswahl an Restaurants Caf\u00e9s Pubs","og_url":"https:\/\/www.urlaubcornwall.de\/blog\/ferienwohnung-meer-bournemouth-strandurlaub-england\/","og_site_name":"Urlaub &amp; Reisen","article_modified_time":"2021-09-17T12:35:31+00:00","og_image":[{"url":"https:\/\/www.urlaubcornwall.de\/blog\/wp-content\/uploads\/2018\/01\/ferienwohgung-am-meer-bournmouth.jpg"}],"twitter_card":"summary","twitter_misc":{"Est. reading time":"1 minute"},"schema":{"@context":"https:\/\/schema.org","@graph":[{"@type":"WebSite","@id":"https:\/\/www.urlaubcornwall.de\/blog\/#website","url":"https:\/\/www.urlaubcornwall.de\/blog\/","name":"Urlaub &amp; Reisen","description":"Urlaub, Reisen, Cornwall und S\u00fcdengland: eine perfekte Kombination","potentialAction":[{"@type":"SearchAction","target":{"@type":"EntryPoint","urlTemplate":"https:\/\/www.urlaubcornwall.de\/blog\/?s={search_term_string}"},"query-input":"required name=search_term_string"}],"inLanguage":"en-US"},{"@type":"WebPage","@id":"https:\/\/www.urlaubcornwall.de\/blog\/ferienwohnung-meer-bournemouth-strandurlaub-england\/","url":"https:\/\/www.urlaubcornwall.de\/blog\/ferienwohnung-meer-bournemouth-strandurlaub-england\/","name":"Ferienwohnung am Meer in Bournemouth - Strandurlaub England - Urlaub &amp; Reisen","isPartOf":{"@id":"https:\/\/www.urlaubcornwall.de\/blog\/#website"},"datePublished":"2018-01-02T15:14:31+00:00","dateModified":"2021-09-17T12:35:31+00:00","description":"Mit M\u00f6beln im skandinavischen Stil eingerichtet, ist dieses beeindruckende Ferienhaus nur wenige Gehminuten vom Bournemouth Beach Pier und dem Stadtzentrum entfernt. Dieses stilvolle Apartment bietet eine einzigartige Kombination aus Ruhe und Spa\u00df. Eingebettet zwischen den sch\u00f6nen unteren G\u00e4rten ein freundliches Stadtzentrum und sieben Meilen von sauberen goldenen Sand. Bournemouth bietet eine gro\u00dfe Auswahl an Restaurants Caf\u00e9s Pubs","breadcrumb":{"@id":"https:\/\/www.urlaubcornwall.de\/blog\/ferienwohnung-meer-bournemouth-strandurlaub-england\/#breadcrumb"},"inLanguage":"en-US","potentialAction":[{"@type":"ReadAction","target":["https:\/\/www.urlaubcornwall.de\/blog\/ferienwohnung-meer-bournemouth-strandurlaub-england\/"]}]},{"@type":"BreadcrumbList","@id":"https:\/\/www.urlaubcornwall.de\/blog\/ferienwohnung-meer-bournemouth-strandurlaub-england\/#breadcrumb","itemListElement":[{"@type":"ListItem","position":1,"name":"Home","item":"https:\/\/www.urlaubcornwall.de\/blog\/"},{"@type":"ListItem","position":2,"name":"Ferienwohnung am Meer in Bournemouth &#8211; Strandurlaub England"}]}]}},"_links":{"self":[{"href":"https:\/\/www.urlaubcornwall.de\/blog\/wp-json\/wp\/v2\/pages\/31703"}],"collection":[{"href":"https:\/\/www.urlaubcornwall.de\/blog\/wp-json\/wp\/v2\/pages"}],"about":[{"href":"https:\/\/www.urlaubcornwall.de\/blog\/wp-json\/wp\/v2\/types\/page"}],"author":[{"embeddable":true,"href":"https:\/\/www.urlaubcornwall.de\/blog\/wp-json\/wp\/v2\/users\/1"}],"replies":[{"embeddable":true,"href":"https:\/\/www.urlaubcornwall.de\/blog\/wp-json\/wp\/v2\/comments?post=31703"}],"version-history":[{"count":5,"href":"https:\/\/www.urlaubcornwall.de\/blog\/wp-json\/wp\/v2\/pages\/31703\/revisions"}],"predecessor-version":[{"id":42908,"href":"https:\/\/www.urlaubcornwall.de\/blog\/wp-json\/wp\/v2\/pages\/31703\/revisions\/42908"}],"wp:attachment":[{"href":"https:\/\/www.urlaubcornwall.de\/blog\/wp-json\/wp\/v2\/media?parent=31703"}],"curies":[{"name":"wp","href":"https:\/\/api.w.org\/{rel}","templated":true}]}}