{"id":31698,"date":"2018-01-02T12:32:06","date_gmt":"2018-01-02T12:32:06","guid":{"rendered":"https:\/\/www.urlaubcornwall.de\/blog\/?page_id=31698"},"modified":"2021-09-17T10:53:57","modified_gmt":"2021-09-17T10:53:57","slug":"ferienhaus-meer-poole-urlaub-dorset","status":"publish","type":"page","link":"https:\/\/www.urlaubcornwall.de\/blog\/ferienhaus-meer-poole-urlaub-dorset\/","title":{"rendered":"Ferienhaus am Meer Poole &#8211; Urlaub in Dorset"},"content":{"rendered":"<p><img loading=\"lazy\" src=\"https:\/\/www.urlaubcornwall.de\/blog\/wp-content\/uploads\/2018\/01\/ferienhaus-am-meer-poole.jpg\" alt=\"Ferienhaus am Meer Poole\" width=\"749\" height=\"377\" class=\"aligncenter size-full wp-image-31700\" \/><br \/>\n<strong>Ferienhaus nahe Poole Hafen und Sandbanks mit 4 Schlafzimmern, Schlafgelegenheiten 8<\/strong><\/p>\n<p>Ein beeindruckendes Ferienhaus in einer prestigetr\u00e4chtigen Gegend in der N\u00e4he von Sandbanks Beach f\u00fcr 7 Personen. Ein einzigartiges Anwesen in der N\u00e4he der <a href=\"https:\/\/www.urlaubcornwall.de\/ferienhaeuser-fewos\/eng\/dorset\/bournemouth.html\">beliebten St\u00e4dte Bournemouth<\/a> und Poole und mit einem privaten Au\u00dfenpool und originellen Art-Deco-Bad ist es die perfekte Kulisse f\u00fcr einen Familienurlaub. Canford Cliffs Village ist zu Fu\u00df erreichbar und bietet eine Auswahl an Gesch\u00e4ften, Restaurants und Bars. Eine Auswahl an Sandstr\u00e4nden ist in unmittelbarer N\u00e4he ideal zum Baden und Wassersport oder erkunden Sie die atemberaubenden G\u00e4rten in der N\u00e4he Compton Acres. Poole Quay ist auch leicht zu erreichen, wo Bootsfahrten aus dem Hafen rund um die ber\u00fchmte Sandbanks Halbinsel oder auf Brownsea Island, die Heimat von Open-Air-Theater im Sommer genommen werden kann&#8230;..<\/p>\n<p style=\"text-align: center;\"><a class=\"tidycta\" href=\"https:\/\/www.urlaubcornwall.de\/ferienhaeuser-fewos\/eng\/dorset\/poole-am-meer.html\">Suche Ferienh\u00e4user Poole<\/a><\/p>\n<p style=\"text-align: center;\">Pers\u00f6nlich inspizierte Ferienh\u00e4user und Ferienwohnungen in Dorset f\u00fcr Ihren Urlaub.<\/p>\n<p style=\"text-align: center;\"><a href=\"https:\/\/www.urlaubcornwall.de\/ferienhaeuser-fewos\/dorset-am-meer.html\"><strong>Ferienh\u00e4user, Cottages &amp; Ferienwohnungen in Poole und Dorset am Meer. <\/strong><\/a><\/p>\n","protected":false},"excerpt":{"rendered":"<p>Ferienhaus nahe Poole Hafen und Sandbanks mit 4 Schlafzimmern, Schlafgelegenheiten 8 Ein beeindruckendes Ferienhaus in einer prestigetr\u00e4chtigen Gegend in der N\u00e4he von Sandbanks Beach f\u00fcr 7 Personen. Ein einzigartiges Anwesen in der N\u00e4he der beliebten St\u00e4dte Bournemouth und Poole und mit einem privaten Au\u00dfenpool und originellen Art-Deco-Bad ist es die perfekte Kulisse f\u00fcr einen Familienurlaub. [&hellip;]<\/p>\n","protected":false},"author":1,"featured_media":0,"parent":0,"menu_order":0,"comment_status":"closed","ping_status":"closed","template":"single-four.php","meta":[],"acf":[],"yoast_head":"<!-- This site is optimized with the Yoast SEO plugin v19.4 - https:\/\/yoast.com\/wordpress\/plugins\/seo\/ -->\n<title>Ferienhaus am Meer Poole - Urlaub in Dorset - Urlaub &amp; Reisen<\/title>\n<meta name=\"description\" content=\"Ein beeindruckendes Ferienhaus in einer prestigetr\u00e4chtigen Gegend in der N\u00e4he von Sandbanks Beach f\u00fcr 7 Personen. Ein einzigartiges Anwesen in der N\u00e4he der beliebten St\u00e4dte Bournemouth und Poole und mit einem privaten Au\u00dfenpool und originellen Art-Deco-Bad ist es die perfekte Kulisse f\u00fcr einen Familienurlaub\" \/>\n<meta name=\"robots\" content=\"index, follow, max-snippet:-1, max-image-preview:large, max-video-preview:-1\" \/>\n<link rel=\"canonical\" href=\"https:\/\/www.urlaubcornwall.de\/blog\/ferienhaus-meer-poole-urlaub-dorset\/\" \/>\n<meta property=\"og:locale\" content=\"en_US\" \/>\n<meta property=\"og:type\" content=\"article\" \/>\n<meta property=\"og:title\" content=\"Ferienhaus am Meer Poole - Urlaub in Dorset - Urlaub &amp; Reisen\" \/>\n<meta property=\"og:description\" content=\"Ein beeindruckendes Ferienhaus in einer prestigetr\u00e4chtigen Gegend in der N\u00e4he von Sandbanks Beach f\u00fcr 7 Personen. Ein einzigartiges Anwesen in der N\u00e4he der beliebten St\u00e4dte Bournemouth und Poole und mit einem privaten Au\u00dfenpool und originellen Art-Deco-Bad ist es die perfekte Kulisse f\u00fcr einen Familienurlaub\" \/>\n<meta property=\"og:url\" content=\"https:\/\/www.urlaubcornwall.de\/blog\/ferienhaus-meer-poole-urlaub-dorset\/\" \/>\n<meta property=\"og:site_name\" content=\"Urlaub &amp; Reisen\" \/>\n<meta property=\"article:modified_time\" content=\"2021-09-17T10:53:57+00:00\" \/>\n<meta property=\"og:image\" content=\"https:\/\/www.urlaubcornwall.de\/blog\/wp-content\/uploads\/2018\/01\/ferienhaus-am-meer-poole.jpg\" \/>\n<meta name=\"twitter:card\" content=\"summary\" \/>\n<meta name=\"twitter:label1\" content=\"Est. reading time\" \/>\n\t<meta name=\"twitter:data1\" content=\"1 minute\" \/>\n<script type=\"application\/ld+json\" class=\"yoast-schema-graph\">{\"@context\":\"https:\/\/schema.org\",\"@graph\":[{\"@type\":\"WebSite\",\"@id\":\"https:\/\/www.urlaubcornwall.de\/blog\/#website\",\"url\":\"https:\/\/www.urlaubcornwall.de\/blog\/\",\"name\":\"Urlaub &amp; Reisen\",\"description\":\"Urlaub, Reisen, Cornwall und S\u00fcdengland: eine perfekte Kombination\",\"potentialAction\":[{\"@type\":\"SearchAction\",\"target\":{\"@type\":\"EntryPoint\",\"urlTemplate\":\"https:\/\/www.urlaubcornwall.de\/blog\/?s={search_term_string}\"},\"query-input\":\"required name=search_term_string\"}],\"inLanguage\":\"en-US\"},{\"@type\":\"WebPage\",\"@id\":\"https:\/\/www.urlaubcornwall.de\/blog\/ferienhaus-meer-poole-urlaub-dorset\/\",\"url\":\"https:\/\/www.urlaubcornwall.de\/blog\/ferienhaus-meer-poole-urlaub-dorset\/\",\"name\":\"Ferienhaus am Meer Poole - Urlaub in Dorset - Urlaub &amp; Reisen\",\"isPartOf\":{\"@id\":\"https:\/\/www.urlaubcornwall.de\/blog\/#website\"},\"datePublished\":\"2018-01-02T12:32:06+00:00\",\"dateModified\":\"2021-09-17T10:53:57+00:00\",\"description\":\"Ein beeindruckendes Ferienhaus in einer prestigetr\u00e4chtigen Gegend in der N\u00e4he von Sandbanks Beach f\u00fcr 7 Personen. Ein einzigartiges Anwesen in der N\u00e4he der beliebten St\u00e4dte Bournemouth und Poole und mit einem privaten Au\u00dfenpool und originellen Art-Deco-Bad ist es die perfekte Kulisse f\u00fcr einen Familienurlaub\",\"breadcrumb\":{\"@id\":\"https:\/\/www.urlaubcornwall.de\/blog\/ferienhaus-meer-poole-urlaub-dorset\/#breadcrumb\"},\"inLanguage\":\"en-US\",\"potentialAction\":[{\"@type\":\"ReadAction\",\"target\":[\"https:\/\/www.urlaubcornwall.de\/blog\/ferienhaus-meer-poole-urlaub-dorset\/\"]}]},{\"@type\":\"BreadcrumbList\",\"@id\":\"https:\/\/www.urlaubcornwall.de\/blog\/ferienhaus-meer-poole-urlaub-dorset\/#breadcrumb\",\"itemListElement\":[{\"@type\":\"ListItem\",\"position\":1,\"name\":\"Home\",\"item\":\"https:\/\/www.urlaubcornwall.de\/blog\/\"},{\"@type\":\"ListItem\",\"position\":2,\"name\":\"Ferienhaus am Meer Poole &#8211; Urlaub in Dorset\"}]}]}<\/script>\n<!-- \/ Yoast SEO plugin. -->","yoast_head_json":{"title":"Ferienhaus am Meer Poole - Urlaub in Dorset - Urlaub &amp; Reisen","description":"Ein beeindruckendes Ferienhaus in einer prestigetr\u00e4chtigen Gegend in der N\u00e4he von Sandbanks Beach f\u00fcr 7 Personen. Ein einzigartiges Anwesen in der N\u00e4he der beliebten St\u00e4dte Bournemouth und Poole und mit einem privaten Au\u00dfenpool und originellen Art-Deco-Bad ist es die perfekte Kulisse f\u00fcr einen Familienurlaub","robots":{"index":"index","follow":"follow","max-snippet":"max-snippet:-1","max-image-preview":"max-image-preview:large","max-video-preview":"max-video-preview:-1"},"canonical":"https:\/\/www.urlaubcornwall.de\/blog\/ferienhaus-meer-poole-urlaub-dorset\/","og_locale":"en_US","og_type":"article","og_title":"Ferienhaus am Meer Poole - Urlaub in Dorset - Urlaub &amp; Reisen","og_description":"Ein beeindruckendes Ferienhaus in einer prestigetr\u00e4chtigen Gegend in der N\u00e4he von Sandbanks Beach f\u00fcr 7 Personen. Ein einzigartiges Anwesen in der N\u00e4he der beliebten St\u00e4dte Bournemouth und Poole und mit einem privaten Au\u00dfenpool und originellen Art-Deco-Bad ist es die perfekte Kulisse f\u00fcr einen Familienurlaub","og_url":"https:\/\/www.urlaubcornwall.de\/blog\/ferienhaus-meer-poole-urlaub-dorset\/","og_site_name":"Urlaub &amp; Reisen","article_modified_time":"2021-09-17T10:53:57+00:00","og_image":[{"url":"https:\/\/www.urlaubcornwall.de\/blog\/wp-content\/uploads\/2018\/01\/ferienhaus-am-meer-poole.jpg"}],"twitter_card":"summary","twitter_misc":{"Est. reading time":"1 minute"},"schema":{"@context":"https:\/\/schema.org","@graph":[{"@type":"WebSite","@id":"https:\/\/www.urlaubcornwall.de\/blog\/#website","url":"https:\/\/www.urlaubcornwall.de\/blog\/","name":"Urlaub &amp; Reisen","description":"Urlaub, Reisen, Cornwall und S\u00fcdengland: eine perfekte Kombination","potentialAction":[{"@type":"SearchAction","target":{"@type":"EntryPoint","urlTemplate":"https:\/\/www.urlaubcornwall.de\/blog\/?s={search_term_string}"},"query-input":"required name=search_term_string"}],"inLanguage":"en-US"},{"@type":"WebPage","@id":"https:\/\/www.urlaubcornwall.de\/blog\/ferienhaus-meer-poole-urlaub-dorset\/","url":"https:\/\/www.urlaubcornwall.de\/blog\/ferienhaus-meer-poole-urlaub-dorset\/","name":"Ferienhaus am Meer Poole - Urlaub in Dorset - Urlaub &amp; Reisen","isPartOf":{"@id":"https:\/\/www.urlaubcornwall.de\/blog\/#website"},"datePublished":"2018-01-02T12:32:06+00:00","dateModified":"2021-09-17T10:53:57+00:00","description":"Ein beeindruckendes Ferienhaus in einer prestigetr\u00e4chtigen Gegend in der N\u00e4he von Sandbanks Beach f\u00fcr 7 Personen. Ein einzigartiges Anwesen in der N\u00e4he der beliebten St\u00e4dte Bournemouth und Poole und mit einem privaten Au\u00dfenpool und originellen Art-Deco-Bad ist es die perfekte Kulisse f\u00fcr einen Familienurlaub","breadcrumb":{"@id":"https:\/\/www.urlaubcornwall.de\/blog\/ferienhaus-meer-poole-urlaub-dorset\/#breadcrumb"},"inLanguage":"en-US","potentialAction":[{"@type":"ReadAction","target":["https:\/\/www.urlaubcornwall.de\/blog\/ferienhaus-meer-poole-urlaub-dorset\/"]}]},{"@type":"BreadcrumbList","@id":"https:\/\/www.urlaubcornwall.de\/blog\/ferienhaus-meer-poole-urlaub-dorset\/#breadcrumb","itemListElement":[{"@type":"ListItem","position":1,"name":"Home","item":"https:\/\/www.urlaubcornwall.de\/blog\/"},{"@type":"ListItem","position":2,"name":"Ferienhaus am Meer Poole &#8211; Urlaub in Dorset"}]}]}},"_links":{"self":[{"href":"https:\/\/www.urlaubcornwall.de\/blog\/wp-json\/wp\/v2\/pages\/31698"}],"collection":[{"href":"https:\/\/www.urlaubcornwall.de\/blog\/wp-json\/wp\/v2\/pages"}],"about":[{"href":"https:\/\/www.urlaubcornwall.de\/blog\/wp-json\/wp\/v2\/types\/page"}],"author":[{"embeddable":true,"href":"https:\/\/www.urlaubcornwall.de\/blog\/wp-json\/wp\/v2\/users\/1"}],"replies":[{"embeddable":true,"href":"https:\/\/www.urlaubcornwall.de\/blog\/wp-json\/wp\/v2\/comments?post=31698"}],"version-history":[{"count":9,"href":"https:\/\/www.urlaubcornwall.de\/blog\/wp-json\/wp\/v2\/pages\/31698\/revisions"}],"predecessor-version":[{"id":42849,"href":"https:\/\/www.urlaubcornwall.de\/blog\/wp-json\/wp\/v2\/pages\/31698\/revisions\/42849"}],"wp:attachment":[{"href":"https:\/\/www.urlaubcornwall.de\/blog\/wp-json\/wp\/v2\/media?parent=31698"}],"curies":[{"name":"wp","href":"https:\/\/api.w.org\/{rel}","templated":true}]}}