{"id":31694,"date":"2018-01-02T10:21:53","date_gmt":"2018-01-02T10:21:53","guid":{"rendered":"https:\/\/www.urlaubcornwall.de\/blog\/?page_id=31694"},"modified":"2021-09-17T10:27:16","modified_gmt":"2021-09-17T10:27:16","slug":"ferienhaus-meer-charmouth-west-dorset-kueste","status":"publish","type":"page","link":"https:\/\/www.urlaubcornwall.de\/blog\/ferienhaus-meer-charmouth-west-dorset-kueste\/","title":{"rendered":"Ferienhaus am Meer in Charmouth &#8211; West Dorset K\u00fcste"},"content":{"rendered":"<p><img loading=\"lazy\" class=\"aligncenter size-full wp-image-31695\" src=\"https:\/\/www.urlaubcornwall.de\/blog\/wp-content\/uploads\/2018\/01\/ferienhaus-am-meer-charmouth.jpg\" alt=\"ferienhaus am meer charmouth\" width=\"749\" height=\"440\"\/><br \/>\n<strong>Ferienhaus in Charmouth mit 2 Schlafzimmern, Schlafgelegenheiten 4 <\/strong><\/p>\n<p>Dieses reizvolle Ferienhaus wurde vor kurzem renoviert, um ein charmantes Familien-Ferienhaus zu schaffen, das nur zehn Gehminuten vom Strand in der K\u00fcstenstadt Charmouth entfernt ist. Jetzt komplett renoviert mit einer modernen K\u00fcche, Bad und separatem Duschraum, bietet dieses zwei-Zimmer-Cottage komfortable und ger\u00e4umige Unterkunft f\u00fcr Familien oder Paare. Es gibt einen gro\u00dfen Garten mit Liegewiese und Spielplatz f\u00fcr Kinder&#8230;.<\/p>\n<p style=\"text-align: center;\"><a class=\"tidycta\" href=\"https:\/\/www.urlaubcornwall.de\/ferienhaeuser-fewos\/eng\/dorset\/charmouth-am-meer.html\">Details ansehen<\/a><\/p>\n<p style=\"text-align: center;\">Pers\u00f6nlich inspizierte Ferienh\u00e4user und Ferienwohnungen in Dorset f\u00fcr Ihren Urlaub.<\/p>\n<p style=\"text-align: center;\"><a href=\"https:\/\/www.urlaubcornwall.de\/ferienhaeuser-fewos\/eng\/dorset\/dorset.html\"><strong> Ferienh\u00e4user, Cottages &amp; Ferienwohnungen in Dorset <\/strong><\/a><\/p>\n","protected":false},"excerpt":{"rendered":"<p>Ferienhaus in Charmouth mit 2 Schlafzimmern, Schlafgelegenheiten 4 Dieses reizvolle Ferienhaus wurde vor kurzem renoviert, um ein charmantes Familien-Ferienhaus zu schaffen, das nur zehn Gehminuten vom Strand in der K\u00fcstenstadt Charmouth entfernt ist. Jetzt komplett renoviert mit einer modernen K\u00fcche, Bad und separatem Duschraum, bietet dieses zwei-Zimmer-Cottage komfortable und ger\u00e4umige Unterkunft f\u00fcr Familien oder Paare. [&hellip;]<\/p>\n","protected":false},"author":1,"featured_media":0,"parent":0,"menu_order":0,"comment_status":"closed","ping_status":"closed","template":"single-four.php","meta":[],"acf":[],"yoast_head":"<!-- This site is optimized with the Yoast SEO plugin v19.4 - https:\/\/yoast.com\/wordpress\/plugins\/seo\/ -->\n<title>Ferienhaus am Meer in Charmouth - West Dorset K\u00fcste - Urlaub &amp; Reisen<\/title>\n<meta name=\"description\" content=\"Dieses reizvolle Ferienhaus wurde vor kurzem renoviert, um ein charmantes Familien-Ferienhaus zu schaffen, das nur zehn Gehminuten vom Strand in der K\u00fcstenstadt Charmouth entfernt ist. Jetzt komplett renoviert mit einer modernen K\u00fcche, Bad und separatem Duschraum, bietet dieses zwei-Zimmer-Cottage\" \/>\n<meta name=\"robots\" content=\"index, follow, max-snippet:-1, max-image-preview:large, max-video-preview:-1\" \/>\n<link rel=\"canonical\" href=\"https:\/\/www.urlaubcornwall.de\/blog\/ferienhaus-meer-charmouth-west-dorset-kueste\/\" \/>\n<meta property=\"og:locale\" content=\"en_US\" \/>\n<meta property=\"og:type\" content=\"article\" \/>\n<meta property=\"og:title\" content=\"Ferienhaus am Meer in Charmouth - West Dorset K\u00fcste - Urlaub &amp; Reisen\" \/>\n<meta property=\"og:description\" content=\"Dieses reizvolle Ferienhaus wurde vor kurzem renoviert, um ein charmantes Familien-Ferienhaus zu schaffen, das nur zehn Gehminuten vom Strand in der K\u00fcstenstadt Charmouth entfernt ist. Jetzt komplett renoviert mit einer modernen K\u00fcche, Bad und separatem Duschraum, bietet dieses zwei-Zimmer-Cottage\" \/>\n<meta property=\"og:url\" content=\"https:\/\/www.urlaubcornwall.de\/blog\/ferienhaus-meer-charmouth-west-dorset-kueste\/\" \/>\n<meta property=\"og:site_name\" content=\"Urlaub &amp; Reisen\" \/>\n<meta property=\"article:modified_time\" content=\"2021-09-17T10:27:16+00:00\" \/>\n<meta property=\"og:image\" content=\"https:\/\/www.urlaubcornwall.de\/blog\/wp-content\/uploads\/2018\/01\/ferienhaus-am-meer-charmouth.jpg\" \/>\n<meta name=\"twitter:card\" content=\"summary\" \/>\n<script type=\"application\/ld+json\" class=\"yoast-schema-graph\">{\"@context\":\"https:\/\/schema.org\",\"@graph\":[{\"@type\":\"WebSite\",\"@id\":\"https:\/\/www.urlaubcornwall.de\/blog\/#website\",\"url\":\"https:\/\/www.urlaubcornwall.de\/blog\/\",\"name\":\"Urlaub &amp; Reisen\",\"description\":\"Urlaub, Reisen, Cornwall und S\u00fcdengland: eine perfekte Kombination\",\"potentialAction\":[{\"@type\":\"SearchAction\",\"target\":{\"@type\":\"EntryPoint\",\"urlTemplate\":\"https:\/\/www.urlaubcornwall.de\/blog\/?s={search_term_string}\"},\"query-input\":\"required name=search_term_string\"}],\"inLanguage\":\"en-US\"},{\"@type\":\"WebPage\",\"@id\":\"https:\/\/www.urlaubcornwall.de\/blog\/ferienhaus-meer-charmouth-west-dorset-kueste\/\",\"url\":\"https:\/\/www.urlaubcornwall.de\/blog\/ferienhaus-meer-charmouth-west-dorset-kueste\/\",\"name\":\"Ferienhaus am Meer in Charmouth - West Dorset K\u00fcste - Urlaub &amp; Reisen\",\"isPartOf\":{\"@id\":\"https:\/\/www.urlaubcornwall.de\/blog\/#website\"},\"datePublished\":\"2018-01-02T10:21:53+00:00\",\"dateModified\":\"2021-09-17T10:27:16+00:00\",\"description\":\"Dieses reizvolle Ferienhaus wurde vor kurzem renoviert, um ein charmantes Familien-Ferienhaus zu schaffen, das nur zehn Gehminuten vom Strand in der K\u00fcstenstadt Charmouth entfernt ist. Jetzt komplett renoviert mit einer modernen K\u00fcche, Bad und separatem Duschraum, bietet dieses zwei-Zimmer-Cottage\",\"breadcrumb\":{\"@id\":\"https:\/\/www.urlaubcornwall.de\/blog\/ferienhaus-meer-charmouth-west-dorset-kueste\/#breadcrumb\"},\"inLanguage\":\"en-US\",\"potentialAction\":[{\"@type\":\"ReadAction\",\"target\":[\"https:\/\/www.urlaubcornwall.de\/blog\/ferienhaus-meer-charmouth-west-dorset-kueste\/\"]}]},{\"@type\":\"BreadcrumbList\",\"@id\":\"https:\/\/www.urlaubcornwall.de\/blog\/ferienhaus-meer-charmouth-west-dorset-kueste\/#breadcrumb\",\"itemListElement\":[{\"@type\":\"ListItem\",\"position\":1,\"name\":\"Home\",\"item\":\"https:\/\/www.urlaubcornwall.de\/blog\/\"},{\"@type\":\"ListItem\",\"position\":2,\"name\":\"Ferienhaus am Meer in Charmouth &#8211; West Dorset K\u00fcste\"}]}]}<\/script>\n<!-- \/ Yoast SEO plugin. -->","yoast_head_json":{"title":"Ferienhaus am Meer in Charmouth - West Dorset K\u00fcste - Urlaub &amp; Reisen","description":"Dieses reizvolle Ferienhaus wurde vor kurzem renoviert, um ein charmantes Familien-Ferienhaus zu schaffen, das nur zehn Gehminuten vom Strand in der K\u00fcstenstadt Charmouth entfernt ist. Jetzt komplett renoviert mit einer modernen K\u00fcche, Bad und separatem Duschraum, bietet dieses zwei-Zimmer-Cottage","robots":{"index":"index","follow":"follow","max-snippet":"max-snippet:-1","max-image-preview":"max-image-preview:large","max-video-preview":"max-video-preview:-1"},"canonical":"https:\/\/www.urlaubcornwall.de\/blog\/ferienhaus-meer-charmouth-west-dorset-kueste\/","og_locale":"en_US","og_type":"article","og_title":"Ferienhaus am Meer in Charmouth - West Dorset K\u00fcste - Urlaub &amp; Reisen","og_description":"Dieses reizvolle Ferienhaus wurde vor kurzem renoviert, um ein charmantes Familien-Ferienhaus zu schaffen, das nur zehn Gehminuten vom Strand in der K\u00fcstenstadt Charmouth entfernt ist. Jetzt komplett renoviert mit einer modernen K\u00fcche, Bad und separatem Duschraum, bietet dieses zwei-Zimmer-Cottage","og_url":"https:\/\/www.urlaubcornwall.de\/blog\/ferienhaus-meer-charmouth-west-dorset-kueste\/","og_site_name":"Urlaub &amp; Reisen","article_modified_time":"2021-09-17T10:27:16+00:00","og_image":[{"url":"https:\/\/www.urlaubcornwall.de\/blog\/wp-content\/uploads\/2018\/01\/ferienhaus-am-meer-charmouth.jpg"}],"twitter_card":"summary","schema":{"@context":"https:\/\/schema.org","@graph":[{"@type":"WebSite","@id":"https:\/\/www.urlaubcornwall.de\/blog\/#website","url":"https:\/\/www.urlaubcornwall.de\/blog\/","name":"Urlaub &amp; Reisen","description":"Urlaub, Reisen, Cornwall und S\u00fcdengland: eine perfekte Kombination","potentialAction":[{"@type":"SearchAction","target":{"@type":"EntryPoint","urlTemplate":"https:\/\/www.urlaubcornwall.de\/blog\/?s={search_term_string}"},"query-input":"required name=search_term_string"}],"inLanguage":"en-US"},{"@type":"WebPage","@id":"https:\/\/www.urlaubcornwall.de\/blog\/ferienhaus-meer-charmouth-west-dorset-kueste\/","url":"https:\/\/www.urlaubcornwall.de\/blog\/ferienhaus-meer-charmouth-west-dorset-kueste\/","name":"Ferienhaus am Meer in Charmouth - West Dorset K\u00fcste - Urlaub &amp; Reisen","isPartOf":{"@id":"https:\/\/www.urlaubcornwall.de\/blog\/#website"},"datePublished":"2018-01-02T10:21:53+00:00","dateModified":"2021-09-17T10:27:16+00:00","description":"Dieses reizvolle Ferienhaus wurde vor kurzem renoviert, um ein charmantes Familien-Ferienhaus zu schaffen, das nur zehn Gehminuten vom Strand in der K\u00fcstenstadt Charmouth entfernt ist. Jetzt komplett renoviert mit einer modernen K\u00fcche, Bad und separatem Duschraum, bietet dieses zwei-Zimmer-Cottage","breadcrumb":{"@id":"https:\/\/www.urlaubcornwall.de\/blog\/ferienhaus-meer-charmouth-west-dorset-kueste\/#breadcrumb"},"inLanguage":"en-US","potentialAction":[{"@type":"ReadAction","target":["https:\/\/www.urlaubcornwall.de\/blog\/ferienhaus-meer-charmouth-west-dorset-kueste\/"]}]},{"@type":"BreadcrumbList","@id":"https:\/\/www.urlaubcornwall.de\/blog\/ferienhaus-meer-charmouth-west-dorset-kueste\/#breadcrumb","itemListElement":[{"@type":"ListItem","position":1,"name":"Home","item":"https:\/\/www.urlaubcornwall.de\/blog\/"},{"@type":"ListItem","position":2,"name":"Ferienhaus am Meer in Charmouth &#8211; West Dorset K\u00fcste"}]}]}},"_links":{"self":[{"href":"https:\/\/www.urlaubcornwall.de\/blog\/wp-json\/wp\/v2\/pages\/31694"}],"collection":[{"href":"https:\/\/www.urlaubcornwall.de\/blog\/wp-json\/wp\/v2\/pages"}],"about":[{"href":"https:\/\/www.urlaubcornwall.de\/blog\/wp-json\/wp\/v2\/types\/page"}],"author":[{"embeddable":true,"href":"https:\/\/www.urlaubcornwall.de\/blog\/wp-json\/wp\/v2\/users\/1"}],"replies":[{"embeddable":true,"href":"https:\/\/www.urlaubcornwall.de\/blog\/wp-json\/wp\/v2\/comments?post=31694"}],"version-history":[{"count":5,"href":"https:\/\/www.urlaubcornwall.de\/blog\/wp-json\/wp\/v2\/pages\/31694\/revisions"}],"predecessor-version":[{"id":42827,"href":"https:\/\/www.urlaubcornwall.de\/blog\/wp-json\/wp\/v2\/pages\/31694\/revisions\/42827"}],"wp:attachment":[{"href":"https:\/\/www.urlaubcornwall.de\/blog\/wp-json\/wp\/v2\/media?parent=31694"}],"curies":[{"name":"wp","href":"https:\/\/api.w.org\/{rel}","templated":true}]}}