{"id":31691,"date":"2018-01-02T10:05:26","date_gmt":"2018-01-02T10:05:26","guid":{"rendered":"https:\/\/www.urlaubcornwall.de\/blog\/?page_id=31691"},"modified":"2021-09-02T10:34:03","modified_gmt":"2021-09-02T10:34:03","slug":"ferienhaus-meer-lyme-regis-strandurlaub-dorset","status":"publish","type":"page","link":"https:\/\/www.urlaubcornwall.de\/blog\/ferienhaus-meer-lyme-regis-strandurlaub-dorset\/","title":{"rendered":"Ferienhaus am Meer Lyme Regis &#8211; Strandurlaub Dorset"},"content":{"rendered":"<p><img loading=\"lazy\" class=\"aligncenter size-full wp-image-31692\" src=\"https:\/\/www.urlaubcornwall.de\/blog\/wp-content\/uploads\/2018\/01\/ferienhaus-mit-meerblick-strandurlaub-lyme-regis.jpg\" alt=\"ferienhaus mit meerblick strandurlaub lyme regis\" width=\"750\" height=\"436\" srcset=\"https:\/\/www.urlaubcornwall.de\/blog\/wp-content\/uploads\/2018\/01\/ferienhaus-mit-meerblick-strandurlaub-lyme-regis.jpg 751w, https:\/\/www.urlaubcornwall.de\/blog\/wp-content\/uploads\/2018\/01\/ferienhaus-mit-meerblick-strandurlaub-lyme-regis-300x174.jpg 300w\" sizes=\"(max-width: 750px) 100vw, 750px\" \/><br \/>\n<strong>Ferienhaus mit Meerblick Lyme Regis, Dorset.<\/strong><\/p>\n<p>1 Schlafzimmer, leider keine Haustiere erlaubt, Schlafplatz f\u00fcr 2, An-\/Abreisetag am Freitag | Preis pro Woche \u00a3435 &#8211; \u00a3820<\/p>\n<p>Stellen Sie sich einen Urlaub direkt an der K\u00fcste eines ganz besonderen Strand, entspannen auf Ihrer Veranda mit einem Glas etwas erfrischendes, beobachten die Wellen an einem der ber\u00fchmtesten fossilen Orten der Welt. Monmouth Beach, am westlichen Ende von Lyme Regis, ist Teil des Jurassic Coast World Heritage Site. Dieses fabelhafte Bijou Ferienhaus wurde mit allen Grundlagen f\u00fcr einen einzigartigen Urlaub direkt am Strand eingerichtet. Der offene Wohnbereich verf\u00fcgt \u00fcber eine kompakte Einbauk\u00fcche mit unter Theken-K\u00fchlschrank, komplett mit Ice-Box f\u00fcr das perfekte Gin und Tonic; Das nass-Zimmer mit Dusche, WC und Waschbecken hat eine gem\u00fctliche Fu\u00dfbodenheizung f\u00fcr einen Hauch von Luxus am Meer. Steile Treppen f\u00fchren zum Bett &#8220;Regal&#8221;, mit bequemen Matratze, die Kopffreiheit ist sehr begrenzt, aber die Luke an der Spitze der Treppe gibt einen fantastischen Blick auf das Meer. Es gibt sogar einen kleinen Bereich f\u00fcr das sitzen und das Essen auch. Monmouth Beach ist viel ruhiger als der Hauptstadt Strand, eine Mischung aus Sand und Fels, und ist eine fantastische Lage das ganze Jahr hindurch. Von Ihrem Deck k\u00f6nnen Sie \u00fcber Lyme Bay Blick auf Golden Cap, der h\u00f6chste Punkt entlang der S\u00fcdk\u00fcste, eine energische, aber sehr lohnend zu Fu\u00df, die Anchor Inn in Seatown Ihre Belohnung am Ende; weiter in der Bucht k\u00f6nnen Sie das Gl\u00fcck haben, eine Pod von Delfinen zu sehen.<\/p>\n<p style=\"text-align: center;\"><a class=\"tidycta\" href=\"https:\/\/www.urlaubcornwall.de\/ferienhaeuser-fewos\/eng\/dorset\/lyme-regis.html\">Suche Ferienh\u00e4user Lyme Regis<\/a><\/p>\n<p>Um UrlaubCornwall.de einzigartige Kollektion nach Ihrem idealen Ferienhaus zu durchsuchen. <a href=\"https:\/\/www.urlaubcornwall.de\/ferienhaeuser\/suedwesten-englands.php\"><span style=\"text-decoration: underline;\">Klicken Sie hier<\/span> &gt;&gt;<\/a><\/p>\n","protected":false},"excerpt":{"rendered":"<p>Ferienhaus mit Meerblick Lyme Regis, Dorset. 1 Schlafzimmer, leider keine Haustiere erlaubt, Schlafplatz f\u00fcr 2, An-\/Abreisetag am Freitag | Preis pro Woche \u00a3435 &#8211; \u00a3820 Stellen Sie sich einen Urlaub direkt an der K\u00fcste eines ganz besonderen Strand, entspannen auf Ihrer Veranda mit einem Glas etwas erfrischendes, beobachten die Wellen an einem der ber\u00fchmtesten fossilen [&hellip;]<\/p>\n","protected":false},"author":1,"featured_media":0,"parent":0,"menu_order":0,"comment_status":"closed","ping_status":"closed","template":"single-four.php","meta":[],"acf":[],"yoast_head":"<!-- This site is optimized with the Yoast SEO plugin v19.4 - https:\/\/yoast.com\/wordpress\/plugins\/seo\/ -->\n<title>Ferienhaus am Meer Lyme Regis - Strandurlaub Dorset - Urlaub &amp; Reisen<\/title>\n<meta name=\"robots\" content=\"index, follow, max-snippet:-1, max-image-preview:large, max-video-preview:-1\" \/>\n<link rel=\"canonical\" href=\"https:\/\/www.urlaubcornwall.de\/blog\/ferienhaus-meer-lyme-regis-strandurlaub-dorset\/\" \/>\n<meta property=\"og:locale\" content=\"en_US\" \/>\n<meta property=\"og:type\" content=\"article\" \/>\n<meta property=\"og:title\" content=\"Ferienhaus am Meer Lyme Regis - Strandurlaub Dorset - Urlaub &amp; Reisen\" \/>\n<meta property=\"og:description\" content=\"Ferienhaus mit Meerblick Lyme Regis, Dorset. 1 Schlafzimmer, leider keine Haustiere erlaubt, Schlafplatz f\u00fcr 2, An-\/Abreisetag am Freitag | Preis pro Woche \u00a3435 &#8211; \u00a3820 Stellen Sie sich einen Urlaub direkt an der K\u00fcste eines ganz besonderen Strand, entspannen auf Ihrer Veranda mit einem Glas etwas erfrischendes, beobachten die Wellen an einem der ber\u00fchmtesten fossilen [&hellip;]\" \/>\n<meta property=\"og:url\" content=\"https:\/\/www.urlaubcornwall.de\/blog\/ferienhaus-meer-lyme-regis-strandurlaub-dorset\/\" \/>\n<meta property=\"og:site_name\" content=\"Urlaub &amp; Reisen\" \/>\n<meta property=\"article:modified_time\" content=\"2021-09-02T10:34:03+00:00\" \/>\n<meta property=\"og:image\" content=\"https:\/\/www.urlaubcornwall.de\/blog\/wp-content\/uploads\/2018\/01\/ferienhaus-mit-meerblick-strandurlaub-lyme-regis.jpg\" \/>\n<meta name=\"twitter:card\" content=\"summary\" \/>\n<meta name=\"twitter:label1\" content=\"Est. reading time\" \/>\n\t<meta name=\"twitter:data1\" content=\"1 minute\" \/>\n<script type=\"application\/ld+json\" class=\"yoast-schema-graph\">{\"@context\":\"https:\/\/schema.org\",\"@graph\":[{\"@type\":\"WebSite\",\"@id\":\"https:\/\/www.urlaubcornwall.de\/blog\/#website\",\"url\":\"https:\/\/www.urlaubcornwall.de\/blog\/\",\"name\":\"Urlaub &amp; Reisen\",\"description\":\"Urlaub, Reisen, Cornwall und S\u00fcdengland: eine perfekte Kombination\",\"potentialAction\":[{\"@type\":\"SearchAction\",\"target\":{\"@type\":\"EntryPoint\",\"urlTemplate\":\"https:\/\/www.urlaubcornwall.de\/blog\/?s={search_term_string}\"},\"query-input\":\"required name=search_term_string\"}],\"inLanguage\":\"en-US\"},{\"@type\":\"WebPage\",\"@id\":\"https:\/\/www.urlaubcornwall.de\/blog\/ferienhaus-meer-lyme-regis-strandurlaub-dorset\/\",\"url\":\"https:\/\/www.urlaubcornwall.de\/blog\/ferienhaus-meer-lyme-regis-strandurlaub-dorset\/\",\"name\":\"Ferienhaus am Meer Lyme Regis - Strandurlaub Dorset - Urlaub &amp; Reisen\",\"isPartOf\":{\"@id\":\"https:\/\/www.urlaubcornwall.de\/blog\/#website\"},\"datePublished\":\"2018-01-02T10:05:26+00:00\",\"dateModified\":\"2021-09-02T10:34:03+00:00\",\"breadcrumb\":{\"@id\":\"https:\/\/www.urlaubcornwall.de\/blog\/ferienhaus-meer-lyme-regis-strandurlaub-dorset\/#breadcrumb\"},\"inLanguage\":\"en-US\",\"potentialAction\":[{\"@type\":\"ReadAction\",\"target\":[\"https:\/\/www.urlaubcornwall.de\/blog\/ferienhaus-meer-lyme-regis-strandurlaub-dorset\/\"]}]},{\"@type\":\"BreadcrumbList\",\"@id\":\"https:\/\/www.urlaubcornwall.de\/blog\/ferienhaus-meer-lyme-regis-strandurlaub-dorset\/#breadcrumb\",\"itemListElement\":[{\"@type\":\"ListItem\",\"position\":1,\"name\":\"Home\",\"item\":\"https:\/\/www.urlaubcornwall.de\/blog\/\"},{\"@type\":\"ListItem\",\"position\":2,\"name\":\"Ferienhaus am Meer Lyme Regis &#8211; Strandurlaub Dorset\"}]}]}<\/script>\n<!-- \/ Yoast SEO plugin. -->","yoast_head_json":{"title":"Ferienhaus am Meer Lyme Regis - Strandurlaub Dorset - Urlaub &amp; Reisen","robots":{"index":"index","follow":"follow","max-snippet":"max-snippet:-1","max-image-preview":"max-image-preview:large","max-video-preview":"max-video-preview:-1"},"canonical":"https:\/\/www.urlaubcornwall.de\/blog\/ferienhaus-meer-lyme-regis-strandurlaub-dorset\/","og_locale":"en_US","og_type":"article","og_title":"Ferienhaus am Meer Lyme Regis - Strandurlaub Dorset - Urlaub &amp; Reisen","og_description":"Ferienhaus mit Meerblick Lyme Regis, Dorset. 1 Schlafzimmer, leider keine Haustiere erlaubt, Schlafplatz f\u00fcr 2, An-\/Abreisetag am Freitag | Preis pro Woche \u00a3435 &#8211; \u00a3820 Stellen Sie sich einen Urlaub direkt an der K\u00fcste eines ganz besonderen Strand, entspannen auf Ihrer Veranda mit einem Glas etwas erfrischendes, beobachten die Wellen an einem der ber\u00fchmtesten fossilen [&hellip;]","og_url":"https:\/\/www.urlaubcornwall.de\/blog\/ferienhaus-meer-lyme-regis-strandurlaub-dorset\/","og_site_name":"Urlaub &amp; Reisen","article_modified_time":"2021-09-02T10:34:03+00:00","og_image":[{"url":"https:\/\/www.urlaubcornwall.de\/blog\/wp-content\/uploads\/2018\/01\/ferienhaus-mit-meerblick-strandurlaub-lyme-regis.jpg"}],"twitter_card":"summary","twitter_misc":{"Est. reading time":"1 minute"},"schema":{"@context":"https:\/\/schema.org","@graph":[{"@type":"WebSite","@id":"https:\/\/www.urlaubcornwall.de\/blog\/#website","url":"https:\/\/www.urlaubcornwall.de\/blog\/","name":"Urlaub &amp; Reisen","description":"Urlaub, Reisen, Cornwall und S\u00fcdengland: eine perfekte Kombination","potentialAction":[{"@type":"SearchAction","target":{"@type":"EntryPoint","urlTemplate":"https:\/\/www.urlaubcornwall.de\/blog\/?s={search_term_string}"},"query-input":"required name=search_term_string"}],"inLanguage":"en-US"},{"@type":"WebPage","@id":"https:\/\/www.urlaubcornwall.de\/blog\/ferienhaus-meer-lyme-regis-strandurlaub-dorset\/","url":"https:\/\/www.urlaubcornwall.de\/blog\/ferienhaus-meer-lyme-regis-strandurlaub-dorset\/","name":"Ferienhaus am Meer Lyme Regis - Strandurlaub Dorset - Urlaub &amp; Reisen","isPartOf":{"@id":"https:\/\/www.urlaubcornwall.de\/blog\/#website"},"datePublished":"2018-01-02T10:05:26+00:00","dateModified":"2021-09-02T10:34:03+00:00","breadcrumb":{"@id":"https:\/\/www.urlaubcornwall.de\/blog\/ferienhaus-meer-lyme-regis-strandurlaub-dorset\/#breadcrumb"},"inLanguage":"en-US","potentialAction":[{"@type":"ReadAction","target":["https:\/\/www.urlaubcornwall.de\/blog\/ferienhaus-meer-lyme-regis-strandurlaub-dorset\/"]}]},{"@type":"BreadcrumbList","@id":"https:\/\/www.urlaubcornwall.de\/blog\/ferienhaus-meer-lyme-regis-strandurlaub-dorset\/#breadcrumb","itemListElement":[{"@type":"ListItem","position":1,"name":"Home","item":"https:\/\/www.urlaubcornwall.de\/blog\/"},{"@type":"ListItem","position":2,"name":"Ferienhaus am Meer Lyme Regis &#8211; Strandurlaub Dorset"}]}]}},"_links":{"self":[{"href":"https:\/\/www.urlaubcornwall.de\/blog\/wp-json\/wp\/v2\/pages\/31691"}],"collection":[{"href":"https:\/\/www.urlaubcornwall.de\/blog\/wp-json\/wp\/v2\/pages"}],"about":[{"href":"https:\/\/www.urlaubcornwall.de\/blog\/wp-json\/wp\/v2\/types\/page"}],"author":[{"embeddable":true,"href":"https:\/\/www.urlaubcornwall.de\/blog\/wp-json\/wp\/v2\/users\/1"}],"replies":[{"embeddable":true,"href":"https:\/\/www.urlaubcornwall.de\/blog\/wp-json\/wp\/v2\/comments?post=31691"}],"version-history":[{"count":4,"href":"https:\/\/www.urlaubcornwall.de\/blog\/wp-json\/wp\/v2\/pages\/31691\/revisions"}],"predecessor-version":[{"id":42467,"href":"https:\/\/www.urlaubcornwall.de\/blog\/wp-json\/wp\/v2\/pages\/31691\/revisions\/42467"}],"wp:attachment":[{"href":"https:\/\/www.urlaubcornwall.de\/blog\/wp-json\/wp\/v2\/media?parent=31691"}],"curies":[{"name":"wp","href":"https:\/\/api.w.org\/{rel}","templated":true}]}}