{"id":31674,"date":"2018-01-01T16:07:52","date_gmt":"2018-01-01T16:07:52","guid":{"rendered":"https:\/\/www.urlaubcornwall.de\/blog\/?page_id=31674"},"modified":"2021-09-17T10:45:53","modified_gmt":"2021-09-17T10:45:53","slug":"ferienhaus-meer-lyme-regis-kuste-dorset","status":"publish","type":"page","link":"https:\/\/www.urlaubcornwall.de\/blog\/ferienhaus-meer-lyme-regis-kuste-dorset\/","title":{"rendered":"Ferienhaus am Meer Lyme Regis &#8211; K\u00fcste Dorset"},"content":{"rendered":"<p><img loading=\"lazy\" class=\"aligncenter size-full wp-image-31675\" src=\"https:\/\/www.urlaubcornwall.de\/blog\/wp-content\/uploads\/2018\/01\/ferienhaus-am-meer-lyme-regis.jpg\" alt=\"ferienhaus am meer lyme regis\" width=\"749\" height=\"439\"\/><br \/>\n<strong>Ferienhaus in Lyme Regis mit 2 Schlafzimmern, Schlafgelegenheiten 4 <\/strong><\/p>\n<p>Dieses Ferienhaus ist die perfekte Wahl f\u00fcr diejenigen, die ein Ferienhaus am Meer mit allen Annehmlichkeiten dieser unber\u00fchrten K\u00fcstenstadt suchen. Ein attraktives Apartment mit zwei Schlafzimmern im Herzen von Lyme Regis mit komfortablen und gut ausgestatteten Unterk\u00fcnften f\u00fcr Paare oder Familien. Das Meer p, Gesch\u00e4fte, Restaurants, Pubs und G\u00e4rten sind nur einen Steinwurf von der H\u00fctte entfernt. Das Anwesen profitiert von einer voll ausgestatteten K\u00fcche und Badezimmer, offenem Wohnbereich mit Kamin, Essbereich und komfortablem Sitzbereich. Ideal gelegen in der N\u00e4he des Strandes, und bietet alles, was man sich w\u00fcnschen kann in einem Ferienhaus.<\/p>\n<p style=\"text-align: center;\"><a class=\"tidycta\" href=\"https:\/\/www.urlaubcornwall.de\/ferienhaeuser-fewos\/eng\/dorset\/lyme-regis-am-meer.html\">Suche Ferienh\u00e4user Lyme Regis<\/a><\/p>\n<p style=\"text-align: center;\">Pers\u00f6nlich inspizierte Ferienh\u00e4user und Ferienwohnungen in Dorset f\u00fcr Ihren Urlaub.<\/p>\n<p style=\"text-align: center;\"><a href=\"https:\/\/www.urlaubcornwall.de\/ferienhaeuser-fewos\/eng\/dorset\/dorset.html\"><strong>Ferienh\u00e4user, Cottages &amp; Ferienwohnungen in Dorset. <\/strong><\/a><\/p>\n","protected":false},"excerpt":{"rendered":"<p>Ferienhaus in Lyme Regis mit 2 Schlafzimmern, Schlafgelegenheiten 4 Dieses Ferienhaus ist die perfekte Wahl f\u00fcr diejenigen, die ein Ferienhaus am Meer mit allen Annehmlichkeiten dieser unber\u00fchrten K\u00fcstenstadt suchen. Ein attraktives Apartment mit zwei Schlafzimmern im Herzen von Lyme Regis mit komfortablen und gut ausgestatteten Unterk\u00fcnften f\u00fcr Paare oder Familien. Das Meer p, Gesch\u00e4fte, Restaurants, [&hellip;]<\/p>\n","protected":false},"author":1,"featured_media":0,"parent":0,"menu_order":0,"comment_status":"closed","ping_status":"closed","template":"single-four.php","meta":[],"acf":[],"yoast_head":"<!-- This site is optimized with the Yoast SEO plugin v19.4 - https:\/\/yoast.com\/wordpress\/plugins\/seo\/ -->\n<title>Ferienhaus am Meer Lyme Regis - K\u00fcste Dorset - Urlaub &amp; Reisen<\/title>\n<meta name=\"description\" content=\"Dieses Ferienhaus ist die perfekte Wahl f\u00fcr diejenigen, die ein Ferienhaus am Meer mit allen Annehmlichkeiten dieser unber\u00fchrten K\u00fcstenstadt suchen. Ein attraktives Apartment mit zwei Schlafzimmern im Herzen von Lyme Regis mit komfortablen und gut ausgestatteten Unterk\u00fcnften f\u00fcr Paare oder Familien\" \/>\n<meta name=\"robots\" content=\"index, follow, max-snippet:-1, max-image-preview:large, max-video-preview:-1\" \/>\n<link rel=\"canonical\" href=\"https:\/\/www.urlaubcornwall.de\/blog\/ferienhaus-meer-lyme-regis-kuste-dorset\/\" \/>\n<meta property=\"og:locale\" content=\"en_US\" \/>\n<meta property=\"og:type\" content=\"article\" \/>\n<meta property=\"og:title\" content=\"Ferienhaus am Meer Lyme Regis - K\u00fcste Dorset - Urlaub &amp; Reisen\" \/>\n<meta property=\"og:description\" content=\"Dieses Ferienhaus ist die perfekte Wahl f\u00fcr diejenigen, die ein Ferienhaus am Meer mit allen Annehmlichkeiten dieser unber\u00fchrten K\u00fcstenstadt suchen. Ein attraktives Apartment mit zwei Schlafzimmern im Herzen von Lyme Regis mit komfortablen und gut ausgestatteten Unterk\u00fcnften f\u00fcr Paare oder Familien\" \/>\n<meta property=\"og:url\" content=\"https:\/\/www.urlaubcornwall.de\/blog\/ferienhaus-meer-lyme-regis-kuste-dorset\/\" \/>\n<meta property=\"og:site_name\" content=\"Urlaub &amp; Reisen\" \/>\n<meta property=\"article:modified_time\" content=\"2021-09-17T10:45:53+00:00\" \/>\n<meta property=\"og:image\" content=\"https:\/\/www.urlaubcornwall.de\/blog\/wp-content\/uploads\/2018\/01\/ferienhaus-am-meer-lyme-regis.jpg\" \/>\n<meta name=\"twitter:card\" content=\"summary\" \/>\n<meta name=\"twitter:label1\" content=\"Est. reading time\" \/>\n\t<meta name=\"twitter:data1\" content=\"1 minute\" \/>\n<script type=\"application\/ld+json\" class=\"yoast-schema-graph\">{\"@context\":\"https:\/\/schema.org\",\"@graph\":[{\"@type\":\"WebSite\",\"@id\":\"https:\/\/www.urlaubcornwall.de\/blog\/#website\",\"url\":\"https:\/\/www.urlaubcornwall.de\/blog\/\",\"name\":\"Urlaub &amp; Reisen\",\"description\":\"Urlaub, Reisen, Cornwall und S\u00fcdengland: eine perfekte Kombination\",\"potentialAction\":[{\"@type\":\"SearchAction\",\"target\":{\"@type\":\"EntryPoint\",\"urlTemplate\":\"https:\/\/www.urlaubcornwall.de\/blog\/?s={search_term_string}\"},\"query-input\":\"required name=search_term_string\"}],\"inLanguage\":\"en-US\"},{\"@type\":\"WebPage\",\"@id\":\"https:\/\/www.urlaubcornwall.de\/blog\/ferienhaus-meer-lyme-regis-kuste-dorset\/\",\"url\":\"https:\/\/www.urlaubcornwall.de\/blog\/ferienhaus-meer-lyme-regis-kuste-dorset\/\",\"name\":\"Ferienhaus am Meer Lyme Regis - K\u00fcste Dorset - Urlaub &amp; Reisen\",\"isPartOf\":{\"@id\":\"https:\/\/www.urlaubcornwall.de\/blog\/#website\"},\"datePublished\":\"2018-01-01T16:07:52+00:00\",\"dateModified\":\"2021-09-17T10:45:53+00:00\",\"description\":\"Dieses Ferienhaus ist die perfekte Wahl f\u00fcr diejenigen, die ein Ferienhaus am Meer mit allen Annehmlichkeiten dieser unber\u00fchrten K\u00fcstenstadt suchen. Ein attraktives Apartment mit zwei Schlafzimmern im Herzen von Lyme Regis mit komfortablen und gut ausgestatteten Unterk\u00fcnften f\u00fcr Paare oder Familien\",\"breadcrumb\":{\"@id\":\"https:\/\/www.urlaubcornwall.de\/blog\/ferienhaus-meer-lyme-regis-kuste-dorset\/#breadcrumb\"},\"inLanguage\":\"en-US\",\"potentialAction\":[{\"@type\":\"ReadAction\",\"target\":[\"https:\/\/www.urlaubcornwall.de\/blog\/ferienhaus-meer-lyme-regis-kuste-dorset\/\"]}]},{\"@type\":\"BreadcrumbList\",\"@id\":\"https:\/\/www.urlaubcornwall.de\/blog\/ferienhaus-meer-lyme-regis-kuste-dorset\/#breadcrumb\",\"itemListElement\":[{\"@type\":\"ListItem\",\"position\":1,\"name\":\"Home\",\"item\":\"https:\/\/www.urlaubcornwall.de\/blog\/\"},{\"@type\":\"ListItem\",\"position\":2,\"name\":\"Ferienhaus am Meer Lyme Regis &#8211; K\u00fcste Dorset\"}]}]}<\/script>\n<!-- \/ Yoast SEO plugin. -->","yoast_head_json":{"title":"Ferienhaus am Meer Lyme Regis - K\u00fcste Dorset - Urlaub &amp; Reisen","description":"Dieses Ferienhaus ist die perfekte Wahl f\u00fcr diejenigen, die ein Ferienhaus am Meer mit allen Annehmlichkeiten dieser unber\u00fchrten K\u00fcstenstadt suchen. Ein attraktives Apartment mit zwei Schlafzimmern im Herzen von Lyme Regis mit komfortablen und gut ausgestatteten Unterk\u00fcnften f\u00fcr Paare oder Familien","robots":{"index":"index","follow":"follow","max-snippet":"max-snippet:-1","max-image-preview":"max-image-preview:large","max-video-preview":"max-video-preview:-1"},"canonical":"https:\/\/www.urlaubcornwall.de\/blog\/ferienhaus-meer-lyme-regis-kuste-dorset\/","og_locale":"en_US","og_type":"article","og_title":"Ferienhaus am Meer Lyme Regis - K\u00fcste Dorset - Urlaub &amp; Reisen","og_description":"Dieses Ferienhaus ist die perfekte Wahl f\u00fcr diejenigen, die ein Ferienhaus am Meer mit allen Annehmlichkeiten dieser unber\u00fchrten K\u00fcstenstadt suchen. Ein attraktives Apartment mit zwei Schlafzimmern im Herzen von Lyme Regis mit komfortablen und gut ausgestatteten Unterk\u00fcnften f\u00fcr Paare oder Familien","og_url":"https:\/\/www.urlaubcornwall.de\/blog\/ferienhaus-meer-lyme-regis-kuste-dorset\/","og_site_name":"Urlaub &amp; Reisen","article_modified_time":"2021-09-17T10:45:53+00:00","og_image":[{"url":"https:\/\/www.urlaubcornwall.de\/blog\/wp-content\/uploads\/2018\/01\/ferienhaus-am-meer-lyme-regis.jpg"}],"twitter_card":"summary","twitter_misc":{"Est. reading time":"1 minute"},"schema":{"@context":"https:\/\/schema.org","@graph":[{"@type":"WebSite","@id":"https:\/\/www.urlaubcornwall.de\/blog\/#website","url":"https:\/\/www.urlaubcornwall.de\/blog\/","name":"Urlaub &amp; Reisen","description":"Urlaub, Reisen, Cornwall und S\u00fcdengland: eine perfekte Kombination","potentialAction":[{"@type":"SearchAction","target":{"@type":"EntryPoint","urlTemplate":"https:\/\/www.urlaubcornwall.de\/blog\/?s={search_term_string}"},"query-input":"required name=search_term_string"}],"inLanguage":"en-US"},{"@type":"WebPage","@id":"https:\/\/www.urlaubcornwall.de\/blog\/ferienhaus-meer-lyme-regis-kuste-dorset\/","url":"https:\/\/www.urlaubcornwall.de\/blog\/ferienhaus-meer-lyme-regis-kuste-dorset\/","name":"Ferienhaus am Meer Lyme Regis - K\u00fcste Dorset - Urlaub &amp; Reisen","isPartOf":{"@id":"https:\/\/www.urlaubcornwall.de\/blog\/#website"},"datePublished":"2018-01-01T16:07:52+00:00","dateModified":"2021-09-17T10:45:53+00:00","description":"Dieses Ferienhaus ist die perfekte Wahl f\u00fcr diejenigen, die ein Ferienhaus am Meer mit allen Annehmlichkeiten dieser unber\u00fchrten K\u00fcstenstadt suchen. Ein attraktives Apartment mit zwei Schlafzimmern im Herzen von Lyme Regis mit komfortablen und gut ausgestatteten Unterk\u00fcnften f\u00fcr Paare oder Familien","breadcrumb":{"@id":"https:\/\/www.urlaubcornwall.de\/blog\/ferienhaus-meer-lyme-regis-kuste-dorset\/#breadcrumb"},"inLanguage":"en-US","potentialAction":[{"@type":"ReadAction","target":["https:\/\/www.urlaubcornwall.de\/blog\/ferienhaus-meer-lyme-regis-kuste-dorset\/"]}]},{"@type":"BreadcrumbList","@id":"https:\/\/www.urlaubcornwall.de\/blog\/ferienhaus-meer-lyme-regis-kuste-dorset\/#breadcrumb","itemListElement":[{"@type":"ListItem","position":1,"name":"Home","item":"https:\/\/www.urlaubcornwall.de\/blog\/"},{"@type":"ListItem","position":2,"name":"Ferienhaus am Meer Lyme Regis &#8211; K\u00fcste Dorset"}]}]}},"_links":{"self":[{"href":"https:\/\/www.urlaubcornwall.de\/blog\/wp-json\/wp\/v2\/pages\/31674"}],"collection":[{"href":"https:\/\/www.urlaubcornwall.de\/blog\/wp-json\/wp\/v2\/pages"}],"about":[{"href":"https:\/\/www.urlaubcornwall.de\/blog\/wp-json\/wp\/v2\/types\/page"}],"author":[{"embeddable":true,"href":"https:\/\/www.urlaubcornwall.de\/blog\/wp-json\/wp\/v2\/users\/1"}],"replies":[{"embeddable":true,"href":"https:\/\/www.urlaubcornwall.de\/blog\/wp-json\/wp\/v2\/comments?post=31674"}],"version-history":[{"count":6,"href":"https:\/\/www.urlaubcornwall.de\/blog\/wp-json\/wp\/v2\/pages\/31674\/revisions"}],"predecessor-version":[{"id":42841,"href":"https:\/\/www.urlaubcornwall.de\/blog\/wp-json\/wp\/v2\/pages\/31674\/revisions\/42841"}],"wp:attachment":[{"href":"https:\/\/www.urlaubcornwall.de\/blog\/wp-json\/wp\/v2\/media?parent=31674"}],"curies":[{"name":"wp","href":"https:\/\/api.w.org\/{rel}","templated":true}]}}