{"id":31667,"date":"2018-01-01T11:37:20","date_gmt":"2018-01-01T11:37:20","guid":{"rendered":"https:\/\/www.urlaubcornwall.de\/blog\/?page_id=31667"},"modified":"2021-09-17T10:33:09","modified_gmt":"2021-09-17T10:33:09","slug":"ferienhaus-meer-salcombe-devon-mit-meerblick","status":"publish","type":"page","link":"https:\/\/www.urlaubcornwall.de\/blog\/ferienhaus-meer-salcombe-devon-mit-meerblick\/","title":{"rendered":"Ferienhaus am Meer in Salcombe &#8211; Devon mit Meerblick"},"content":{"rendered":"<p><img loading=\"lazy\" class=\"aligncenter size-full wp-image-31668\" src=\"https:\/\/www.urlaubcornwall.de\/blog\/wp-content\/uploads\/2018\/01\/ferienhaus-am-meer-meerblick-salcombe.jpg\" alt=\"ferienhaus am meer meerblick salcombe\" width=\"749\" height=\"440\"\/><br \/>\n<strong>Ferienhaus in Salcombe mit Meerblick &#8211; 3 Schlafzimmern, Schlafgelegenheiten 6 <\/strong><\/p>\n<p>Dieses Ferienhaus ist ein renoviertes Fischerh\u00e4uschen aus dem 19. Jahrhundert am Wasser im Zentrum von Salcombe, South Devon. Es ist ideal gelegen, um die Vorteile dieser Stadt am Meer, atemberaubenden Hafen von wundersch\u00f6nen Sandstr\u00e4nden und atemberaubende K\u00fcstenwanderungen umgeben zu nehmen. In einer der beliebtesten Gegenden von Salcombe gelegen, ist dieses charmante und nachdenklich restaurierte Cottage der perfekte Ort f\u00fcr Ihre Salcombe Flucht, egal ob Sie ein paar, eine Gruppe oder eine Familie sind. Ein kurzer Spaziergang bringt Sie entweder Fore Street oder Island Street, die beide haben viele Gesch\u00e4fte, Restaurants, Kunstgalerien und Gasth\u00f6fe. Es ist auch nur eine kurze Reise zu Fu\u00df oder durch die nahe gelegene Passagierf\u00e4hre zu den beeindruckenden Sandstr\u00e4nden von Nord-und S\u00fcd-Sand, Smalls Cove, Mill Bay und Sunny Cove. An den Abenden k\u00f6nnen Sie eine Mahlzeit im Freien und ein Glas Wein auf der privaten Terrasse mit Blick auf die M\u00fcndung genie\u00dfen&#8230;..<\/p>\n<p style=\"text-align: center;\"><a class=\"tidycta\" href=\"https:\/\/www.urlaubcornwall.de\/ferienhaeuser-fewos\/eng\/sued-devon\/salcombe-am-meer.html\">Suche Ferienh\u00e4user Salcombe<\/a><\/p>\n<p style=\"text-align: center;\">Pers\u00f6nlich inspizierte Ferienh\u00e4user und Ferienwohnungen in Devon f\u00fcr Ihren Urlaub.<\/p>\n<p style=\"text-align: center;\"><a href=\"https:\/\/www.urlaubcornwall.de\/ferienhaeuser-fewos\/eng\/sued-devon\/sued-devon.html\"><strong> Ferienh\u00e4user, Cottages &amp; Ferienwohnungen in Devon <\/strong><\/a><\/p>\n","protected":false},"excerpt":{"rendered":"<p>Ferienhaus in Salcombe mit Meerblick &#8211; 3 Schlafzimmern, Schlafgelegenheiten 6 Dieses Ferienhaus ist ein renoviertes Fischerh\u00e4uschen aus dem 19. Jahrhundert am Wasser im Zentrum von Salcombe, South Devon. Es ist ideal gelegen, um die Vorteile dieser Stadt am Meer, atemberaubenden Hafen von wundersch\u00f6nen Sandstr\u00e4nden und atemberaubende K\u00fcstenwanderungen umgeben zu nehmen. In einer der beliebtesten Gegenden [&hellip;]<\/p>\n","protected":false},"author":1,"featured_media":0,"parent":0,"menu_order":0,"comment_status":"closed","ping_status":"closed","template":"single-four.php","meta":[],"acf":[],"yoast_head":"<!-- This site is optimized with the Yoast SEO plugin v19.4 - https:\/\/yoast.com\/wordpress\/plugins\/seo\/ -->\n<title>Ferienhaus am Meer in Salcombe - Devon mit Meerblick - Urlaub &amp; Reisen<\/title>\n<meta name=\"description\" content=\"Dieses Ferienhaus ist ein renoviertes Fischerh\u00e4uschen aus dem 19. Jahrhundert am Wasser im Zentrum von Salcombe, South Devon. Es ist ideal gelegen, um die Vorteile dieser Stadt am Meer, atemberaubenden Hafen von wundersch\u00f6nen Sandstr\u00e4nden und atemberaubende K\u00fcstenwanderungen umgeben zu nehmen. In einer der beliebtesten Gegenden von Salcombe gelegen, ist dieses charmante und nachdenklich restaurierte Cottage der perfekte Ort f\u00fcr Ihre Salcombe\" \/>\n<meta name=\"robots\" content=\"index, follow, max-snippet:-1, max-image-preview:large, max-video-preview:-1\" \/>\n<link rel=\"canonical\" href=\"https:\/\/www.urlaubcornwall.de\/blog\/ferienhaus-meer-salcombe-devon-mit-meerblick\/\" \/>\n<meta property=\"og:locale\" content=\"en_US\" \/>\n<meta property=\"og:type\" content=\"article\" \/>\n<meta property=\"og:title\" content=\"Ferienhaus am Meer in Salcombe - Devon mit Meerblick - Urlaub &amp; Reisen\" \/>\n<meta property=\"og:description\" content=\"Dieses Ferienhaus ist ein renoviertes Fischerh\u00e4uschen aus dem 19. Jahrhundert am Wasser im Zentrum von Salcombe, South Devon. Es ist ideal gelegen, um die Vorteile dieser Stadt am Meer, atemberaubenden Hafen von wundersch\u00f6nen Sandstr\u00e4nden und atemberaubende K\u00fcstenwanderungen umgeben zu nehmen. In einer der beliebtesten Gegenden von Salcombe gelegen, ist dieses charmante und nachdenklich restaurierte Cottage der perfekte Ort f\u00fcr Ihre Salcombe\" \/>\n<meta property=\"og:url\" content=\"https:\/\/www.urlaubcornwall.de\/blog\/ferienhaus-meer-salcombe-devon-mit-meerblick\/\" \/>\n<meta property=\"og:site_name\" content=\"Urlaub &amp; Reisen\" \/>\n<meta property=\"article:modified_time\" content=\"2021-09-17T10:33:09+00:00\" \/>\n<meta property=\"og:image\" content=\"https:\/\/www.urlaubcornwall.de\/blog\/wp-content\/uploads\/2018\/01\/ferienhaus-am-meer-meerblick-salcombe.jpg\" \/>\n<meta name=\"twitter:card\" content=\"summary\" \/>\n<meta name=\"twitter:label1\" content=\"Est. reading time\" \/>\n\t<meta name=\"twitter:data1\" content=\"1 minute\" \/>\n<script type=\"application\/ld+json\" class=\"yoast-schema-graph\">{\"@context\":\"https:\/\/schema.org\",\"@graph\":[{\"@type\":\"WebSite\",\"@id\":\"https:\/\/www.urlaubcornwall.de\/blog\/#website\",\"url\":\"https:\/\/www.urlaubcornwall.de\/blog\/\",\"name\":\"Urlaub &amp; Reisen\",\"description\":\"Urlaub, Reisen, Cornwall und S\u00fcdengland: eine perfekte Kombination\",\"potentialAction\":[{\"@type\":\"SearchAction\",\"target\":{\"@type\":\"EntryPoint\",\"urlTemplate\":\"https:\/\/www.urlaubcornwall.de\/blog\/?s={search_term_string}\"},\"query-input\":\"required name=search_term_string\"}],\"inLanguage\":\"en-US\"},{\"@type\":\"WebPage\",\"@id\":\"https:\/\/www.urlaubcornwall.de\/blog\/ferienhaus-meer-salcombe-devon-mit-meerblick\/\",\"url\":\"https:\/\/www.urlaubcornwall.de\/blog\/ferienhaus-meer-salcombe-devon-mit-meerblick\/\",\"name\":\"Ferienhaus am Meer in Salcombe - Devon mit Meerblick - Urlaub &amp; Reisen\",\"isPartOf\":{\"@id\":\"https:\/\/www.urlaubcornwall.de\/blog\/#website\"},\"datePublished\":\"2018-01-01T11:37:20+00:00\",\"dateModified\":\"2021-09-17T10:33:09+00:00\",\"description\":\"Dieses Ferienhaus ist ein renoviertes Fischerh\u00e4uschen aus dem 19. Jahrhundert am Wasser im Zentrum von Salcombe, South Devon. Es ist ideal gelegen, um die Vorteile dieser Stadt am Meer, atemberaubenden Hafen von wundersch\u00f6nen Sandstr\u00e4nden und atemberaubende K\u00fcstenwanderungen umgeben zu nehmen. In einer der beliebtesten Gegenden von Salcombe gelegen, ist dieses charmante und nachdenklich restaurierte Cottage der perfekte Ort f\u00fcr Ihre Salcombe\",\"breadcrumb\":{\"@id\":\"https:\/\/www.urlaubcornwall.de\/blog\/ferienhaus-meer-salcombe-devon-mit-meerblick\/#breadcrumb\"},\"inLanguage\":\"en-US\",\"potentialAction\":[{\"@type\":\"ReadAction\",\"target\":[\"https:\/\/www.urlaubcornwall.de\/blog\/ferienhaus-meer-salcombe-devon-mit-meerblick\/\"]}]},{\"@type\":\"BreadcrumbList\",\"@id\":\"https:\/\/www.urlaubcornwall.de\/blog\/ferienhaus-meer-salcombe-devon-mit-meerblick\/#breadcrumb\",\"itemListElement\":[{\"@type\":\"ListItem\",\"position\":1,\"name\":\"Home\",\"item\":\"https:\/\/www.urlaubcornwall.de\/blog\/\"},{\"@type\":\"ListItem\",\"position\":2,\"name\":\"Ferienhaus am Meer in Salcombe &#8211; Devon mit Meerblick\"}]}]}<\/script>\n<!-- \/ Yoast SEO plugin. -->","yoast_head_json":{"title":"Ferienhaus am Meer in Salcombe - Devon mit Meerblick - Urlaub &amp; Reisen","description":"Dieses Ferienhaus ist ein renoviertes Fischerh\u00e4uschen aus dem 19. Jahrhundert am Wasser im Zentrum von Salcombe, South Devon. Es ist ideal gelegen, um die Vorteile dieser Stadt am Meer, atemberaubenden Hafen von wundersch\u00f6nen Sandstr\u00e4nden und atemberaubende K\u00fcstenwanderungen umgeben zu nehmen. In einer der beliebtesten Gegenden von Salcombe gelegen, ist dieses charmante und nachdenklich restaurierte Cottage der perfekte Ort f\u00fcr Ihre Salcombe","robots":{"index":"index","follow":"follow","max-snippet":"max-snippet:-1","max-image-preview":"max-image-preview:large","max-video-preview":"max-video-preview:-1"},"canonical":"https:\/\/www.urlaubcornwall.de\/blog\/ferienhaus-meer-salcombe-devon-mit-meerblick\/","og_locale":"en_US","og_type":"article","og_title":"Ferienhaus am Meer in Salcombe - Devon mit Meerblick - Urlaub &amp; Reisen","og_description":"Dieses Ferienhaus ist ein renoviertes Fischerh\u00e4uschen aus dem 19. Jahrhundert am Wasser im Zentrum von Salcombe, South Devon. Es ist ideal gelegen, um die Vorteile dieser Stadt am Meer, atemberaubenden Hafen von wundersch\u00f6nen Sandstr\u00e4nden und atemberaubende K\u00fcstenwanderungen umgeben zu nehmen. In einer der beliebtesten Gegenden von Salcombe gelegen, ist dieses charmante und nachdenklich restaurierte Cottage der perfekte Ort f\u00fcr Ihre Salcombe","og_url":"https:\/\/www.urlaubcornwall.de\/blog\/ferienhaus-meer-salcombe-devon-mit-meerblick\/","og_site_name":"Urlaub &amp; Reisen","article_modified_time":"2021-09-17T10:33:09+00:00","og_image":[{"url":"https:\/\/www.urlaubcornwall.de\/blog\/wp-content\/uploads\/2018\/01\/ferienhaus-am-meer-meerblick-salcombe.jpg"}],"twitter_card":"summary","twitter_misc":{"Est. reading time":"1 minute"},"schema":{"@context":"https:\/\/schema.org","@graph":[{"@type":"WebSite","@id":"https:\/\/www.urlaubcornwall.de\/blog\/#website","url":"https:\/\/www.urlaubcornwall.de\/blog\/","name":"Urlaub &amp; Reisen","description":"Urlaub, Reisen, Cornwall und S\u00fcdengland: eine perfekte Kombination","potentialAction":[{"@type":"SearchAction","target":{"@type":"EntryPoint","urlTemplate":"https:\/\/www.urlaubcornwall.de\/blog\/?s={search_term_string}"},"query-input":"required name=search_term_string"}],"inLanguage":"en-US"},{"@type":"WebPage","@id":"https:\/\/www.urlaubcornwall.de\/blog\/ferienhaus-meer-salcombe-devon-mit-meerblick\/","url":"https:\/\/www.urlaubcornwall.de\/blog\/ferienhaus-meer-salcombe-devon-mit-meerblick\/","name":"Ferienhaus am Meer in Salcombe - Devon mit Meerblick - Urlaub &amp; Reisen","isPartOf":{"@id":"https:\/\/www.urlaubcornwall.de\/blog\/#website"},"datePublished":"2018-01-01T11:37:20+00:00","dateModified":"2021-09-17T10:33:09+00:00","description":"Dieses Ferienhaus ist ein renoviertes Fischerh\u00e4uschen aus dem 19. Jahrhundert am Wasser im Zentrum von Salcombe, South Devon. Es ist ideal gelegen, um die Vorteile dieser Stadt am Meer, atemberaubenden Hafen von wundersch\u00f6nen Sandstr\u00e4nden und atemberaubende K\u00fcstenwanderungen umgeben zu nehmen. In einer der beliebtesten Gegenden von Salcombe gelegen, ist dieses charmante und nachdenklich restaurierte Cottage der perfekte Ort f\u00fcr Ihre Salcombe","breadcrumb":{"@id":"https:\/\/www.urlaubcornwall.de\/blog\/ferienhaus-meer-salcombe-devon-mit-meerblick\/#breadcrumb"},"inLanguage":"en-US","potentialAction":[{"@type":"ReadAction","target":["https:\/\/www.urlaubcornwall.de\/blog\/ferienhaus-meer-salcombe-devon-mit-meerblick\/"]}]},{"@type":"BreadcrumbList","@id":"https:\/\/www.urlaubcornwall.de\/blog\/ferienhaus-meer-salcombe-devon-mit-meerblick\/#breadcrumb","itemListElement":[{"@type":"ListItem","position":1,"name":"Home","item":"https:\/\/www.urlaubcornwall.de\/blog\/"},{"@type":"ListItem","position":2,"name":"Ferienhaus am Meer in Salcombe &#8211; Devon mit Meerblick"}]}]}},"_links":{"self":[{"href":"https:\/\/www.urlaubcornwall.de\/blog\/wp-json\/wp\/v2\/pages\/31667"}],"collection":[{"href":"https:\/\/www.urlaubcornwall.de\/blog\/wp-json\/wp\/v2\/pages"}],"about":[{"href":"https:\/\/www.urlaubcornwall.de\/blog\/wp-json\/wp\/v2\/types\/page"}],"author":[{"embeddable":true,"href":"https:\/\/www.urlaubcornwall.de\/blog\/wp-json\/wp\/v2\/users\/1"}],"replies":[{"embeddable":true,"href":"https:\/\/www.urlaubcornwall.de\/blog\/wp-json\/wp\/v2\/comments?post=31667"}],"version-history":[{"count":4,"href":"https:\/\/www.urlaubcornwall.de\/blog\/wp-json\/wp\/v2\/pages\/31667\/revisions"}],"predecessor-version":[{"id":42832,"href":"https:\/\/www.urlaubcornwall.de\/blog\/wp-json\/wp\/v2\/pages\/31667\/revisions\/42832"}],"wp:attachment":[{"href":"https:\/\/www.urlaubcornwall.de\/blog\/wp-json\/wp\/v2\/media?parent=31667"}],"curies":[{"name":"wp","href":"https:\/\/api.w.org\/{rel}","templated":true}]}}