{"id":31664,"date":"2017-12-31T16:52:10","date_gmt":"2017-12-31T16:52:10","guid":{"rendered":"https:\/\/www.urlaubcornwall.de\/blog\/?page_id=31664"},"modified":"2021-09-17T11:00:27","modified_gmt":"2021-09-17T11:00:27","slug":"ferienhaus-meer-woolacombe-strandurlaub-devon","status":"publish","type":"page","link":"https:\/\/www.urlaubcornwall.de\/blog\/ferienhaus-meer-woolacombe-strandurlaub-devon\/","title":{"rendered":"Ferienhaus am Meer Woolacombe &#8211; Strandurlaub Devon"},"content":{"rendered":"<p><img loading=\"lazy\" class=\"aligncenter size-full wp-image-31665\" src=\"https:\/\/www.urlaubcornwall.de\/blog\/wp-content\/uploads\/2017\/12\/ferienhaus-am-meer-woolacombe-strand.jpg\" alt=\"ferienhaus am meer woolacombe strand\" width=\"749\" height=\"445\"\/><br \/>\n<strong>Ferienhaus in Woolacombe mit 2 Schlafzimmern, Schlafplatz f\u00fcr 4<\/strong><\/p>\n<p>1 von 4 Ferienh\u00e4usern mit Meerblick und nahe einem Sandstrand. Gelegen an der idyllischen K\u00fcste von North Devon in einem Gebiet von au\u00dfergew\u00f6hnlicher nat\u00fcrlicher Sch\u00f6nheit in der N\u00e4he des South West Coastal Path und Tarka Trail liegt diese Ansammlung von Immobilien in einem kleinen Weiler zwischen den h\u00fcbschen K\u00fcstend\u00f6rfern Lee und Mortehoe mit Blick \u00fcber die Felder bis zum Meer. Hier gibt es viel zu erleben, in der N\u00e4he des South West Coastal Path mit Blick auf die dramatischen Klippen und die nahegelegene Sandy Cove.<\/p>\n<p style=\"text-align: center;\"><a class=\"tidycta\" href=\"https:\/\/www.urlaubcornwall.de\/ferienhaeuser-fewos\/eng\/nord-devon\/woolacombe-am-meer.html\">Details ansehen<\/a><\/p>\n<p style=\"text-align: center;\">Pers\u00f6nlich inspizierte Ferienh\u00e4user und Ferienwohnungen in Devon f\u00fcr Ihren Urlaub.<\/p>\n<p style=\"text-align: center;\"><a href=\"https:\/\/www.urlaubcornwall.de\/ferienhaeuser-fewos\/eng\/nord-devon\/nord-devon.html\"><strong>Ferienh\u00e4user, Cottages &amp; Ferienwohnungen in Nord-Devon am Meer. <\/strong><\/a><\/p>\n","protected":false},"excerpt":{"rendered":"<p>Ferienhaus in Woolacombe mit 2 Schlafzimmern, Schlafplatz f\u00fcr 4 1 von 4 Ferienh\u00e4usern mit Meerblick und nahe einem Sandstrand. Gelegen an der idyllischen K\u00fcste von North Devon in einem Gebiet von au\u00dfergew\u00f6hnlicher nat\u00fcrlicher Sch\u00f6nheit in der N\u00e4he des South West Coastal Path und Tarka Trail liegt diese Ansammlung von Immobilien in einem kleinen Weiler zwischen [&hellip;]<\/p>\n","protected":false},"author":1,"featured_media":0,"parent":0,"menu_order":0,"comment_status":"closed","ping_status":"closed","template":"single-four.php","meta":[],"acf":[],"yoast_head":"<!-- This site is optimized with the Yoast SEO plugin v19.4 - https:\/\/yoast.com\/wordpress\/plugins\/seo\/ -->\n<title>Ferienhaus am Meer Woolacombe - Strandurlaub Devon - Urlaub &amp; Reisen<\/title>\n<meta name=\"description\" content=\"1 von 4 Ferienh\u00e4usern mit Meerblick und nahe einem Sandstrand. Gelegen an der idyllischen K\u00fcste von North Devon in einem Gebiet von au\u00dfergew\u00f6hnlicher nat\u00fcrlicher Sch\u00f6nheit in der N\u00e4he des South West Coastal Path und Tarka Trail liegt diese Ansammlung von Immobilien in einem kleinen Weiler\" \/>\n<meta name=\"robots\" content=\"index, follow, max-snippet:-1, max-image-preview:large, max-video-preview:-1\" \/>\n<link rel=\"canonical\" href=\"https:\/\/www.urlaubcornwall.de\/blog\/ferienhaus-meer-woolacombe-strandurlaub-devon\/\" \/>\n<meta property=\"og:locale\" content=\"en_US\" \/>\n<meta property=\"og:type\" content=\"article\" \/>\n<meta property=\"og:title\" content=\"Ferienhaus am Meer Woolacombe - Strandurlaub Devon - Urlaub &amp; Reisen\" \/>\n<meta property=\"og:description\" content=\"1 von 4 Ferienh\u00e4usern mit Meerblick und nahe einem Sandstrand. Gelegen an der idyllischen K\u00fcste von North Devon in einem Gebiet von au\u00dfergew\u00f6hnlicher nat\u00fcrlicher Sch\u00f6nheit in der N\u00e4he des South West Coastal Path und Tarka Trail liegt diese Ansammlung von Immobilien in einem kleinen Weiler\" \/>\n<meta property=\"og:url\" content=\"https:\/\/www.urlaubcornwall.de\/blog\/ferienhaus-meer-woolacombe-strandurlaub-devon\/\" \/>\n<meta property=\"og:site_name\" content=\"Urlaub &amp; Reisen\" \/>\n<meta property=\"article:modified_time\" content=\"2021-09-17T11:00:27+00:00\" \/>\n<meta property=\"og:image\" content=\"https:\/\/www.urlaubcornwall.de\/blog\/wp-content\/uploads\/2017\/12\/ferienhaus-am-meer-woolacombe-strand.jpg\" \/>\n<meta name=\"twitter:card\" content=\"summary\" \/>\n<meta name=\"twitter:label1\" content=\"Est. reading time\" \/>\n\t<meta name=\"twitter:data1\" content=\"1 minute\" \/>\n<script type=\"application\/ld+json\" class=\"yoast-schema-graph\">{\"@context\":\"https:\/\/schema.org\",\"@graph\":[{\"@type\":\"WebSite\",\"@id\":\"https:\/\/www.urlaubcornwall.de\/blog\/#website\",\"url\":\"https:\/\/www.urlaubcornwall.de\/blog\/\",\"name\":\"Urlaub &amp; Reisen\",\"description\":\"Urlaub, Reisen, Cornwall und S\u00fcdengland: eine perfekte Kombination\",\"potentialAction\":[{\"@type\":\"SearchAction\",\"target\":{\"@type\":\"EntryPoint\",\"urlTemplate\":\"https:\/\/www.urlaubcornwall.de\/blog\/?s={search_term_string}\"},\"query-input\":\"required name=search_term_string\"}],\"inLanguage\":\"en-US\"},{\"@type\":\"WebPage\",\"@id\":\"https:\/\/www.urlaubcornwall.de\/blog\/ferienhaus-meer-woolacombe-strandurlaub-devon\/\",\"url\":\"https:\/\/www.urlaubcornwall.de\/blog\/ferienhaus-meer-woolacombe-strandurlaub-devon\/\",\"name\":\"Ferienhaus am Meer Woolacombe - Strandurlaub Devon - Urlaub &amp; Reisen\",\"isPartOf\":{\"@id\":\"https:\/\/www.urlaubcornwall.de\/blog\/#website\"},\"datePublished\":\"2017-12-31T16:52:10+00:00\",\"dateModified\":\"2021-09-17T11:00:27+00:00\",\"description\":\"1 von 4 Ferienh\u00e4usern mit Meerblick und nahe einem Sandstrand. Gelegen an der idyllischen K\u00fcste von North Devon in einem Gebiet von au\u00dfergew\u00f6hnlicher nat\u00fcrlicher Sch\u00f6nheit in der N\u00e4he des South West Coastal Path und Tarka Trail liegt diese Ansammlung von Immobilien in einem kleinen Weiler\",\"breadcrumb\":{\"@id\":\"https:\/\/www.urlaubcornwall.de\/blog\/ferienhaus-meer-woolacombe-strandurlaub-devon\/#breadcrumb\"},\"inLanguage\":\"en-US\",\"potentialAction\":[{\"@type\":\"ReadAction\",\"target\":[\"https:\/\/www.urlaubcornwall.de\/blog\/ferienhaus-meer-woolacombe-strandurlaub-devon\/\"]}]},{\"@type\":\"BreadcrumbList\",\"@id\":\"https:\/\/www.urlaubcornwall.de\/blog\/ferienhaus-meer-woolacombe-strandurlaub-devon\/#breadcrumb\",\"itemListElement\":[{\"@type\":\"ListItem\",\"position\":1,\"name\":\"Home\",\"item\":\"https:\/\/www.urlaubcornwall.de\/blog\/\"},{\"@type\":\"ListItem\",\"position\":2,\"name\":\"Ferienhaus am Meer Woolacombe &#8211; Strandurlaub Devon\"}]}]}<\/script>\n<!-- \/ Yoast SEO plugin. -->","yoast_head_json":{"title":"Ferienhaus am Meer Woolacombe - Strandurlaub Devon - Urlaub &amp; Reisen","description":"1 von 4 Ferienh\u00e4usern mit Meerblick und nahe einem Sandstrand. Gelegen an der idyllischen K\u00fcste von North Devon in einem Gebiet von au\u00dfergew\u00f6hnlicher nat\u00fcrlicher Sch\u00f6nheit in der N\u00e4he des South West Coastal Path und Tarka Trail liegt diese Ansammlung von Immobilien in einem kleinen Weiler","robots":{"index":"index","follow":"follow","max-snippet":"max-snippet:-1","max-image-preview":"max-image-preview:large","max-video-preview":"max-video-preview:-1"},"canonical":"https:\/\/www.urlaubcornwall.de\/blog\/ferienhaus-meer-woolacombe-strandurlaub-devon\/","og_locale":"en_US","og_type":"article","og_title":"Ferienhaus am Meer Woolacombe - Strandurlaub Devon - Urlaub &amp; Reisen","og_description":"1 von 4 Ferienh\u00e4usern mit Meerblick und nahe einem Sandstrand. Gelegen an der idyllischen K\u00fcste von North Devon in einem Gebiet von au\u00dfergew\u00f6hnlicher nat\u00fcrlicher Sch\u00f6nheit in der N\u00e4he des South West Coastal Path und Tarka Trail liegt diese Ansammlung von Immobilien in einem kleinen Weiler","og_url":"https:\/\/www.urlaubcornwall.de\/blog\/ferienhaus-meer-woolacombe-strandurlaub-devon\/","og_site_name":"Urlaub &amp; Reisen","article_modified_time":"2021-09-17T11:00:27+00:00","og_image":[{"url":"https:\/\/www.urlaubcornwall.de\/blog\/wp-content\/uploads\/2017\/12\/ferienhaus-am-meer-woolacombe-strand.jpg"}],"twitter_card":"summary","twitter_misc":{"Est. reading time":"1 minute"},"schema":{"@context":"https:\/\/schema.org","@graph":[{"@type":"WebSite","@id":"https:\/\/www.urlaubcornwall.de\/blog\/#website","url":"https:\/\/www.urlaubcornwall.de\/blog\/","name":"Urlaub &amp; Reisen","description":"Urlaub, Reisen, Cornwall und S\u00fcdengland: eine perfekte Kombination","potentialAction":[{"@type":"SearchAction","target":{"@type":"EntryPoint","urlTemplate":"https:\/\/www.urlaubcornwall.de\/blog\/?s={search_term_string}"},"query-input":"required name=search_term_string"}],"inLanguage":"en-US"},{"@type":"WebPage","@id":"https:\/\/www.urlaubcornwall.de\/blog\/ferienhaus-meer-woolacombe-strandurlaub-devon\/","url":"https:\/\/www.urlaubcornwall.de\/blog\/ferienhaus-meer-woolacombe-strandurlaub-devon\/","name":"Ferienhaus am Meer Woolacombe - Strandurlaub Devon - Urlaub &amp; Reisen","isPartOf":{"@id":"https:\/\/www.urlaubcornwall.de\/blog\/#website"},"datePublished":"2017-12-31T16:52:10+00:00","dateModified":"2021-09-17T11:00:27+00:00","description":"1 von 4 Ferienh\u00e4usern mit Meerblick und nahe einem Sandstrand. Gelegen an der idyllischen K\u00fcste von North Devon in einem Gebiet von au\u00dfergew\u00f6hnlicher nat\u00fcrlicher Sch\u00f6nheit in der N\u00e4he des South West Coastal Path und Tarka Trail liegt diese Ansammlung von Immobilien in einem kleinen Weiler","breadcrumb":{"@id":"https:\/\/www.urlaubcornwall.de\/blog\/ferienhaus-meer-woolacombe-strandurlaub-devon\/#breadcrumb"},"inLanguage":"en-US","potentialAction":[{"@type":"ReadAction","target":["https:\/\/www.urlaubcornwall.de\/blog\/ferienhaus-meer-woolacombe-strandurlaub-devon\/"]}]},{"@type":"BreadcrumbList","@id":"https:\/\/www.urlaubcornwall.de\/blog\/ferienhaus-meer-woolacombe-strandurlaub-devon\/#breadcrumb","itemListElement":[{"@type":"ListItem","position":1,"name":"Home","item":"https:\/\/www.urlaubcornwall.de\/blog\/"},{"@type":"ListItem","position":2,"name":"Ferienhaus am Meer Woolacombe &#8211; Strandurlaub Devon"}]}]}},"_links":{"self":[{"href":"https:\/\/www.urlaubcornwall.de\/blog\/wp-json\/wp\/v2\/pages\/31664"}],"collection":[{"href":"https:\/\/www.urlaubcornwall.de\/blog\/wp-json\/wp\/v2\/pages"}],"about":[{"href":"https:\/\/www.urlaubcornwall.de\/blog\/wp-json\/wp\/v2\/types\/page"}],"author":[{"embeddable":true,"href":"https:\/\/www.urlaubcornwall.de\/blog\/wp-json\/wp\/v2\/users\/1"}],"replies":[{"embeddable":true,"href":"https:\/\/www.urlaubcornwall.de\/blog\/wp-json\/wp\/v2\/comments?post=31664"}],"version-history":[{"count":4,"href":"https:\/\/www.urlaubcornwall.de\/blog\/wp-json\/wp\/v2\/pages\/31664\/revisions"}],"predecessor-version":[{"id":42857,"href":"https:\/\/www.urlaubcornwall.de\/blog\/wp-json\/wp\/v2\/pages\/31664\/revisions\/42857"}],"wp:attachment":[{"href":"https:\/\/www.urlaubcornwall.de\/blog\/wp-json\/wp\/v2\/media?parent=31664"}],"curies":[{"name":"wp","href":"https:\/\/api.w.org\/{rel}","templated":true}]}}