{"id":31661,"date":"2017-12-31T16:40:25","date_gmt":"2017-12-31T16:40:25","guid":{"rendered":"https:\/\/www.urlaubcornwall.de\/blog\/?page_id=31661"},"modified":"2021-09-17T10:39:23","modified_gmt":"2021-09-17T10:39:23","slug":"ferienhaus-am-meer-teignmouth","status":"publish","type":"page","link":"https:\/\/www.urlaubcornwall.de\/blog\/ferienhaus-am-meer-teignmouth\/","title":{"rendered":"Ferienhaus am Meer in Teignmouth &#8211; Luxus Ferienhaus Devon"},"content":{"rendered":"<p><img loading=\"lazy\" class=\"aligncenter size-full wp-image-31662\" src=\"https:\/\/www.urlaubcornwall.de\/blog\/wp-content\/uploads\/2017\/12\/ferienhaus-am-meer-teignmouth.jpg\" alt=\"ferienhaus am meer teignmouth\" width=\"749\" height=\"434\"\/><\/p>\n<p><strong>Ferienhaus in Teignmouth mit 2 Schlafzimmern, Schlafplatz f\u00fcr 4<\/strong><\/p>\n<p>In der exklusiven Marine View Residenz gelegen, lediglich eine Meile von Teignmouths Strand entfernt, bietet dieses Familienurlaubshaus eine stilvolle Ausgangsbasis in S\u00fcddevon. Der gro\u00dfe Wohnbereich hat solide Holzb\u00f6den, eine kleine Bibliothek, Flachbild-TV und einen Blu-ray DVD Player. Das offene Layout wird erg\u00e4nzt von einem stilvollen Speisebereich mit franz\u00f6sischen T\u00fcren, die direkt auf die sonnige Freisitzterrasse und in den privaten Garten f\u00fchren. Die voll ausgestattete K\u00fcche l\u00e4sst Selbstversorgung zum Luxus werden mit all ihren modernen Ger\u00e4tschaften. erster Stock Die \u00dcbernachtungsunterkunft mit Meeresblick ist f\u00fcr Familien ideal&#8230;.<\/p>\n<p style=\"text-align: center;\"><a class=\"tidycta\" href=\"https:\/\/www.urlaubcornwall.de\/ferienhaeuser-fewos\/eng\/sued-devon\/teignmouth.html\">Suche Ferienh\u00e4user Teignmouth<\/a><\/p>\n<p style=\"text-align: center;\">Pers\u00f6nlich inspizierte Ferienh\u00e4user und Ferienwohnungen in Devon f\u00fcr Ihren Urlaub.<\/p>\n<p style=\"text-align: center;\"><a href=\"https:\/\/www.urlaubcornwall.de\/ferienhaeuser-fewos\/eng\/sued-devon\/sued-devon.html\"><strong>Ferienh\u00e4user, Cottages &amp; Ferienwohnungen in Devon am Meer. <\/strong><\/a><\/p>\n","protected":false},"excerpt":{"rendered":"<p>Ferienhaus in Teignmouth mit 2 Schlafzimmern, Schlafplatz f\u00fcr 4 In der exklusiven Marine View Residenz gelegen, lediglich eine Meile von Teignmouths Strand entfernt, bietet dieses Familienurlaubshaus eine stilvolle Ausgangsbasis in S\u00fcddevon. Der gro\u00dfe Wohnbereich hat solide Holzb\u00f6den, eine kleine Bibliothek, Flachbild-TV und einen Blu-ray DVD Player. Das offene Layout wird erg\u00e4nzt von einem stilvollen Speisebereich [&hellip;]<\/p>\n","protected":false},"author":1,"featured_media":0,"parent":0,"menu_order":0,"comment_status":"closed","ping_status":"closed","template":"single-four.php","meta":[],"acf":[],"yoast_head":"<!-- This site is optimized with the Yoast SEO plugin v19.4 - https:\/\/yoast.com\/wordpress\/plugins\/seo\/ -->\n<title>Ferienhaus am Meer in Teignmouth - Luxus Ferienhaus Devon - Urlaub &amp; Reisen<\/title>\n<meta name=\"description\" content=\"In der exklusiven Marine View Residenz gelegen, lediglich eine Meile von Teignmouths Strand entfernt, bietet dieses Familienurlaubshaus eine stilvolle Ausgangsbasis in S\u00fcddevon. Der gro\u00dfe Wohnbereich hat solide Holzb\u00f6den, eine kleine Bibliothek, Flachbild-TV und einen Blu-ray DVD Player.\" \/>\n<meta name=\"robots\" content=\"index, follow, max-snippet:-1, max-image-preview:large, max-video-preview:-1\" \/>\n<link rel=\"canonical\" href=\"https:\/\/www.urlaubcornwall.de\/blog\/ferienhaus-am-meer-teignmouth\/\" \/>\n<meta property=\"og:locale\" content=\"en_US\" \/>\n<meta property=\"og:type\" content=\"article\" \/>\n<meta property=\"og:title\" content=\"Ferienhaus am Meer in Teignmouth - Luxus Ferienhaus Devon - Urlaub &amp; Reisen\" \/>\n<meta property=\"og:description\" content=\"In der exklusiven Marine View Residenz gelegen, lediglich eine Meile von Teignmouths Strand entfernt, bietet dieses Familienurlaubshaus eine stilvolle Ausgangsbasis in S\u00fcddevon. Der gro\u00dfe Wohnbereich hat solide Holzb\u00f6den, eine kleine Bibliothek, Flachbild-TV und einen Blu-ray DVD Player.\" \/>\n<meta property=\"og:url\" content=\"https:\/\/www.urlaubcornwall.de\/blog\/ferienhaus-am-meer-teignmouth\/\" \/>\n<meta property=\"og:site_name\" content=\"Urlaub &amp; Reisen\" \/>\n<meta property=\"article:modified_time\" content=\"2021-09-17T10:39:23+00:00\" \/>\n<meta property=\"og:image\" content=\"https:\/\/www.urlaubcornwall.de\/blog\/wp-content\/uploads\/2017\/12\/ferienhaus-am-meer-teignmouth.jpg\" \/>\n<meta name=\"twitter:card\" content=\"summary\" \/>\n<meta name=\"twitter:label1\" content=\"Est. reading time\" \/>\n\t<meta name=\"twitter:data1\" content=\"1 minute\" \/>\n<script type=\"application\/ld+json\" class=\"yoast-schema-graph\">{\"@context\":\"https:\/\/schema.org\",\"@graph\":[{\"@type\":\"WebSite\",\"@id\":\"https:\/\/www.urlaubcornwall.de\/blog\/#website\",\"url\":\"https:\/\/www.urlaubcornwall.de\/blog\/\",\"name\":\"Urlaub &amp; Reisen\",\"description\":\"Urlaub, Reisen, Cornwall und S\u00fcdengland: eine perfekte Kombination\",\"potentialAction\":[{\"@type\":\"SearchAction\",\"target\":{\"@type\":\"EntryPoint\",\"urlTemplate\":\"https:\/\/www.urlaubcornwall.de\/blog\/?s={search_term_string}\"},\"query-input\":\"required name=search_term_string\"}],\"inLanguage\":\"en-US\"},{\"@type\":\"WebPage\",\"@id\":\"https:\/\/www.urlaubcornwall.de\/blog\/ferienhaus-am-meer-teignmouth\/\",\"url\":\"https:\/\/www.urlaubcornwall.de\/blog\/ferienhaus-am-meer-teignmouth\/\",\"name\":\"Ferienhaus am Meer in Teignmouth - Luxus Ferienhaus Devon - Urlaub &amp; Reisen\",\"isPartOf\":{\"@id\":\"https:\/\/www.urlaubcornwall.de\/blog\/#website\"},\"datePublished\":\"2017-12-31T16:40:25+00:00\",\"dateModified\":\"2021-09-17T10:39:23+00:00\",\"description\":\"In der exklusiven Marine View Residenz gelegen, lediglich eine Meile von Teignmouths Strand entfernt, bietet dieses Familienurlaubshaus eine stilvolle Ausgangsbasis in S\u00fcddevon. Der gro\u00dfe Wohnbereich hat solide Holzb\u00f6den, eine kleine Bibliothek, Flachbild-TV und einen Blu-ray DVD Player.\",\"breadcrumb\":{\"@id\":\"https:\/\/www.urlaubcornwall.de\/blog\/ferienhaus-am-meer-teignmouth\/#breadcrumb\"},\"inLanguage\":\"en-US\",\"potentialAction\":[{\"@type\":\"ReadAction\",\"target\":[\"https:\/\/www.urlaubcornwall.de\/blog\/ferienhaus-am-meer-teignmouth\/\"]}]},{\"@type\":\"BreadcrumbList\",\"@id\":\"https:\/\/www.urlaubcornwall.de\/blog\/ferienhaus-am-meer-teignmouth\/#breadcrumb\",\"itemListElement\":[{\"@type\":\"ListItem\",\"position\":1,\"name\":\"Home\",\"item\":\"https:\/\/www.urlaubcornwall.de\/blog\/\"},{\"@type\":\"ListItem\",\"position\":2,\"name\":\"Ferienhaus am Meer in Teignmouth &#8211; Luxus Ferienhaus Devon\"}]}]}<\/script>\n<!-- \/ Yoast SEO plugin. -->","yoast_head_json":{"title":"Ferienhaus am Meer in Teignmouth - Luxus Ferienhaus Devon - Urlaub &amp; Reisen","description":"In der exklusiven Marine View Residenz gelegen, lediglich eine Meile von Teignmouths Strand entfernt, bietet dieses Familienurlaubshaus eine stilvolle Ausgangsbasis in S\u00fcddevon. Der gro\u00dfe Wohnbereich hat solide Holzb\u00f6den, eine kleine Bibliothek, Flachbild-TV und einen Blu-ray DVD Player.","robots":{"index":"index","follow":"follow","max-snippet":"max-snippet:-1","max-image-preview":"max-image-preview:large","max-video-preview":"max-video-preview:-1"},"canonical":"https:\/\/www.urlaubcornwall.de\/blog\/ferienhaus-am-meer-teignmouth\/","og_locale":"en_US","og_type":"article","og_title":"Ferienhaus am Meer in Teignmouth - Luxus Ferienhaus Devon - Urlaub &amp; Reisen","og_description":"In der exklusiven Marine View Residenz gelegen, lediglich eine Meile von Teignmouths Strand entfernt, bietet dieses Familienurlaubshaus eine stilvolle Ausgangsbasis in S\u00fcddevon. Der gro\u00dfe Wohnbereich hat solide Holzb\u00f6den, eine kleine Bibliothek, Flachbild-TV und einen Blu-ray DVD Player.","og_url":"https:\/\/www.urlaubcornwall.de\/blog\/ferienhaus-am-meer-teignmouth\/","og_site_name":"Urlaub &amp; Reisen","article_modified_time":"2021-09-17T10:39:23+00:00","og_image":[{"url":"https:\/\/www.urlaubcornwall.de\/blog\/wp-content\/uploads\/2017\/12\/ferienhaus-am-meer-teignmouth.jpg"}],"twitter_card":"summary","twitter_misc":{"Est. reading time":"1 minute"},"schema":{"@context":"https:\/\/schema.org","@graph":[{"@type":"WebSite","@id":"https:\/\/www.urlaubcornwall.de\/blog\/#website","url":"https:\/\/www.urlaubcornwall.de\/blog\/","name":"Urlaub &amp; Reisen","description":"Urlaub, Reisen, Cornwall und S\u00fcdengland: eine perfekte Kombination","potentialAction":[{"@type":"SearchAction","target":{"@type":"EntryPoint","urlTemplate":"https:\/\/www.urlaubcornwall.de\/blog\/?s={search_term_string}"},"query-input":"required name=search_term_string"}],"inLanguage":"en-US"},{"@type":"WebPage","@id":"https:\/\/www.urlaubcornwall.de\/blog\/ferienhaus-am-meer-teignmouth\/","url":"https:\/\/www.urlaubcornwall.de\/blog\/ferienhaus-am-meer-teignmouth\/","name":"Ferienhaus am Meer in Teignmouth - Luxus Ferienhaus Devon - Urlaub &amp; Reisen","isPartOf":{"@id":"https:\/\/www.urlaubcornwall.de\/blog\/#website"},"datePublished":"2017-12-31T16:40:25+00:00","dateModified":"2021-09-17T10:39:23+00:00","description":"In der exklusiven Marine View Residenz gelegen, lediglich eine Meile von Teignmouths Strand entfernt, bietet dieses Familienurlaubshaus eine stilvolle Ausgangsbasis in S\u00fcddevon. Der gro\u00dfe Wohnbereich hat solide Holzb\u00f6den, eine kleine Bibliothek, Flachbild-TV und einen Blu-ray DVD Player.","breadcrumb":{"@id":"https:\/\/www.urlaubcornwall.de\/blog\/ferienhaus-am-meer-teignmouth\/#breadcrumb"},"inLanguage":"en-US","potentialAction":[{"@type":"ReadAction","target":["https:\/\/www.urlaubcornwall.de\/blog\/ferienhaus-am-meer-teignmouth\/"]}]},{"@type":"BreadcrumbList","@id":"https:\/\/www.urlaubcornwall.de\/blog\/ferienhaus-am-meer-teignmouth\/#breadcrumb","itemListElement":[{"@type":"ListItem","position":1,"name":"Home","item":"https:\/\/www.urlaubcornwall.de\/blog\/"},{"@type":"ListItem","position":2,"name":"Ferienhaus am Meer in Teignmouth &#8211; Luxus Ferienhaus Devon"}]}]}},"_links":{"self":[{"href":"https:\/\/www.urlaubcornwall.de\/blog\/wp-json\/wp\/v2\/pages\/31661"}],"collection":[{"href":"https:\/\/www.urlaubcornwall.de\/blog\/wp-json\/wp\/v2\/pages"}],"about":[{"href":"https:\/\/www.urlaubcornwall.de\/blog\/wp-json\/wp\/v2\/types\/page"}],"author":[{"embeddable":true,"href":"https:\/\/www.urlaubcornwall.de\/blog\/wp-json\/wp\/v2\/users\/1"}],"replies":[{"embeddable":true,"href":"https:\/\/www.urlaubcornwall.de\/blog\/wp-json\/wp\/v2\/comments?post=31661"}],"version-history":[{"count":4,"href":"https:\/\/www.urlaubcornwall.de\/blog\/wp-json\/wp\/v2\/pages\/31661\/revisions"}],"predecessor-version":[{"id":42836,"href":"https:\/\/www.urlaubcornwall.de\/blog\/wp-json\/wp\/v2\/pages\/31661\/revisions\/42836"}],"wp:attachment":[{"href":"https:\/\/www.urlaubcornwall.de\/blog\/wp-json\/wp\/v2\/media?parent=31661"}],"curies":[{"name":"wp","href":"https:\/\/api.w.org\/{rel}","templated":true}]}}