{"id":31658,"date":"2017-12-31T16:31:37","date_gmt":"2017-12-31T16:31:37","guid":{"rendered":"https:\/\/www.urlaubcornwall.de\/blog\/?page_id=31658"},"modified":"2021-09-17T10:36:54","modified_gmt":"2021-09-17T10:36:54","slug":"ferienhaus-meer-sidmouth-strandurlaub-sued-devon","status":"publish","type":"page","link":"https:\/\/www.urlaubcornwall.de\/blog\/ferienhaus-meer-sidmouth-strandurlaub-sued-devon\/","title":{"rendered":"Ferienhaus am Meer in Sidmouth &#8211; Strandurlaub S\u00fcd Devon"},"content":{"rendered":"<p><img loading=\"lazy\" class=\"aligncenter size-full wp-image-31659\" src=\"https:\/\/www.urlaubcornwall.de\/blog\/wp-content\/uploads\/2017\/12\/ferienhaus-am-mmer-sidmouth.jpg\" alt=\"ferienhaus am meer sidmouth\" width=\"749\" height=\"468\"\/><br \/>\n<strong>Ferienhaus in Sidmouth mit 2 Schlafzimmern, Schlafplatz f\u00fcr 4<\/strong><\/p>\n<p>Diese sch\u00f6ne umgebaute Scheune ist ideal f\u00fcr ein idyllisches Ferienhaus auf dem Land. Es ist ein idealer Ausgangspunkt, um die unber\u00fchrte Landschaft der Jurassic Coast zu erkunden und lokale Devonshire Cream Tees zu genie\u00dfen. Unter den markanten roten Klippen und gr\u00fcnen H\u00fcgeln des Sid Valley liegt die nahe gelegene K\u00fcstenstadt Sidmouth, die f\u00fcr ihren zeitlosen Charme und ihre Festivals bekannt ist. Der Fluss Otter in der N\u00e4he schl\u00e4ngelt sich \u00fcber <a href=\"https:\/\/www.urlaubcornwall.de\/ferienhaeuser-fewos\/eng\/mitteldevon-und-ostdevon\/ottery-st-mary.html\">Ottery St. Mary<\/a> bis zur M\u00fcndung in Budleigh Salterton und ist ein guter Ort, um Wildtiere wie Otter und sogar Biber zu beobachten&#8230;.<\/p>\n<p style=\"text-align: center;\"><a class=\"tidycta\" href=\"https:\/\/www.urlaubcornwall.de\/ferienhaeuser-fewos\/eng\/sued-devon\/sidmouth-am-meer.html\">Details ansehen<\/a><\/p>\n<p style=\"text-align: center;\">Pers\u00f6nlich inspizierte Ferienh\u00e4user und Ferienwohnungen in Devon f\u00fcr Ihren Urlaub.<\/p>\n<p style=\"text-align: center;\"><a href=\"https:\/\/www.urlaubcornwall.de\/ferienhaeuser-fewos\/eng\/sued-devon\/sued-devon.html\"><strong>Ferienh\u00e4user, Cottages &amp; Ferienwohnungen in Devon am Meer <\/strong><\/a><\/p>\n","protected":false},"excerpt":{"rendered":"<p>Ferienhaus in Sidmouth mit 2 Schlafzimmern, Schlafplatz f\u00fcr 4 Diese sch\u00f6ne umgebaute Scheune ist ideal f\u00fcr ein idyllisches Ferienhaus auf dem Land. Es ist ein idealer Ausgangspunkt, um die unber\u00fchrte Landschaft der Jurassic Coast zu erkunden und lokale Devonshire Cream Tees zu genie\u00dfen. Unter den markanten roten Klippen und gr\u00fcnen H\u00fcgeln des Sid Valley liegt [&hellip;]<\/p>\n","protected":false},"author":1,"featured_media":0,"parent":0,"menu_order":0,"comment_status":"closed","ping_status":"closed","template":"single-four.php","meta":[],"acf":[],"yoast_head":"<!-- This site is optimized with the Yoast SEO plugin v19.4 - https:\/\/yoast.com\/wordpress\/plugins\/seo\/ -->\n<title>Ferienhaus am Meer in Sidmouth - Strandurlaub S\u00fcd Devon - Urlaub &amp; Reisen<\/title>\n<meta name=\"description\" content=\"Diese sch\u00f6ne umgebaute Scheune ist ideal f\u00fcr ein idyllisches Ferienhaus auf dem Land. Es ist ein idealer Ausgangspunkt, um die unber\u00fchrte Landschaft der Jurassic Coast zu erkunden und lokale Devonshire Cream Tees zu genie\u00dfen. Unter den markanten roten Klippen und gr\u00fcnen H\u00fcgeln des Sid Valley\" \/>\n<meta name=\"robots\" content=\"index, follow, max-snippet:-1, max-image-preview:large, max-video-preview:-1\" \/>\n<link rel=\"canonical\" href=\"https:\/\/www.urlaubcornwall.de\/blog\/ferienhaus-meer-sidmouth-strandurlaub-sued-devon\/\" \/>\n<meta property=\"og:locale\" content=\"en_US\" \/>\n<meta property=\"og:type\" content=\"article\" \/>\n<meta property=\"og:title\" content=\"Ferienhaus am Meer in Sidmouth - Strandurlaub S\u00fcd Devon - Urlaub &amp; Reisen\" \/>\n<meta property=\"og:description\" content=\"Diese sch\u00f6ne umgebaute Scheune ist ideal f\u00fcr ein idyllisches Ferienhaus auf dem Land. Es ist ein idealer Ausgangspunkt, um die unber\u00fchrte Landschaft der Jurassic Coast zu erkunden und lokale Devonshire Cream Tees zu genie\u00dfen. Unter den markanten roten Klippen und gr\u00fcnen H\u00fcgeln des Sid Valley\" \/>\n<meta property=\"og:url\" content=\"https:\/\/www.urlaubcornwall.de\/blog\/ferienhaus-meer-sidmouth-strandurlaub-sued-devon\/\" \/>\n<meta property=\"og:site_name\" content=\"Urlaub &amp; Reisen\" \/>\n<meta property=\"article:modified_time\" content=\"2021-09-17T10:36:54+00:00\" \/>\n<meta property=\"og:image\" content=\"https:\/\/www.urlaubcornwall.de\/blog\/wp-content\/uploads\/2017\/12\/ferienhaus-am-mmer-sidmouth.jpg\" \/>\n<meta name=\"twitter:card\" content=\"summary\" \/>\n<meta name=\"twitter:label1\" content=\"Est. reading time\" \/>\n\t<meta name=\"twitter:data1\" content=\"1 minute\" \/>\n<script type=\"application\/ld+json\" class=\"yoast-schema-graph\">{\"@context\":\"https:\/\/schema.org\",\"@graph\":[{\"@type\":\"WebSite\",\"@id\":\"https:\/\/www.urlaubcornwall.de\/blog\/#website\",\"url\":\"https:\/\/www.urlaubcornwall.de\/blog\/\",\"name\":\"Urlaub &amp; Reisen\",\"description\":\"Urlaub, Reisen, Cornwall und S\u00fcdengland: eine perfekte Kombination\",\"potentialAction\":[{\"@type\":\"SearchAction\",\"target\":{\"@type\":\"EntryPoint\",\"urlTemplate\":\"https:\/\/www.urlaubcornwall.de\/blog\/?s={search_term_string}\"},\"query-input\":\"required name=search_term_string\"}],\"inLanguage\":\"en-US\"},{\"@type\":\"WebPage\",\"@id\":\"https:\/\/www.urlaubcornwall.de\/blog\/ferienhaus-meer-sidmouth-strandurlaub-sued-devon\/\",\"url\":\"https:\/\/www.urlaubcornwall.de\/blog\/ferienhaus-meer-sidmouth-strandurlaub-sued-devon\/\",\"name\":\"Ferienhaus am Meer in Sidmouth - Strandurlaub S\u00fcd Devon - Urlaub &amp; Reisen\",\"isPartOf\":{\"@id\":\"https:\/\/www.urlaubcornwall.de\/blog\/#website\"},\"datePublished\":\"2017-12-31T16:31:37+00:00\",\"dateModified\":\"2021-09-17T10:36:54+00:00\",\"description\":\"Diese sch\u00f6ne umgebaute Scheune ist ideal f\u00fcr ein idyllisches Ferienhaus auf dem Land. Es ist ein idealer Ausgangspunkt, um die unber\u00fchrte Landschaft der Jurassic Coast zu erkunden und lokale Devonshire Cream Tees zu genie\u00dfen. Unter den markanten roten Klippen und gr\u00fcnen H\u00fcgeln des Sid Valley\",\"breadcrumb\":{\"@id\":\"https:\/\/www.urlaubcornwall.de\/blog\/ferienhaus-meer-sidmouth-strandurlaub-sued-devon\/#breadcrumb\"},\"inLanguage\":\"en-US\",\"potentialAction\":[{\"@type\":\"ReadAction\",\"target\":[\"https:\/\/www.urlaubcornwall.de\/blog\/ferienhaus-meer-sidmouth-strandurlaub-sued-devon\/\"]}]},{\"@type\":\"BreadcrumbList\",\"@id\":\"https:\/\/www.urlaubcornwall.de\/blog\/ferienhaus-meer-sidmouth-strandurlaub-sued-devon\/#breadcrumb\",\"itemListElement\":[{\"@type\":\"ListItem\",\"position\":1,\"name\":\"Home\",\"item\":\"https:\/\/www.urlaubcornwall.de\/blog\/\"},{\"@type\":\"ListItem\",\"position\":2,\"name\":\"Ferienhaus am Meer in Sidmouth &#8211; Strandurlaub S\u00fcd Devon\"}]}]}<\/script>\n<!-- \/ Yoast SEO plugin. -->","yoast_head_json":{"title":"Ferienhaus am Meer in Sidmouth - Strandurlaub S\u00fcd Devon - Urlaub &amp; Reisen","description":"Diese sch\u00f6ne umgebaute Scheune ist ideal f\u00fcr ein idyllisches Ferienhaus auf dem Land. Es ist ein idealer Ausgangspunkt, um die unber\u00fchrte Landschaft der Jurassic Coast zu erkunden und lokale Devonshire Cream Tees zu genie\u00dfen. Unter den markanten roten Klippen und gr\u00fcnen H\u00fcgeln des Sid Valley","robots":{"index":"index","follow":"follow","max-snippet":"max-snippet:-1","max-image-preview":"max-image-preview:large","max-video-preview":"max-video-preview:-1"},"canonical":"https:\/\/www.urlaubcornwall.de\/blog\/ferienhaus-meer-sidmouth-strandurlaub-sued-devon\/","og_locale":"en_US","og_type":"article","og_title":"Ferienhaus am Meer in Sidmouth - Strandurlaub S\u00fcd Devon - Urlaub &amp; Reisen","og_description":"Diese sch\u00f6ne umgebaute Scheune ist ideal f\u00fcr ein idyllisches Ferienhaus auf dem Land. Es ist ein idealer Ausgangspunkt, um die unber\u00fchrte Landschaft der Jurassic Coast zu erkunden und lokale Devonshire Cream Tees zu genie\u00dfen. Unter den markanten roten Klippen und gr\u00fcnen H\u00fcgeln des Sid Valley","og_url":"https:\/\/www.urlaubcornwall.de\/blog\/ferienhaus-meer-sidmouth-strandurlaub-sued-devon\/","og_site_name":"Urlaub &amp; Reisen","article_modified_time":"2021-09-17T10:36:54+00:00","og_image":[{"url":"https:\/\/www.urlaubcornwall.de\/blog\/wp-content\/uploads\/2017\/12\/ferienhaus-am-mmer-sidmouth.jpg"}],"twitter_card":"summary","twitter_misc":{"Est. reading time":"1 minute"},"schema":{"@context":"https:\/\/schema.org","@graph":[{"@type":"WebSite","@id":"https:\/\/www.urlaubcornwall.de\/blog\/#website","url":"https:\/\/www.urlaubcornwall.de\/blog\/","name":"Urlaub &amp; Reisen","description":"Urlaub, Reisen, Cornwall und S\u00fcdengland: eine perfekte Kombination","potentialAction":[{"@type":"SearchAction","target":{"@type":"EntryPoint","urlTemplate":"https:\/\/www.urlaubcornwall.de\/blog\/?s={search_term_string}"},"query-input":"required name=search_term_string"}],"inLanguage":"en-US"},{"@type":"WebPage","@id":"https:\/\/www.urlaubcornwall.de\/blog\/ferienhaus-meer-sidmouth-strandurlaub-sued-devon\/","url":"https:\/\/www.urlaubcornwall.de\/blog\/ferienhaus-meer-sidmouth-strandurlaub-sued-devon\/","name":"Ferienhaus am Meer in Sidmouth - Strandurlaub S\u00fcd Devon - Urlaub &amp; Reisen","isPartOf":{"@id":"https:\/\/www.urlaubcornwall.de\/blog\/#website"},"datePublished":"2017-12-31T16:31:37+00:00","dateModified":"2021-09-17T10:36:54+00:00","description":"Diese sch\u00f6ne umgebaute Scheune ist ideal f\u00fcr ein idyllisches Ferienhaus auf dem Land. Es ist ein idealer Ausgangspunkt, um die unber\u00fchrte Landschaft der Jurassic Coast zu erkunden und lokale Devonshire Cream Tees zu genie\u00dfen. Unter den markanten roten Klippen und gr\u00fcnen H\u00fcgeln des Sid Valley","breadcrumb":{"@id":"https:\/\/www.urlaubcornwall.de\/blog\/ferienhaus-meer-sidmouth-strandurlaub-sued-devon\/#breadcrumb"},"inLanguage":"en-US","potentialAction":[{"@type":"ReadAction","target":["https:\/\/www.urlaubcornwall.de\/blog\/ferienhaus-meer-sidmouth-strandurlaub-sued-devon\/"]}]},{"@type":"BreadcrumbList","@id":"https:\/\/www.urlaubcornwall.de\/blog\/ferienhaus-meer-sidmouth-strandurlaub-sued-devon\/#breadcrumb","itemListElement":[{"@type":"ListItem","position":1,"name":"Home","item":"https:\/\/www.urlaubcornwall.de\/blog\/"},{"@type":"ListItem","position":2,"name":"Ferienhaus am Meer in Sidmouth &#8211; Strandurlaub S\u00fcd Devon"}]}]}},"_links":{"self":[{"href":"https:\/\/www.urlaubcornwall.de\/blog\/wp-json\/wp\/v2\/pages\/31658"}],"collection":[{"href":"https:\/\/www.urlaubcornwall.de\/blog\/wp-json\/wp\/v2\/pages"}],"about":[{"href":"https:\/\/www.urlaubcornwall.de\/blog\/wp-json\/wp\/v2\/types\/page"}],"author":[{"embeddable":true,"href":"https:\/\/www.urlaubcornwall.de\/blog\/wp-json\/wp\/v2\/users\/1"}],"replies":[{"embeddable":true,"href":"https:\/\/www.urlaubcornwall.de\/blog\/wp-json\/wp\/v2\/comments?post=31658"}],"version-history":[{"count":5,"href":"https:\/\/www.urlaubcornwall.de\/blog\/wp-json\/wp\/v2\/pages\/31658\/revisions"}],"predecessor-version":[{"id":42834,"href":"https:\/\/www.urlaubcornwall.de\/blog\/wp-json\/wp\/v2\/pages\/31658\/revisions\/42834"}],"wp:attachment":[{"href":"https:\/\/www.urlaubcornwall.de\/blog\/wp-json\/wp\/v2\/media?parent=31658"}],"curies":[{"name":"wp","href":"https:\/\/api.w.org\/{rel}","templated":true}]}}