{"id":31655,"date":"2017-12-31T16:22:58","date_gmt":"2017-12-31T16:22:58","guid":{"rendered":"https:\/\/www.urlaubcornwall.de\/blog\/?page_id=31655"},"modified":"2021-09-17T10:57:03","modified_gmt":"2021-09-17T10:57:03","slug":"ferienhaus-meer-saunton-sands-nord-devon","status":"publish","type":"page","link":"https:\/\/www.urlaubcornwall.de\/blog\/ferienhaus-meer-saunton-sands-nord-devon\/","title":{"rendered":"Ferienhaus am Meer Saunton Sands &#8211; Nord Devon"},"content":{"rendered":"<p><img loading=\"lazy\" class=\"aligncenter size-full wp-image-31656\" src=\"https:\/\/www.urlaubcornwall.de\/blog\/wp-content\/uploads\/2017\/12\/ferienhaus-am-meer-saunton-sands.jpg\" alt=\"ferienhaus am meer saunton sands\" width=\"749\" height=\"435\"\/><br \/>\n<strong>Ferienhaus in Braunton mit 2 Schlafzimmern, Schlafplatz f\u00fcr 4<\/strong><\/p>\n<p>In der N\u00e4he von Saunton Dands befindet sich dieses sch\u00f6ne und ger\u00e4umige Ferienhaus aus dem 16. Jahrhundert in der N\u00e4he des Sandstrandes von Saunton. Einzigartig gelegen im Herzen eines Naturschutzgebietes und eines Naturschutzgebietes, das kilometerlange Wanderungen erm\u00f6glicht. Das Haus ist voller Charme.<\/p>\n<p style=\"text-align: center;\"><a class=\"tidycta\" href=\"https:\/\/www.urlaubcornwall.de\/ferienhaeuser-fewos\/eng\/nord-devon\/saunton.html\">Suche Ferienh\u00e4user Saunton Sands<\/a><\/p>\n<p style=\"text-align: center;\">Pers\u00f6nlich inspizierte Ferienh\u00e4user und Ferienwohnungen in Devon f\u00fcr Ihren Urlaub.<\/p>\n<p style=\"text-align: center;\"><a href=\"https:\/\/www.urlaubcornwall.de\/ferienhaeuser-fewos\/eng\/nord-devon\/nord-devon-am-meer.html\"><strong>Ferienh\u00e4user, Cottages &amp; Ferienwohnungen in Nord Devon am Meer. <\/strong><\/a><\/p>\n","protected":false},"excerpt":{"rendered":"<p>Ferienhaus in Braunton mit 2 Schlafzimmern, Schlafplatz f\u00fcr 4 In der N\u00e4he von Saunton Dands befindet sich dieses sch\u00f6ne und ger\u00e4umige Ferienhaus aus dem 16. Jahrhundert in der N\u00e4he des Sandstrandes von Saunton. Einzigartig gelegen im Herzen eines Naturschutzgebietes und eines Naturschutzgebietes, das kilometerlange Wanderungen erm\u00f6glicht. Das Haus ist voller Charme. Suche Ferienh\u00e4user Saunton Sands [&hellip;]<\/p>\n","protected":false},"author":1,"featured_media":0,"parent":0,"menu_order":0,"comment_status":"closed","ping_status":"closed","template":"single-four.php","meta":[],"acf":[],"yoast_head":"<!-- This site is optimized with the Yoast SEO plugin v19.4 - https:\/\/yoast.com\/wordpress\/plugins\/seo\/ -->\n<title>Ferienhaus am Meer Saunton Sands - Nord Devon - Urlaub &amp; Reisen<\/title>\n<meta name=\"description\" content=\"In der N\u00e4he von Saunton Dands befindet sich dieses sch\u00f6ne und ger\u00e4umige Ferienhaus aus dem 16. Jahrhundert in der N\u00e4he des Sandstrandes von Saunton. Einzigartig gelegen im Herzen eines Naturschutzgebietes und eines Naturschutzgebietes, das kilometerlange Wanderungen erm\u00f6glicht. Das Haus ist voller Charme\" \/>\n<meta name=\"robots\" content=\"index, follow, max-snippet:-1, max-image-preview:large, max-video-preview:-1\" \/>\n<link rel=\"canonical\" href=\"https:\/\/www.urlaubcornwall.de\/blog\/ferienhaus-meer-saunton-sands-nord-devon\/\" \/>\n<meta property=\"og:locale\" content=\"en_US\" \/>\n<meta property=\"og:type\" content=\"article\" \/>\n<meta property=\"og:title\" content=\"Ferienhaus am Meer Saunton Sands - Nord Devon - Urlaub &amp; Reisen\" \/>\n<meta property=\"og:description\" content=\"In der N\u00e4he von Saunton Dands befindet sich dieses sch\u00f6ne und ger\u00e4umige Ferienhaus aus dem 16. Jahrhundert in der N\u00e4he des Sandstrandes von Saunton. Einzigartig gelegen im Herzen eines Naturschutzgebietes und eines Naturschutzgebietes, das kilometerlange Wanderungen erm\u00f6glicht. Das Haus ist voller Charme\" \/>\n<meta property=\"og:url\" content=\"https:\/\/www.urlaubcornwall.de\/blog\/ferienhaus-meer-saunton-sands-nord-devon\/\" \/>\n<meta property=\"og:site_name\" content=\"Urlaub &amp; Reisen\" \/>\n<meta property=\"article:modified_time\" content=\"2021-09-17T10:57:03+00:00\" \/>\n<meta property=\"og:image\" content=\"https:\/\/www.urlaubcornwall.de\/blog\/wp-content\/uploads\/2017\/12\/ferienhaus-am-meer-saunton-sands.jpg\" \/>\n<meta name=\"twitter:card\" content=\"summary\" \/>\n<script type=\"application\/ld+json\" class=\"yoast-schema-graph\">{\"@context\":\"https:\/\/schema.org\",\"@graph\":[{\"@type\":\"WebSite\",\"@id\":\"https:\/\/www.urlaubcornwall.de\/blog\/#website\",\"url\":\"https:\/\/www.urlaubcornwall.de\/blog\/\",\"name\":\"Urlaub &amp; Reisen\",\"description\":\"Urlaub, Reisen, Cornwall und S\u00fcdengland: eine perfekte Kombination\",\"potentialAction\":[{\"@type\":\"SearchAction\",\"target\":{\"@type\":\"EntryPoint\",\"urlTemplate\":\"https:\/\/www.urlaubcornwall.de\/blog\/?s={search_term_string}\"},\"query-input\":\"required name=search_term_string\"}],\"inLanguage\":\"en-US\"},{\"@type\":\"WebPage\",\"@id\":\"https:\/\/www.urlaubcornwall.de\/blog\/ferienhaus-meer-saunton-sands-nord-devon\/\",\"url\":\"https:\/\/www.urlaubcornwall.de\/blog\/ferienhaus-meer-saunton-sands-nord-devon\/\",\"name\":\"Ferienhaus am Meer Saunton Sands - Nord Devon - Urlaub &amp; Reisen\",\"isPartOf\":{\"@id\":\"https:\/\/www.urlaubcornwall.de\/blog\/#website\"},\"datePublished\":\"2017-12-31T16:22:58+00:00\",\"dateModified\":\"2021-09-17T10:57:03+00:00\",\"description\":\"In der N\u00e4he von Saunton Dands befindet sich dieses sch\u00f6ne und ger\u00e4umige Ferienhaus aus dem 16. Jahrhundert in der N\u00e4he des Sandstrandes von Saunton. Einzigartig gelegen im Herzen eines Naturschutzgebietes und eines Naturschutzgebietes, das kilometerlange Wanderungen erm\u00f6glicht. Das Haus ist voller Charme\",\"breadcrumb\":{\"@id\":\"https:\/\/www.urlaubcornwall.de\/blog\/ferienhaus-meer-saunton-sands-nord-devon\/#breadcrumb\"},\"inLanguage\":\"en-US\",\"potentialAction\":[{\"@type\":\"ReadAction\",\"target\":[\"https:\/\/www.urlaubcornwall.de\/blog\/ferienhaus-meer-saunton-sands-nord-devon\/\"]}]},{\"@type\":\"BreadcrumbList\",\"@id\":\"https:\/\/www.urlaubcornwall.de\/blog\/ferienhaus-meer-saunton-sands-nord-devon\/#breadcrumb\",\"itemListElement\":[{\"@type\":\"ListItem\",\"position\":1,\"name\":\"Home\",\"item\":\"https:\/\/www.urlaubcornwall.de\/blog\/\"},{\"@type\":\"ListItem\",\"position\":2,\"name\":\"Ferienhaus am Meer Saunton Sands &#8211; Nord Devon\"}]}]}<\/script>\n<!-- \/ Yoast SEO plugin. -->","yoast_head_json":{"title":"Ferienhaus am Meer Saunton Sands - Nord Devon - Urlaub &amp; Reisen","description":"In der N\u00e4he von Saunton Dands befindet sich dieses sch\u00f6ne und ger\u00e4umige Ferienhaus aus dem 16. Jahrhundert in der N\u00e4he des Sandstrandes von Saunton. Einzigartig gelegen im Herzen eines Naturschutzgebietes und eines Naturschutzgebietes, das kilometerlange Wanderungen erm\u00f6glicht. Das Haus ist voller Charme","robots":{"index":"index","follow":"follow","max-snippet":"max-snippet:-1","max-image-preview":"max-image-preview:large","max-video-preview":"max-video-preview:-1"},"canonical":"https:\/\/www.urlaubcornwall.de\/blog\/ferienhaus-meer-saunton-sands-nord-devon\/","og_locale":"en_US","og_type":"article","og_title":"Ferienhaus am Meer Saunton Sands - Nord Devon - Urlaub &amp; Reisen","og_description":"In der N\u00e4he von Saunton Dands befindet sich dieses sch\u00f6ne und ger\u00e4umige Ferienhaus aus dem 16. Jahrhundert in der N\u00e4he des Sandstrandes von Saunton. Einzigartig gelegen im Herzen eines Naturschutzgebietes und eines Naturschutzgebietes, das kilometerlange Wanderungen erm\u00f6glicht. Das Haus ist voller Charme","og_url":"https:\/\/www.urlaubcornwall.de\/blog\/ferienhaus-meer-saunton-sands-nord-devon\/","og_site_name":"Urlaub &amp; Reisen","article_modified_time":"2021-09-17T10:57:03+00:00","og_image":[{"url":"https:\/\/www.urlaubcornwall.de\/blog\/wp-content\/uploads\/2017\/12\/ferienhaus-am-meer-saunton-sands.jpg"}],"twitter_card":"summary","schema":{"@context":"https:\/\/schema.org","@graph":[{"@type":"WebSite","@id":"https:\/\/www.urlaubcornwall.de\/blog\/#website","url":"https:\/\/www.urlaubcornwall.de\/blog\/","name":"Urlaub &amp; Reisen","description":"Urlaub, Reisen, Cornwall und S\u00fcdengland: eine perfekte Kombination","potentialAction":[{"@type":"SearchAction","target":{"@type":"EntryPoint","urlTemplate":"https:\/\/www.urlaubcornwall.de\/blog\/?s={search_term_string}"},"query-input":"required name=search_term_string"}],"inLanguage":"en-US"},{"@type":"WebPage","@id":"https:\/\/www.urlaubcornwall.de\/blog\/ferienhaus-meer-saunton-sands-nord-devon\/","url":"https:\/\/www.urlaubcornwall.de\/blog\/ferienhaus-meer-saunton-sands-nord-devon\/","name":"Ferienhaus am Meer Saunton Sands - Nord Devon - Urlaub &amp; Reisen","isPartOf":{"@id":"https:\/\/www.urlaubcornwall.de\/blog\/#website"},"datePublished":"2017-12-31T16:22:58+00:00","dateModified":"2021-09-17T10:57:03+00:00","description":"In der N\u00e4he von Saunton Dands befindet sich dieses sch\u00f6ne und ger\u00e4umige Ferienhaus aus dem 16. Jahrhundert in der N\u00e4he des Sandstrandes von Saunton. Einzigartig gelegen im Herzen eines Naturschutzgebietes und eines Naturschutzgebietes, das kilometerlange Wanderungen erm\u00f6glicht. Das Haus ist voller Charme","breadcrumb":{"@id":"https:\/\/www.urlaubcornwall.de\/blog\/ferienhaus-meer-saunton-sands-nord-devon\/#breadcrumb"},"inLanguage":"en-US","potentialAction":[{"@type":"ReadAction","target":["https:\/\/www.urlaubcornwall.de\/blog\/ferienhaus-meer-saunton-sands-nord-devon\/"]}]},{"@type":"BreadcrumbList","@id":"https:\/\/www.urlaubcornwall.de\/blog\/ferienhaus-meer-saunton-sands-nord-devon\/#breadcrumb","itemListElement":[{"@type":"ListItem","position":1,"name":"Home","item":"https:\/\/www.urlaubcornwall.de\/blog\/"},{"@type":"ListItem","position":2,"name":"Ferienhaus am Meer Saunton Sands &#8211; Nord Devon"}]}]}},"_links":{"self":[{"href":"https:\/\/www.urlaubcornwall.de\/blog\/wp-json\/wp\/v2\/pages\/31655"}],"collection":[{"href":"https:\/\/www.urlaubcornwall.de\/blog\/wp-json\/wp\/v2\/pages"}],"about":[{"href":"https:\/\/www.urlaubcornwall.de\/blog\/wp-json\/wp\/v2\/types\/page"}],"author":[{"embeddable":true,"href":"https:\/\/www.urlaubcornwall.de\/blog\/wp-json\/wp\/v2\/users\/1"}],"replies":[{"embeddable":true,"href":"https:\/\/www.urlaubcornwall.de\/blog\/wp-json\/wp\/v2\/comments?post=31655"}],"version-history":[{"count":4,"href":"https:\/\/www.urlaubcornwall.de\/blog\/wp-json\/wp\/v2\/pages\/31655\/revisions"}],"predecessor-version":[{"id":42852,"href":"https:\/\/www.urlaubcornwall.de\/blog\/wp-json\/wp\/v2\/pages\/31655\/revisions\/42852"}],"wp:attachment":[{"href":"https:\/\/www.urlaubcornwall.de\/blog\/wp-json\/wp\/v2\/media?parent=31655"}],"curies":[{"name":"wp","href":"https:\/\/api.w.org\/{rel}","templated":true}]}}